{"id":1526,"date":"2020-05-15T17:21:32","date_gmt":"2020-05-15T15:21:32","guid":{"rendered":"https:\/\/us.edu.pl\/absolwent\/?page_id=1526"},"modified":"2020-05-15T17:29:23","modified_gmt":"2020-05-15T15:29:23","slug":"plebiscyt-absolwent-z-pasja-anna-duda-absolwentem-kwietnia","status":"publish","type":"page","link":"https:\/\/us.edu.pl\/absolwent\/plebiscyt\/poprzednie-edycje\/i-edycja-plebiscytu-absolwent-z-pasja\/plebiscyt-absolwent-z-pasja-anna-duda-absolwentem-kwietnia\/","title":{"rendered":"Plebiscyt \u201eAbsolwent z Pasj\u0105\u201d \u2013 Anna Duda absolwentk\u0105 kwietnia"},"content":{"rendered":"<p>[vc_row][vc_column]\r\n                <div class=\"text-modules\">\r\n                    <div class=\"container\">\r\n                        <h3 class=\"page-title text__title\">Plebiscyt \u201eAbsolwent z Pasj\u0105\u201d \u2013 Anna Duda absolwentk\u0105 kwietnia<\/h3>\r\n                        <div class=\"text-modules__content\"><p>W ramach Plebiscytu \u201eAbsolwent z Pasj\u0105\u201d wybrano absolwentk\u0119 kwietnia, kt\u00f3r\u0105 zosta\u0142a Anna Duda, absolwentka Mi\u0119dzywydzia\u0142owych Indywidualnych Studi\u00f3w Humanistycznych Uniwersytetu \u015al\u0105skiego. Celem plebiscytu jest promowanie absolwent\u00f3w U\u015a, kt\u00f3rych wyr\u00f3\u017cniaj\u0105 niezwyk\u0142e pasje. Tytu\u0142 jest wyr\u00f3\u017cnieniem absolwenta za jego zainteresowania, kt\u00f3rym oddaje si\u0119 z pe\u0142nym zaanga\u017cowaniem, a tak\u017ce za aktywn\u0105, wyr\u00f3\u017cniaj\u0105c\u0105 si\u0119 i znacz\u0105c\u0105 dzia\u0142alno\u015b\u0107 spo\u0142eczn\u0105 oraz za osi\u0105gni\u0119cia indywidualne w zakresie dzia\u0142alno\u015bci kulturalnej, naukowej lub w sporcie. Do 15 maja 2013 r. przyjmowane b\u0119d\u0105 zg\u0142oszenia do tytu\u0142u absolwenta maja. Po wy\u0142onieniu ostatniego absolwenta miesi\u0105ca, jesieni\u0105 2013 r. uruchomione zostanie g\u0142osowanie online, w kt\u00f3rym sw\u00f3j g\u0142os b\u0119d\u0105 mogli odda\u0107 wszyscy cz\u0142onkowie spo\u0142eczno\u015bci akademickiej U\u015a. Na podstawie oddanych g\u0142os\u00f3w komisja plebiscytowa wyr\u00f3\u017cni jednego z absolwent\u00f3w tytu\u0142em \u201eAbsolwenta z Pasj\u0105\u201d.<\/p>\n<p>Anna Duda uko\u0144czy\u0142a studia licencjackie w ramach Mi\u0119dzywydzia\u0142owych Indywidualnych Studi\u00f3w Humanistycznych. Studiowa\u0142a filologi\u0119 polsk\u0105 (specjalno\u015b\u0107 nauczycielska) i kulturoznawstwo (specjalno\u015b\u0107: estetyczne kszta\u0142towanie przestrzeni publicznej). Uko\u0144czy\u0142a r\u00f3wnie\u017c w ramach MISH studia magisterskie uzupe\u0142niaj\u0105ce na filologii polskiej (specjalno\u015b\u0107 nauczycielska). Obecnie ko\u0144czy studia II stopnia na kulturoznawstwie (specjalno\u015b\u0107 teatrologiczna \u2013 w trakcie obrony). Jej pasje to taniec, literatura, teatr, fotografia i dziennikarstwo.<\/p>\n<p>Dla Anny Dudy studia s\u0105 jedynie umown\u0105 granic\u0105, zako\u0144czeniem pierwszego etapu poszukiwa\u0144. Jak m\u00f3wi, \u201edopiero teraz zaczynaj\u0105 si\u0119 wyzwania, w kt\u00f3rych mo\u017cna odnale\u017a\u0107 w\u0142asn\u0105 drog\u0119 dla rozwoju zainteresowa\u0144, pasji. Z r\u00f3\u017cnym skutkiem, ale staram si\u0119 poszukiwa\u0107 intensywnie miejsc, przestrzeni i przede wszystkim ludzi, z kt\u00f3rymi wsp\u00f3\u0142praca daje satysfakcj\u0119 i poczucie, \u017ce warto pod\u0105\u017ca\u0107 za tym, co w \u017cyciu najbardziej fascynuje\u201d. Z czas\u00f3w studenckich Anna Duda najmilej wspomina mo\u017cliwo\u015b\u0107 zetkni\u0119cia z fantastycznymi lud\u017ami (nie tylko studentami, ale te\u017c wyk\u0142adowcami i innymi pracownikami) oraz studia na MISH, kt\u00f3re pokaza\u0142y, \u017ce jest wiele rozwi\u0105za\u0144 i wiele mo\u017cliwo\u015bci, a tak\u017ce ma\u0142e i wi\u0119ksze \u201eodkrycia\u201d, po kt\u00f3rych nic ju\u017c nie jest takie samo.<\/p>\n<p>Anna Duda w roku akademickim 2010\/2011 i 2011\/2012 otrzymywa\u0142a Stypendium Ministra Nauki i Szkolnictwa Wy\u017cszego za osi\u0105gni\u0119cia w nauce. Dodatkowo w 2012 r. otrzyma\u0142a wyr\u00f3\u017cnienie JM Rektora U\u015a za dzia\u0142alno\u015b\u0107 spo\u0142eczn\u0105 na rzecz spo\u0142eczno\u015bci akademickiej. W latach 2007-2012 by\u0142a zwi\u0105zana z magazynem studenckim \u201eSuplement\u201d, pocz\u0105tkowo jako dziennikarz, od lutego 2008 r. do wrze\u015bnia 2011 r. jako zast\u0119pca redaktora naczelnego. W 2010 roku wsp\u00f3\u0142pracowa\u0142a z Biurem Promocji i Imprez Akademickich U\u015a w ramach akcji \u201eStudenci uczniom\u201d, polegaj\u0105cej na organizacji warsztat\u00f3w tematycznych dla uczni\u00f3w szk\u00f3\u0142 ponadgimnazjalnych z zakresu prawa prasowego, etyki dziennikarskiej, technik przeprowadzania wywiad\u00f3w oraz pracy zespo\u0142owej w ramach struktury redakcji prasowej.<\/p>\n<p>Od grudnia 2010 r. do czerwca 2011 r. jako tutor uczestniczy\u0142a w projekcie \u201eAkademia przysz\u0142o\u015bci\u201d, kt\u00f3rej organizatorem by\u0142o Stowarzyszenie \u201eWiosna\u201d. Regularne prowadzi\u0142a indywidualne zaj\u0119cia z uczniami w oparciu o metody Stowarzyszenia. Bra\u0142a tak\u017ce udzia\u0142 w organizacji spotka\u0144 integracyjnych dla dzieci. Od wrze\u015bnia 2008 r. do listopada 2012 r. pracowa\u0142a w Wydzia\u0142owej Radzie Samorz\u0105du Studenckiego MISH w Uniwersytecie \u015al\u0105skim w Katowicach. Pe\u0142ni\u0142a funkcj\u0119 sekretarza oraz koordynatora ds. k\u00f3\u0142 naukowych. Pomaga\u0142a w organizacji Jubileuszu 15-lecia MISH U\u015a. Organizowa\u0142a dni otwarte dla kandydat\u00f3w na MISH, spotkania integracyjne i promocyjne MISH. By\u0142a cz\u0142onkiem Ko\u0142a Naukowego WolnoMISHlicieli. Bra\u0142a udzia\u0142 w organizacji IV Og\u00f3lnopolskiej Konferencji Ko\u0142a Naukowego WolnoMISHlicieli \u201ePrzygody nierozumu. Szale\u0144stwo \u2013 my\u015bl \u2013 kultura\u201d, na kt\u00f3rej wyg\u0142osi\u0142a referat pt. \u201eCzy przeczucie sztuki jest szalone?\u201d.<\/p>\n<p>Odbywa\u0142a praktyki w Galerii Rondo Sztuki w Katowicach, w ramach kt\u00f3rych pomaga\u0142a organizowa\u0107 koncerty, spotkania literackie, wernisa\u017ce i warsztaty. By\u0142a wolontariuszem zaanga\u017cowanym w Tymczasow\u0105 Akcj\u0119 Kulturaln\u0105 Katowice TAKK! w ramach Polskiej Prezydencji w Unii Europejskiej. Bra\u0142a udzia\u0142 w cyklu szkole\u0144 w ramach \u015al\u0105skiej Akademii Przedsi\u0119biorczo\u015bci (Rozw\u00f3j Firm Spin-Off,Spin-Out), kt\u00f3rych organizatorem by\u0142 Instytut Wsp\u00f3\u0142pracy i Partnerstwa Lokalnego w Katowicach, a tak\u017ce w projekcie \u201eMoja przysz\u0142o\u015b\u0107 \u2013 M\u00f3j sektor. Profesjonalizacja \u015bl\u0105skich organizacji pozarz\u0105dowych w oparciu o wolontariat studencki\u201d w ramach modu\u0142u \u201eKoordynator\u201d. Odby\u0142a szkolenia w International House Sonnenberg w Niemczech: \u201eEducation for Human Rights in Youth Work\u201d i International Training Course \u201eHuman Rights CREATIVE\u201d w zakresie wdra\u017cania problematyki praw cz\u0142owieka za pomoc\u0105 metod pracy z m\u0142odzie\u017c\u0105, szczeg\u00f3lnie w dzia\u0142aniach artystycznych (film, sztuka wsp\u00f3\u0142czesna, teatr, fotografia, murale).<\/p>\n<p>W 2011 r. bra\u0142a udzia\u0142 w warsztatach radiowych w ramach 18. Mi\u0119dzynarodowej Konferencji Ta\u0144ca Wsp\u00f3\u0142czesnego i Festiwalu Sztuki Tanecznej w Bytomiu, w tym samym roku uko\u0144czy\u0142a szkolenia trener\u00f3w i trenerek Amnesty International w zakresie praw cz\u0142owieka. Bra\u0142a udzia\u0142 w: Mi\u0119dzynarodowych Warsztatach Scenograficznych w ramach XVII Mi\u0119dzynarodowej Konferencji Ta\u0144ca Wsp\u00f3\u0142czesnego i Festiwalu Sztuki Tanecznej; w Mi\u0119dzynarodowym Seminarium Krytyk\u00f3w i Historyk\u00f3w Ta\u0144ca oraz Warsztatach Pisania o Ta\u0144cu w ramach XVII Mi\u0119dzynarodowej Konferencji Ta\u0144ca Wsp\u00f3\u0142czesnego i Festiwalu Sztuki Tanecznej; w programie Teoria i krytyka ta\u0144ca w ramach XVI Mi\u0119dzynarodowej Konferencji Ta\u0144ca Wsp\u00f3\u0142czesnego i Festiwalu Sztuki Tanecznej w Bytomiu; w projekcie Akademia M\u0142odego Lidera; w Mi\u0119dzynarodowych Warsztatach Mened\u017cer\u00f3w Sztuki w ramach XV Mi\u0119dzynarodowej Konferencji Ta\u0144ca Wsp\u00f3\u0142czesnego i Festiwalu Sztuki Tanecznej w Bytomiu. Wsp\u00f3\u0142organizowa\u0142a dwa spektakle teatralne pt. \u201ebunt of nietzsche\u201d w Galerii Szyb Wilson w Katowicach, powsta\u0142e z inicjatywy student\u00f3w II roku teatrologii Uniwersytetu \u015al\u0105skiego, przy wsp\u00f3\u0142pracy ze studentami Akademii Muzycznej im. Karola Szymanowskiego, Akademii Sztuk Pi\u0119knych w Katowicach i innych \u015brodowisk akademickich. W zakres jej obowi\u0105zk\u00f3w wesz\u0142y: wsp\u00f3\u0142tworzenie scenariusza spektaklu, koordynacja prac zespo\u0142u, logistyka, rozliczenia finansowe, wsp\u00f3\u0142praca z Galeri\u0105 Szyb Wilson i tworzenie scenografii.<\/p>\n<p>Bra\u0142a udzia\u0142 w plenerze fotograficznym \u201eRytua\u0142 \u015bwi\u0119tej codzienno\u015bci cz\u0142owieka gardzienickiego\u201d, kt\u00f3ry by\u0142 projektem stanowi\u0105cym zwie\u0144czenie semestralnego kursu z przedmiotu Antropologia teatru (pod kierunkiem mgr Adriany \u015awi\u0105tek), realizowanego na kierunku kulturoznawstwo w Uniwersytecie \u015al\u0105skim. W ramach tych dzia\u0142a\u0144 w Centrum Kultury Katowice im. Krystyny Bochenek zosta\u0142a zorganizowana wystawa poplenerowa zdj\u0119\u0107 wszystkich uczestnik\u00f3w. Dodatkowo bra\u0142a udzia\u0142 w warsztatach metodycznych \u201eRado\u015b\u0107 tworzenia i dzia\u0142ania, czyli pedagogika zabawy w pracy z tekstem literackim\u201d, organizowanych w ramach warsztatu Centrum Szkoleniowego KLANZA i w warsztatach fotograficznych organizowanych przez Galeri\u0119 Sztuki Wsp\u00f3\u0142czesnej BWA w Katowicach. Aktywnie uczestniczy\u0142a w pracach redakcyjnych \u201eSuflera\u201d, tegorocznej gazety XV Og\u00f3lnopolskiego Festiwalu Sztuki Re\u017cyserskiej \u201eInterpretacje\u201d.<\/p>\n<p>Do najwa\u017cniejszych i najciekawszych dokona\u0144 z okresu po studiach Anna Duda zalicza nie tylko wsp\u00f3\u0142prac\u0119 z magazynem internetowym \u201eartPAPIER\u201d (od kwietnia 2012 r. do teraz \u2013 dziennikarz w dziale \u201eSztuka\u201d) i magazynem spo\u0142eczno-kulturalnym \u201eReflektor\u201d (od wrze\u015bnia 2012 r. do teraz \u2013 dziennikarz), lecz tak\u017ce udzia\u0142 w plenerze antropologiczno-teatrologicznym na Grzybowszczy\u017anie w woj. lubelskim (od maja 2012 r. do teraz). Wraz z grup\u0105 badawcz\u0105, z\u0142o\u017con\u0105 ze student\u00f3w i doktorant\u00f3w kulturoznawstwa, prowadzi\u0142a badania antropologiczne po\u015bwi\u0119cone kulturze pracy i codzienno\u015bci mieszka\u0144c\u00f3w przygranicznych wsi, po\u0142\u0105czone z badaniami nad \u017ar\u00f3d\u0142ami inspiracji Teatru Wierszalin. Badania sta\u0142y si\u0119 podstaw\u0105 zar\u00f3wno zbiorowej pracy naukowej i analizy wynik\u00f3w przeprowadzanych wywiad\u00f3w z mieszka\u0144cami Grzybowszczyzny (publikacja naukowa w przygotowaniu), jak i materia\u0142em do stworzenia zbiorowej wystawy fotograficznej \u201eGrzybowszczyzna 2012\u201d (stycze\u0144 2013 r., Galeria 5, Centrum Kultury Katowice im. Krystyny Bochenek) oraz spektaklu muzyczno-literackiego \u201eOpowie\u015b\u0107 z Grzybowszczyzny\u201d (premiera: 24 stycznia 2013 r., Teatr Korez w Katowicach). Anna Duda wsp\u00f3\u0142tworzy\u0142a wystaw\u0119, koordynowa\u0142a prace nad spektaklem i bra\u0142a w nim udzia\u0142, redagowa\u0142a scenariusz i bierze udzia\u0142 w pracach nad publikacj\u0105 poplenerow\u0105. Od wrze\u015bnia 2012 r. w Domu O\u015bwiatowym Biblioteki \u015al\u0105skiej w Katowicach zaanga\u017cowana jest w tworzenie Czytelni Sztuk, gromadz\u0105cej zbiory po\u015bwi\u0119cone r\u00f3\u017cnym dziedzinom sztuki, katalogi i wydawnictwa instytucji kultury i galerii z ca\u0142ej Polski. Organizuje i koordynuje wydarzenia artystyczne i warsztaty.<\/p>\n<\/div>\r\n                    <\/div>\r\n                <\/div>[\/vc_column][\/vc_row]<\/p>","protected":false},"excerpt":{"rendered":"<p>[vc_row][vc_column][\/vc_column][\/vc_row] [&#8230;]<\/p>\n<p><a class=\"btn btn-secondary understrap-read-more-link\" href=\"https:\/\/us.edu.pl\/absolwent\/plebiscyt\/poprzednie-edycje\/i-edycja-plebiscytu-absolwent-z-pasja\/plebiscyt-absolwent-z-pasja-anna-duda-absolwentem-kwietnia\/\">Read More&#8230;<\/a><\/p>\n","protected":false},"author":94,"featured_media":0,"parent":189,"menu_order":0,"comment_status":"closed","ping_status":"closed","template":"","meta":{"_expiration-date-status":"saved","_expiration-date":0,"_expiration-date-type":"","_expiration-date-categories":[],"_expiration-date-options":[]},"acf":[],"_links":{"self":[{"href":"https:\/\/us.edu.pl\/absolwent\/wp-json\/wp\/v2\/pages\/1526"}],"collection":[{"href":"https:\/\/us.edu.pl\/absolwent\/wp-json\/wp\/v2\/pages"}],"about":[{"href":"https:\/\/us.edu.pl\/absolwent\/wp-json\/wp\/v2\/types\/page"}],"author":[{"embeddable":true,"href":"https:\/\/us.edu.pl\/absolwent\/wp-json\/wp\/v2\/users\/94"}],"replies":[{"embeddable":true,"href":"https:\/\/us.edu.pl\/absolwent\/wp-json\/wp\/v2\/comments?post=1526"}],"version-history":[{"count":2,"href":"https:\/\/us.edu.pl\/absolwent\/wp-json\/wp\/v2\/pages\/1526\/revisions"}],"predecessor-version":[{"id":1531,"href":"https:\/\/us.edu.pl\/absolwent\/wp-json\/wp\/v2\/pages\/1526\/revisions\/1531"}],"up":[{"embeddable":true,"href":"https:\/\/us.edu.pl\/absolwent\/wp-json\/wp\/v2\/pages\/189"}],"wp:attachment":[{"href":"https:\/\/us.edu.pl\/absolwent\/wp-json\/wp\/v2\/media?parent=1526"}],"curies":[{"name":"wp","href":"https:\/\/api.w.org\/{rel}","templated":true}]}}