{"id":1534,"date":"2020-05-15T17:34:24","date_gmt":"2020-05-15T15:34:24","guid":{"rendered":"https:\/\/us.edu.pl\/absolwent\/?page_id=1534"},"modified":"2020-05-15T17:34:24","modified_gmt":"2020-05-15T15:34:24","slug":"plebiscyt-absolwent-z-pasja-mariusz-klockowski-absolwentem-czerwca","status":"publish","type":"page","link":"https:\/\/us.edu.pl\/absolwent\/plebiscyt\/poprzednie-edycje\/i-edycja-plebiscytu-absolwent-z-pasja\/plebiscyt-absolwent-z-pasja-mariusz-klockowski-absolwentem-czerwca\/","title":{"rendered":"Plebiscyt \u201eAbsolwent z Pasj\u0105\u201d \u2013 Mariusz Klockowski absolwentem czerwca"},"content":{"rendered":"<p>[vc_row][vc_column]\r\n                <div class=\"text-modules\">\r\n                    <div class=\"container\">\r\n                        <h3 class=\"page-title text__title\">Plebiscyt \u201eAbsolwent z Pasj\u0105\u201d \u2013 Mariusz Klockowski absolwentem czerwca<\/h3>\r\n                        <div class=\"text-modules__content\"><p>W ramach Plebiscytu \u201eAbsolwent z Pasj\u0105\u201d wybrano absolwenta czerwca, kt\u00f3rym zosta\u0142 Mariusz Klockowski, absolwent politologii na Wydziale Nauk Spo\u0142ecznych Uniwersytetu \u015al\u0105skiego. Celem plebiscytu jest promowanie absolwent\u00f3w U\u015a, kt\u00f3rych wyr\u00f3\u017cniaj\u0105 niezwyk\u0142e pasje. Tytu\u0142 jest wyr\u00f3\u017cnieniem absolwenta za jego zainteresowania, kt\u00f3rym oddaje si\u0119 z pe\u0142nym zaanga\u017cowaniem, a tak\u017ce za aktywn\u0105, wyr\u00f3\u017cniaj\u0105c\u0105 si\u0119 i znacz\u0105c\u0105 dzia\u0142alno\u015b\u0107 spo\u0142eczn\u0105 oraz za osi\u0105gni\u0119cia indywidualne w zakresie dzia\u0142alno\u015bci kulturalnej, naukowej lub w sporcie. Do 15 lipca 2013 r. przyjmowane b\u0119d\u0105 zg\u0142oszenia do tytu\u0142u absolwenta lipca. Po wy\u0142onieniu ostatniego absolwenta miesi\u0105ca, jesieni\u0105 2013 r. uruchomione zostanie g\u0142osowanie online, w kt\u00f3rym sw\u00f3j g\u0142os b\u0119d\u0105 mogli odda\u0107 wszyscy cz\u0142onkowie spo\u0142eczno\u015bci akademickiej U\u015a. Na podstawie oddanych g\u0142os\u00f3w komisja plebiscytowa wyr\u00f3\u017cni jednego z absolwent\u00f3w tytu\u0142em \u201eAbsolwenta z Pasj\u0105\u201d.<\/p>\n<p>Mariusz Klockowski uko\u0144czy\u0142 politologi\u0119 (specjalno\u015b\u0107: komunikacja spo\u0142eczna i dziennikarstwo) na Wydziale Nauk Spo\u0142ecznych. Obroni\u0142 prac\u0119 dyplomow\u0105 na temat kierunk\u00f3w rozwoju wsp\u00f3\u0142czesnego dziennikarstwa obywatelskiego w Polsce. Za najwa\u017cniejsze osi\u0105gni\u0119cia z okresu studi\u00f3w uwa\u017ca dzia\u0142alno\u015b\u0107 w Studenckim Studiu Radiowym Egida oraz udzia\u0142 w konkursie dziennikarskim \u201ePo\u0142awiacze Pere\u0142\u201d. Do wa\u017cnych wydarze\u0144 z okresu po studiach Mariusz Klockowski zalicza m.in. prowadzenie wydarze\u0144 o charakterze uniwersyteckim: I Biegu Radia Egida, Maj\u00f3wki z U\u015a i II Pikniku Absolwent\u00f3w. Mariusz Klockowski zapytany o pasje przyznaje, \u017ce wszystko, w co si\u0119 anga\u017cuje, z czasem staje si\u0119 jego pasj\u0105. Tak by\u0142o w przypadku Studenckiego Studia Radiowego Egida, gdzie udziela\u0142 si\u0119 w czasie studi\u00f3w II stopnia. Pasj\u0105 Mariusza Klockowskiego jest szeroko poj\u0119te dziennikarstwo, co wolontariat w radiu Egida dodatkowo pog\u0142\u0119bi\u0142: jeszcze przed ko\u0144cem studi\u00f3w da\u0142 mo\u017cliwo\u015b\u0107 rozwoju zawodowego, zdobycia bezcennego do\u015bwiadczenia i odkrycia w sobie ukrytych talent\u00f3w. O tym, jak radio wp\u0142ywa na \u017cycie codzienne, opowiada sam absolwent: \u201eProwadzenie codziennych serwis\u00f3w wiadomo\u015bci na antenie Radia Egida tak bardzo wesz\u0142o mi w krew, \u017ce wykorzystuj\u0119 ka\u017cd\u0105 chwil\u0119 do \u0107wiczenia dykcji i intonacji, bez r\u00f3\u017cnicy, czy akurat stoj\u0119 w korku mi\u0119dzy moimi rodzinnymi Tychami a Katowicami, czy te\u017c jad\u0119 autobusem na Osiedle Akademickie w Ligocie, czy jestem na imprezie ze znajomymi\u201d.<\/p>\n<p>Mariusz Klockowski uwa\u017ca, \u017ce ka\u017cde miejsce jest dobre na rozwijanie swoich pasji i ka\u017cdy moment \u017cycia jest idealny na odkrywanie kolejnych, jednak najwi\u0119ksz\u0105 jego pasj\u0105 jest poznawanie takich ludzi, kt\u00f3rzy zara\u017caj\u0105 optymizmem i pozytywnym my\u015bleniem. \u201eUwielbiam przebywa\u0107 w otoczeniu takich os\u00f3b, bo sam taki jestem: energiczny, weso\u0142y i roze\u015bmiany. Niekt\u00f3rzy twierdz\u0105, \u017ce g\u0142o\u015bny i zara\u017aliwy \u015bmiech to moja wizyt\u00f3wka\u201d \u2013 przyznaje. Mariusz Klockowski podkre\u015bla, \u017ce wielk\u0105 rado\u015b\u0107 czerpie ze zdobywania szczyt\u00f3w, lecz opr\u00f3cz tych g\u00f3rskich ma r\u00f3wnie\u017c na my\u015bli te \u017cyciowe, czyli cele, kt\u00f3re sobie wyznacza, bo p\u00f3\u017aniejsza satysfakcja z ich osi\u0105gania jest dla niego niesamowitym prze\u017cyciem.<\/p>\n<\/div>\r\n                    <\/div>\r\n                <\/div>[\/vc_column][\/vc_row]<\/p>","protected":false},"excerpt":{"rendered":"<p>[vc_row][vc_column][\/vc_column][\/vc_row] [&#8230;]<\/p>\n<p><a class=\"btn btn-secondary understrap-read-more-link\" href=\"https:\/\/us.edu.pl\/absolwent\/plebiscyt\/poprzednie-edycje\/i-edycja-plebiscytu-absolwent-z-pasja\/plebiscyt-absolwent-z-pasja-mariusz-klockowski-absolwentem-czerwca\/\">Read More&#8230;<\/a><\/p>\n","protected":false},"author":94,"featured_media":0,"parent":189,"menu_order":0,"comment_status":"closed","ping_status":"closed","template":"","meta":{"_expiration-date-status":"saved","_expiration-date":0,"_expiration-date-type":"","_expiration-date-categories":[],"_expiration-date-options":[]},"acf":[],"_links":{"self":[{"href":"https:\/\/us.edu.pl\/absolwent\/wp-json\/wp\/v2\/pages\/1534"}],"collection":[{"href":"https:\/\/us.edu.pl\/absolwent\/wp-json\/wp\/v2\/pages"}],"about":[{"href":"https:\/\/us.edu.pl\/absolwent\/wp-json\/wp\/v2\/types\/page"}],"author":[{"embeddable":true,"href":"https:\/\/us.edu.pl\/absolwent\/wp-json\/wp\/v2\/users\/94"}],"replies":[{"embeddable":true,"href":"https:\/\/us.edu.pl\/absolwent\/wp-json\/wp\/v2\/comments?post=1534"}],"version-history":[{"count":1,"href":"https:\/\/us.edu.pl\/absolwent\/wp-json\/wp\/v2\/pages\/1534\/revisions"}],"predecessor-version":[{"id":1535,"href":"https:\/\/us.edu.pl\/absolwent\/wp-json\/wp\/v2\/pages\/1534\/revisions\/1535"}],"up":[{"embeddable":true,"href":"https:\/\/us.edu.pl\/absolwent\/wp-json\/wp\/v2\/pages\/189"}],"wp:attachment":[{"href":"https:\/\/us.edu.pl\/absolwent\/wp-json\/wp\/v2\/media?parent=1534"}],"curies":[{"name":"wp","href":"https:\/\/api.w.org\/{rel}","templated":true}]}}