{"id":1538,"date":"2020-05-15T17:42:57","date_gmt":"2020-05-15T15:42:57","guid":{"rendered":"https:\/\/us.edu.pl\/absolwent\/?page_id=1538"},"modified":"2020-05-15T17:42:57","modified_gmt":"2020-05-15T15:42:57","slug":"plebiscyt-absolwent-z-pasja-monika-zaba-absolwentka-sierpnia","status":"publish","type":"page","link":"https:\/\/us.edu.pl\/absolwent\/plebiscyt\/poprzednie-edycje\/i-edycja-plebiscytu-absolwent-z-pasja\/plebiscyt-absolwent-z-pasja-monika-zaba-absolwentka-sierpnia\/","title":{"rendered":"Plebiscyt \u201eAbsolwent z Pasj\u0105\u201d \u2013 Monika \u017baba absolwentk\u0105 sierpnia"},"content":{"rendered":"<p>[vc_row][vc_column]\r\n                <div class=\"text-modules\">\r\n                    <div class=\"container\">\r\n                        <h3 class=\"page-title text__title\">Plebiscyt \u201eAbsolwent z Pasj\u0105\u201d \u2013 Monika \u017baba absolwentk\u0105 sierpnia<\/h3>\r\n                        <div class=\"text-modules__content\"><p>W ramach Plebiscytu \u201eAbsolwent z Pasj\u0105\u201d wybrano absolwentk\u0119 sierpnia, kt\u00f3r\u0105 zosta\u0142a Monika \u017baba, absolwentka Wydzia\u0142u Pedagogiki i Psychologii Uniwersytetu \u015al\u0105skiego. Celem plebiscytu jest promowanie absolwent\u00f3w U\u015a, kt\u00f3rych wyr\u00f3\u017cniaj\u0105 niezwyk\u0142e pasje. Tytu\u0142 jest wyr\u00f3\u017cnieniem absolwenta za jego zainteresowania, kt\u00f3rym oddaje si\u0119 z pe\u0142nym zaanga\u017cowaniem, a tak\u017ce za aktywn\u0105, wyr\u00f3\u017cniaj\u0105c\u0105 si\u0119 i znacz\u0105c\u0105 dzia\u0142alno\u015b\u0107 spo\u0142eczn\u0105 oraz za osi\u0105gni\u0119cia indywidualne w zakresie dzia\u0142alno\u015bci kulturalnej, naukowej lub w sporcie. Do 15 wrze\u015bnia 2013 r. przyjmowane b\u0119d\u0105 zg\u0142oszenia do tytu\u0142u absolwenta wrze\u015bnia. Po wy\u0142onieniu ostatniego absolwenta miesi\u0105ca, jesieni\u0105 2013 r. uruchomione zostanie g\u0142osowanie online, w kt\u00f3rym sw\u00f3j g\u0142os b\u0119d\u0105 mogli odda\u0107 wszyscy cz\u0142onkowie spo\u0142eczno\u015bci akademickiej U\u015a. Na podstawie oddanych g\u0142os\u00f3w komisja plebiscytowa wyr\u00f3\u017cni jednego z absolwent\u00f3w tytu\u0142em \u201eAbsolwenta z Pasj\u0105\u201d.<\/p>\n<p>Monika \u017baba ju\u017c na pierwszym roku studi\u00f3w na kierunku psychologia zaanga\u017cowana by\u0142a w dzia\u0142alno\u015b\u0107 woluntarystyczn\u0105, a tak\u017ce skupia\u0142a si\u0119 na nauce j\u0119zyk\u00f3w obcych. W ramach programu LLP\/Erasmus wyjecha\u0142a do Drezna, gdzie studiowa\u0142a psychologi\u0119 na Uniwersytecie Technicznym. \u201eR\u00f3wnoleg\u0142e studiowanie psychologii w Uniwersytecie \u015al\u0105skim i w Uniwersytecie Technicznym w Dre\u017anie by\u0142o ogromnym wyzwaniem i u\u015bwiadomi\u0142o mi, na jak r\u00f3\u017cne sposoby mo\u017cna uprawia\u0107 t\u0119 sam\u0105 nauk\u0119, jak\u0105 jest psychologia\u201d \u2013 wspomina Monika \u017baba. Ponadto dwukrotnie otrzyma\u0142a stypendium naukowe Ministra Nauki i Szkolnictwa Wy\u017cszego oraz pracowa\u0142a przy wielu du\u017cych projektach naukowych w Dre\u017anie. Prac\u0119 dyplomow\u0105 pisa\u0142a w Instytucie Psychiatrii Maxa-Plancka w Monachium, kt\u00f3ry okaza\u0142 si\u0119 dla niej wymarzonym miejscem pracy. W Instytucie tym realizowany jest bowiem koncept interdyscyplinarnych bada\u0144, gdzie zespo\u0142y badawcze z\u0142o\u017cone z lekarzy, psycholog\u00f3w, biolog\u00f3w i naukowc\u00f3w z innych dziedzin wsp\u00f3lnie staraj\u0105 si\u0119 odkry\u0107 mechanizmy schorze\u0144 psychiatrycznych. Te do\u015bwiadczenia wp\u0142yn\u0119\u0142y na to, jak w kolejnych latach formowa\u0142y si\u0119 jej dalsze losy zawodowe, a tak\u017ce prywatne. Aktualnie jest doktorantk\u0105 w Instytucie Psychiatrii Maxa-Plancka w Monachium, gdzie pracuje w mi\u0119dzynarodowym, interdyscyplinarnym zespole, kt\u00f3ry stara si\u0119 odkry\u0107 psychologiczne i molekularne mechanizmy reakcji na traumatyczny stres.<\/p>\n<p>Po studiach Monice \u017babie uda\u0142o si\u0119 po\u0142\u0105czy\u0107 pasj\u0119 podr\u00f3\u017cowania z pasj\u0105 naukow\u0105: kilka miesi\u0119cy po obronie pracy magisterskiej wyjecha\u0142a na trzymiesi\u0119czn\u0105 praktyk\u0119 do Rwandy, gdzie zajmowa\u0142a si\u0119 traum\u0105, jej prewencj\u0105 oraz leczeniem, a tak\u017ce przeprowadza\u0142a badania kwestionariuszowe na wolontariuszach na temat traumatyzacji wt\u00f3rnej. Do\u015bwiadczenie pobytu w Afryce da\u0142o pocz\u0105tek Fundacji \u201eWindow of Life\u201d, kt\u00f3r\u0105 Monika \u017baba za\u0142o\u017cy\u0142a wsp\u00f3lnie z przyjaci\u00f3\u0142k\u0105. W chwili obecnej Fundacja wspiera Dom Ma\u0142ego Dziecka w Ugandzie, a tak\u017ce pokrywa finansowo edukacj\u0119 stypendyst\u00f3w z Rwandy i Ugandy.<\/p>\n<p>Po uko\u0144czeniu studi\u00f3w uda\u0142o si\u0119 jej r\u00f3wnie\u017c zrealizowa\u0107 wypraw\u0119 rowerow\u0105 do Azji. W trakcie trzech miesi\u0119cy wraz z przyjacielem przejecha\u0142a ok. 5 tysi\u0119cy kilometr\u00f3w. \u201e\u015awiadomi, i\u017c mieszka\u0144cy wi\u0119kszo\u015bci kraj\u00f3w, do kt\u00f3rych podr\u00f3\u017cujemy, \u017cyj\u0105 w o wiele trudniejszych ni\u017c my warunkach i o w\u0142asnych si\u0142ach nie s\u0105 w stanie poprawi\u0107 swojej sytuacji \u017cyciowej, postanowili\u015bmy cho\u0107 cz\u0119\u015b\u0107 naszego wysi\u0142ku przeznaczy\u0107 na pomoc kilkorgu ludziom na tym \u015bwiecie. W ramach naszej podr\u00f3\u017cy poprzez symboliczn\u0105 sprzeda\u017c przejechanych kilometr\u00f3w postanowili\u015bmy wesprze\u0107 Fundacj\u0119 \u201eWindow of Life\u201d \u2013 wspomina wypraw\u0119 absolwentka.<\/p>\n<p>Co jest pasj\u0105 Moniki \u017baby? \u201eJestem ciekawa \u015bwiata, wci\u0105\u017c gdzie\u015b mnie gna. Pasjonuje mnie odwiedzanie r\u00f3\u017cnych miejsc \u015bwiata, zar\u00f3wno w celach zawodowych, jak i dla podr\u00f3\u017cy samej w sobie. Z zainteresowania Afryk\u0105 oraz psychotraumatologi\u0105 zrodzi\u0142a si\u0119 podr\u00f3\u017c do Rwandy, gdzie pracowa\u0142am z osobami straumatyzowanymi ludob\u00f3jstwem. Jeden z moich projekt\u00f3w w ramach doktoratu b\u0119dzie mia\u0142 miejsce w\u0142a\u015bnie w Rwandzie. Jego celem b\u0119dzie badanie transgeneracyjnych mechanizm\u00f3w przekazywania zmian w funkcjonowaniu wynikaj\u0105cych z traumatyzacji\u201d \u2013 m\u00f3wi Monika \u017baba. \u201eJe\u015bli chodzi natomiast o podr\u00f3\u017c dla niej samej, to moim ulubionym \u015brodkiem transportu sta\u0142 si\u0119 rower. Po uko\u0144czeniu studi\u00f3w w Dre\u017anie zostawi\u0142am wszystko na trzy miesi\u0105ce, zapakowa\u0142am rower do samolotu i polecia\u0142am do Chin. Przez ten czas razem z przyjacielem przejechali\u015bmy cz\u0119\u015b\u0107 po\u0142udniowych Chin, Laos od p\u00f3\u0142nocy do po\u0142udnia, Kambod\u017c\u0119 i Tajlandi\u0119. By\u0142y to trzy miesi\u0105ce bez mieszkania i bez wiedzy, gdzie sp\u0119dzi si\u0119 nast\u0119pn\u0105 noc, trzy miesi\u0105ce szukania noclegu i pe\u0142nego zgrania si\u0119 z rytmem dnia i nocy oraz przystosowania si\u0119 do otoczenia. Jestem pewna, \u017ce po sko\u0144czonym doktoracie rower stanie si\u0119 znowu moim \u015brodkiem transportu na par\u0119 miesi\u0119cy. Jako osoba, kt\u00f3r\u0105 wiele interesuje, staram si\u0119 nie dzieli\u0107, a \u0142\u0105czy\u0107 r\u00f3\u017cne pasje w syntetyczn\u0105 ca\u0142o\u015b\u0107. Podr\u00f3\u017ce po\u0142\u0105czy\u0142am z prac\u0105. Studiowanie psychologii po\u0142\u0105czy\u0142am z nauk\u0105 j\u0119zyk\u00f3w obcych. Dwuletnie studiowanie na dw\u00f3ch r\u00f3\u017cnych uniwersytetach trzyma\u0142o mnie w ruchu, z kt\u00f3rego czerpi\u0119 energi\u0119. Po studiach uda\u0142o mi si\u0119 znowu po\u0142\u0105czy\u0107 podr\u00f3\u017ce z prac\u0105: odby\u0142am praktyk\u0119 w Rwandzie. Aktualnie planuj\u0119 kolejny pobyt w tym kraju, w kt\u00f3rym mam zamiar realizowa\u0107 cz\u0119\u015b\u0107 bada\u0144 do mojego doktoratu. Gdy w zwi\u0105zku z zawodowymi obowi\u0105zkami musz\u0119 zosta\u0107 w jednym miejscu, jak teraz w Monachium, oddaj\u0119 si\u0119 dzia\u0142alno\u015bci spo\u0142ecznej. Aktualnie troszcz\u0119 si\u0119 g\u0142\u00f3wnie o pozyskanie \u015brodk\u00f3w finansowych na dzia\u0142alno\u015b\u0107 Fundacji \u201eWindow of Life\u201d i anga\u017cuj\u0119 si\u0119 w aktywno\u015bci promuj\u0105ce Fundacj\u0119. Ponadto gdy tylko znajd\u0119 czas wolny, wybieram si\u0119 na w\u0119dr\u00f3wki g\u00f3rskie w Alpy lub wsiadam na rower i staram si\u0119 lepiej pozna\u0107 okolic\u0119, kt\u00f3rej aktualnie jestem cz\u0119\u015bci\u0105.\u201d<\/p>\n<p>Z czas\u00f3w studi\u00f3w Monika \u017baba najmilej wspomina to, \u017ce mia\u0142a szcz\u0119\u015bcie by\u0107 otoczona lud\u017ami z pasj\u0105: \u201eZ perspektywy czasu stwierdzam, \u017ce najlepsze by\u0142y nie te dyskusje na zaj\u0119ciach, ale te po zaj\u0119ciach lub na przerwach, gdy siedzia\u0142o si\u0119 Pod Rur\u0105, gdzie serwowane by\u0142y najlepsze na \u015bwiecie p\u0105czki z bit\u0105 \u015bmietan\u0105 i czekolad\u0105. R\u00f3wnie\u017c dobrze wspominam to, \u017ce wszystko by\u0142o wtedy pierwsze: pierwsze badania, pierwsza konferencja i pierwszy artyku\u0142. Jak niewinne i te\u017c naiwne by\u0142o moje podej\u015bcie, kt\u00f3re po czasie bardzo si\u0119 zmieni\u0142o i sta\u0142o si\u0119 bardziej racjonalne. Z nostalgi\u0105 wspominam ten m\u0142odzie\u0144czy idealizm, kt\u00f3ry charakteryzowa\u0142 wtedy wielu \u015bwie\u017co upieczonych student\u00f3w psychologii.\u201d<\/p>\n<p>Jednak dla jej dalszej drogi, nie tylko zawodowej, ale te\u017c prywatnej, najwa\u017cniejszy okaza\u0142 si\u0119 czas wymiany studenckiej w ramach programu LLP\/Erasmus: \u201eTo w\u0142a\u015bnie pobyt za granic\u0105 otworzy\u0142 przede mn\u0105 szerokie perspektywy, a do\u015bwiadczenia, kt\u00f3re w tym czasie zdoby\u0142am, umo\u017cliwi\u0142y mi bycie w tym miejscu, w kt\u00f3rym jestem teraz\u201d.<\/p>\n<\/div>\r\n                    <\/div>\r\n                <\/div>[\/vc_column][\/vc_row]<\/p>","protected":false},"excerpt":{"rendered":"<p>[vc_row][vc_column][\/vc_column][\/vc_row] [&#8230;]<\/p>\n<p><a class=\"btn btn-secondary understrap-read-more-link\" href=\"https:\/\/us.edu.pl\/absolwent\/plebiscyt\/poprzednie-edycje\/i-edycja-plebiscytu-absolwent-z-pasja\/plebiscyt-absolwent-z-pasja-monika-zaba-absolwentka-sierpnia\/\">Read More&#8230;<\/a><\/p>\n","protected":false},"author":94,"featured_media":0,"parent":189,"menu_order":0,"comment_status":"closed","ping_status":"closed","template":"","meta":{"_expiration-date-status":"saved","_expiration-date":0,"_expiration-date-type":"","_expiration-date-categories":[],"_expiration-date-options":[]},"acf":[],"_links":{"self":[{"href":"https:\/\/us.edu.pl\/absolwent\/wp-json\/wp\/v2\/pages\/1538"}],"collection":[{"href":"https:\/\/us.edu.pl\/absolwent\/wp-json\/wp\/v2\/pages"}],"about":[{"href":"https:\/\/us.edu.pl\/absolwent\/wp-json\/wp\/v2\/types\/page"}],"author":[{"embeddable":true,"href":"https:\/\/us.edu.pl\/absolwent\/wp-json\/wp\/v2\/users\/94"}],"replies":[{"embeddable":true,"href":"https:\/\/us.edu.pl\/absolwent\/wp-json\/wp\/v2\/comments?post=1538"}],"version-history":[{"count":1,"href":"https:\/\/us.edu.pl\/absolwent\/wp-json\/wp\/v2\/pages\/1538\/revisions"}],"predecessor-version":[{"id":1539,"href":"https:\/\/us.edu.pl\/absolwent\/wp-json\/wp\/v2\/pages\/1538\/revisions\/1539"}],"up":[{"embeddable":true,"href":"https:\/\/us.edu.pl\/absolwent\/wp-json\/wp\/v2\/pages\/189"}],"wp:attachment":[{"href":"https:\/\/us.edu.pl\/absolwent\/wp-json\/wp\/v2\/media?parent=1538"}],"curies":[{"name":"wp","href":"https:\/\/api.w.org\/{rel}","templated":true}]}}