{"id":1540,"date":"2020-05-15T17:45:43","date_gmt":"2020-05-15T15:45:43","guid":{"rendered":"https:\/\/us.edu.pl\/absolwent\/?page_id=1540"},"modified":"2020-05-15T17:45:43","modified_gmt":"2020-05-15T15:45:43","slug":"plebiscyt-absolwent-z-pasja-zofia-kluszczynska-absolwentka-wrzesnia","status":"publish","type":"page","link":"https:\/\/us.edu.pl\/absolwent\/plebiscyt\/poprzednie-edycje\/i-edycja-plebiscytu-absolwent-z-pasja\/plebiscyt-absolwent-z-pasja-zofia-kluszczynska-absolwentka-wrzesnia\/","title":{"rendered":"Plebiscyt \u201eAbsolwent z Pasj\u0105\u201d \u2013 Zofia Kluszczy\u0144ska absolwentk\u0105 wrze\u015bnia"},"content":{"rendered":"<p>[vc_row][vc_column]\r\n                <div class=\"text-modules\">\r\n                    <div class=\"container\">\r\n                        <h3 class=\"page-title text__title\">Plebiscyt \u201eAbsolwent z Pasj\u0105\u201d \u2013 Zofia Kluszczy\u0144ska absolwentk\u0105 wrze\u015bnia<\/h3>\r\n                        <div class=\"text-modules__content\"><p>W ramach Plebiscytu \u201eAbsolwent z Pasj\u0105\u201d wybrano absolwentk\u0119 wrze\u015bnia, kt\u00f3r\u0105 zosta\u0142a <strong>Zofia Kluszczy\u0144ska, s\u0119dzia S\u0105du Okr\u0119gowego w Katowicach, absolwentka pierwszego rocznika Wydzia\u0142u Prawa i Administracji Uniwersytetu \u015al\u0105skiego.<\/strong><\/p>\n<p><strong>Wspomnienia ze studi\u00f3w<\/strong><\/p>\n<p>Pani Zofia bardzo mi\u0142o wspomina okres studi\u00f3w, bo jak sama m\u00f3wi\u00a0<strong>\u201ew tamtych czasach studia by\u0142y radosne i kole\u017ce\u0144skie\u201d<\/strong>. Dzi\u0119ki wzajemnej pomocy i atmosferze studiowa\u0142o si\u0119 z przyjemno\u015bci\u0105. Miejscem spotka\u0144 \u00f3wczesnych student\u00f3w prawa by\u0142a \u201eKryszta\u0142owa\u201d, gdzie czuto si\u0119 jak na drugiej uczelni, prowadz\u0105c d\u0142ugie dysputy. Pani Kluszczy\u0144ska z u\u015bmiechem wspomina tak\u017ce wyjazdy na narty do Beskidu \u015al\u0105skiego, organizowane przez Zrzeszenie Student\u00f3w Polskich. Kole\u017ce\u0144sko\u015b\u0107 i darzenie si\u0119 sympati\u0105, mo\u017cna powiedzie\u0107, \u017ce przetrwa\u0142o do dzi\u015b. Pani Kluszczy\u0144ska 10 lat po zako\u0144czeniu studi\u00f3w zorganizowa\u0142a bowiem spotkanie ze swoimi kole\u017cankami i kolegami ze studi\u00f3w, kt\u00f3rzy obecnie, podobnie jak i ona, s\u0105 cz\u0142onkami\u00a0<strong>Stowarzyszenia Absolwent\u00f3w Uniwersytetu \u015al\u0105skiego<\/strong>, wspieraj\u0105c si\u0119 i pomagaj\u0105c sobie nierzadko na co dzie\u0144.<\/p>\n<p><strong>Opis kariery zawodowej<\/strong><\/p>\n<p>Pani Zofia Kluszczy\u0144ska\u00a0<strong>od 12 roku \u017cycia wiedzia\u0142a, \u017ce zostanie s\u0119dzi\u0105 i gdy doros\u0142a sukcesywnie zacz\u0119\u0142a realizowa\u0107 ten cen.<\/strong>\u00a0Studia rozpocz\u0119\u0142a w czasach Polski Ludowej, kiedy to wi\u0119ksze szans\u0119 na przyj\u0119cie na studia mia\u0142y osoby z pochodzeniem robotniczym, kt\u00f3rego Pani Zofia nie posiada\u0142a. Niemniej uda\u0142o jej si\u0119 zda\u0107 egzamin wst\u0119pny na ocen\u0119 bardzo dobr\u0105 i rozpocz\u0105\u0107 w 1968 roku studia prawnicze w gronie pierwszych student\u00f3w Uniwersytetu \u015al\u0105skiego. Po uko\u0144czeniu studi\u00f3w nominacj\u0119 uzyska\u0142a w Opolu i K\u0119dzierzynie Ko\u017alu, codziennie doje\u017cd\u017caj\u0105c do tych miast z Sosnowca. Wyspecjalizowa\u0142a si\u0119 w\u00f3wczas w zakresie prawa pracy i ubezpiecze\u0144 spo\u0142ecznych.<\/p>\n<p>W 1980 roku rozpocz\u0119\u0142a prac\u0119 na stanowisku s\u0119dziego w Okr\u0119gowym S\u0105dzie Pracy i Ubezpiecze\u0144 Spo\u0142ecznych w Katowicach, a w 1985 roku w S\u0105dzie Wojew\u00f3dzkim na stanowisku S\u0119dziego Wojew\u00f3dzkiego.<\/p>\n<p><strong>W 2009 roku Pani Kluszczy\u0144ska otrzyma\u0142a nominacj\u0119 na s\u0119dziego S\u0105du Apelacyjnego w S\u0105dzie Okr\u0119gowym w Katowicach<\/strong>.<\/p>\n<p>Poza dzia\u0142alno\u015bci\u0105 zawodow\u0105 zajmowa\u0142a si\u0119 tak\u017ce edukacyjn\u0105. W latach 1988-2009 wykszta\u0142ci\u0142a rzesz\u0119 aplikant\u00f3w s\u0105dowych, adwokackich i radcowskich.<\/p>\n<p><strong>Jest tak\u017ce wsp\u00f3\u0142autork\u0105 ksi\u0105\u017cki pt. \u201eSystem ubezpiecze\u0144 spo\u0142ecznych. Zagadnienia podstawowe\u201d pod redakcj\u0105 Gra\u017cyny Szpor, kt\u00f3ra sta\u0142a podstawowym podr\u0119cznikiem do kszta\u0142cenia z niniejszych zagadnie\u0144.<\/strong>\u00a0Publikacja doczeka\u0142a si\u0119 ju\u017c si\u00f3dmego wydania.<\/p>\n<p><strong>Pasja<\/strong><\/p>\n<p>Pani Kluszczy\u0144ska posiada wiele pasji. Uwielbia muzyk\u0119 powa\u017cn\u0105 i podr\u00f3\u017ce. Niemniej chyba najwa\u017cniejsz\u0105 jej pasj\u0105 jest rodzina, czego dowodem jest za\u0142o\u017cone w 2002 roku\u00a0<strong>Stowarzyszenie Rodu Kluszczy\u0144skich<\/strong>. To, jak na razie, jedyne takie stowarzyszenie zarejestrowane w Katowicach. Zrodzi\u0142o si\u0119 przez przypadek, kiedy to Pani Zofia spotka\u0142a nieznanego jej dotychczas krewnego, kt\u00f3ry bardzo przypomnia\u0142 jej ojca. Pocz\u0105tkowo w ma\u0142ym gronie zacz\u0119li odnajdywa\u0107 porozrzucanych po ca\u0142ym \u015bwiecie krewnych, by na dzie\u0144 dzisiejszy mie\u0107 w stowarzyszeniu 60 os\u00f3b, zaanga\u017cowanych w poszukiwania oraz organizacj\u0119 spotka\u0144 i wsp\u00f3lnych wyjazd\u00f3w.<\/p>\n<p>Najwa\u017cniejsze coroczne spotkania oraz op\u0142atkowe odbywaj\u0105 si\u0119\u00a0<strong>w ruinach zamku w Szyd\u0142owie<\/strong>\u00a0(woj. \u015awi\u0119tokrzyskie), kolebce rodu, gdzie prawie co drugi mieszkaniec ma na nazwisko Kluszczy\u0144ski.\u00a0<strong>Na owe spotkania przybywa z regu\u0142y oko\u0142o 100 os\u00f3b z wielu miast w Polsce i za granic\u0105.<\/strong><\/p>\n<p>Poszukiwaniom krewnych towarzyszy\u0142o tak\u017ce odtwarzanie drzewa genealogicznego, kt\u00f3re na dzie\u0144 dzisiejszych ma rozbudowane trzy ga\u0142\u0119zie do XVIII wieku. Odkryto r\u00f3wnie\u017c, \u017ce\u00a0<strong>r\u00f3d Kluszczy\u0144skich posiada herb jelita<\/strong>\u00a0\u2013 jeden z najstarszych polskich herb\u00f3w szlacheckich. W \u201eKronice Polskiej\u201d Jana D\u0142ugosza znajduje si\u0119 legenda na jego temat, kt\u00f3ra g\u0142osi, i\u017c herb przyj\u0119to 27 wrze\u015bnia 1331 roku, kiedy to W\u0142adys\u0142aw \u0141okietek obje\u017cd\u017ca\u0142 plac po bitwie pod P\u0142owcami i natrafi\u0142 na umieraj\u0105cego rycerza Floriana Szaryusza (Floriana Szarego), kt\u00f3ry to m\u0119\u017cnie ze swoim kr\u00f3lem rozmawiaj\u0105c, przytrzymywa\u0142 wypadaj\u0105ce mu jelita.<\/p>\n<p><strong>G\u0142\u00f3wnym celem Stowarzyszenia jest krzewienie tradycji rodu, pomoc wzajemna, dzia\u0142ania w zakresie edukacji, krajoznawstwa, sportu, prac genealogicznych, promocji Szyd\u0142owa jako historycznego latyfundium Kluszczy\u0144skich<\/strong>. Stowarzyszenie Rodu Kluszczy\u0144skich stale si\u0119 rozrasta, sprawiaj\u0105c, \u017ce rodzina Pani Zofii jest coraz wi\u0119ksza.<\/p>\n<\/div>\r\n                    <\/div>\r\n                <\/div>[\/vc_column][\/vc_row]<\/p>","protected":false},"excerpt":{"rendered":"<p>[vc_row][vc_column][\/vc_column][\/vc_row] [&#8230;]<\/p>\n<p><a class=\"btn btn-secondary understrap-read-more-link\" href=\"https:\/\/us.edu.pl\/absolwent\/plebiscyt\/poprzednie-edycje\/i-edycja-plebiscytu-absolwent-z-pasja\/plebiscyt-absolwent-z-pasja-zofia-kluszczynska-absolwentka-wrzesnia\/\">Read More&#8230;<\/a><\/p>\n","protected":false},"author":94,"featured_media":0,"parent":189,"menu_order":0,"comment_status":"closed","ping_status":"closed","template":"","meta":{"_expiration-date-status":"saved","_expiration-date":0,"_expiration-date-type":"","_expiration-date-categories":[],"_expiration-date-options":[]},"acf":[],"_links":{"self":[{"href":"https:\/\/us.edu.pl\/absolwent\/wp-json\/wp\/v2\/pages\/1540"}],"collection":[{"href":"https:\/\/us.edu.pl\/absolwent\/wp-json\/wp\/v2\/pages"}],"about":[{"href":"https:\/\/us.edu.pl\/absolwent\/wp-json\/wp\/v2\/types\/page"}],"author":[{"embeddable":true,"href":"https:\/\/us.edu.pl\/absolwent\/wp-json\/wp\/v2\/users\/94"}],"replies":[{"embeddable":true,"href":"https:\/\/us.edu.pl\/absolwent\/wp-json\/wp\/v2\/comments?post=1540"}],"version-history":[{"count":1,"href":"https:\/\/us.edu.pl\/absolwent\/wp-json\/wp\/v2\/pages\/1540\/revisions"}],"predecessor-version":[{"id":1541,"href":"https:\/\/us.edu.pl\/absolwent\/wp-json\/wp\/v2\/pages\/1540\/revisions\/1541"}],"up":[{"embeddable":true,"href":"https:\/\/us.edu.pl\/absolwent\/wp-json\/wp\/v2\/pages\/189"}],"wp:attachment":[{"href":"https:\/\/us.edu.pl\/absolwent\/wp-json\/wp\/v2\/media?parent=1540"}],"curies":[{"name":"wp","href":"https:\/\/api.w.org\/{rel}","templated":true}]}}