{"id":1722,"date":"2021-02-26T09:49:29","date_gmt":"2021-02-26T08:49:29","guid":{"rendered":"https:\/\/us.edu.pl\/absolwent\/?page_id=1722"},"modified":"2023-04-24T13:43:37","modified_gmt":"2023-04-24T11:43:37","slug":"connect-us","status":"publish","type":"page","link":"https:\/\/us.edu.pl\/absolwent\/connect-us\/","title":{"rendered":"Connect U\u015a"},"content":{"rendered":"<p>[vc_row][vc_column css=&#8221;.vc_custom_1621339484304{margin-top: 0px !important;border-top-width: 0px !important;padding-top: 0px !important;}&#8221;]\n            <div data-autotime=\"5\" class=\"slider  color_white bg_\" >\n                  <div class=\"slide slide_css\">\n                     <div class=\"slide__content_container container\">\n                        <div class=\"slide__content\">\n                           <a href=\"https:\/\/www.youtube.com\/watch?v=SQk1GEhJjEQ\" class=\"slide__link\">\n                              <div class=\"slide__title\">Connect U\u015a<\/div>\n                              <div class=\"slide__text\">Aplikacja Connect U\u015a dla absolwent\u00f3w z dniem 21 kwietnia 2023 roku zosta\u0142a wygaszona<\/div>\n                           <\/a>\n                        <\/div>\n                     <\/div>\n                     <a href=\"https:\/\/www.youtube.com\/watch?v=SQk1GEhJjEQ\" class=\"slide__img thumbnail\"\n                           style=\"background-image: url('https:\/\/us.edu.pl\/absolwent\/wp-content\/uploads\/sites\/10\/Nieprzypisane\/video_01-1100x575.png')\">\n                           <span class=\"d-none\">Connect U\u015a Aplikacja Connect U\u015a dla absolwent\u00f3w z dniem 21 kwietnia 2023 roku zosta\u0142a wygaszona<\/span>\n                     <\/a>\n                  <\/div>\n                <div class=\"slider__controls\">\n                    <div class=\"slider__dots\"><\/div>\n                    <div class=\"slider__actions\">\n                        <a href=\"#\" class=\"arrow\" data-direction=\"prev\" title=\"poprzedni slajd\">\n                            <em class=\"ci ci-arrow-left\"><\/em>\n                            <span class=\"d-none\">control<\/span>\n                        <\/a>\n            \n                        <a href=\"#\" class=\"start-pause\" data-action=\"stop\" title=\"wstrzymaj poruszanie si\u0119 slajd\u00f3w\">\n                            <em class=\"ci ci-pause\"><\/em>\n                            <span class=\"d-none\">control<\/span>\n                        <\/a>\n            \n                       \n                        <a href=\"#\" class=\"arrow\" data-direction=\"next\"  title=\"Kolejny slajd\" >\n                            <em class=\"ci ci-arrow-right\"><\/em>\n                            <span class=\"d-none\">control<\/span>\n                        <\/a>\n                    <\/div>\n                <\/div>\n            <\/div>[vc_separator color=&#8221;white&#8221;]\r\n                <div class=\"text-modules\">\r\n                    <div class=\"container\">\r\n                        \r\n                        <div class=\"text-modules__content\"><\/p>\n<p style=\"text-align: center;\"><span style=\"font-size: 24pt;\">Connect U\u015a to wirtualne miejsce spotka\u0144, kt\u00f3re \u0142\u0105czy\u0142o spo\u0142eczno\u015b\u0107<\/span><br \/>\n<span style=\"font-size: 24pt;\">Uniwersytetu \u015al\u0105skiego na ca\u0142ym \u015bwiecie. Dzi\u0119ki aplikacji mo\u017cna by\u0142o sprawdzi\u0107,<\/span><br \/>\n<span style=\"font-size: 24pt;\">kto przebywa aktualnie w Twoim mie\u015bcie, lub w miejscu, do kt\u00f3rego podr\u00f3\u017cujesz.<\/span><\/p>\n<p>\n<\/div>\r\n                    <\/div>\r\n                <\/div>[\/vc_column][\/vc_row][vc_row gap=&#8221;2&#8243; content_placement=&#8221;middle&#8221; el_class=&#8221;container&#8221;][vc_column width=&#8221;1\/2&#8243;]\r\n                <div class=\"text-modules\">\r\n                    <div class=\"container\">\r\n                        <h3 class=\"page-title text__title\">Czym jest Connect U\u015a?<\/h3>\r\n                        <div class=\"text-modules__content\"><\/p>\n<p style=\"text-align: justify;\">Connect U\u015a to rozwi\u0105zanie przydatne w czasie podr\u00f3\u017cy i nie tylko. Dzi\u0119ki niemu absolwenci byli w kontakcie ze spo\u0142eczno\u015bci\u0105 U\u015a. Aplikacja umo\u017cliwia\u0142a zar\u00f3wno wysy\u0142anie wiadomo\u015bci prywatnych, jak i uczestniczenie w dyskusjach na forum.<\/p>\n<p style=\"text-align: justify;\">Aplikacja Connect U\u015a jest miejscem bezpiecznym. Ka\u017cdy u\u017cytkownik zak\u0142adaj\u0105cy profil jest weryfikowany. Sprawdzamy, czy jest studentem, absolwentem lub pracownikiem Uniwersytetu \u015al\u0105skiego.<\/p>\n<p style=\"text-align: justify;\"><strong>Spo\u0142eczno\u015b\u0107 U\u015a to<\/strong>:<\/p>\n<ul style=\"list-style-type: circle;\">\n<li style=\"text-align: justify;\">absolwenci,<\/li>\n<li style=\"text-align: justify;\">studenci,<\/li>\n<li style=\"text-align: justify;\">pracownicy,<\/li>\n<li style=\"text-align: justify;\">studenci wymiany mi\u0119dzynarodowej (np. Erasmus),<\/li>\n<li style=\"text-align: justify;\">uczestnicy szko\u0142y letniej, kursu przygotowawczego,<\/li>\n<li style=\"text-align: justify;\">absolwenci MBA, Akademii Dyplomacji, studi\u00f3w podyplomowych, Szko\u0142y doktorskiej.<\/li>\n<\/ul>\n<p style=\"text-align: justify;\">Dzi\u0119ki aplikacji Connect U\u015a u\u017cytkownik wyje\u017cd\u017caj\u0105cy za granic\u0119 m\u00f3g\u0142 sprawdzi\u0107, czy w danym kraju lub mie\u015bcie mieszkaj\u0105 lub przebywaj\u0105 osoby zwi\u0105zane z uczelni\u0105. Je\u017celi tak jest, aplikacja pozwala\u0142a na nawi\u0105zanie z nimi kontaktu, a co za tym idzie umo\u017cliwia\u0142a otrzymanie od nich informacji o mie\u015bcie, um\u00f3wienie si\u0119 na kaw\u0119 lub spacer itd.<\/p>\n<p style=\"text-align: justify;\">W dobie pandemii COVID-19 aplikacja stanowi\u0142a wirtualne miejscem spotka\u0144 dla spo\u0142eczno\u015bci U\u015a.<\/p>\n<p style=\"text-align: justify;\">Baza u\u017cytkownik\u00f3w podzielona zosta\u0142a na kilka zak\u0142adek, co u\u0142atwia\u0142o wyszukiwanie znajomych. Niezale\u017cnie, czy jeste\u015b absolwentem studi\u00f3w podyplomowych, czy \u015bwie\u017co upieczonym studentem U\u015a, dzi\u0119ki filtrom bez problemu znajdziesz osoby np. z Twojego rocznika lub miasta.<\/p>\n<p>\n<\/div>\r\n                    <\/div>\r\n                <\/div>[\/vc_column][vc_column width=&#8221;1\/2&#8243;][vc_single_image image=&#8221;1847&#8243; img_size=&#8221;full&#8221; alignment=&#8221;center&#8221;][\/vc_column][\/vc_row][vc_row][vc_column][vc_video link=&#8221;https:\/\/www.youtube.com\/watch?v=SQk1GEhJjEQ&#8221; el_width=&#8221;90&#8243; align=&#8221;center&#8221; title=&#8221;Connect U\u015a &#8211; Skr\u00f3\u0107 dystans&#8221;]\r\n                <div class=\"text-modules\">\r\n                    <div class=\"container\">\r\n                        <h3 class=\"page-title text__title\">Funkcje w aplikacji<\/h3>\r\n                        <div class=\"text-modules__content\"><p><strong>Wyje\u017cd\u017cam za granic\u0119<\/strong> \u2013 tutaj mo\u017cna by\u0142o zobaczy\u0107 map\u0119 \u015bwiata, kt\u00f3ra umo\u017cliwia\u0142a wyb\u00f3r dowolnej lokalizacji w celu sprawdzenia, kto aktualnie mieszka\/przebywa w danym mie\u015bcie lub kraju. Aplikacja pozwala\u0142a na kontakt z innymi u\u017cytkownikami, dzi\u0119ki czemu mo\u017cna by\u0142o porozumie\u0107 si\u0119 z nimi w sprawie Twojego wyjazdu, zada\u0107 im pytania (np. co warto zobaczy\u0107, jak dojecha\u0107 z lotniska do miasta, o czym nale\u017cy pami\u0119ta\u0107 przed podr\u00f3\u017c\u0105) lub wyj\u015b\u0107 z nimi na kaw\u0119. Ponadto, r\u00f3wnie\u017c w tej zak\u0142adce by\u0142o mo\u017cliwe zaplanowanie wyjazd\u00f3w.<\/p>\n<p style=\"text-align: justify;\"><strong>Opcja \u201eHELP\u201d<\/strong> \u2013 opcja umo\u017cliwia\u0142a wysy\u0142anie komunikatu HELP. Inni u\u017cytkownicy obecni w tym mie\u015bcie, otrzymywali powiadomienie PUSH.<\/p>\n<p><strong>Go\u015bcie w moim mie\u015bcie<\/strong> \u2013 tutaj mo\u017cna by\u0142o zobaczy\u0107 map\u0119 miasta, do kt\u00f3rego w\u0142a\u015bnie przyjecha\u0142e\u015b i sprawdzisz, kto jeszcze w nim przebywa. Dzi\u0119ki aplikacji uzyska\u0142e\u015b r\u00f3wnie\u017c informacj\u0119, kto planuje odwiedzi\u0107 Twoje miasto w najbli\u017cszym czasie.<\/p>\n<p><strong>Baza spo\u0142eczno\u015bci U\u015a<\/strong> \u2013 w poszczeg\u00f3lnych zak\u0142adkach znajduj\u0105 si\u0119 bazy u\u017cytkownik\u00f3w aplikacji (absolwenci, studenci itp.). Ka\u017cda zak\u0142adka umo\u017cliwia\u0142a filtrowanie np. wzgl\u0119dem roku uko\u0144czenia studi\u00f3w\/kursu, kierunku studi\u00f3w, kraju pochodzenia, kraju zamieszkania, miasta zamieszkania, itp. Dzi\u0119ki temu mo\u017cna by\u0142o znale\u017a\u0107 znajomych i odnowi\u0107 z nimi kontakt.<br \/>\n<strong><br \/>\nForum\/aktualno\u015bci<\/strong> \u2013 zak\u0142adka Forum dawa\u0142a mo\u017cliwo\u015b\u0107 zamieszczenia lub przegl\u0105dania post\u00f3w w poni\u017cszych strefach:<br \/>\n\u2022 Strefa absolwent<br \/>\n\u2022 Strefa student<br \/>\n\u2022 Strefa pracownik<br \/>\n\u2022 Strefa innych os\u00f3b z U\u015a<\/p>\n<p style=\"text-align: justify;\"><strong>Komunikator<\/strong> \u2013 pozwala\u0142 wysy\u0142a\u0107 prywatne wiadomo\u015bci do innych u\u017cytkownik\u00f3w.<\/p>\n<p style=\"text-align: justify;\">Mamy nadziej\u0119, \u017ce aplikacja Connect U\u015a u\u0142atwi\u0142a podr\u00f3\u017cowanie i sprawi\u0142a, \u017ce absolwenci pozostawali w kontakcie ze spo\u0142eczno\u015bci\u0105 U\u015a.<\/p>\n<p><a href=\"https:\/\/us.edu.pl\/absolwent\/wp-content\/uploads\/sites\/10\/Dokumenty\/Connect-U\u015a-regulamin.pdf\" class=\"mtli_attachment mtli_pdf\" data-mtli=\"mtli_filesize285,84kB\" class=\"mtli_attachment mtli_pdf\" data-mtli=\"mtli_filesize285,84kB\">Connect U\u015a &#8211; regulamin<\/a><\/p>\n<p><a href=\"https:\/\/us.edu.pl\/absolwent\/wp-content\/uploads\/sites\/10\/Dokumenty\/Connect-U\u015a-polityka-prywatno\u015bci.pdf\" class=\"mtli_attachment mtli_pdf\" data-mtli=\"mtli_filesize290,74kB\" class=\"mtli_attachment mtli_pdf\" data-mtli=\"mtli_filesize290,74kB\">Connect U\u015a &#8211; polityka prywatno\u015bci<\/a><\/p>\n<style type=\"text\/css\">a[data-mtli~=\"mtli_filesize285,84kB\"]:after {content:\" (285,84 kB)\"}a[data-mtli~=\"mtli_filesize290,74kB\"]:after {content:\" (290,74 kB)\"}<\/style><\/div>\r\n                    <\/div>\r\n                <\/div>[\/vc_column][\/vc_row][vc_row][vc_column][\/vc_column][\/vc_row][vc_row el_class=&#8221;container&#8221;][vc_column][vc_single_image image=&#8221;1958&#8243; img_size=&#8221;large&#8221; alignment=&#8221;center&#8221;][\/vc_column][\/vc_row]<\/p>\n<style type=\"text\/css\">a[data-mtli~=\"mtli_filesize285,84kB\"]:after {content:\" (285,84 kB)\"}a[data-mtli~=\"mtli_filesize290,74kB\"]:after {content:\" (290,74 kB)\"}<\/style>","protected":false},"excerpt":{"rendered":"<p>[vc_row][vc_column css=&#8221;.vc_custom_1621339484304{margin-top: 0px !important;border-top-width: 0px !important;padding-top: 0px !important;}&#8221;][vc_separator color=&#8221;white&#8221;][\/vc_column][\/vc_row][vc_row gap=&#8221;2&#8243; content_placement=&#8221;middle&#8221; el_class=&#8221;container&#8221;][vc_column width=&#8221;1\/2&#8243;][\/vc_column][vc_column width=&#8221;1\/2&#8243;][vc_single_image image=&#8221;1847&#8243; img_size=&#8221;full&#8221; alignment=&#8221;center&#8221;][\/vc_column][\/vc_row][vc_row][vc_column][vc_video link=&#8221;https:\/\/www.youtube.com\/watch?v=SQk1GEhJjEQ&#8221; el_width=&#8221;90&#8243; align=&#8221;center&#8221; title=&#8221;Connect U\u015a &#8211; Skr\u00f3\u0107 dystans&#8221;][\/vc_column][\/vc_row][vc_row][vc_column][\/vc_column][\/vc_row][vc_row el_class=&#8221;container&#8221;][vc_column][vc_single_image image=&#8221;1958&#8243; img_size=&#8221;large&#8221; alignment=&#8221;center&#8221;][\/vc_column][\/vc_row] [&#8230;]<\/p>\n<p><a class=\"btn btn-secondary understrap-read-more-link\" href=\"https:\/\/us.edu.pl\/absolwent\/connect-us\/\">Read More&#8230;<\/a><\/p>\n","protected":false},"author":83,"featured_media":0,"parent":0,"menu_order":0,"comment_status":"closed","ping_status":"closed","template":"","meta":{"_expiration-date-status":"","_expiration-date":0,"_expiration-date-type":"","_expiration-date-categories":[],"_expiration-date-options":[]},"acf":[],"_links":{"self":[{"href":"https:\/\/us.edu.pl\/absolwent\/wp-json\/wp\/v2\/pages\/1722"}],"collection":[{"href":"https:\/\/us.edu.pl\/absolwent\/wp-json\/wp\/v2\/pages"}],"about":[{"href":"https:\/\/us.edu.pl\/absolwent\/wp-json\/wp\/v2\/types\/page"}],"author":[{"embeddable":true,"href":"https:\/\/us.edu.pl\/absolwent\/wp-json\/wp\/v2\/users\/83"}],"replies":[{"embeddable":true,"href":"https:\/\/us.edu.pl\/absolwent\/wp-json\/wp\/v2\/comments?post=1722"}],"version-history":[{"count":12,"href":"https:\/\/us.edu.pl\/absolwent\/wp-json\/wp\/v2\/pages\/1722\/revisions"}],"predecessor-version":[{"id":2373,"href":"https:\/\/us.edu.pl\/absolwent\/wp-json\/wp\/v2\/pages\/1722\/revisions\/2373"}],"wp:attachment":[{"href":"https:\/\/us.edu.pl\/absolwent\/wp-json\/wp\/v2\/media?parent=1722"}],"curies":[{"name":"wp","href":"https:\/\/api.w.org\/{rel}","templated":true}]}}