{"id":189,"date":"2019-09-24T08:46:39","date_gmt":"2019-09-24T06:46:39","guid":{"rendered":"http:\/\/php71.nfinity-beta.pl\/us\/absolwent\/?page_id=189"},"modified":"2020-05-15T17:51:09","modified_gmt":"2020-05-15T15:51:09","slug":"i-edycja-plebiscytu-absolwent-z-pasja","status":"publish","type":"page","link":"https:\/\/us.edu.pl\/absolwent\/plebiscyt\/poprzednie-edycje\/i-edycja-plebiscytu-absolwent-z-pasja\/","title":{"rendered":"I edycja plebiscytu \u201eAbsolwent z Pasj\u0105\u201d"},"content":{"rendered":"<p>[vc_row][vc_column]\r\n                <div class=\"text-modules\">\r\n                    <div class=\"container\">\r\n                        <h3 class=\"page-title text__title\">I edycja plebiscytu \u201eAbsolwent z Pasj\u0105\u201d<\/h3>\r\n                        <div class=\"text-modules__content\"><p><a href=\"http:\/\/us.edu.pl\/absolwent\/plebiscyt\/poprzednie-edycje\/i-edycja-plebiscytu-absolwent-z-pasja\/plebiscyt-absolwent-z-pasja-magdalena-knapik-absolwentem-marca\/\"><img class=\"alignnone wp-image-182 size-medium\" src=\"https:\/\/us.edu.pl\/absolwent\/wp-content\/uploads\/sites\/10\/absolwent-z-pasj\u0105\/I-edycja\/m_knapik-300x300.jpg\" alt=\"\" width=\"300\" height=\"300\" srcset=\"https:\/\/us.edu.pl\/absolwent\/wp-content\/uploads\/sites\/10\/absolwent-z-pasj\u0105\/I-edycja\/m_knapik-300x300.jpg 300w, https:\/\/us.edu.pl\/absolwent\/wp-content\/uploads\/sites\/10\/absolwent-z-pasj\u0105\/I-edycja\/m_knapik-150x150.jpg 150w, https:\/\/us.edu.pl\/absolwent\/wp-content\/uploads\/sites\/10\/absolwent-z-pasj\u0105\/I-edycja\/m_knapik.jpg 645w\" sizes=\"(max-width: 300px) 100vw, 300px\" \/><\/a><a href=\"http:\/\/us.edu.pl\/absolwent\/plebiscyt\/poprzednie-edycje\/i-edycja-plebiscytu-absolwent-z-pasja\/plebiscyt-absolwent-z-pasja-marta-ochman-absolwentem-stycznia\/\"><img class=\"alignnone size-medium wp-image-184\" src=\"http:\/\/php71.nfinity-beta.pl\/us\/absolwent\/wp-content\/uploads\/sites\/10\/absolwent-z-pasj\u0105\/I-edycja\/m_ochman-300x300.jpg\" alt=\"\" width=\"300\" height=\"300\" srcset=\"https:\/\/us.edu.pl\/absolwent\/wp-content\/uploads\/sites\/10\/absolwent-z-pasj\u0105\/I-edycja\/m_ochman-300x300.jpg 300w, https:\/\/us.edu.pl\/absolwent\/wp-content\/uploads\/sites\/10\/absolwent-z-pasj\u0105\/I-edycja\/m_ochman-150x150.jpg 150w, https:\/\/us.edu.pl\/absolwent\/wp-content\/uploads\/sites\/10\/absolwent-z-pasj\u0105\/I-edycja\/m_ochman.jpg 645w\" sizes=\"(max-width: 300px) 100vw, 300px\" \/><\/a><a href=\"http:\/\/us.edu.pl\/absolwent\/plebiscyt\/poprzednie-edycje\/i-edycja-plebiscytu-absolwent-z-pasja\/plebiscyt-absolwent-z-pasja-maria-potoczek-absolwentem-lutego\/\"><img class=\"alignnone size-medium wp-image-185\" src=\"http:\/\/php71.nfinity-beta.pl\/us\/absolwent\/wp-content\/uploads\/sites\/10\/absolwent-z-pasj\u0105\/I-edycja\/m_potoczek_0-300x300.jpg\" alt=\"\" width=\"300\" height=\"300\" srcset=\"https:\/\/us.edu.pl\/absolwent\/wp-content\/uploads\/sites\/10\/absolwent-z-pasj\u0105\/I-edycja\/m_potoczek_0-300x300.jpg 300w, https:\/\/us.edu.pl\/absolwent\/wp-content\/uploads\/sites\/10\/absolwent-z-pasj\u0105\/I-edycja\/m_potoczek_0-150x150.jpg 150w, https:\/\/us.edu.pl\/absolwent\/wp-content\/uploads\/sites\/10\/absolwent-z-pasj\u0105\/I-edycja\/m_potoczek_0.jpg 645w\" sizes=\"(max-width: 300px) 100vw, 300px\" \/><\/a><a href=\"http:\/\/us.edu.pl\/absolwent\/plebiscyt\/poprzednie-edycje\/i-edycja-plebiscytu-absolwent-z-pasja\/plebiscyt-absolwent-z-pasja-anna-duda-absolwentem-kwietnia\/\"><img class=\"alignnone size-medium wp-image-186\" src=\"http:\/\/php71.nfinity-beta.pl\/us\/absolwent\/wp-content\/uploads\/sites\/10\/absolwent-z-pasj\u0105\/I-edycja\/a_duda-300x300.jpg\" alt=\"\" width=\"300\" height=\"300\" srcset=\"https:\/\/us.edu.pl\/absolwent\/wp-content\/uploads\/sites\/10\/absolwent-z-pasj\u0105\/I-edycja\/a_duda-300x300.jpg 300w, https:\/\/us.edu.pl\/absolwent\/wp-content\/uploads\/sites\/10\/absolwent-z-pasj\u0105\/I-edycja\/a_duda-150x150.jpg 150w, https:\/\/us.edu.pl\/absolwent\/wp-content\/uploads\/sites\/10\/absolwent-z-pasj\u0105\/I-edycja\/a_duda.jpg 645w\" sizes=\"(max-width: 300px) 100vw, 300px\" \/><\/a><a href=\"http:\/\/us.edu.pl\/absolwent\/plebiscyt\/poprzednie-edycje\/i-edycja-plebiscytu-absolwent-z-pasja\/plebiscyt-absolwent-z-pasja-edyta-szyszka-absolwentka-maja\/\"><img class=\"alignnone size-medium wp-image-187\" src=\"http:\/\/php71.nfinity-beta.pl\/us\/absolwent\/wp-content\/uploads\/sites\/10\/absolwent-z-pasj\u0105\/I-edycja\/e_szyszk-300x300.jpg\" alt=\"\" width=\"300\" height=\"300\" srcset=\"https:\/\/us.edu.pl\/absolwent\/wp-content\/uploads\/sites\/10\/absolwent-z-pasj\u0105\/I-edycja\/e_szyszk-300x300.jpg 300w, https:\/\/us.edu.pl\/absolwent\/wp-content\/uploads\/sites\/10\/absolwent-z-pasj\u0105\/I-edycja\/e_szyszk-150x150.jpg 150w, https:\/\/us.edu.pl\/absolwent\/wp-content\/uploads\/sites\/10\/absolwent-z-pasj\u0105\/I-edycja\/e_szyszk.jpg 645w\" sizes=\"(max-width: 300px) 100vw, 300px\" \/><\/a><a href=\"http:\/\/us.edu.pl\/absolwent\/plebiscyt\/poprzednie-edycje\/i-edycja-plebiscytu-absolwent-z-pasja\/plebiscyt-absolwent-z-pasja-mariusz-klockowski-absolwentem-czerwca\/\"><img class=\"alignnone size-medium wp-image-188\" src=\"http:\/\/php71.nfinity-beta.pl\/us\/absolwent\/wp-content\/uploads\/sites\/10\/absolwent-z-pasj\u0105\/I-edycja\/m_klockowski-300x300.jpg\" alt=\"\" width=\"300\" height=\"300\" srcset=\"https:\/\/us.edu.pl\/absolwent\/wp-content\/uploads\/sites\/10\/absolwent-z-pasj\u0105\/I-edycja\/m_klockowski-300x300.jpg 300w, https:\/\/us.edu.pl\/absolwent\/wp-content\/uploads\/sites\/10\/absolwent-z-pasj\u0105\/I-edycja\/m_klockowski-150x150.jpg 150w, https:\/\/us.edu.pl\/absolwent\/wp-content\/uploads\/sites\/10\/absolwent-z-pasj\u0105\/I-edycja\/m_klockowski.jpg 645w\" sizes=\"(max-width: 300px) 100vw, 300px\" \/><\/a><a href=\"http:\/\/us.edu.pl\/absolwent\/plebiscyt\/poprzednie-edycje\/i-edycja-plebiscytu-absolwent-z-pasja\/plebiscyt-absolwent-z-pasja-justyna-budzik-absolwentka-lipca\/\"><img class=\"alignnone size-medium wp-image-178\" src=\"http:\/\/php71.nfinity-beta.pl\/us\/absolwent\/wp-content\/uploads\/sites\/10\/absolwent-z-pasj\u0105\/I-edycja\/j_budzik-300x300.jpg\" alt=\"\" width=\"300\" height=\"300\" srcset=\"https:\/\/us.edu.pl\/absolwent\/wp-content\/uploads\/sites\/10\/absolwent-z-pasj\u0105\/I-edycja\/j_budzik-300x300.jpg 300w, https:\/\/us.edu.pl\/absolwent\/wp-content\/uploads\/sites\/10\/absolwent-z-pasj\u0105\/I-edycja\/j_budzik-150x150.jpg 150w, https:\/\/us.edu.pl\/absolwent\/wp-content\/uploads\/sites\/10\/absolwent-z-pasj\u0105\/I-edycja\/j_budzik.jpg 645w\" sizes=\"(max-width: 300px) 100vw, 300px\" \/><\/a><a href=\"http:\/\/us.edu.pl\/absolwent\/plebiscyt\/poprzednie-edycje\/i-edycja-plebiscytu-absolwent-z-pasja\/plebiscyt-absolwent-z-pasja-monika-zaba-absolwentka-sierpnia\/\"><img class=\"alignnone size-medium wp-image-179\" src=\"http:\/\/php71.nfinity-beta.pl\/us\/absolwent\/wp-content\/uploads\/sites\/10\/absolwent-z-pasj\u0105\/I-edycja\/m_zaba-300x300.jpg\" alt=\"\" width=\"300\" height=\"300\" srcset=\"https:\/\/us.edu.pl\/absolwent\/wp-content\/uploads\/sites\/10\/absolwent-z-pasj\u0105\/I-edycja\/m_zaba-300x300.jpg 300w, https:\/\/us.edu.pl\/absolwent\/wp-content\/uploads\/sites\/10\/absolwent-z-pasj\u0105\/I-edycja\/m_zaba-150x150.jpg 150w, https:\/\/us.edu.pl\/absolwent\/wp-content\/uploads\/sites\/10\/absolwent-z-pasj\u0105\/I-edycja\/m_zaba.jpg 645w\" sizes=\"(max-width: 300px) 100vw, 300px\" \/><\/a><a href=\"http:\/\/us.edu.pl\/absolwent\/plebiscyt\/poprzednie-edycje\/i-edycja-plebiscytu-absolwent-z-pasja\/plebiscyt-absolwent-z-pasja-zofia-kluszczynska-absolwentka-wrzesnia\/\"><img class=\"alignnone size-medium wp-image-180\" src=\"http:\/\/php71.nfinity-beta.pl\/us\/absolwent\/wp-content\/uploads\/sites\/10\/absolwent-z-pasj\u0105\/I-edycja\/z_kluszczynska-300x300.jpg\" alt=\"\" width=\"300\" height=\"300\" srcset=\"https:\/\/us.edu.pl\/absolwent\/wp-content\/uploads\/sites\/10\/absolwent-z-pasj\u0105\/I-edycja\/z_kluszczynska-300x300.jpg 300w, https:\/\/us.edu.pl\/absolwent\/wp-content\/uploads\/sites\/10\/absolwent-z-pasj\u0105\/I-edycja\/z_kluszczynska-150x150.jpg 150w, https:\/\/us.edu.pl\/absolwent\/wp-content\/uploads\/sites\/10\/absolwent-z-pasj\u0105\/I-edycja\/z_kluszczynska.jpg 645w\" sizes=\"(max-width: 300px) 100vw, 300px\" \/><\/a><a href=\"http:\/\/us.edu.pl\/absolwent\/plebiscyt\/poprzednie-edycje\/i-edycja-plebiscytu-absolwent-z-pasja\/plebiscyt-absolwent-z-pasja-kuba-nagorski-absolwentem-pazdziernika\/\"><img class=\"alignnone size-medium wp-image-181\" src=\"http:\/\/php71.nfinity-beta.pl\/us\/absolwent\/wp-content\/uploads\/sites\/10\/absolwent-z-pasj\u0105\/I-edycja\/k_nagorski-300x300.jpg\" alt=\"\" width=\"300\" height=\"300\" srcset=\"https:\/\/us.edu.pl\/absolwent\/wp-content\/uploads\/sites\/10\/absolwent-z-pasj\u0105\/I-edycja\/k_nagorski-300x300.jpg 300w, https:\/\/us.edu.pl\/absolwent\/wp-content\/uploads\/sites\/10\/absolwent-z-pasj\u0105\/I-edycja\/k_nagorski-150x150.jpg 150w, https:\/\/us.edu.pl\/absolwent\/wp-content\/uploads\/sites\/10\/absolwent-z-pasj\u0105\/I-edycja\/k_nagorski.jpg 645w\" sizes=\"(max-width: 300px) 100vw, 300px\" \/><\/a><a href=\"http:\/\/us.edu.pl\/absolwent\/plebiscyt\/poprzednie-edycje\/i-edycja-plebiscytu-absolwent-z-pasja\/plebiscyt-absolwent-z-pasja-michal-centkowski-absolwentem-grudnia\/\"><img class=\"alignnone size-medium wp-image-183\" src=\"http:\/\/php71.nfinity-beta.pl\/us\/absolwent\/wp-content\/uploads\/sites\/10\/absolwent-z-pasj\u0105\/I-edycja\/m_centkowski-300x300.jpg\" alt=\"\" width=\"300\" height=\"300\" srcset=\"https:\/\/us.edu.pl\/absolwent\/wp-content\/uploads\/sites\/10\/absolwent-z-pasj\u0105\/I-edycja\/m_centkowski-300x300.jpg 300w, https:\/\/us.edu.pl\/absolwent\/wp-content\/uploads\/sites\/10\/absolwent-z-pasj\u0105\/I-edycja\/m_centkowski-150x150.jpg 150w, https:\/\/us.edu.pl\/absolwent\/wp-content\/uploads\/sites\/10\/absolwent-z-pasj\u0105\/I-edycja\/m_centkowski.jpg 645w\" sizes=\"(max-width: 300px) 100vw, 300px\" \/><\/a><\/p>\n<hr \/>\n<p>Plebiscyt ma na celu promocj\u0119 osi\u0105gni\u0119\u0107 i niezwyk\u0142ych pasji absolwent\u00f3w Uniwersytetu \u015al\u0105skiego wszystkich lat akademickich od pocz\u0105tku powstania uczelni.<\/p>\n<p><strong>Pierwsza edycja trwa\u0142a od listopada 2012 do listopada 2013 roku<\/strong>. Co miesi\u0105c komisja wybiera\u0142a spo\u015br\u00f3d nadsy\u0142anych zg\u0142osze\u0144 <strong>Absolwenta Miesi\u0105ca<\/strong>.<\/p>\n<p>W\u015br\u00f3d Absolwent\u00f3w Miesi\u0105ca znale\u017ali si\u0119: Micha\u0142 Centkowski, Marta Ochman, Maria Potoczek, Magdalena Knapik, Anna Duda, Edyta Szyszka, Mariusz Klockowski Justyna Budzik, Monika \u017baba, Zofia Kluszczy\u0144ska oraz Kuba Nag\u00f3rski.<\/p>\n<p>27 listopada 2013 r. podczas uroczysto\u015bci rozdania dyplom\u00f3w najlepszym absolwentom poznali\u015bmy laureata konkursu, wy\u0142onionego w ramach g\u0142osowania online na stronie interenetowej &#8222;Gazety Wyborczej&#8221;. <strong>Absolwentk\u0105 Roku Uniwersytetu \u015al\u0105skiego zosta\u0142a <\/strong><a href=\"http:\/\/absolwent.us.edu.pl\/plebiscyt-absolwent-z-pasja-magdalena-knapik-absolwentem-marca\">Magdalena Knapik<\/a><strong> \u2013 pracownik <\/strong><a href=\"http:\/\/www.us.edu.pl\/us-addressbook\/unit\/10000442\">Szko\u0142y J\u0119zyka i Kultury Polskiej<\/a><strong> U\u015a<\/strong>.<\/p>\n<p>Nagrody dla absolwent\u00f3w z pasj\u0105 \u2013 tablety \u2013 ufundowa\u0142a <a href=\"http:\/\/www.ivare.org\/pl\/\">Fundacja INNOVARE<\/a>. Otrzymali oni r\u00f3wnie\u017c upominki przygotowane przez <a href=\"http:\/\/miasto-ogrodow.eu\/\">Instytucj\u0119 Kultury Katowice \u2013 Miasto Ogrod\u00f3w<\/a> oraz Uniwersytet \u015al\u0105ski w Katowicach i bon na kaw\u0119 do <a href=\"http:\/\/www.kawiarnianakolach.pl\/\">Kawiarni na Ko\u0142ach<\/a>.<\/p>\n<p>Laureatka plebiscytu otrzyma\u0142a dodatkowo grafik\u0119 autorstwa prof. zw. Eugeniusza Delekty oraz podw\u00f3jne zaproszenie do Teatru \u015al\u0105skiego na spektakl \u201eLot nad kuku\u0142czym gniazdem\u201d.<\/p>\n<p><a href=\"https:\/\/www.us.edu.pl\/node\/333361\"><strong>Zobacz galeri\u0119 zdj\u0119\u0107 z uroczysto\u015bci<\/strong><\/a><\/p>\n<p>Informacji na temat plebiscytu udziela Biuro Promocji i Imprez Akademickich U\u015a (tel. 32 359 19 75, e-mail: <a href=\"mailto:absolwent@us.edu.pl\">absolwent@us.edu.pl<\/a>).<\/p>\n<p><a href=\"http:\/\/absolwent.us.edu.pl\/ii-edycja-plebiscytu-absolwent-z-pasja\"><strong>Druga edycja plebiscytu<\/strong><\/a><\/p>\n<\/div>\r\n                    <\/div>\r\n                <\/div>[\/vc_column][\/vc_row]<\/p>","protected":false},"excerpt":{"rendered":"<p>[vc_row][vc_column][\/vc_column][\/vc_row] [&#8230;]<\/p>\n<p><a class=\"btn btn-secondary understrap-read-more-link\" href=\"https:\/\/us.edu.pl\/absolwent\/plebiscyt\/poprzednie-edycje\/i-edycja-plebiscytu-absolwent-z-pasja\/\">Read More&#8230;<\/a><\/p>\n","protected":false},"author":1,"featured_media":0,"parent":285,"menu_order":0,"comment_status":"closed","ping_status":"closed","template":"page-templates\/inner-page.php","meta":{"_expiration-date-status":"saved","_expiration-date":0,"_expiration-date-type":"","_expiration-date-categories":[],"_expiration-date-options":[]},"acf":[],"_links":{"self":[{"href":"https:\/\/us.edu.pl\/absolwent\/wp-json\/wp\/v2\/pages\/189"}],"collection":[{"href":"https:\/\/us.edu.pl\/absolwent\/wp-json\/wp\/v2\/pages"}],"about":[{"href":"https:\/\/us.edu.pl\/absolwent\/wp-json\/wp\/v2\/types\/page"}],"author":[{"embeddable":true,"href":"https:\/\/us.edu.pl\/absolwent\/wp-json\/wp\/v2\/users\/1"}],"replies":[{"embeddable":true,"href":"https:\/\/us.edu.pl\/absolwent\/wp-json\/wp\/v2\/comments?post=189"}],"version-history":[{"count":11,"href":"https:\/\/us.edu.pl\/absolwent\/wp-json\/wp\/v2\/pages\/189\/revisions"}],"predecessor-version":[{"id":1544,"href":"https:\/\/us.edu.pl\/absolwent\/wp-json\/wp\/v2\/pages\/189\/revisions\/1544"}],"up":[{"embeddable":true,"href":"https:\/\/us.edu.pl\/absolwent\/wp-json\/wp\/v2\/pages\/285"}],"wp:attachment":[{"href":"https:\/\/us.edu.pl\/absolwent\/wp-json\/wp\/v2\/media?parent=189"}],"curies":[{"name":"wp","href":"https:\/\/api.w.org\/{rel}","templated":true}]}}