{"id":191,"date":"2019-09-24T08:55:58","date_gmt":"2019-09-24T06:55:58","guid":{"rendered":"http:\/\/php71.nfinity-beta.pl\/us\/absolwent\/?page_id=191"},"modified":"2019-09-24T14:39:43","modified_gmt":"2019-09-24T12:39:43","slug":"ii-edycja-plebiscytu-absolwent-z-pasja","status":"publish","type":"page","link":"https:\/\/us.edu.pl\/absolwent\/plebiscyt\/poprzednie-edycje\/ii-edycja-plebiscytu-absolwent-z-pasja\/","title":{"rendered":"II edycja plebiscytu \u201eAbsolwent z Pasj\u0105\u201d"},"content":{"rendered":"<p>[vc_row][vc_column]\r\n                <div class=\"text-modules\">\r\n                    <div class=\"container\">\r\n                        <h3 class=\"page-title text__title\">II edycja plebiscytu \u201eAbsolwent z Pasj\u0105\u201d<\/h3>\r\n                        <div class=\"text-modules__content\"><p><a href=\"http:\/\/absolwent.us.edu.pl\/grzegorz-gawlik-absolwentem-z-pasja-lutego-2014-roku\"><img class=\"\" src=\"http:\/\/absolwent.us.edu.pl\/sites\/absolwent.us.edu.pl\/files\/imce\/g_gawlik_2.jpg\" alt=\"\" width=\"350\" height=\"350\" \/><\/a><\/p>\n<p><a href=\"http:\/\/absolwent.us.edu.pl\/anna-wrobel-absolwentka-z-pasja-miesiaca-stycznia-2014-roku-0\"><img class=\"\" src=\"http:\/\/absolwent.us.edu.pl\/sites\/absolwent.us.edu.pl\/files\/imce\/a_wrobel.jpg\" alt=\"\" width=\"300\" height=\"300\" \/><\/a><a href=\"https:\/\/absolwent.us.edu.pl\/node\/2122\/\"><img class=\"\" src=\"http:\/\/absolwent.us.edu.pl\/sites\/absolwent.us.edu.pl\/files\/imce\/z_kaminski_0.jpg\" alt=\"\" width=\"300\" height=\"300\" \/><\/a><a href=\"http:\/\/absolwent.us.edu.pl\/dr-henryk-bernard-absolwentem-z-pasja-kwietnia-2014\"><img class=\"\" src=\"http:\/\/absolwent.us.edu.pl\/sites\/absolwent.us.edu.pl\/files\/imce\/h_bernard.jpg\" alt=\"\" width=\"301\" height=\"301\" \/><\/a><a href=\"http:\/\/www.us.edu.pl\/plebiscyt-absolwent-z-pasja-marta-mierzwa-absolwentka-maja-2014\"><img class=\"\" src=\"http:\/\/absolwent.us.edu.pl\/sites\/absolwent.us.edu.pl\/files\/imce\/marta_mierzwa.jpg\" alt=\"\" width=\"300\" height=\"300\" \/><\/a><a href=\"http:\/\/absolwent.us.edu.pl\/wojciech-migdal-absolwentem-z-pasja-czerwca-2014\"><img class=\"\" src=\"http:\/\/absolwent.us.edu.pl\/sites\/absolwent.us.edu.pl\/files\/imce\/w_migdal_0.jpg\" alt=\"\" width=\"300\" height=\"300\" \/><\/a><a href=\"http:\/\/absolwent.us.edu.pl\/mariola-paruzel-czachura-absolwentka-z-pasja-lipca-2014-roku\"><img class=\"\" src=\"http:\/\/absolwent.us.edu.pl\/sites\/absolwent.us.edu.pl\/files\/imce\/m_paruzel.jpg\" alt=\"\" width=\"300\" height=\"300\" \/><\/a><a href=\"http:\/\/absolwent.us.edu.pl\/tomasz-ferens-absolwentem-z-pasja-sierpnia-2014\"><img class=\"\" src=\"http:\/\/absolwent.us.edu.pl\/sites\/absolwent.us.edu.pl\/files\/imce\/absolwent.jpg\" alt=\"\" width=\"300\" height=\"300\" \/><\/a><a href=\"http:\/\/absolwent.us.edu.pl\/agnieszka-pache-absolwentka-z-pasja-wrzesnia-2014-roku\"><img class=\"\" src=\"http:\/\/absolwent.us.edu.pl\/sites\/absolwent.us.edu.pl\/files\/imce\/absolwent_wrzesnia.jpg\" alt=\"\" width=\"300\" height=\"300\" \/><\/a><a href=\"http:\/\/absolwent.us.edu.pl\/norbert-oruba-absolwentem-z-pasja-pazdziernika-2014-roku\"><img class=\"\" src=\"http:\/\/absolwent.us.edu.pl\/sites\/absolwent.us.edu.pl\/files\/imce\/n_oruba.jpg\" alt=\"\" width=\"300\" height=\"300\" \/><\/a><\/p>\n<hr \/>\n<p class=\"rtejustify\">Plebiscyt ma na celu promocj\u0119 osi\u0105gni\u0119\u0107 i niezwyk\u0142ych pasji absolwent\u00f3w Uniwersytetu \u015al\u0105skiego wszystkich lat akademickich od pocz\u0105tku powstania uczelni.<\/p>\n<p class=\"rtejustify\">Druga edycja trwa\u0142a od grudnia 2013 do listopada 2014 roku. Co miesi\u0105c komisja wybiera\u0142a spo\u015br\u00f3d nadsy\u0142anych zg\u0142osze\u0144 Absolwenta Miesi\u0105ca.<\/p>\n<p class=\"rtejustify\">W dniu 9 grudnia 2014r. podczas uroczysto\u015bci rozdania dyplom\u00f3w najlepszym absolwentom poznali\u015bmy laureata konkursu, wy\u0142onionego w ramach g\u0142osowania online na stronie interenetowej &#8222;Gazety Wyborczej&#8221;. W\u015br\u00f3d Absolwent\u00f3w Miesi\u0105ca znale\u017ali si\u0119: <a href=\"http:\/\/absolwent.us.edu.pl\/anna-wrobel-absolwentka-z-pasja-miesiaca-stycznia-2014-roku-0\">Anna Wr\u00f3bel<\/a>, <a href=\"http:\/\/absolwent.us.edu.pl\/grzegorz-gawlik-absolwentem-z-pasja-lutego-2014-roku\">Grzegorz Gawlik<\/a>, <a href=\"http:\/\/absolwent.us.edu.pl\/node\/2122\/\">dr in\u017c. Zygmunt Kami\u0144ski<\/a>, <a href=\"http:\/\/absolwent.us.edu.pl\/dr-henryk-bernard-absolwentem-z-pasja-kwietnia-2014\">dr Henryk Bernard<\/a>, <a href=\"http:\/\/www.us.edu.pl\/plebiscyt-absolwent-z-pasja-marta-mierzwa-absolwentka-maja-2014\">Marta \u0141uczuk (Mierzwa)<\/a>, <a href=\"http:\/\/absolwent.us.edu.pl\/wojciech-migdal-absolwentem-z-pasja-czerwca-2014\">Wojciech Migda\u0142<\/a>, <a href=\"http:\/\/absolwent.us.edu.pl\/mariola-paruzel-czachura-absolwentka-z-pasja-lipca-2014-roku\">dr Mariola Paruzel-Czachura<\/a>, <a href=\"http:\/\/absolwent.us.edu.pl\/tomasz-ferens-absolwentem-z-pasja-sierpnia-2014\">Tomasz Ferens<\/a>, <a href=\"http:\/\/absolwent.us.edu.pl\/agnieszka-pache-absolwentka-z-pasja-wrzesnia-2014-roku\">Agnieszka Pache-Wa\u015b<\/a>, <a href=\"http:\/\/absolwent.us.edu.pl\/norbert-oruba-absolwentem-z-pasja-pazdziernika-2014-roku\">Norbert Oruba<\/a>. Dzi\u0119ki licznym partnerom plebiscytu wszyscy Absolwenci Miesi\u0105ca otrzymali podczas uroczysto\u015bci upominki od <a href=\"http:\/\/www.inkubatorrudzki.pl\/\">Rudzkiego Inkubatora Przedsiebiorczo\u015bci<\/a> oraz zaproszenia na koncerty do <a href=\"http:\/\/www.nospr.org.pl\/pl\/\">Narodowej Orkiestry Symfonicznej Polskiego Radia<\/a>: Recital mistrzowski \u201eMi\u0119dzy Ivesem a Crumbem\u201d, Koncert kwartetu smyczkowego Four Strings, Koncert Kwartetu \u015al\u0105skiego \u201eMi\u0119dzy Wschodem a Zachodem\u201d, Koncert Instytutu Jazzu Akademii Muzycznej w Katowicach w wykonaniu Bartosz Dworak Quartet.<\/p>\n<p class=\"rtejustify\">Trzecie miejsce w plebiscycie zaj\u0119\u0142a dr Mariola Paruzel-Czachura, drugie miejsce zaj\u0105\u0142 Tomasz Ferens. Zwyci\u0119zc\u0105 drugiej edycji plebiscytu zosta\u0142 Grzegorz Gawlik. Laureatka trzeciego miejsca otrzyma\u0142a podw\u00f3jne zaproszenie na <a href=\"http:\/\/rialto.katowice.pl\/\">Kinoteatru Rialto<\/a> na Pata Metheny: The Orchestrion Projecti, natomiast laureat drugiego miejsca podw\u00f3jne zaproszenie na Queen Hungarian Rhapsody: Live In Budapest 1986.<\/p>\n<p class=\"rtejustify\">Zwyci\u0119zca plebiscytu otrzyma\u0142 statuetk\u0119 autorstwa Katarzyny Pyki, grafik\u0119 autorstwa Eugeniusza Delekty, podw\u00f3jne zaproszenie do <a href=\"http:\/\/www.korez.art.pl\/nowa\/open.htm\">Teatru Korez<\/a> na dowolny spektakl, podw\u00f3jne zaproszenie na spektakl <a href=\"http:\/\/www1.teatrslaski.art.pl\/index.php?lang=pl\">Teatru \u015al\u0105skiego<\/a> \u201eMorfina\u201d w re\u017cyserii Eweliny Marciniak, podw\u00f3jne zaproszenie do Kinoteatru Rialto na \u201eJezioro \u0142ab\u0119dzie\u201d Teatru Balszoj oraz podw\u00f3jne zaproszenie do Kinoteatru Rialto na &#8222;Ermita\u017c odkryty. 250 lat gromadzenia zbior\u00f3w&#8221;.<\/p>\n<p class=\"rtejustify\"><a href=\"http:\/\/www.us.edu.pl\/wreczenie-dyplomow-najlepszym-absolwentom-oraz-nagrody-w-plebiscycie-absolwent-z-pasja-0\"><strong>Zobacz galeri\u0119 zdj\u0119\u0107 z uroczysto\u015bci<\/strong><\/a><\/p>\n<p class=\"rtejustify\">Informacji na temat plebiscytu udziela Biuro Promocji i Imprez Akademickich U\u015a (tel. 32 359 19 75, e-mail: <a href=\"mailto:absolwent@us.edu.pl\">absolwent@us.edu.pl<\/a>).<\/p>\n<p>\n<\/div>\r\n                    <\/div>\r\n                <\/div>[myprefix_functional_icons print_icon=&#8221;yes&#8221;][\/vc_column][\/vc_row]<\/p>","protected":false},"excerpt":{"rendered":"<p>[vc_row][vc_column][myprefix_functional_icons print_icon=&#8221;yes&#8221;][\/vc_column][\/vc_row] [&#8230;]<\/p>\n<p><a class=\"btn btn-secondary understrap-read-more-link\" href=\"https:\/\/us.edu.pl\/absolwent\/plebiscyt\/poprzednie-edycje\/ii-edycja-plebiscytu-absolwent-z-pasja\/\">Read More&#8230;<\/a><\/p>\n","protected":false},"author":1,"featured_media":0,"parent":285,"menu_order":0,"comment_status":"closed","ping_status":"closed","template":"page-templates\/inner-page.php","meta":{"_expiration-date-status":"","_expiration-date":0,"_expiration-date-type":"","_expiration-date-categories":[],"_expiration-date-options":[]},"acf":[],"_links":{"self":[{"href":"https:\/\/us.edu.pl\/absolwent\/wp-json\/wp\/v2\/pages\/191"}],"collection":[{"href":"https:\/\/us.edu.pl\/absolwent\/wp-json\/wp\/v2\/pages"}],"about":[{"href":"https:\/\/us.edu.pl\/absolwent\/wp-json\/wp\/v2\/types\/page"}],"author":[{"embeddable":true,"href":"https:\/\/us.edu.pl\/absolwent\/wp-json\/wp\/v2\/users\/1"}],"replies":[{"embeddable":true,"href":"https:\/\/us.edu.pl\/absolwent\/wp-json\/wp\/v2\/comments?post=191"}],"version-history":[{"count":4,"href":"https:\/\/us.edu.pl\/absolwent\/wp-json\/wp\/v2\/pages\/191\/revisions"}],"predecessor-version":[{"id":197,"href":"https:\/\/us.edu.pl\/absolwent\/wp-json\/wp\/v2\/pages\/191\/revisions\/197"}],"up":[{"embeddable":true,"href":"https:\/\/us.edu.pl\/absolwent\/wp-json\/wp\/v2\/pages\/285"}],"wp:attachment":[{"href":"https:\/\/us.edu.pl\/absolwent\/wp-json\/wp\/v2\/media?parent=191"}],"curies":[{"name":"wp","href":"https:\/\/api.w.org\/{rel}","templated":true}]}}