{"id":200,"date":"2019-09-24T10:01:32","date_gmt":"2019-09-24T08:01:32","guid":{"rendered":"http:\/\/php71.nfinity-beta.pl\/us\/absolwent\/?page_id=200"},"modified":"2019-09-24T14:40:21","modified_gmt":"2019-09-24T12:40:21","slug":"iv-edycja-plebiscytu-absolwent-z-pasja","status":"publish","type":"page","link":"https:\/\/us.edu.pl\/absolwent\/plebiscyt\/poprzednie-edycje\/iv-edycja-plebiscytu-absolwent-z-pasja\/","title":{"rendered":"IV edycja plebiscytu \u201eAbsolwent z Pasj\u0105\u201d"},"content":{"rendered":"<p>[vc_row][vc_column]\r\n                <div class=\"text-modules\">\r\n                    <div class=\"container\">\r\n                        <h3 class=\"page-title text__title\">IV edycja plebiscytu \u201eAbsolwent z Pasj\u0105\u201d<\/h3>\r\n                        <div class=\"text-modules__content\"><p><a href=\"http:\/\/absolwent.us.edu.pl\/gabriela-bazan-absolwentka-z-pasja-marca-2016-roku\" target=\"_blank\" rel=\"noopener noreferrer\"><img class=\"\" src=\"http:\/\/absolwent.us.edu.pl\/sites\/absolwent.us.edu.pl\/files\/imce\/g_bazan.png\" alt=\"Gabriela Bazan - Absolwentka z Pasj\u0105 Marca 2016\" width=\"350\" height=\"350\" \/><\/a><\/p>\n<p><a href=\"http:\/\/php71.nfinity-beta.pl\/us\/plebiscyt-absolwent-z-pasja-anna-bagniewska-absolwentka-stycznia-2016\/\"><img class=\"\" src=\"http:\/\/absolwent.us.edu.pl\/sites\/absolwent.us.edu.pl\/files\/imce\/a_bagniewska.jpg\" alt=\"Anna Bagniewska Absolwentka Stycznia 2016\" width=\"300\" height=\"300\" \/><\/a><a href=\"http:\/\/php71.nfinity-beta.pl\/us\/plebiscyt-absolwent-z-pasja-lucyna-smykowska-karas-absolwentka-lutego-2016\/\" target=\"_blank\" rel=\"noopener noreferrer\"><img class=\"\" src=\"http:\/\/absolwent.us.edu.pl\/sites\/absolwent.us.edu.pl\/files\/imce\/l-karas.jpg\" alt=\"Lucyna Smykowska-Kara\u015b Absolwentka Lutego 2016\" width=\"300\" height=\"300\" \/><\/a><a href=\"http:\/\/php71.nfinity-beta.pl\/us\/plebiscyt-absolwent-z-pasja-aleksandra-jandula-jendrzok-absolwentka-kwietnia-2016\/\" target=\"_blank\" rel=\"noopener noreferrer\"><img class=\"\" src=\"http:\/\/absolwent.us.edu.pl\/sites\/absolwent.us.edu.pl\/files\/imce\/a_jandula.png\" alt=\"Zdj\u0119cie Alekdandry Jandu\u0142y-Jendrzok Absolwentki kwietnia 2016\" width=\"300\" height=\"300\" \/><\/a><a href=\"http:\/\/php71.nfinity-beta.pl\/us\/plebiscyt-absolwent-z-pasja-barbara-rosiek-absolwentka-maja-2016\/\" target=\"_blank\" rel=\"noopener noreferrer\"><img class=\"\" src=\"http:\/\/absolwent.us.edu.pl\/sites\/absolwent.us.edu.pl\/files\/imce\/b_rosiek.png\" alt=\"Barbara Rosiek Absolwentka maja 2016\" width=\"300\" height=\"300\" \/><\/a><a href=\"http:\/\/php71.nfinity-beta.pl\/us\/plebiscyt-absolwent-z-pasja-maciej-stanek-absolwentem-czerwca-2016\/\" target=\"_blank\" rel=\"noopener noreferrer\"><img class=\"\" src=\"http:\/\/absolwent.us.edu.pl\/sites\/absolwent.us.edu.pl\/files\/imce\/m_stanek_0.png\" alt=\"Maciej Stanek \u201eAbsolwentem z Pasj\u0105 Czerwca 2016 roku\u201d\" width=\"300\" height=\"300\" \/><\/a><a href=\"http:\/\/php71.nfinity-beta.pl\/us\/plebiscyt-absolwent-z-pasja-patrycja-mucha-absolwentka-lipca-2016\/\" target=\"_blank\" rel=\"noopener noreferrer\"><img class=\"\" src=\"http:\/\/absolwent.us.edu.pl\/sites\/absolwent.us.edu.pl\/files\/imce\/p_mucha.png\" alt=\"Patrycja Mucha Absolwentka lipca 2016\" width=\"300\" height=\"300\" \/><\/a><a href=\"http:\/\/php71.nfinity-beta.pl\/us\/plebiscyt-absolwent-z-pasja-radoslaw-matysek-absolwentem-sierpnia-2016\/\"><img class=\"\" src=\"http:\/\/absolwent.us.edu.pl\/sites\/absolwent.us.edu.pl\/files\/imce\/r_matysek.png\" alt=\"Rados\u0142aw Matysek\" width=\"300\" height=\"300\" \/><\/a><\/p>\n<p><strong><a href=\"http:\/\/php71.nfinity-beta.pl\/us\/absolwent\/plebiscyt-absolwent-z-pasja\/\">Szczeg\u00f3\u0142owe informacje o plebiscycie<\/a><\/strong><\/p>\n<p><strong><a href=\"http:\/\/php71.nfinity-beta.pl\/us\/event\/laureaci-czwartej-edycji-plebiscytu-absolwent-z-pasja-oraz-absolwent-honorowy-us\/\" target=\"_blank\" rel=\"noopener noreferrer\">Laureaci czwartej edycji plebiscytu<\/a><\/strong><\/p>\n<p><strong><a href=\"http:\/\/php71.nfinity-beta.pl\/us\/multimedia\/wreczenie-dyplomow-najlepszym-absolwentom-oraz-nagrody-w-plebiscycie-absolwent-z-pasja\/\" target=\"_blank\" rel=\"noopener noreferrer\">Zobacz galeri\u0119 zdj\u0119\u0107 z uroczysto\u015bci<\/a><\/strong><\/p>\n<\/div>\r\n                    <\/div>\r\n                <\/div>[\/vc_column][\/vc_row]<\/p>","protected":false},"excerpt":{"rendered":"<p>[vc_row][vc_column][\/vc_column][\/vc_row] [&#8230;]<\/p>\n<p><a class=\"btn btn-secondary understrap-read-more-link\" href=\"https:\/\/us.edu.pl\/absolwent\/plebiscyt\/poprzednie-edycje\/iv-edycja-plebiscytu-absolwent-z-pasja\/\">Read More&#8230;<\/a><\/p>\n","protected":false},"author":1,"featured_media":0,"parent":285,"menu_order":0,"comment_status":"closed","ping_status":"closed","template":"page-templates\/inner-page.php","meta":{"_expiration-date-status":"","_expiration-date":0,"_expiration-date-type":"","_expiration-date-categories":[],"_expiration-date-options":[]},"acf":[],"_links":{"self":[{"href":"https:\/\/us.edu.pl\/absolwent\/wp-json\/wp\/v2\/pages\/200"}],"collection":[{"href":"https:\/\/us.edu.pl\/absolwent\/wp-json\/wp\/v2\/pages"}],"about":[{"href":"https:\/\/us.edu.pl\/absolwent\/wp-json\/wp\/v2\/types\/page"}],"author":[{"embeddable":true,"href":"https:\/\/us.edu.pl\/absolwent\/wp-json\/wp\/v2\/users\/1"}],"replies":[{"embeddable":true,"href":"https:\/\/us.edu.pl\/absolwent\/wp-json\/wp\/v2\/comments?post=200"}],"version-history":[{"count":1,"href":"https:\/\/us.edu.pl\/absolwent\/wp-json\/wp\/v2\/pages\/200\/revisions"}],"predecessor-version":[{"id":201,"href":"https:\/\/us.edu.pl\/absolwent\/wp-json\/wp\/v2\/pages\/200\/revisions\/201"}],"up":[{"embeddable":true,"href":"https:\/\/us.edu.pl\/absolwent\/wp-json\/wp\/v2\/pages\/285"}],"wp:attachment":[{"href":"https:\/\/us.edu.pl\/absolwent\/wp-json\/wp\/v2\/media?parent=200"}],"curies":[{"name":"wp","href":"https:\/\/api.w.org\/{rel}","templated":true}]}}