{"id":203,"date":"2019-09-24T10:37:12","date_gmt":"2019-09-24T08:37:12","guid":{"rendered":"http:\/\/php71.nfinity-beta.pl\/us\/absolwent\/?page_id=203"},"modified":"2019-10-23T13:40:34","modified_gmt":"2019-10-23T11:40:34","slug":"v-edycja-plebiscytu-absolwent-z-pasja","status":"publish","type":"page","link":"https:\/\/us.edu.pl\/absolwent\/plebiscyt\/poprzednie-edycje\/v-edycja-plebiscytu-absolwent-z-pasja\/","title":{"rendered":"V edycja plebiscytu \u201eAbsolwent z Pasj\u0105\u201d"},"content":{"rendered":"<p>[vc_row][vc_column]\r\n                <div class=\"text-modules\">\r\n                    <div class=\"container\">\r\n                        <h3 class=\"page-title text__title\">V edycja plebiscytu \u201eAbsolwent z Pasj\u0105\u201d<\/h3>\r\n                        <div class=\"text-modules__content\"><\/div>\r\n                    <\/div>\r\n                <\/div>\r\n\r\n            <div class=\"blocks\" style=\"text-align: center\">\r\n               <div class=\"container\">\r\n                  \r\n                  <div class=\"row m-0 blocks_3\">\r\n                  \r\n                     <a href=\"http:\/\/absolwent.us.edu.pl\/ewelina-bachul\" class=\"thumbnail blocks__item\" style=\"background-image: url(https:\/\/us.edu.pl\/absolwent\/wp-content\/uploads\/sites\/10\/absolwent-z-pasj\u0105\/V-edycja\/ewa_bachul.jpg)\">\r\n                        <span>wi\u0119cej<\/span>\r\n                        <div class=\"blocks__bottom\">\r\n                        <div class=\"blocks__title\">Ewa Bachul<\/div>\r\n                        <div class=\"blocks__subtitle\">Absolwentka z Pasj\u0105 2017<\/div>\r\n                        <\/div>\r\n                     <\/a>\r\n                  \r\n                     <a href=\"http:\/\/absolwent.us.edu.pl\/marta-barcik\" class=\"thumbnail blocks__item\" style=\"background-image: url(https:\/\/us.edu.pl\/absolwent\/wp-content\/uploads\/sites\/10\/absolwent-z-pasj\u0105\/V-edycja\/marta_barcik.jpg)\">\r\n                        <span>wi\u0119cej<\/span>\r\n                        <div class=\"blocks__bottom\">\r\n                        <div class=\"blocks__title\">Marta Barcik<\/div>\r\n                        <div class=\"blocks__subtitle\">Absolwent z Pasj\u0105 2017<\/div>\r\n                        <\/div>\r\n                     <\/a>\r\n                  \r\n                     <a href=\"http:\/\/absolwent.us.edu.pl\/agnieszka-chudzik\" class=\"thumbnail blocks__item\" style=\"background-image: url(https:\/\/us.edu.pl\/absolwent\/wp-content\/uploads\/sites\/10\/absolwent-z-pasj\u0105\/V-edycja\/agnieszka_chudzik.jpg)\">\r\n                        <span>wi\u0119cej<\/span>\r\n                        <div class=\"blocks__bottom\">\r\n                        <div class=\"blocks__title\">Agnieszka Chudzik<\/div>\r\n                        <div class=\"blocks__subtitle\">Absolwent z Pasj\u0105 2017<\/div>\r\n                        <\/div>\r\n                     <\/a>\r\n                  \r\n                     <a href=\"http:\/\/absolwent.us.edu.pl\/miroslaw-cichy\" class=\"thumbnail blocks__item\" style=\"background-image: url(https:\/\/us.edu.pl\/absolwent\/wp-content\/uploads\/sites\/10\/absolwent-z-pasj\u0105\/V-edycja\/miroslaw_cichy.jpg)\">\r\n                        <span>wi\u0119cej<\/span>\r\n                        <div class=\"blocks__bottom\">\r\n                        <div class=\"blocks__title\">Miros\u0142aw Cichy<\/div>\r\n                        <div class=\"blocks__subtitle\">Absolwent z Pasj\u0105 2017<\/div>\r\n                        <\/div>\r\n                     <\/a>\r\n                  \r\n                     <a href=\"http:\/\/absolwent.us.edu.pl\/lukasz-drazek\" class=\"thumbnail blocks__item\" style=\"background-image: url(https:\/\/us.edu.pl\/absolwent\/wp-content\/uploads\/sites\/10\/absolwent-z-pasj\u0105\/V-edycja\/lukasz_drazek.jpg)\">\r\n                        <span>wi\u0119cej<\/span>\r\n                        <div class=\"blocks__bottom\">\r\n                        <div class=\"blocks__title\">\u0141ukasz Dr\u0105\u017cek<\/div>\r\n                        <div class=\"blocks__subtitle\">Absolwent z Pasj\u0105 2017<\/div>\r\n                        <\/div>\r\n                     <\/a>\r\n                  \r\n                     <a href=\"http:\/\/absolwent.us.edu.pl\/martyna-gwozdz\" class=\"thumbnail blocks__item\" style=\"background-image: url(https:\/\/us.edu.pl\/absolwent\/wp-content\/uploads\/sites\/10\/absolwent-z-pasj\u0105\/V-edycja\/martyna_gwozdz.jpg)\">\r\n                        <span>wi\u0119cej<\/span>\r\n                        <div class=\"blocks__bottom\">\r\n                        <div class=\"blocks__title\">Martyna Gw\u00f3\u017ad\u017a<\/div>\r\n                        <div class=\"blocks__subtitle\">Absolwentka z Pasj\u0105 2017<\/div>\r\n                        <\/div>\r\n                     <\/a>\r\n                  \r\n                     <a href=\"http:\/\/absolwent.us.edu.pl\/slawomir-kaczor\" class=\"thumbnail blocks__item\" style=\"background-image: url(https:\/\/us.edu.pl\/absolwent\/wp-content\/uploads\/sites\/10\/absolwent-z-pasj\u0105\/V-edycja\/zd22.jpg)\">\r\n                        <span>wi\u0119cej<\/span>\r\n                        <div class=\"blocks__bottom\">\r\n                        <div class=\"blocks__title\">S\u0142awomir Kaczor<\/div>\r\n                        <div class=\"blocks__subtitle\">Absolwent z Pasj\u0105 2017<\/div>\r\n                        <\/div>\r\n                     <\/a>\r\n                  \r\n                     <a href=\"http:\/\/absolwent.us.edu.pl\/martyna-kawka\" class=\"thumbnail blocks__item\" style=\"background-image: url(https:\/\/us.edu.pl\/absolwent\/wp-content\/uploads\/sites\/10\/absolwent-z-pasj\u0105\/V-edycja\/martyna_kawka_0.jpg)\">\r\n                        <span>wi\u0119cej<\/span>\r\n                        <div class=\"blocks__bottom\">\r\n                        <div class=\"blocks__title\">Martyna Kawka<\/div>\r\n                        <div class=\"blocks__subtitle\">Absolwentka z Pasj\u0105 2017<\/div>\r\n                        <\/div>\r\n                     <\/a>\r\n                  \r\n                     <a href=\"http:\/\/absolwent.us.edu.pl\/agata-kolodziejczyk\" class=\"thumbnail blocks__item\" style=\"background-image: url(https:\/\/us.edu.pl\/absolwent\/wp-content\/uploads\/sites\/10\/absolwent-z-pasj\u0105\/V-edycja\/zd24.jpg)\">\r\n                        <span>wi\u0119cej<\/span>\r\n                        <div class=\"blocks__bottom\">\r\n                        <div class=\"blocks__title\">Agata Ko\u0142odziejczyk<\/div>\r\n                        <div class=\"blocks__subtitle\">Absolwentka z Pasj\u0105 2017<\/div>\r\n                        <\/div>\r\n                     <\/a>\r\n                  \r\n                     <a href=\"http:\/\/absolwent.us.edu.pl\/monika-kosinska\" class=\"thumbnail blocks__item\" style=\"background-image: url(https:\/\/us.edu.pl\/absolwent\/wp-content\/uploads\/sites\/10\/absolwent-z-pasj\u0105\/V-edycja\/monika_kosinska.jpg)\">\r\n                        <span>wi\u0119cej<\/span>\r\n                        <div class=\"blocks__bottom\">\r\n                        <div class=\"blocks__title\">Monika Kosi\u0144ska<\/div>\r\n                        <div class=\"blocks__subtitle\">Absolwentka z Pasj\u0105 2017<\/div>\r\n                        <\/div>\r\n                     <\/a>\r\n                  \r\n                     <a href=\"http:\/\/absolwent.us.edu.pl\/marcelina-kruz\" class=\"thumbnail blocks__item\" style=\"background-image: url(https:\/\/us.edu.pl\/absolwent\/wp-content\/uploads\/sites\/10\/absolwent-z-pasj\u0105\/V-edycja\/marcelina_kruz.jpg)\">\r\n                        <span>wi\u0119cej<\/span>\r\n                        <div class=\"blocks__bottom\">\r\n                        <div class=\"blocks__title\">Marcelina Kru\u017c<\/div>\r\n                        <div class=\"blocks__subtitle\">Absolwentka z Pasj\u0105 2017<\/div>\r\n                        <\/div>\r\n                     <\/a>\r\n                  \r\n                     <a href=\"http:\/\/absolwent.us.edu.pl\/michal-kurka-0\" class=\"thumbnail blocks__item\" style=\"background-image: url(https:\/\/us.edu.pl\/absolwent\/wp-content\/uploads\/sites\/10\/absolwent-z-pasj\u0105\/V-edycja\/michal_kurka_1.jpg)\">\r\n                        <span>wi\u0119cej<\/span>\r\n                        <div class=\"blocks__bottom\">\r\n                        <div class=\"blocks__title\">Micha\u0142 Kurka<\/div>\r\n                        <div class=\"blocks__subtitle\">Absolwent z Pasj\u0105 2017<\/div>\r\n                        <\/div>\r\n                     <\/a>\r\n                  \r\n                     <a href=\"http:\/\/absolwent.us.edu.pl\/aleksandra-kwiatkowska\" class=\"thumbnail blocks__item\" style=\"background-image: url(https:\/\/us.edu.pl\/absolwent\/wp-content\/uploads\/sites\/10\/absolwent-z-pasj\u0105\/V-edycja\/zd054.jpg)\">\r\n                        <span>wi\u0119cej<\/span>\r\n                        <div class=\"blocks__bottom\">\r\n                        <div class=\"blocks__title\">Aleksandra Kwiatkowska<\/div>\r\n                        <div class=\"blocks__subtitle\">Absolwentka z Pasj\u0105 2017<\/div>\r\n                        <\/div>\r\n                     <\/a>\r\n                  \r\n                     <a href=\"http:\/\/absolwent.us.edu.pl\/monika-maciaszek\" class=\"thumbnail blocks__item\" style=\"background-image: url(https:\/\/us.edu.pl\/absolwent\/wp-content\/uploads\/sites\/10\/absolwent-z-pasj\u0105\/V-edycja\/zd056.jpg)\">\r\n                        <span>wi\u0119cej<\/span>\r\n                        <div class=\"blocks__bottom\">\r\n                        <div class=\"blocks__title\">Monika Maciaszek<\/div>\r\n                        <div class=\"blocks__subtitle\">Absolwentka z Pasj\u0105 2017<\/div>\r\n                        <\/div>\r\n                     <\/a>\r\n                  \r\n                     <a href=\"http:\/\/absolwent.us.edu.pl\/alicja-mainusch\" class=\"thumbnail blocks__item\" style=\"background-image: url(https:\/\/us.edu.pl\/absolwent\/wp-content\/uploads\/sites\/10\/absolwent-z-pasj\u0105\/V-edycja\/alicja_mainusch.jpg)\">\r\n                        <span>wi\u0119cej<\/span>\r\n                        <div class=\"blocks__bottom\">\r\n                        <div class=\"blocks__title\">Alicja Mainusch<\/div>\r\n                        <div class=\"blocks__subtitle\">Absolwentka z Pasj\u0105 2017<\/div>\r\n                        <\/div>\r\n                     <\/a>\r\n                  \r\n                     <a href=\"http:\/\/absolwent.us.edu.pl\/aneta-mlas\" class=\"thumbnail blocks__item\" style=\"background-image: url(https:\/\/us.edu.pl\/absolwent\/wp-content\/uploads\/sites\/10\/absolwent-z-pasj\u0105\/V-edycja\/aneta_mlas.jpg)\">\r\n                        <span>wi\u0119cej<\/span>\r\n                        <div class=\"blocks__bottom\">\r\n                        <div class=\"blocks__title\">Aneta Mla\u015b<\/div>\r\n                        <div class=\"blocks__subtitle\">Absolwentka z Pasj\u0105 2017<\/div>\r\n                        <\/div>\r\n                     <\/a>\r\n                  \r\n                     <a href=\"http:\/\/absolwent.us.edu.pl\/anna-retoruk-sowa\" class=\"thumbnail blocks__item\" style=\"background-image: url(https:\/\/us.edu.pl\/absolwent\/wp-content\/uploads\/sites\/10\/absolwent-z-pasj\u0105\/V-edycja\/zd041.jpg)\">\r\n                        <span>wi\u0119cej<\/span>\r\n                        <div class=\"blocks__bottom\">\r\n                        <div class=\"blocks__title\">Anna Retoruk-Sowa<\/div>\r\n                        <div class=\"blocks__subtitle\">Absolwentka z Pasj\u0105 2017<\/div>\r\n                        <\/div>\r\n                     <\/a>\r\n                  \r\n                     <a href=\"http:\/\/absolwent.us.edu.pl\/jakub-saniternik\" class=\"thumbnail blocks__item\" style=\"background-image: url(https:\/\/us.edu.pl\/absolwent\/wp-content\/uploads\/sites\/10\/absolwent-z-pasj\u0105\/V-edycja\/zd60.jpg)\">\r\n                        <span>wi\u0119cej<\/span>\r\n                        <div class=\"blocks__bottom\">\r\n                        <div class=\"blocks__title\">Jakub Saniternik<\/div>\r\n                        <div class=\"blocks__subtitle\">Absolwent z Pasj\u0105 2017<\/div>\r\n                        <\/div>\r\n                     <\/a>\r\n                  \r\n                     <a href=\"http:\/\/absolwent.us.edu.pl\/michal-siminski\" class=\"thumbnail blocks__item\" style=\"background-image: url(https:\/\/us.edu.pl\/absolwent\/wp-content\/uploads\/sites\/10\/absolwent-z-pasj\u0105\/V-edycja\/zd032.jpg)\">\r\n                        <span>wi\u0119cej<\/span>\r\n                        <div class=\"blocks__bottom\">\r\n                        <div class=\"blocks__title\">Micha\u0142 Simi\u0144ski<\/div>\r\n                        <div class=\"blocks__subtitle\">Absolwent z Pasj\u0105 2017<\/div>\r\n                        <\/div>\r\n                     <\/a>\r\n                  \r\n                     <a href=\"absolwent.us.edu.pl\/agata-stronciwilk\" class=\"thumbnail blocks__item\" style=\"background-image: url(https:\/\/us.edu.pl\/absolwent\/wp-content\/uploads\/sites\/10\/absolwent-z-pasj\u0105\/V-edycja\/agata_stronciwilk_0.jpg)\">\r\n                        <span>wi\u0119cej<\/span>\r\n                        <div class=\"blocks__bottom\">\r\n                        <div class=\"blocks__title\">Agata Stronciwilk<\/div>\r\n                        <div class=\"blocks__subtitle\">Absolwentka z Pasj\u0105 2017<\/div>\r\n                        <\/div>\r\n                     <\/a>\r\n                  \r\n                     <a href=\"http:\/\/absolwent.us.edu.pl\/lukasz-tudzierz\" class=\"thumbnail blocks__item\" style=\"background-image: url(https:\/\/us.edu.pl\/absolwent\/wp-content\/uploads\/sites\/10\/absolwent-z-pasj\u0105\/V-edycja\/zd20_2.jpg)\">\r\n                        <span>wi\u0119cej<\/span>\r\n                        <div class=\"blocks__bottom\">\r\n                        <div class=\"blocks__title\">\u0141ukasz Tudzierz<\/div>\r\n                        <div class=\"blocks__subtitle\">Absolwent z Pasj\u0105 2017<\/div>\r\n                        <\/div>\r\n                     <\/a>\r\n                  \r\n                     <a href=\"http:\/\/absolwent.us.edu.pl\/rafal-warchulski\" class=\"thumbnail blocks__item\" style=\"background-image: url(https:\/\/us.edu.pl\/absolwent\/wp-content\/uploads\/sites\/10\/absolwent-z-pasj\u0105\/V-edycja\/rafal_warchulski_1.jpg)\">\r\n                        <span>wi\u0119cej<\/span>\r\n                        <div class=\"blocks__bottom\">\r\n                        <div class=\"blocks__title\">Rafa\u0142 Warchulski<\/div>\r\n                        <div class=\"blocks__subtitle\">Absolwent z Pasj\u0105 2017<\/div>\r\n                        <\/div>\r\n                     <\/a>\r\n                  \r\n                     <a href=\"http:\/\/absolwent.us.edu.pl\/dorian-zakrzewski\" class=\"thumbnail blocks__item\" style=\"background-image: url(https:\/\/us.edu.pl\/absolwent\/wp-content\/uploads\/sites\/10\/absolwent-z-pasj\u0105\/V-edycja\/zd003.jpg)\">\r\n                        <span>wi\u0119cej<\/span>\r\n                        <div class=\"blocks__bottom\">\r\n                        <div class=\"blocks__title\">Dorian Zakrzewski<\/div>\r\n                        <div class=\"blocks__subtitle\">Absolwent z Pasj\u0105 2017<\/div>\r\n                        <\/div>\r\n                     <\/a>\r\n                  \r\n                     <a href=\"http:\/\/absolwent.us.edu.pl\/krzysztof-zebrucki\" class=\"thumbnail blocks__item\" style=\"background-image: url(https:\/\/us.edu.pl\/absolwent\/wp-content\/uploads\/sites\/10\/absolwent-z-pasj\u0105\/V-edycja\/krzysztof_zebrucki.jpg)\">\r\n                        <span>wi\u0119cej<\/span>\r\n                        <div class=\"blocks__bottom\">\r\n                        <div class=\"blocks__title\">Krzysztof Zebrucki<\/div>\r\n                        <div class=\"blocks__subtitle\">Absolwent z Pasj\u0105 2017<\/div>\r\n                        <\/div>\r\n                     <\/a>\r\n                  \r\n                     <a href=\"http:\/\/absolwent.us.edu.pl\/marta-zdanowska\" class=\"thumbnail blocks__item\" style=\"background-image: url(https:\/\/us.edu.pl\/absolwent\/wp-content\/uploads\/sites\/10\/absolwent-z-pasj\u0105\/V-edycja\/marta_zdanowska.jpg)\">\r\n                        <span>wi\u0119cej<\/span>\r\n                        <div class=\"blocks__bottom\">\r\n                        <div class=\"blocks__title\">Marta Zdanowska<\/div>\r\n                        <div class=\"blocks__subtitle\">Absolwentka z Pasj\u0105 2017<\/div>\r\n                        <\/div>\r\n                     <\/a>\r\n                  \r\n                     <a href=\"http:\/\/absolwent.us.edu.pl\/jakub-zemla\" class=\"thumbnail blocks__item\" style=\"background-image: url(https:\/\/us.edu.pl\/absolwent\/wp-content\/uploads\/sites\/10\/absolwent-z-pasj\u0105\/V-edycja\/jakub_zemla_0.jpg)\">\r\n                        <span>wi\u0119cej<\/span>\r\n                        <div class=\"blocks__bottom\">\r\n                        <div class=\"blocks__title\">Jakub \u017bem\u0142a<\/div>\r\n                        <div class=\"blocks__subtitle\">Absolwent z Pasj\u0105 2017<\/div>\r\n                        <\/div>\r\n                     <\/a><\/div>     \r\n               <\/div>\r\n            <\/div>\r\n                <div class=\"text-modules\">\r\n                    <div class=\"container\">\r\n                        \r\n                        <div class=\"text-modules__content\"><p><a href=\"http:\/\/absolwent.us.edu.pl\/v-edycja-plebiscytu-absolwent-z-pasja-1\"><strong>V edycja plebiscytu \u201eAbsolwent z Pasj\u0105\u201d<\/strong><\/a><\/p>\n<p><strong><a href=\"http:\/\/php71.nfinity-beta.pl\/us\/multimedia\/wreczenie-dyplomow-najlepszym-absolwentom\/\">Zobacz galeri\u0119 zdj\u0119\u0107 z uroczysto\u015bci<\/a><\/strong><\/p>\n<\/div>\r\n                    <\/div>\r\n                <\/div>[\/vc_column][\/vc_row]<\/p>","protected":false},"excerpt":{"rendered":"<p>[vc_row][vc_column][\/vc_column][\/vc_row] [&#8230;]<\/p>\n<p><a class=\"btn btn-secondary understrap-read-more-link\" href=\"https:\/\/us.edu.pl\/absolwent\/plebiscyt\/poprzednie-edycje\/v-edycja-plebiscytu-absolwent-z-pasja\/\">Read More&#8230;<\/a><\/p>\n","protected":false},"author":1,"featured_media":0,"parent":285,"menu_order":0,"comment_status":"closed","ping_status":"closed","template":"page-templates\/inner-page.php","meta":{"_expiration-date-status":"","_expiration-date":0,"_expiration-date-type":"","_expiration-date-categories":[],"_expiration-date-options":[]},"acf":[],"_links":{"self":[{"href":"https:\/\/us.edu.pl\/absolwent\/wp-json\/wp\/v2\/pages\/203"}],"collection":[{"href":"https:\/\/us.edu.pl\/absolwent\/wp-json\/wp\/v2\/pages"}],"about":[{"href":"https:\/\/us.edu.pl\/absolwent\/wp-json\/wp\/v2\/types\/page"}],"author":[{"embeddable":true,"href":"https:\/\/us.edu.pl\/absolwent\/wp-json\/wp\/v2\/users\/1"}],"replies":[{"embeddable":true,"href":"https:\/\/us.edu.pl\/absolwent\/wp-json\/wp\/v2\/comments?post=203"}],"version-history":[{"count":5,"href":"https:\/\/us.edu.pl\/absolwent\/wp-json\/wp\/v2\/pages\/203\/revisions"}],"predecessor-version":[{"id":872,"href":"https:\/\/us.edu.pl\/absolwent\/wp-json\/wp\/v2\/pages\/203\/revisions\/872"}],"up":[{"embeddable":true,"href":"https:\/\/us.edu.pl\/absolwent\/wp-json\/wp\/v2\/pages\/285"}],"wp:attachment":[{"href":"https:\/\/us.edu.pl\/absolwent\/wp-json\/wp\/v2\/media?parent=203"}],"curies":[{"name":"wp","href":"https:\/\/api.w.org\/{rel}","templated":true}]}}