{"id":2055,"date":"2021-07-16T16:50:11","date_gmt":"2021-07-16T14:50:11","guid":{"rendered":"https:\/\/us.edu.pl\/absolwent\/?page_id=2055"},"modified":"2021-07-26T14:24:08","modified_gmt":"2021-07-26T12:24:08","slug":"najlepsi-absolwenci","status":"publish","type":"page","link":"https:\/\/us.edu.pl\/absolwent\/en\/najlepsi-absolwenci\/","title":{"rendered":"Connect U\u015a"},"content":{"rendered":"<p>[vc_row][vc_column css=&#8221;.vc_custom_1621339484304{margin-top: 0px !important;border-top-width: 0px !important;padding-top: 0px !important;}&#8221;]\n            <div data-autotime=\"5\" class=\"slider  color_white bg_\" >\n                  <div class=\"slide slide_css\">\n                     <div class=\"slide__content_container container\">\n                        <div class=\"slide__content\">\n                           <a href=\"https:\/\/forms.office.com\/r\/Z3BqQ2g4nP\" class=\"slide__link\">\n                              <div class=\"slide__title\">Best Alumni 2021<\/div>\n                              <div class=\"slide__text\">Apply until: 12 September<\/div>\n                           <\/a>\n                        <\/div>\n                     <\/div>\n                     <a href=\"https:\/\/forms.office.com\/r\/Z3BqQ2g4nP\" class=\"slide__img thumbnail\"\n                           style=\"background-image: url('https:\/\/us.edu.pl\/absolwent\/wp-content\/uploads\/sites\/10\/Nieprzypisane\/slider-ang-1-1095x575.png')\">\n                           <span class=\"d-none\">Best Alumni 2021 Apply until: 12 September<\/span>\n                     <\/a>\n                  <\/div>\n                  <div class=\"slide slide_css\">\n                     <div class=\"slide__content_container container\">\n                        <div class=\"slide__content\">\n                           <a href=\"https:\/\/us.edu.pl\/en\/najlepsi-absolwenci-uniwersytetu-slaskiego-2020\/\" class=\"slide__link\">\n                              <div class=\"slide__title\">Best Alumni 2020<\/div>\n                              <div class=\"slide__text\">Check Best Alumni 2020<\/div>\n                           <\/a>\n                        <\/div>\n                     <\/div>\n                     <a href=\"https:\/\/us.edu.pl\/en\/najlepsi-absolwenci-uniwersytetu-slaskiego-2020\/\" class=\"slide__img thumbnail\"\n                           style=\"background-image: url('https:\/\/us.edu.pl\/absolwent\/wp-content\/uploads\/sites\/10\/Editor\/obrazek-wyr\u00f3\u017cniaj\u0105cy\/obrazek_wyrozniajacy-800x575.png')\">\n                           <span class=\"d-none\">Best Alumni 2020 Check Best Alumni 2020<\/span>\n                     <\/a>\n                  <\/div>\n                <div class=\"slider__controls\">\n                    <div class=\"slider__dots\"><\/div>\n                    <div class=\"slider__actions\">\n                        <a href=\"#\" class=\"arrow\" data-direction=\"prev\" title=\"poprzedni slajd\">\n                            <em class=\"ci ci-arrow-left\"><\/em>\n                            <span class=\"d-none\">control<\/span>\n                        <\/a>\n            \n                        <a href=\"#\" class=\"start-pause\" data-action=\"stop\" title=\"wstrzymaj poruszanie si\u0119 slajd\u00f3w\">\n                            <em class=\"ci ci-pause\"><\/em>\n                            <span class=\"d-none\">control<\/span>\n                        <\/a>\n            \n                       \n                        <a href=\"#\" class=\"arrow\" data-direction=\"next\"  title=\"Kolejny slajd\" >\n                            <em class=\"ci ci-arrow-right\"><\/em>\n                            <span class=\"d-none\">control<\/span>\n                        <\/a>\n                    <\/div>\n                <\/div>\n            <\/div>[vc_separator color=&#8221;white&#8221;][\/vc_column][\/vc_row][vc_row gap=&#8221;2&#8243; content_placement=&#8221;middle&#8221; el_class=&#8221;container&#8221;][vc_column width=&#8221;1\/2&#8243;]\r\n                <div class=\"text-modules\">\r\n                    <div class=\"container\">\r\n                        <h3 class=\"page-title text__title\">Best Alumni Programme<\/h3>\r\n                        <div class=\"text-modules__content\"><p><span style=\"font-size: 12pt;\">The \u201cBest Alumni\u201d programme is directed towards those who demonstrated outstanding scientific, sporting, and artistic achievements during their studies and were involved in the activities undertaken for the benefit of the University of Silesia.<\/span><\/p>\n<p><span style=\"font-size: 12pt;\">Therefore, we invite students to apply:<\/span><\/p>\n<p><span style=\"font-size: 12pt;\">Students of:<\/span><\/p>\n<ul>\n<li><span style=\"font-size: 12pt;\">1st, 2nd, 3rd cycle studies,<\/span><\/li>\n<\/ul>\n<p><span style=\"font-size: 12pt;\">Students of the Open University:<\/span><\/p>\n<ul>\n<li><span style=\"font-size: 12pt;\">Academy of Diplomacy<\/span><\/li>\n<li><span style=\"font-size: 12pt;\">MBA<\/span><\/li>\n<li><span style=\"font-size: 12pt;\">Postgraduate studies<\/span><\/li>\n<li><span style=\"font-size: 12pt;\">Children\u2019s University of Silesia<\/span><\/li>\n<li><span style=\"font-size: 12pt;\">Teenagers\u2019 University of Silesia<\/span><\/li>\n<li><span style=\"font-size: 12pt;\">University of the Third Age<\/span><\/li>\n<\/ul>\n<p><span style=\"font-size: 12pt;\">Students of the School of Polish Language and Culture:<\/span><\/p>\n<ul>\n<li><span style=\"font-size: 12pt;\">Polish language course for foreigners planning to study in the Polish language<\/span><\/li>\n<\/ul>\n<p>\n<\/div>\r\n                    <\/div>\r\n                <\/div>[\/vc_column][vc_column width=&#8221;1\/2&#8243;][vc_single_image image=&#8221;2065&#8243; img_size=&#8221;full&#8221; alignment=&#8221;center&#8221;][\/vc_column][\/vc_row][vc_row][vc_column]\r\n                <div class=\"text-modules\">\r\n                    <div class=\"container\">\r\n                        \r\n                        <div class=\"text-modules__content\"><p><span style=\"font-size: 12pt;\">Those wishing to apply can do so on their own via the online application form. Special, personalised questionnaires have been created, taking into account the specific character of each faculty and unit.<\/span><\/p>\n<p><span style=\"font-size: 12pt;\">After the winners are selected by faculties and units, an Award Ceremony will be held, during which the graduates will receive congratulatory letters and gifts. During the ceremony there will also be a knowledge quiz about the University of Silesia, designed for graduates of 1st, 2nd, 3rd cycle studies. There will be a special prize for the winner.<\/span><\/p>\n<p><span style=\"font-size: 12pt;\">If you would like to participate, please fill in the online questionnaire, available at:<\/span><\/p>\n<ul>\n<li><span style=\"font-size: 12pt;\"><a href=\"https:\/\/forms.office.com\/r\/UHeHv0hegP\">https:\/\/forms.office.com\/r\/UHeHv0hegP<\/a> in Polish<\/span><\/li>\n<li><span style=\"font-size: 12pt;\"><a href=\"https:\/\/forms.office.com\/r\/Z3BqQ2g4nP\">https:\/\/forms.office.com\/r\/Z3BqQ2g4nP<\/a>\u00a0in English<\/span><\/li>\n<\/ul>\n<p><span style=\"font-size: 12pt;\"><strong>The deadline for submitting applications is 12 September 2021.<\/strong><\/span><\/p>\n<\/div>\r\n                    <\/div>\r\n                <\/div>[\/vc_column][\/vc_row][vc_row][vc_column][\/vc_column][\/vc_row]<\/p>","protected":false},"excerpt":{"rendered":"<p>[vc_row][vc_column css=&#8221;.vc_custom_1621339484304{margin-top: 0px !important;border-top-width: 0px !important;padding-top: 0px !important;}&#8221;][vc_separator color=&#8221;white&#8221;][\/vc_column][\/vc_row][vc_row gap=&#8221;2&#8243; content_placement=&#8221;middle&#8221; el_class=&#8221;container&#8221;][vc_column width=&#8221;1\/2&#8243;][\/vc_column][vc_column width=&#8221;1\/2&#8243;][vc_single_image image=&#8221;2065&#8243; img_size=&#8221;full&#8221; alignment=&#8221;center&#8221;][\/vc_column][\/vc_row][vc_row][vc_column][\/vc_column][\/vc_row][vc_row][vc_column][\/vc_column][\/vc_row] [&#8230;]<\/p>\n<p><a class=\"btn btn-secondary understrap-read-more-link\" href=\"https:\/\/us.edu.pl\/absolwent\/en\/najlepsi-absolwenci\/\">Read More&#8230;<\/a><\/p>\n","protected":false},"author":2907,"featured_media":0,"parent":0,"menu_order":0,"comment_status":"closed","ping_status":"closed","template":"","meta":{"_expiration-date-status":"saved","_expiration-date":0,"_expiration-date-type":"","_expiration-date-categories":[],"_expiration-date-options":[]},"acf":[],"_links":{"self":[{"href":"https:\/\/us.edu.pl\/absolwent\/en\/wp-json\/wp\/v2\/pages\/2055"}],"collection":[{"href":"https:\/\/us.edu.pl\/absolwent\/en\/wp-json\/wp\/v2\/pages"}],"about":[{"href":"https:\/\/us.edu.pl\/absolwent\/en\/wp-json\/wp\/v2\/types\/page"}],"author":[{"embeddable":true,"href":"https:\/\/us.edu.pl\/absolwent\/en\/wp-json\/wp\/v2\/users\/2907"}],"replies":[{"embeddable":true,"href":"https:\/\/us.edu.pl\/absolwent\/en\/wp-json\/wp\/v2\/comments?post=2055"}],"version-history":[{"count":25,"href":"https:\/\/us.edu.pl\/absolwent\/en\/wp-json\/wp\/v2\/pages\/2055\/revisions"}],"predecessor-version":[{"id":2133,"href":"https:\/\/us.edu.pl\/absolwent\/en\/wp-json\/wp\/v2\/pages\/2055\/revisions\/2133"}],"wp:attachment":[{"href":"https:\/\/us.edu.pl\/absolwent\/en\/wp-json\/wp\/v2\/media?parent=2055"}],"curies":[{"name":"wp","href":"https:\/\/api.w.org\/{rel}","templated":true}]}}