{"id":263,"date":"2019-09-24T13:40:46","date_gmt":"2019-09-24T11:40:46","guid":{"rendered":"http:\/\/php71.nfinity-beta.pl\/us\/absolwent\/?page_id=263"},"modified":"2021-07-26T14:44:19","modified_gmt":"2021-07-26T12:44:19","slug":"rafal-warchulski-absolwentem-z-pasja-2017-roku","status":"publish","type":"page","link":"https:\/\/us.edu.pl\/absolwent\/rafal-warchulski-absolwentem-z-pasja-2017-roku\/","title":{"rendered":"Rafa\u0142 Warchulski \u201eAbsolwentem z Pasj\u0105\u201d 2017 roku"},"content":{"rendered":"<p>[vc_row][vc_column]\r\n                <div class=\"text-modules\">\r\n                    <div class=\"container\">\r\n                        <h3 class=\"page-title text__title\">Rafa\u0142 Warchulski \u201eAbsolwentem z Pasj\u0105\u201d 2017 roku<\/h3>\r\n                        <div class=\"text-modules__content\"><\/p>\n<div class=\"eight columns\">\n<div id=\"top-center\" class=\"twelve columns\">\n<div id=\"node-11753\" class=\"node clear-block\">\n<div class=\"content\">\n<p><img class=\"alignleft\" src=\"http:\/\/absolwent.us.edu.pl\/sites\/absolwent.us.edu.pl\/files\/imce\/rw2_0.jpg\" alt=\"\" \/><\/p>\n<p>Absolwent geologii (specjalno\u015b\u0107: geochemia i mineralogia) na Wydziale Nauk o Ziemi Uniwersytetu \u015al\u0105skiego. Jedn\u0105 ze swoich pasji, kt\u00f3r\u0105 jest geologia, rozwija na studiach doktoranckich na Uniwersytecie \u015al\u0105skim. Do najwi\u0119kszych osi\u0105gni\u0119\u0107 naukowych Rafa\u0142a Warchulskiego nale\u017c\u0105 nast\u0119puj\u0105ce projekty: \u201eSk\u0142ad chemiczny, fazowy i perspektywy wykorzystania odpad\u00f3w hutniczych Zn\u2013Pb rejonu bytomsko-tarnog\u00f3rskiego\u201d \u2013 program stypendialny na rzecz innowacyjnego \u015al\u0105ska (DoktoRIS), finansowany przez Europejski Fundusz Spo\u0142eczny i Urz\u0105d Marsza\u0142kowski Wojew\u00f3dztwa \u015al\u0105skiego, oraz grant Narodowego Centrum Nauki \u201ePreludium\u201d: \u201eModelowanie przemian fazowych i segregacji pierwiastk\u00f3w w \u017cu\u017clach hutniczych o zr\u00f3\u017cnicowanym chemizmie w warunkach ci\u015bnienia atmosferycznego i temperaturach z zakresu 800\u20131500 st. C\u201d.<\/p>\n<p>Ma na swoim koncie przygotowanie 23 publikacji, w tym 6 artyku\u0142\u00f3w w czasopismach mi\u0119dzynarodowych, 12 artyku\u0142\u00f3w w zwartych publikacjach pokonferencyjnych, 4 ekspertyzy oraz jeden rozdzia\u0142 w monografii. Uczestniczy\u0142 w 3 konferencjach mi\u0119dzynarodowych oraz 6 krajowych o charakterze mi\u0119dzynarodowym, w trakcie kt\u00f3rych wyg\u0142osi\u0142 6 referat\u00f3w oraz zaprezentowa\u0142 3 postery.<\/p>\n<p>Od 2013 roku cz\u0142onek Polskiego Towarzystwa Mineralogicznego, a od 2016 roku wiceprezes Polskiego Towarzystwa Lizymetrycznego. Laureat kilku nagr\u00f3d naukowych, w tym nagrody naukowej za rok 2015 \u201eIncipere auso\u201d za publikacj\u0119 w renomowanym czasopi\u015bmie naukowym w zakresie nauk o Ziemi (nagrod\u0119 przyznaje Krajowy Naukowy O\u015brodek Wiod\u0105cy \u2013 Centrum Studi\u00f3w Polarnych).<\/p>\n<p>Drug\u0105 pasj\u0119 Rafa\u0142a Warchulskiego stanowi fotografia. Jak sam m\u00f3wi, \u201efotografia \u2013 zatrzymanie czasu, uczu\u0107, wspomnie\u0144, do kt\u00f3rych mo\u017cna w dowolnej chwili powr\u00f3ci\u0107, aby odkry\u0107 je na nowo, ma w sobie co\u015b magicznego\u201d. Za swoje najwi\u0119ksze osi\u0105gni\u0119cie w dziedzinie fotografii Rafa\u0142 Warchulski uwa\u017ca wykonanie sesji w Schronisku dla Bezdomnych Zwierz\u0105t w Cz\u0119stochowie i nap\u0142ywaj\u0105ce p\u00f3\u017aniej informacje, \u017ce dzi\u0119ki wykonanym fotografiom wielu podopiecznych znalaz\u0142o nowy dom. Efektem zami\u0142owania Rafa\u0142a Warchulskiego do fotografii jest za\u0142o\u017cona i prowadzona przez niego firma Architekt Wspomnie\u0144. Dodatkowo podj\u0105\u0142 prac\u0119 jako broker technologii na Uniwersytecie \u015al\u0105skim, kt\u00f3ra pozwala na rozwijanie zainteresowania nauk\u0105 i biznesem.<\/p>\n<\/div>\n<div class=\"node-teaser-links\"><\/div>\n<\/div>\n<\/div>\n<\/div>\n<p>\n<\/div>\r\n                    <\/div>\r\n                <\/div>[\/vc_column][\/vc_row]<\/p>","protected":false},"excerpt":{"rendered":"<p>[vc_row][vc_column][\/vc_column][\/vc_row] [&#8230;]<\/p>\n<p><a class=\"btn btn-secondary understrap-read-more-link\" href=\"https:\/\/us.edu.pl\/absolwent\/rafal-warchulski-absolwentem-z-pasja-2017-roku\/\">Read More&#8230;<\/a><\/p>\n","protected":false},"author":1,"featured_media":0,"parent":0,"menu_order":0,"comment_status":"closed","ping_status":"closed","template":"","meta":{"_expiration-date-status":"saved","_expiration-date":0,"_expiration-date-type":"","_expiration-date-categories":[],"_expiration-date-options":[]},"acf":[],"_links":{"self":[{"href":"https:\/\/us.edu.pl\/absolwent\/wp-json\/wp\/v2\/pages\/263"}],"collection":[{"href":"https:\/\/us.edu.pl\/absolwent\/wp-json\/wp\/v2\/pages"}],"about":[{"href":"https:\/\/us.edu.pl\/absolwent\/wp-json\/wp\/v2\/types\/page"}],"author":[{"embeddable":true,"href":"https:\/\/us.edu.pl\/absolwent\/wp-json\/wp\/v2\/users\/1"}],"replies":[{"embeddable":true,"href":"https:\/\/us.edu.pl\/absolwent\/wp-json\/wp\/v2\/comments?post=263"}],"version-history":[{"count":7,"href":"https:\/\/us.edu.pl\/absolwent\/wp-json\/wp\/v2\/pages\/263\/revisions"}],"predecessor-version":[{"id":2138,"href":"https:\/\/us.edu.pl\/absolwent\/wp-json\/wp\/v2\/pages\/263\/revisions\/2138"}],"wp:attachment":[{"href":"https:\/\/us.edu.pl\/absolwent\/wp-json\/wp\/v2\/media?parent=263"}],"curies":[{"name":"wp","href":"https:\/\/api.w.org\/{rel}","templated":true}]}}