{"id":266,"date":"2019-09-24T13:46:59","date_gmt":"2019-09-24T11:46:59","guid":{"rendered":"http:\/\/php71.nfinity-beta.pl\/us\/absolwent\/?page_id=266"},"modified":"2021-07-26T14:47:30","modified_gmt":"2021-07-26T12:47:30","slug":"gabriela-bazan-absolwentka-z-pasja-marca-2016-roku","status":"publish","type":"page","link":"https:\/\/us.edu.pl\/absolwent\/gabriela-bazan-absolwentka-z-pasja-marca-2016-roku\/","title":{"rendered":"Gabriela Bazan \u201eAbsolwentk\u0105 z Pasj\u0105\u201d marca 2016 roku"},"content":{"rendered":"<p>[vc_row][vc_column]\r\n                <div class=\"text-modules\">\r\n                    <div class=\"container\">\r\n                        <h3 class=\"page-title text__title\">Gabriela Bazan \u201eAbsolwentk\u0105 z Pasj\u0105\u201d marca 2016 roku<\/h3>\r\n                        <div class=\"text-modules__content\"><\/p>\n<div class=\"content\">\n<p>W ramach czwartej edycji plebiscytu \u201eAbsolwent z Pasj\u0105\u201d wybrano absolwentk\u0119 marca 2016 roku, kt\u00f3r\u0105 zosta\u0142a Gabriela Bazan, absolwentka kulturoznawstwa na Wydziale Filologicznym.<\/p>\n<p class=\"rteindent3\"><a href=\"http:\/\/absolwent.us.edu.pl\/sites\/absolwent.us.edu.pl\/files\/imce\/portret_gabriela_bazan.jpg\" target=\"_blank\" rel=\"noopener noreferrer\"><img class=\"\" src=\"http:\/\/absolwent.us.edu.pl\/sites\/absolwent.us.edu.pl\/files\/imce\/portret_gabriela_bazan.jpg\" alt=\"zdj\u0119cie portretowe Gabieli Bazan\" width=\"688\" height=\"500\" \/><\/a><\/p>\n<p>Najwi\u0119kszymi pasjami Gabrieli Bazan s\u0105 fotografia i film. Z tego powodu zdecydowa\u0142a si\u0119 na studia licencjackie i magisterskie na kierunku kulturoznawstwo o specjalno\u015bci filmoznawczej na Wydziale Filologicznym Uniwersytetu \u015al\u0105skiego. Tytu\u0142 magistra uzyska\u0142a za prac\u0119 pt. <em>Fotografia jako przestrze\u0144 kulturowa. Historia medium w polu zwrot\u00f3w technologicznych<\/em>. Uko\u0144czy\u0142a r\u00f3wnie\u017c policealn\u0105 szko\u0142\u0119 fotograficzn\u0105 \u201eFotoedukacja&#8221;. Prac\u0119 dyplomow\u0105 <em>Kino, moje pi\u0119kne zmartwienie<\/em>, w kt\u00f3rej odda\u0142a ho\u0142d tw\u00f3rczo\u015bci francuskiego re\u017cysera Jean-Luca Godarda, przygotowa\u0142a pod opiek\u0105 Mateusza Orszulskiego i obroni\u0142a na ocen\u0119 celuj\u0105c\u0105. W styczniu 2015 roku zda\u0142a egzamin nadaj\u0105cy jej tytu\u0142 fotografa, a w czerwcu 2015 roku uzyska\u0142a tytu\u0142 fototechnika.<br \/>\nPrace Gabrieli Bazan mo\u017cna zobaczy\u0107 na stronie: <a href=\"http:\/\/www.gabrielabazan.wix.com\/portfolio\" target=\"_blank\" rel=\"noopener noreferrer\">www.gabrielabazan.wix.com\/portfolio.<\/a><\/p>\n<p>Fotografie Gabrieli Bazan by\u0142y pokazywane na takich wystawach, jak:<\/p>\n<ul>\n<li>\u201eNostalgia\u201d \u2013 zbiorowa wystawa Fotograficznego Ko\u0142a Naukowego Uniwersytetu \u015al\u0105skiego w Centrum Informacji Naukowej i Bibliotece Akademickiej w Katowicach (luty 2016 r.),<\/li>\n<li>\u201eFotofonia\u201d \u2013 wystawa zbiorowa w Pa\u0142acu Kultury Zag\u0142\u0119bia w D\u0105browie G\u00f3rniczej (pa\u017adziernik 2015 r.),<\/li>\n<li>\u201eWystawa dyplomy 2015\u201d w Parku Tradycji w Siemianowicach \u015al\u0105skich (czerwiec 2015 r.),<\/li>\n<li>\u201eWhat&#8217;s up\u201d \u2013 wystawa zbiorowa fotografii mody w ramach Cracow Fashion Week (marzec 2015 r.),<\/li>\n<li>\u201eWystawa Grupy Natechwile\u201d w ramach XII Mi\u0119dzynarodowego Festiwalu Fotografii w Rybniku (marzec 2015 r.),<\/li>\n<li>\u201eWiele twarzy, jedna pasja\u201d \u2013 wystawa zbiorowa Fotograficznego Ko\u0142a Naukowego Uniwersytetu \u015al\u0105skiego (luty 2015 r.).<\/li>\n<\/ul>\n<p>Jej prace zosta\u0142y opublikowane na ok\u0142adkach i w artykule na \u0142amach \u015bl\u0105skiego magazynu \u201eStyle\u201d (luty i pa\u017adziernik 2012 r.), a tak\u017ce na stronie w\u0142oskiego magazynu \u201eVogue\u201d, w dziale dla m\u0142odych artyst\u00f3w \u201ePhoto Vogue&#8221;.<\/p>\n<p><a href=\"http:\/\/absolwent.us.edu.pl\/sites\/absolwent.us.edu.pl\/files\/imce\/style_2012.jpg\" target=\"_blank\" rel=\"noopener noreferrer\"><img src=\"http:\/\/absolwent.us.edu.pl\/sites\/absolwent.us.edu.pl\/files\/imce\/style_2012.jpg\" alt=\"\" \/><\/a><\/p>\n<p>Uczestniczy w konkurach fotograficznych. W 2010 roku zaj\u0119\u0142a 2. miejsce w og\u00f3lnopolskim konkursie \u201ePoland Photo Fashion\u201d, organizowanym przez magazyn \u201eK MAG\u201d i portal sophisti.pl w ramach Warsaw Fashion Street. W 2011 roku zaj\u0119\u0142a 2. miejsce w konkursie fotograficznym \u201eMagiczne zak\u0105tki Polski&#8221;. W 2013 roku by\u0142a finalistk\u0105 konkursu na ambasadora nowego aparatu marki Fujifilm.<\/p>\n<p>W latach 2010\u20132015 jako studentka kulturoznawstwa kilkukrotnie odbywa\u0142a praktyki w Szkole J\u0119zyka i Kultury Polskiej Uniwersytetu \u015al\u0105skiego, pomagaj\u0105c m.in. przy organizacji kursu przygotowawczego dla student\u00f3w z programu Erasmus oraz Letniej Szko\u0142y J\u0119zyka i Kultury Polskiej w Cieszynie. Wraz ze Szko\u0142\u0105 i kolegami z roku przez 3 lata akademickie organizowa\u0142a dla obcoj\u0119zycznych student\u00f3w Uniwersytetu festiwal filmowy \u201eMade in Poland\u201d, w ramach kt\u00f3rego pokazywana by\u0142a polska kinematografia (w p\u00f3\u017aniejszych latach tak\u017ce kazachska i brazylijska). W 2014 roku bra\u0142a udzia\u0142 w projekcie Szko\u0142y pt. \u201eStereotypy \u2013 ale\u017c nie!&#8221;, podczas kt\u00f3rego bada\u0142a stereotypy funkcjonuj\u0105ce w spo\u0142ecze\u0144stwach w Niemczech, Polsce i Kazachstanie. Ponadto w ramach projektu by\u0142a wsp\u00f3\u0142organizatork\u0105 kazachskiego \u015bwi\u0119ta Nauryz, kt\u00f3re odby\u0142o si\u0119 na Wydziale Filologicznym. Zwie\u0144czeniem projektu by\u0142o seminarium odbywaj\u0105ce si\u0119 na Uniwersytecie Abylaj Chana w A\u0142matach w Kazachstanie. W 2015 roku pomaga\u0142a Szkole w organizacji kolejnego projektu, zwi\u0105zanego z Brazyli\u0105 i poet\u0105 Paulo Leminskim.<br \/>\nOpr\u00f3cz aktywno\u015bci zwi\u0105zanej ze Szko\u0142\u0105 J\u0119zyka i Kultury Polskiej Uniwersytetu \u015al\u0105skiego by\u0142a aktywn\u0105 cz\u0142onkini\u0105 ko\u0142a filmoznawczego \u201eKinotok\u201d oraz Fotograficznego Ko\u0142a Naukowego U\u015a. Jest autork\u0105 artyku\u0142\u00f3w dotycz\u0105cych filmu i fotografii w og\u00f3lnopolskim magazynie kulturalnym \u201eReflektor \u2013 roz\u015bwietlamy kultur\u0119\u201d. Wyg\u0142asza prelekcje w Kinie Kosmos w ramach Klubu dyskusyjnego \u201eAmbasada\u201d, spotka\u0144 Fotograficznego Ko\u0142a Naukowego czy te\u017c festiwalu filmowego \u201eMade in Poland\u201d.<\/p>\n<\/div>\n<p>\n<\/div>\r\n                    <\/div>\r\n                <\/div>[\/vc_column][\/vc_row]<\/p>","protected":false},"excerpt":{"rendered":"<p>[vc_row][vc_column][\/vc_column][\/vc_row] [&#8230;]<\/p>\n<p><a class=\"btn btn-secondary understrap-read-more-link\" href=\"https:\/\/us.edu.pl\/absolwent\/gabriela-bazan-absolwentka-z-pasja-marca-2016-roku\/\">Read More&#8230;<\/a><\/p>\n","protected":false},"author":1,"featured_media":0,"parent":0,"menu_order":0,"comment_status":"closed","ping_status":"closed","template":"","meta":{"_expiration-date-status":"saved","_expiration-date":0,"_expiration-date-type":"","_expiration-date-categories":[],"_expiration-date-options":[]},"acf":[],"_links":{"self":[{"href":"https:\/\/us.edu.pl\/absolwent\/wp-json\/wp\/v2\/pages\/266"}],"collection":[{"href":"https:\/\/us.edu.pl\/absolwent\/wp-json\/wp\/v2\/pages"}],"about":[{"href":"https:\/\/us.edu.pl\/absolwent\/wp-json\/wp\/v2\/types\/page"}],"author":[{"embeddable":true,"href":"https:\/\/us.edu.pl\/absolwent\/wp-json\/wp\/v2\/users\/1"}],"replies":[{"embeddable":true,"href":"https:\/\/us.edu.pl\/absolwent\/wp-json\/wp\/v2\/comments?post=266"}],"version-history":[{"count":8,"href":"https:\/\/us.edu.pl\/absolwent\/wp-json\/wp\/v2\/pages\/266\/revisions"}],"predecessor-version":[{"id":2139,"href":"https:\/\/us.edu.pl\/absolwent\/wp-json\/wp\/v2\/pages\/266\/revisions\/2139"}],"wp:attachment":[{"href":"https:\/\/us.edu.pl\/absolwent\/wp-json\/wp\/v2\/media?parent=266"}],"curies":[{"name":"wp","href":"https:\/\/api.w.org\/{rel}","templated":true}]}}