{"id":283,"date":"2019-09-24T14:19:03","date_gmt":"2019-09-24T12:19:03","guid":{"rendered":"http:\/\/php71.nfinity-beta.pl\/us\/absolwent\/?page_id=283"},"modified":"2020-12-23T14:01:37","modified_gmt":"2020-12-23T13:01:37","slug":"skontaktuj-sie-z-nami","status":"publish","type":"page","link":"https:\/\/us.edu.pl\/absolwent\/plebiscyt\/skontaktuj-sie-z-nami\/","title":{"rendered":"Skontaktuj si\u0119 z nami"},"content":{"rendered":"<p>[vc_row][vc_column]\r\n                <div class=\"text-modules\">\r\n                    <div class=\"container\">\r\n                        <h3 class=\"page-title text__title\">Skontaktuj si\u0119 z nami<\/h3>\r\n                        <div class=\"text-modules__content\"><p>Szczeg\u00f3\u0142owych informacji na temat Plebiscytu udziela Dzia\u0142 Promocji Uniwersytetu \u015al\u0105skiego.<br \/>\ntel. 32 359 21 52<br \/>\ne-mail: <a href=\"mailto:absolwent@us.edu.pl\">absolwent@us.edu.pl<\/a><\/p>\n<\/div>\r\n                    <\/div>\r\n                <\/div>\r\n                <div class=\"tiles-section\" style=\"background: \">\r\n                    <div class=\"container\">\r\n                        <h3 class=\"page-title\"><\/h3>\r\n                        <div class=\"tiles tiles-3\">\r\n                            <a href=\"\/absolwent\/wp-content\/uploads\/sites\/10\/absolwent-z-pasj%C4%85\/zal201810300.pdf\" class=\"mtli_attachment mtli_pdf\" class=\"tile tile_ justify-content-center\" style=\"background-color: #002E5A; font-weight: ; color: #ffffff;  \">\r\n                                \r\n                                   \r\n                               \r\n                                <div class=\"tile__name\">Regulamin<\/div>\r\n                            <\/a><\/div>\r\n                    <\/div>\r\n                <\/div>[\/vc_column][\/vc_row]<\/p>","protected":false},"excerpt":{"rendered":"<p>[vc_row][vc_column][\/vc_column][\/vc_row] [&#8230;]<\/p>\n<p><a class=\"btn btn-secondary understrap-read-more-link\" href=\"https:\/\/us.edu.pl\/absolwent\/plebiscyt\/skontaktuj-sie-z-nami\/\">Read More&#8230;<\/a><\/p>\n","protected":false},"author":1,"featured_media":0,"parent":1321,"menu_order":0,"comment_status":"closed","ping_status":"closed","template":"page-templates\/inner-page.php","meta":{"_expiration-date-status":"saved","_expiration-date":0,"_expiration-date-type":"","_expiration-date-categories":[],"_expiration-date-options":[]},"acf":[],"_links":{"self":[{"href":"https:\/\/us.edu.pl\/absolwent\/wp-json\/wp\/v2\/pages\/283"}],"collection":[{"href":"https:\/\/us.edu.pl\/absolwent\/wp-json\/wp\/v2\/pages"}],"about":[{"href":"https:\/\/us.edu.pl\/absolwent\/wp-json\/wp\/v2\/types\/page"}],"author":[{"embeddable":true,"href":"https:\/\/us.edu.pl\/absolwent\/wp-json\/wp\/v2\/users\/1"}],"replies":[{"embeddable":true,"href":"https:\/\/us.edu.pl\/absolwent\/wp-json\/wp\/v2\/comments?post=283"}],"version-history":[{"count":11,"href":"https:\/\/us.edu.pl\/absolwent\/wp-json\/wp\/v2\/pages\/283\/revisions"}],"predecessor-version":[{"id":1622,"href":"https:\/\/us.edu.pl\/absolwent\/wp-json\/wp\/v2\/pages\/283\/revisions\/1622"}],"up":[{"embeddable":true,"href":"https:\/\/us.edu.pl\/absolwent\/wp-json\/wp\/v2\/pages\/1321"}],"wp:attachment":[{"href":"https:\/\/us.edu.pl\/absolwent\/wp-json\/wp\/v2\/media?parent=283"}],"curies":[{"name":"wp","href":"https:\/\/api.w.org\/{rel}","templated":true}]}}