{"id":315,"date":"2019-09-24T15:56:50","date_gmt":"2019-09-24T13:56:50","guid":{"rendered":"http:\/\/php71.nfinity-beta.pl\/us\/absolwent\/?page_id=315"},"modified":"2025-03-28T10:55:14","modified_gmt":"2025-03-28T09:55:14","slug":"stowarzyszenie","status":"publish","type":"page","link":"https:\/\/us.edu.pl\/absolwent\/stowarzyszenie\/","title":{"rendered":"Stowarzyszenie Absolwent\u00f3w U\u015a"},"content":{"rendered":"<p>[vc_row el_class=&#8221;container&#8221;][vc_column]\r\n                <div class=\"text-modules\">\r\n                    <div class=\"container\">\r\n                        <h3 class=\"page-title text__title\">Stowarzyszenie Absolwent\u00f3w U\u015a<\/h3>\r\n                        <div class=\"text-modules__content\"><\/p>\n<p align=\"justify\">Stowarzyszenie Absolwent\u00f3w U\u015a powsta\u0142o w 2008 roku z inicjatywy os\u00f3b wsp\u00f3\u0142pracuj\u0105cych z uczelni\u0105 i b\u0119d\u0105cych jej absolwentami. Jego celem jest integracja \u015brodowiska absolwent\u00f3w Uniwersytetu \u015al\u0105skiego w Katowicach, promocja absolwent\u00f3w na rynku pracy w kraju i za granic\u0105, pomoc w podnoszeniu kwalifikacji i przekwalifikowaniu oraz promowanie osi\u0105gni\u0119\u0107 uczelni i wspieranie jej dzia\u0142alno\u015bci, a tak\u017ce innych organizacji dzia\u0142aj\u0105cych w ramach lub na rzecz Uniwersytet \u015al\u0105skiego.<\/p>\n<p align=\"justify\">Stowarzyszenie Absolwent\u00f3w Uniwersytetu \u015al\u0105skiego zach\u0119ca do w\u0142\u0105czenia si\u0119 w realizacj\u0119 inicjatyw absolwenckich. Cele Stowarzyszenia wi\u0105\u017c\u0105 si\u0119 w spos\u00f3b szczeg\u00f3lny z umocnieniem pozycji absolwent\u00f3w, dzia\u0142alno\u015bci\u0105 w zakresie nauki i edukacji, popularyzacj\u0105 dorobku naukowego Uczelni i absolwent\u00f3w.<\/p>\n<hr \/>\n<p align=\"justify\"><strong>Jak zosta\u0107 cz\u0142onkiem Stowarzyszenia?<\/strong><\/p>\n<p>Cz\u0142onkiem organizacji mog\u0105 zosta\u0107 osoby, kt\u00f3re uko\u0144czy\u0142y studia na Uniwersytecie \u015al\u0105skim (licencjackie, magisterskie, doktoranckie lub podyplomowe). Do Stowarzyszenia mog\u0105 nale\u017ce\u0107 tak\u017ce absolwenci innych uczelni, je\u015bli w znacz\u0105cy spos\u00f3b przyczyniaj\u0105 si\u0119 do realizacji cel\u00f3w statutowych.<\/p>\n<p>Aby zosta\u0107 cz\u0142onkiem Stowarzyszenia Absolwent\u00f3w Uniwersytetu \u015al\u0105skiego, wystarczy wype\u0142ni\u0107 deklaracj\u0119 cz\u0142onkowsk\u0105 i przes\u0142a\u0107 j\u0105 poczt\u0105 tradycyjn\u0105 na adres: ul. Opolska 15, 40-084 Katowice lub drog\u0105 elektroniczn\u0105 (skan) na adres e-mail: <a href=\"mailto:stowarzyszenieabsolwentow@us.edu.pl\"><u>stowarzyszenieabsolwentow@us.edu.pl<\/u><\/a>.<\/p>\n<p><u><a href=\"http:\/\/php71.nfinity-beta.pl\/us\/absolwent\/wp-content\/uploads\/sites\/10\/stowarzyszenie-pliki\/nowa_deklaracja_czonkowska_-_cz_zwyczajny.doc\" class=\"mtli_attachment mtli_doc\" class=\"mtli_attachment mtli_doc\">Deklaracja cz\u0142onkowska \u2013 cz\u0142onek zwyczajny<\/a><\/u> (sk\u0142adka cz\u0142onkowska w przypadku cz\u0142onka zwyczajnego wynosi 30 z\u0142 rocznie)<\/p>\n<p><a href=\"http:\/\/php71.nfinity-beta.pl\/us\/absolwent\/wp-content\/uploads\/sites\/10\/stowarzyszenie-pliki\/deklaracja_czonkowska_-_cz_wspierajacy.doc\" class=\"mtli_attachment mtli_doc\" class=\"mtli_attachment mtli_doc\"><u>Deklaracja cz\u0142onkowska \u2013 cz\u0142onek wspieraj\u0105cy<\/u><\/a> (osoba fizyczna lub prawna, kt\u00f3ra udziela pomocy Stowarzyszeniu)<\/p>\n<p><a href=\"http:\/\/php71.nfinity-beta.pl\/us\/absolwent\/wp-content\/uploads\/sites\/10\/stowarzyszenie-pliki\/deklaracja_czonkowska_-_cz_zbiorowy.doc\" class=\"mtli_attachment mtli_doc\" class=\"mtli_attachment mtli_doc\"><u>Deklaracja cz\u0142onkowska \u2013 cz\u0142onek zbiorowy<\/u><\/a>\u00a0(organizacje wydzia\u0142owe absolwent\u00f3w dzia\u0142aj\u0105ce formalnie lub nieformalnie lub inne organizacje absolwent\u00f3w dzia\u0142aj\u0105ce przy Uniwersytecie \u015al\u0105skim)<\/p>\n<hr \/>\n<p><strong>Jak wesprze\u0107 stowarzyszenie?<\/strong><\/p>\n<p>Stowarzyszenie Absolwent\u00f3w Uniwersytetu \u015al\u0105skiego<br \/>\nul. Bankowa 12<br \/>\n40-007 Katowice<\/p>\n<p>PKO BP 44 1440 1172 0000 0000 1193 5923<\/p>\n<hr \/>\n<p>\n<\/div>\r\n                    <\/div>\r\n                <\/div>[vc_tta_accordion style=&#8221;outline&#8221; color=&#8221;violet&#8221; active_section=&#8221;1&#8243;][vc_tta_section title=&#8221;Kontakt&#8221; tab_id=&#8221;1743151161589-e81d4e2e-ae9a&#8221;]\r\n                <div class=\"text-modules\">\r\n                    <div class=\"container\">\r\n                        \r\n                        <div class=\"text-modules__content\"><p>STOWARZYSZENIE ABSOLWENT\u00d3W UNIWERSYTETU \u015aL\u0104SKIEGO<br \/>\nBIURO KANDYDATA I ABSOLWENTA<br \/>\nul. Bankowa 12, pok. 1.11 (I pi\u0119tro), 40-007 Katowice<br \/>\ntel. 451 058 798<br \/>\n<a href=\"mailto:absolwent@us.edu.pl\"><u>absolwent@us.edu.pl<\/u><\/a><\/p>\n<p>KRS: 0000300702<br \/>\nREGON: 240934900<\/p>\n<p>e-mail:\u00a0<a href=\"mailto:stowarzyszenieabsolwentow@us.edu.pl\"><u>stowarzyszenieabsolwentow@us.edu.pl<\/u><\/a><br \/>\n<u><\/u><\/p>\n<p><strong><a href=\"http:\/\/www.absolwenci.us.edu.pl\/\"><u>www.absolwenci.us.edu.pl<\/u><\/a><\/strong><\/p>\n<\/div>\r\n                    <\/div>\r\n                <\/div>[\/vc_tta_section][vc_tta_section title=&#8221;Zarz\u0105d&#8221; tab_id=&#8221;1743151161597-ebd1860d-7c7a&#8221;]\r\n                <div class=\"text-modules\">\r\n                    <div class=\"container\">\r\n                        \r\n                        <div class=\"text-modules__content\"><p><strong>dr Renata Jankowska, prof. U\u015a \u2013 Prezes Zarz\u0105du<\/strong><br \/>\ndr hab. Ma\u0142gorzata My\u015bliwiec, prof. U\u015a \u2013 Wiceprezes Zarz\u0105du ds. organizacyjnych<br \/>\nmgr Ewelina Budzi\u0144ska-G\u00f3ra \u2013 Wiceprezes Zarz\u0105du ds. finansowych<br \/>\nmgr Joanna Sadowska-Chudy \u2013 Wiceprezes Zarz\u0105du<br \/>\nmgr Tomasz Janocha \u2013 Wiceprezes Zarz\u0105du<br \/>\nmgr Monika Bazan \u2013 Sekretarz Zarz\u0105du<\/p>\n<\/div>\r\n                    <\/div>\r\n                <\/div>[\/vc_tta_section][\/vc_tta_accordion][\/vc_column][\/vc_row]<\/p>","protected":false},"excerpt":{"rendered":"<p>[vc_row el_class=&#8221;container&#8221;][vc_column][vc_tta_accordion style=&#8221;outline&#8221; color=&#8221;violet&#8221; active_section=&#8221;1&#8243;][vc_tta_section title=&#8221;Kontakt&#8221; tab_id=&#8221;1743151161589-e81d4e2e-ae9a&#8221;][\/vc_tta_section][vc_tta_section title=&#8221;Zarz\u0105d&#8221; tab_id=&#8221;1743151161597-ebd1860d-7c7a&#8221;][\/vc_tta_section][\/vc_tta_accordion][\/vc_column][\/vc_row] [&#8230;]<\/p>\n<p><a class=\"btn btn-secondary understrap-read-more-link\" href=\"https:\/\/us.edu.pl\/absolwent\/stowarzyszenie\/\">Read More&#8230;<\/a><\/p>\n","protected":false},"author":1,"featured_media":0,"parent":0,"menu_order":0,"comment_status":"closed","ping_status":"closed","template":"","meta":{"_expiration-date-status":"saved","_expiration-date":0,"_expiration-date-type":"","_expiration-date-categories":[],"_expiration-date-options":[]},"acf":[],"_links":{"self":[{"href":"https:\/\/us.edu.pl\/absolwent\/wp-json\/wp\/v2\/pages\/315"}],"collection":[{"href":"https:\/\/us.edu.pl\/absolwent\/wp-json\/wp\/v2\/pages"}],"about":[{"href":"https:\/\/us.edu.pl\/absolwent\/wp-json\/wp\/v2\/types\/page"}],"author":[{"embeddable":true,"href":"https:\/\/us.edu.pl\/absolwent\/wp-json\/wp\/v2\/users\/1"}],"replies":[{"embeddable":true,"href":"https:\/\/us.edu.pl\/absolwent\/wp-json\/wp\/v2\/comments?post=315"}],"version-history":[{"count":10,"href":"https:\/\/us.edu.pl\/absolwent\/wp-json\/wp\/v2\/pages\/315\/revisions"}],"predecessor-version":[{"id":3249,"href":"https:\/\/us.edu.pl\/absolwent\/wp-json\/wp\/v2\/pages\/315\/revisions\/3249"}],"wp:attachment":[{"href":"https:\/\/us.edu.pl\/absolwent\/wp-json\/wp\/v2\/media?parent=315"}],"curies":[{"name":"wp","href":"https:\/\/api.w.org\/{rel}","templated":true}]}}