{"id":538,"date":"2019-10-15T13:40:06","date_gmt":"2019-10-15T11:40:06","guid":{"rendered":"https:\/\/us.edu.pl\/absolwent\/?page_id=538"},"modified":"2019-12-04T11:34:19","modified_gmt":"2019-12-04T10:34:19","slug":"waldemar-franciszek-andzel-nasi-absolwenci","status":"publish","type":"page","link":"https:\/\/us.edu.pl\/absolwent\/absolwencius\/nasi-absolwenci\/waldemar-franciszek-andzel-nasi-absolwenci\/","title":{"rendered":"Waldemar Franciszek Andzel &#8211; Nasi Absolwenci"},"content":{"rendered":"<p>[vc_row][vc_column]\r\n                <div class=\"text-modules\">\r\n                    <div class=\"container\">\r\n                        <h3 class=\"page-title text__title\">Waldemar Franciszek Andzel - Nasi Absolwenci<\/h3>\r\n                        <div class=\"text-modules__content\"><\/p>\n<div class=\"content\">\n<p class=\"rtejustify\">W roku 1996 uko\u0144czy\u0142 studia na Wydziale Nauk Spo\u0142ecznych Uniwersytetu \u015al\u0105skiego w Katowicach ze specjalno\u015bci\u0105 w zakresie polityki spo\u0142ecznej, a w roku 1999 \u2013 studia podyplomowe w zakresie organizacji pomocy spo\u0142ecznej. Pose\u0142 na Sejm RP V, VI, VII, VIII i IX kadencji. W latach 1990-1999 by\u0142 cz\u0142onkiem Porozumienia Centrum, cz\u0142onkiem Zarz\u0105du Wojew\u00f3dzkiego i sekretarzem Porozumienia Centrum w Katowicach oraz przewodnicz\u0105cym Porozumienia Centrum w gminie Bobrowniki.<\/p>\n<p class=\"rtejustify rteindent4\"><img class=\"\" src=\"http:\/\/absolwent.us.edu.pl\/sites\/absolwent.us.edu.pl\/files\/imce\/posel_andzel_waldemar.jpg\" alt=\"\" width=\"851\" height=\"569\" \/><\/p>\n<p class=\"rtejustify\">Od samego pocz\u0105tku tworzy\u0142 struktury Prawa i Sprawiedliwo\u015bci w powiecie B\u0119dzi\u0144skim. Od czerwca 2001 roku pe\u0142ni\u0142 funkcj\u0119 pe\u0142nomocnika powiatowego Prawa i Sprawiedliwo\u015bci w B\u0119dzinie, w latach 2002-2003 by\u0142 przewodnicz\u0105cym Rady Regionalnej Prawa i Sprawiedliwo\u015bci w Sosnowcu. W latach 1998-2002 reprezentowa\u0142 Powiat B\u0119dzi\u0144ski jako Radny Rady Powiatu. Obecnie jest wiceprezesem Prawa i Sprawiedliwo\u015bci w okr\u0119gu Sosnowiec i przewodnicz\u0105cym Zarz\u0105du Powiatowego PiS w B\u0119dzinie. W 2005 roku uzyska\u0142 mandat Pos\u0142a na Sejm RP, w 2015 roku po raz czwarty z rz\u0119du uzyska\u0142 mandat poselski. By\u0142 cz\u0142onkiem komisji ds. polityki spo\u0142ecznej i rodziny (2015-2019). Obecnie jest wiceprzewodnicz\u0105cym komisji obrony narodowej oraz przewodnicz\u0105cym sejmowej Komisji do Spraw S\u0142u\u017cb Specjalnych. W wyborach w 2019 roku utrzyma\u0142 mandat poselski na okres IX kadencji Sejmu. Na mocy decyzji ministra obrony narodowej z dnia 15 lutego 2010 zosta\u0142 odznaczony Br\u0105zowym Medalem \u201eZa Zas\u0142ugi dla Obronno\u015bci Kraju\u201d.<\/p>\n<\/div>\n<p>\n<\/div>\r\n                    <\/div>\r\n                <\/div>[\/vc_column][\/vc_row]<\/p>","protected":false},"excerpt":{"rendered":"<p>[vc_row][vc_column][\/vc_column][\/vc_row] [&#8230;]<\/p>\n<p><a class=\"btn btn-secondary understrap-read-more-link\" href=\"https:\/\/us.edu.pl\/absolwent\/absolwencius\/nasi-absolwenci\/waldemar-franciszek-andzel-nasi-absolwenci\/\">Read More&#8230;<\/a><\/p>\n","protected":false},"author":1,"featured_media":0,"parent":331,"menu_order":0,"comment_status":"closed","ping_status":"closed","template":"","meta":{"_expiration-date-status":"saved","_expiration-date":0,"_expiration-date-type":"","_expiration-date-categories":[],"_expiration-date-options":[]},"acf":[],"_links":{"self":[{"href":"https:\/\/us.edu.pl\/absolwent\/wp-json\/wp\/v2\/pages\/538"}],"collection":[{"href":"https:\/\/us.edu.pl\/absolwent\/wp-json\/wp\/v2\/pages"}],"about":[{"href":"https:\/\/us.edu.pl\/absolwent\/wp-json\/wp\/v2\/types\/page"}],"author":[{"embeddable":true,"href":"https:\/\/us.edu.pl\/absolwent\/wp-json\/wp\/v2\/users\/1"}],"replies":[{"embeddable":true,"href":"https:\/\/us.edu.pl\/absolwent\/wp-json\/wp\/v2\/comments?post=538"}],"version-history":[{"count":3,"href":"https:\/\/us.edu.pl\/absolwent\/wp-json\/wp\/v2\/pages\/538\/revisions"}],"predecessor-version":[{"id":1167,"href":"https:\/\/us.edu.pl\/absolwent\/wp-json\/wp\/v2\/pages\/538\/revisions\/1167"}],"up":[{"embeddable":true,"href":"https:\/\/us.edu.pl\/absolwent\/wp-json\/wp\/v2\/pages\/331"}],"wp:attachment":[{"href":"https:\/\/us.edu.pl\/absolwent\/wp-json\/wp\/v2\/media?parent=538"}],"curies":[{"name":"wp","href":"https:\/\/api.w.org\/{rel}","templated":true}]}}