{"id":540,"date":"2019-10-15T13:48:29","date_gmt":"2019-10-15T11:48:29","guid":{"rendered":"https:\/\/us.edu.pl\/absolwent\/?page_id=540"},"modified":"2019-11-06T15:53:56","modified_gmt":"2019-11-06T14:53:56","slug":"maciej-biskupski-nasi-absolwenci","status":"publish","type":"page","link":"https:\/\/us.edu.pl\/absolwent\/absolwencius\/nasi-absolwenci\/maciej-biskupski-nasi-absolwenci\/","title":{"rendered":"Maciej Biskupski &#8211; Nasi Absolwenci"},"content":{"rendered":"<p>[vc_row][vc_column]\r\n                <div class=\"text-modules\">\r\n                    <div class=\"container\">\r\n                        <h3 class=\"page-title text__title\">Maciej Biskupski - Nasi Absolwenci<\/h3>\r\n                        <div class=\"text-modules__content\"><\/p>\n<div class=\"content\">\n<p><img class=\"imagefield imagefield-field_image alignleft\" src=\"http:\/\/absolwent.us.edu.pl\/sites\/absolwent.us.edu.pl\/files\/maciej_biskupski_3_male.jpg?1425479136\" alt=\"\" width=\"200\" height=\"200\" \/><\/p>\n<p class=\"rtejustify\" style=\"text-align: left\">Absolwent socjologii na Wydziale Nauk Spo\u0142ecznych. Radny Rady Miasta Katowice od 2014 roku. Jest przewodnicz\u0105cym Komisji Transportu, wiceprzewodnicz\u0105cym Komisji Bud\u017cetu, cz\u0142onkiem Komisji Organizacyjnej Miasta oraz Komisji Rewizyjnej. Wchodzi w sk\u0142ad Klubu Radnych Forum Samorz\u0105dowe i Marcin Krupa. W czasie studi\u00f3w anga\u017cowa\u0142 si\u0119 w dzia\u0142alno\u015b\u0107 spo\u0142eczn\u0105 \u2013 by\u0142 Przewodnicz\u0105cym Samorz\u0105du Studenckiego U\u015a oraz cz\u0142onkiem w\u0142adz Parlamentu Student\u00f3w Rzeczypospolitej Polskiej. Jest tak\u017ce Prezesem Zarz\u0105du Stowarzyszenia Absolwent\u00f3w IV Liceum Og\u00f3lnokszta\u0142c\u0105cego im. Genera\u0142a Stanis\u0142awa Maczka w Katowicach. Od 2011 roku by\u0142 jednym z najbli\u017cszych wsp\u00f3\u0142pracownik\u00f3w Piotra Uszoka. Jako Asystent Prezydenta Piotra Uszoka mia\u0142 okazj\u0119 uczestniczy\u0107 w procesie podejmowania strategicznych decyzji zwi\u0105zanych z rozwojem Katowic. Prywatnie szcz\u0119\u015bliwy m\u0105\u017c i tata Ani, Wojtka i Antosia.<\/p>\n<\/div>\n<p>\n<\/div>\r\n                    <\/div>\r\n                <\/div>[\/vc_column][\/vc_row]<\/p>","protected":false},"excerpt":{"rendered":"<p>[vc_row][vc_column][\/vc_column][\/vc_row] [&#8230;]<\/p>\n<p><a class=\"btn btn-secondary understrap-read-more-link\" href=\"https:\/\/us.edu.pl\/absolwent\/absolwencius\/nasi-absolwenci\/maciej-biskupski-nasi-absolwenci\/\">Read More&#8230;<\/a><\/p>\n","protected":false},"author":1,"featured_media":0,"parent":331,"menu_order":0,"comment_status":"closed","ping_status":"closed","template":"","meta":{"_expiration-date-status":"saved","_expiration-date":0,"_expiration-date-type":"","_expiration-date-categories":[],"_expiration-date-options":[]},"acf":[],"_links":{"self":[{"href":"https:\/\/us.edu.pl\/absolwent\/wp-json\/wp\/v2\/pages\/540"}],"collection":[{"href":"https:\/\/us.edu.pl\/absolwent\/wp-json\/wp\/v2\/pages"}],"about":[{"href":"https:\/\/us.edu.pl\/absolwent\/wp-json\/wp\/v2\/types\/page"}],"author":[{"embeddable":true,"href":"https:\/\/us.edu.pl\/absolwent\/wp-json\/wp\/v2\/users\/1"}],"replies":[{"embeddable":true,"href":"https:\/\/us.edu.pl\/absolwent\/wp-json\/wp\/v2\/comments?post=540"}],"version-history":[{"count":4,"href":"https:\/\/us.edu.pl\/absolwent\/wp-json\/wp\/v2\/pages\/540\/revisions"}],"predecessor-version":[{"id":1168,"href":"https:\/\/us.edu.pl\/absolwent\/wp-json\/wp\/v2\/pages\/540\/revisions\/1168"}],"up":[{"embeddable":true,"href":"https:\/\/us.edu.pl\/absolwent\/wp-json\/wp\/v2\/pages\/331"}],"wp:attachment":[{"href":"https:\/\/us.edu.pl\/absolwent\/wp-json\/wp\/v2\/media?parent=540"}],"curies":[{"name":"wp","href":"https:\/\/api.w.org\/{rel}","templated":true}]}}