{"id":546,"date":"2019-10-15T13:52:24","date_gmt":"2019-10-15T11:52:24","guid":{"rendered":"https:\/\/us.edu.pl\/absolwent\/?page_id=546"},"modified":"2019-11-06T16:16:49","modified_gmt":"2019-11-06T15:16:49","slug":"anna-grygierek-nasi-absolwenci","status":"publish","type":"page","link":"https:\/\/us.edu.pl\/absolwent\/absolwencius\/nasi-absolwenci\/anna-grygierek-nasi-absolwenci\/","title":{"rendered":"Anna Grygierek &#8211; Nasi Absolwenci"},"content":{"rendered":"<p>[vc_row][vc_column]\r\n                <div class=\"text-modules\">\r\n                    <div class=\"container\">\r\n                        <h3 class=\"page-title text__title\">Anna Grygierek - Nasi Absolwenci<\/h3>\r\n                        <div class=\"text-modules__content\"><p><img class=\"imagefield imagefield-field_image alignleft\" src=\"http:\/\/absolwent.us.edu.pl\/sites\/absolwent.us.edu.pl\/files\/anna-grygierek1_0.jpg?1426494858\" alt=\"\" width=\"152\" height=\"228\" \/><\/p>\n<p class=\"rtejustify\" style=\"text-align: left\">Posiada wykszta\u0142cenie wy\u017csze ekonomiczne, uko\u0144czy\u0142a r\u00f3wnie\u017c studia podyplomowe na Uniwersytecie \u015al\u0105skim na Wydziale Prawa i Administracji. W 2014 roku uko\u0144czy\u0142a studia podyplomowe Akademi\u0119 Lider\u00f3w Samorz\u0105dowych. Ponadto posiada uprawnienia do zasiadania w radach nadzorczych oraz licencj\u0119 zarz\u0105dcy nieruchomo\u015bci. Dzia\u0142alno\u015b\u0107 samorz\u0105dow\u0105 rozpocz\u0119\u0142a w 2002 roku w Radzie Powiatu Cieszy\u0144skiego. Od 2006 roku pe\u0142ni funkcj\u0119 Burmistrza Strumienia. Jest cz\u0142onkiem Zarz\u0105du Zwi\u0105zku Gmin Wiejskich RP, Zespo\u0142u ds. Edukacji, Kultury i Sportu przy Komisji Wsp\u00f3lnej Rz\u0105du i Samorz\u0105du, Krajowej Rady Dzia\u0142alno\u015bci Po\u017cytku Publicznego.<\/p>\n<p class=\"rtejustify\" style=\"text-align: left\">Podczas jej kadencji samorz\u0105d Strumienia intensywnie anga\u017cuje si\u0119 w realizacj\u0119 projekt\u00f3w unijnych, co umo\u017cliwia powstanie wielu inwestycji. Wi\u0119kszo\u015b\u0107 z nich polega na maksymalnym wykorzystaniu gminnych zasob\u00f3w, stworzeniu zupe\u0142nie nowych miejsc, wykorzystuj\u0105c dotychczasow\u0105 przestrze\u0144. Pod Ratuszem powsta\u0142a jedyna taka na \u015al\u0105sku galeria, gdzie lokalni arty\u015bci mog\u0105 prezentowa\u0107 swoje dzie\u0142a. Jest to r\u00f3wnie\u017c miejsce spotka\u0144 i ciekawych inicjatyw mieszka\u0144c\u00f3w. Siedzib\u0119 Miejsko-Gminnego O\u015brodka Kultury po\u0142\u0105czono z miejskim basenem. W parku w Strumieniu powsta\u0142a fontanna solankowa, a so\u0142ectwo Zab\u0142ocie Solanka znane z leczniczych pok\u0142ad\u00f3w solanki jodowo-bromowej jest na dobrej drodze do utworzenia tam uzdrowiska. Wykonano te\u017c szereg inwestycji drogowych i kanalizacyjnych. Wzbogacona zosta\u0142a oferta kulturalno-rekreacyjna gminy. Anna Grygierek prowadzi skuteczn\u0105 polityk\u0119 prorodzinn\u0105,\u00a0 poszerzaj\u0105c baz\u0119 miejsc przedszkolnych. Powsta\u0142y tak\u017ce: og\u00f3lnodost\u0119pne place zabaw w ka\u017cdej wsi, wyremontowano i doposa\u017cono \u015bwietlice \u015brodowiskowe, co zosta\u0142o dostrze\u017cone przez Rzecznika Praw Dziecka. Powsta\u0142y r\u00f3wnie\u017c miejsca spotka\u0144 mieszka\u0144c\u00f3w, dzia\u0142aj\u0105ce w ka\u017cdej wsi gminy Strumie\u0144, to umo\u017cliwia rozw\u00f3j spo\u0142eczny. Mieszka\u0144cy mogli m.in. bezp\u0142atnie podnie\u015b\u0107 swoje kwalifikacje zawodowe, dzi\u0119ki realizacji projekt\u00f3w dofinansowanych z funduszy unijnych. Annie Grygierek bliska jest r\u00f3wnie\u017c dzia\u0142alno\u015b\u0107 lokalnych stowarzysze\u0144, wspiera je przy si\u0119ganiu po \u015brodki zewn\u0119trzne. Jej dzia\u0142ania obejmuj\u0105 r\u00f3wnie\u017c\u00a0 zr\u00f3wnowa\u017cony rozw\u00f3j obszar\u00f3w wiejskich, czego wyrazem jest zawi\u0105zanie w gminie Strumie\u0144 Polskiej Sieci Odnowy i Rozwoju Wsi, kt\u00f3rej zosta\u0142a pierwsz\u0105 przewodnicz\u0105c\u0105. Gmina Strumie\u0144 w trakcie pe\u0142nienia funkcji Burmistrza przez Ann\u0119 Grygierek, aktywnie dzia\u0142a w stowarzyszeniach samorz\u0105dowych.<\/p>\n<p class=\"rtejustify\" style=\"text-align: left\">W czasie pe\u0142nienia funkcji burmistrza gmina Strumie\u0144 uzyska\u0142a liczne wyr\u00f3\u017cnienia, mi\u0119dzy innymi tytu\u0142 Innowacyjna Gmina 2009, Przyjazna Gmina 2010, 2011, 2012, 2013, 2014 Przyjazna Wie\u015b 2011, 2012. Przyznano jej tytu\u0142y Kobiety Sukcesu \u015al\u0105ska w 2013 roku, Samorz\u0105dowca 25-lecia w 2015 r. Lidera z Powo\u0142ania w 2016 roku. Anna Grygierek otrzyma\u0142a mi\u0119dzy innymi Br\u0105zowy Medal za Zas\u0142ugi dla Po\u017carnictwa w 2014 r., odznaczenie Z\u0142oty Krzy\u017c Zas\u0142ugi w 2016 r. przyznany przez Prezydenta RP, Z\u0142ot\u0105 Honorow\u0105 odznak\u0119 Macierzy ziemi Cieszy\u0144skiej 2016 r. Z\u0142oty Laur Umiej\u0119tno\u015bci i Kompetencji\u201d w 2017 r. przyznany przez Regionaln\u0105 Izb\u0119 Gospodarcz\u0105 w Katowicach.<\/p>\n<p>W 2018 roku zosta\u0142a Burmistrzem Strumienia.<\/p>\n<\/div>\r\n                    <\/div>\r\n                <\/div>[\/vc_column][\/vc_row]<\/p>","protected":false},"excerpt":{"rendered":"<p>[vc_row][vc_column][\/vc_column][\/vc_row] [&#8230;]<\/p>\n<p><a class=\"btn btn-secondary understrap-read-more-link\" href=\"https:\/\/us.edu.pl\/absolwent\/absolwencius\/nasi-absolwenci\/anna-grygierek-nasi-absolwenci\/\">Read More&#8230;<\/a><\/p>\n","protected":false},"author":1,"featured_media":0,"parent":331,"menu_order":0,"comment_status":"closed","ping_status":"closed","template":"","meta":{"_expiration-date-status":"saved","_expiration-date":0,"_expiration-date-type":"","_expiration-date-categories":[],"_expiration-date-options":[]},"acf":[],"_links":{"self":[{"href":"https:\/\/us.edu.pl\/absolwent\/wp-json\/wp\/v2\/pages\/546"}],"collection":[{"href":"https:\/\/us.edu.pl\/absolwent\/wp-json\/wp\/v2\/pages"}],"about":[{"href":"https:\/\/us.edu.pl\/absolwent\/wp-json\/wp\/v2\/types\/page"}],"author":[{"embeddable":true,"href":"https:\/\/us.edu.pl\/absolwent\/wp-json\/wp\/v2\/users\/1"}],"replies":[{"embeddable":true,"href":"https:\/\/us.edu.pl\/absolwent\/wp-json\/wp\/v2\/comments?post=546"}],"version-history":[{"count":3,"href":"https:\/\/us.edu.pl\/absolwent\/wp-json\/wp\/v2\/pages\/546\/revisions"}],"predecessor-version":[{"id":1170,"href":"https:\/\/us.edu.pl\/absolwent\/wp-json\/wp\/v2\/pages\/546\/revisions\/1170"}],"up":[{"embeddable":true,"href":"https:\/\/us.edu.pl\/absolwent\/wp-json\/wp\/v2\/pages\/331"}],"wp:attachment":[{"href":"https:\/\/us.edu.pl\/absolwent\/wp-json\/wp\/v2\/media?parent=546"}],"curies":[{"name":"wp","href":"https:\/\/api.w.org\/{rel}","templated":true}]}}