{"id":551,"date":"2019-10-15T13:55:10","date_gmt":"2019-10-15T11:55:10","guid":{"rendered":"https:\/\/us.edu.pl\/absolwent\/?page_id=551"},"modified":"2019-11-06T16:19:33","modified_gmt":"2019-11-06T15:19:33","slug":"kazimierz-karolczak-nasi-absolwenci","status":"publish","type":"page","link":"https:\/\/us.edu.pl\/absolwent\/absolwencius\/nasi-absolwenci\/kazimierz-karolczak-nasi-absolwenci\/","title":{"rendered":"Kazimierz Karolczak &#8211; Nasi Absolwenci"},"content":{"rendered":"<p>[vc_row][vc_column]\r\n                <div class=\"text-modules\">\r\n                    <div class=\"container\">\r\n                        <h3 class=\"page-title text__title\">Kazimierz Karolczak - Nasi Absolwenci<\/h3>\r\n                        <div class=\"text-modules__content\"><\/p>\n<div class=\"content\">\n<p><img class=\"imagefield imagefield-field_image alignleft\" src=\"http:\/\/absolwent.us.edu.pl\/sites\/absolwent.us.edu.pl\/files\/karolczak_portret_rgb_kwadrat_male.jpg?1426584597\" alt=\"\" width=\"200\" height=\"200\" \/><\/p>\n<p class=\"rtejustify\" style=\"text-align: left\">Uzyska\u0142 dyplom magistra Ochrony Patentowej w Technice na Wydziale Techniki (obecnie Wydzia\u0142 Informatyki i Nauki o Materia\u0142ach). Od 2013 roku pe\u0142ni\u0142 funkcj\u0119 Wicemarsza\u0142ka Wojew\u00f3dztwa \u015al\u0105skiego oraz w latach 2014 &#8211; 2017 by\u0142 Cz\u0142onkiem Zarz\u0105du Wojew\u00f3dztwa \u015al\u0105skiego. 12 wrze\u015bnia 2017 zosta\u0142 wybrany przez zgromadzenie prezydent\u00f3w, burmistrz\u00f3w oraz w\u00f3jt\u00f3w miast i gmin wchodz\u0105cych w sk\u0142ad G\u00f3rno\u015bl\u0105sko-Zag\u0142\u0119biowskiej Metropolii na przewodnicz\u0105cego zarz\u0105du metropolii na obszarze G\u00f3rnego \u015al\u0105ska i Zag\u0142\u0119bia D\u0105browskiego \u2013 pierwszego zwi\u0105zku metropolitalnego w Polsce. W zwi\u0105zku z tym z\u0142o\u017cy\u0142 mandat radnego sejmiku oraz ust\u0105pi\u0142 z funkcji cz\u0142onka zarz\u0105du wojew\u00f3dztwa.<\/p>\n<p class=\"rtejustify\" style=\"text-align: left\">Na drugim roku studi\u00f3w za\u0142o\u017cy\u0142 w\u0142asn\u0105 dzia\u0142alno\u015b\u0107 gospodarcz\u0105, a kilka lat p\u00f3\u017aniej sp\u00f3\u0142k\u0119 z o.o. Jego pierwsze przedsi\u0119wzi\u0119cie zawodowe polega\u0142o na organizowaniu akcji promocyjnych w powstaj\u0105cych hipermarketach. Szybko rozwin\u0105\u0142 dzia\u0142alno\u015b\u0107, oferuj\u0105c tak\u017ce us\u0142ugi rekrutacji oraz wypo\u017cyczania pracownik\u00f3w i \u015bwiadcz\u0105c je w ca\u0142ym kraju. W ten spos\u00f3b zbudowa\u0142 jedn\u0105 z wi\u0119kszych w kraju Agencji Pracy Tymczasowej. W\u0142o\u017cy\u0142 spory wk\u0142ad w rozbudow\u0119 w\u0142asnej firmy i rozw\u00f3j nowego rynku, zak\u0142adaj\u0105c wraz z innymi polskimi firmami Stowarzyszenie Agencji Zatrudnienia. Nawi\u0105za\u0142 wtedy wsp\u00f3\u0142prac\u0119 z organizacjami pracodawc\u00f3w oraz z Komisj\u0105 Tr\u00f3jstronn\u0105 jako reprezentant Polskiej Konfederacji Pracodawc\u00f3w Prywatnych (PKPP) w dialogu z rz\u0105dem i zwi\u0105zkami zawodowymi. Dzi\u0119ki temu osi\u0105gn\u0105\u0142 znaczny wp\u0142yw na zapisy ustawy o Agencjach Pracy Tymczasowej. W roku 2007 sprzeda\u0142 swoje udzia\u0142y w firmie. Ostatecznie, pod koniec 2010 roku, podj\u0105\u0142 wyzwanie, jakim jest dzia\u0142alno\u015b\u0107 polityczna.<\/p>\n<p class=\"rtejustify\" style=\"text-align: left\">By\u0142 zwi\u0105zany z Sojuszem Lewicy Demokratycznej. Cz\u0142onkiem SLD zosta\u0142 w 2000 roku. By\u0142 inicjatorem powo\u0142ania Fundacji \u201eZag\u0142\u0119bie dla m\u0142odych\u201d pomagaj\u0105cej m\u0142odzie\u017cy w \u017cyciowym starcie. Nieca\u0142e dwa lata p\u00f3\u017aniej powierzono mu funkcj\u0119 Wiceprzewodnicz\u0105cego SLD w Sosnowcu. Z czasem otrzyma\u0142 funkcj\u0119 cz\u0142onka Krajowego Komitetu Wykonawczego SLD odpowiedzialnego za wsp\u00f3\u0142prac\u0119 z organizacjami pozarz\u0105dowymi. Po kilku latach wr\u00f3ci\u0142 do Zag\u0142\u0119bia i zamieszka\u0142 w D\u0105browie G\u00f3rniczej, by obj\u0105\u0107 funkcj\u0119 Sekretarza \u015al\u0105skiej Rady Wojew\u00f3dzkiej. W 2010 roku, podczas wybor\u00f3w samorz\u0105dowych, pe\u0142ni\u0142 funkcj\u0119 Pe\u0142nomocnika Finansowego Komitetu Wyborczego SLD. W marcu 2011 roku zosta\u0142 Zast\u0119pc\u0105 Sekretarza Generalnego &#8211; Skarbnikiem Sojuszu Lewicy Demokratycznej.<\/p>\n<p>27 grudnia 2013 zosta\u0142 wicemarsza\u0142kiem wojew\u00f3dztwa \u015bl\u0105skiego. W 2014 ust\u0105pi\u0142 z funkcji skarbnika SLD i uzyska\u0142 mandat radnego sejmiku \u015bl\u0105skiego. Ponownie zasiad\u0142 w zarz\u0105dzie wojew\u00f3dztwa (tym razem nie obejmuj\u0105c funkcji wicemarsza\u0142ka). W styczniu 2015 zawiesi\u0142 swoje cz\u0142onkostwo w SLD, a pod koniec maja tego samego roku wyst\u0105pi\u0142 z partii (w sejmiku pozosta\u0142 w klubie SLD Lewica Razem). Miesi\u0105c p\u00f3\u017aniej zaanga\u017cowa\u0142 si\u0119 w tworzenie nowej partii Bia\u0142o-Czerwoni, jednak wkr\u00f3tce z niej wyst\u0105pi\u0142. W lutym 2016 zosta\u0142 cz\u0142onkiem za\u0142o\u017cycielem lewicowego stowarzyszenia Inicjatywa Polska.<br \/>\n12 wrze\u015bnia 2017 zosta\u0142 przez zgromadzenie prezydent\u00f3w, burmistrz\u00f3w oraz w\u00f3jt\u00f3w miast i gmin wchodz\u0105cych w sk\u0142ad G\u00f3rno\u015bl\u0105sko-Zag\u0142\u0119biowskiej Metropolii wybrany na przewodnicz\u0105cego zarz\u0105du metropolii na obszarze G\u00f3rnego \u015al\u0105ska i Zag\u0142\u0119bia D\u0105browskiego \u2013 pierwszego zwi\u0105zku metropolitalnego w Polsce. W zwi\u0105zku z tym z\u0142o\u017cy\u0142 mandat radnego sejmiku oraz ust\u0105pi\u0142 z funkcji cz\u0142onka zarz\u0105du wojew\u00f3dztwa.<\/p>\n<\/div>\n<p>\n<\/div>\r\n                    <\/div>\r\n                <\/div>[\/vc_column][\/vc_row]<\/p>","protected":false},"excerpt":{"rendered":"<p>[vc_row][vc_column][\/vc_column][\/vc_row] [&#8230;]<\/p>\n<p><a class=\"btn btn-secondary understrap-read-more-link\" href=\"https:\/\/us.edu.pl\/absolwent\/absolwencius\/nasi-absolwenci\/kazimierz-karolczak-nasi-absolwenci\/\">Read More&#8230;<\/a><\/p>\n","protected":false},"author":1,"featured_media":0,"parent":331,"menu_order":0,"comment_status":"closed","ping_status":"closed","template":"","meta":{"_expiration-date-status":"saved","_expiration-date":0,"_expiration-date-type":"","_expiration-date-categories":[],"_expiration-date-options":[]},"acf":[],"_links":{"self":[{"href":"https:\/\/us.edu.pl\/absolwent\/wp-json\/wp\/v2\/pages\/551"}],"collection":[{"href":"https:\/\/us.edu.pl\/absolwent\/wp-json\/wp\/v2\/pages"}],"about":[{"href":"https:\/\/us.edu.pl\/absolwent\/wp-json\/wp\/v2\/types\/page"}],"author":[{"embeddable":true,"href":"https:\/\/us.edu.pl\/absolwent\/wp-json\/wp\/v2\/users\/1"}],"replies":[{"embeddable":true,"href":"https:\/\/us.edu.pl\/absolwent\/wp-json\/wp\/v2\/comments?post=551"}],"version-history":[{"count":4,"href":"https:\/\/us.edu.pl\/absolwent\/wp-json\/wp\/v2\/pages\/551\/revisions"}],"predecessor-version":[{"id":1171,"href":"https:\/\/us.edu.pl\/absolwent\/wp-json\/wp\/v2\/pages\/551\/revisions\/1171"}],"up":[{"embeddable":true,"href":"https:\/\/us.edu.pl\/absolwent\/wp-json\/wp\/v2\/pages\/331"}],"wp:attachment":[{"href":"https:\/\/us.edu.pl\/absolwent\/wp-json\/wp\/v2\/media?parent=551"}],"curies":[{"name":"wp","href":"https:\/\/api.w.org\/{rel}","templated":true}]}}