{"id":557,"date":"2019-10-15T13:58:25","date_gmt":"2019-10-15T11:58:25","guid":{"rendered":"https:\/\/us.edu.pl\/absolwent\/?page_id=557"},"modified":"2019-11-06T16:26:13","modified_gmt":"2019-11-06T15:26:13","slug":"aneta-latacz-nasi-absolwenci","status":"publish","type":"page","link":"https:\/\/us.edu.pl\/absolwent\/absolwencius\/nasi-absolwenci\/aneta-latacz-nasi-absolwenci\/","title":{"rendered":"Aneta Latacz &#8211; Nasi Absolwenci"},"content":{"rendered":"<p>[vc_row][vc_column]\r\n                <div class=\"text-modules\">\r\n                    <div class=\"container\">\r\n                        <h3 class=\"page-title text__title\">Aneta Latacz - Nasi Absolwenci<\/h3>\r\n                        <div class=\"text-modules__content\"><\/p>\n<div class=\"content\">\n<p><img class=\"imagefield imagefield-field_image alignleft\" src=\"http:\/\/absolwent.us.edu.pl\/sites\/absolwent.us.edu.pl\/files\/aneta_latacz_45_male.jpg?1424955628\" alt=\"\" width=\"200\" height=\"200\" \/><\/p>\n<p class=\"rtejustify\" style=\"text-align: left\">Absolwentka filologii polskiej na Wydziale Filologicznym i nauczyciel dyplomowany. W latach 2012 &#8211; 2014 zast\u0119pca prezydenta miasta Bytomia. Od 1987 roku pracowa\u0142a na stanowisku nauczyciela w\u00a0Zespole Szk\u00f3\u0142 Ekonomicznych w Bytomiu. W 1996 roku zosta\u0142a dyrektorem Szko\u0142y Podstawowej nr 44 w Bytomiu i pe\u0142ni\u0142a t\u0119 funkcj\u0119 nieprzerwanie przez szesna\u015bcie lat do pa\u017adziernika 2012 roku. Od 2004 roku czynnie wype\u0142nia\u0142a obowi\u0105zki egzaminatora Okr\u0119gowej Komisji Egzaminacyjnej w Jaworznie. W latach 1995-1999 i 2004-2007 pe\u0142ni\u0142a funkcj\u0119 \u0142awnika S\u0105du Rejonowego w Bytomiu.<\/p>\n<p class=\"rtejustify\" style=\"text-align: left\">Za swoj\u0105 dzia\u0142alno\u015b\u0107 na rzecz bytomskiej o\u015bwiaty zosta\u0142a dwukrotnie nagrodzona Nagrod\u0105 Prezydenta Bytomia; Nagrod\u0105 \u015al\u0105skiego Kuratora O\u015bwiaty; Br\u0105zowym Krzy\u017cem Zas\u0142ugi oraz Z\u0142ot\u0105 Odznak\u0105 Honorow\u0105 Ligi Ochrony Przyrody (LOP) Z\u0142oty \u017bubr.<\/p>\n<p class=\"rtejustify\" style=\"text-align: left\">Wiceprezydent Bytomia od 2012 do 2018 roku.<\/p>\n<\/div>\n<p>\n<\/div>\r\n                    <\/div>\r\n                <\/div>[\/vc_column][\/vc_row]<\/p>","protected":false},"excerpt":{"rendered":"<p>[vc_row][vc_column][\/vc_column][\/vc_row] [&#8230;]<\/p>\n<p><a class=\"btn btn-secondary understrap-read-more-link\" href=\"https:\/\/us.edu.pl\/absolwent\/absolwencius\/nasi-absolwenci\/aneta-latacz-nasi-absolwenci\/\">Read More&#8230;<\/a><\/p>\n","protected":false},"author":1,"featured_media":0,"parent":331,"menu_order":0,"comment_status":"closed","ping_status":"closed","template":"","meta":{"_expiration-date-status":"saved","_expiration-date":0,"_expiration-date-type":"","_expiration-date-categories":[],"_expiration-date-options":[]},"acf":[],"_links":{"self":[{"href":"https:\/\/us.edu.pl\/absolwent\/wp-json\/wp\/v2\/pages\/557"}],"collection":[{"href":"https:\/\/us.edu.pl\/absolwent\/wp-json\/wp\/v2\/pages"}],"about":[{"href":"https:\/\/us.edu.pl\/absolwent\/wp-json\/wp\/v2\/types\/page"}],"author":[{"embeddable":true,"href":"https:\/\/us.edu.pl\/absolwent\/wp-json\/wp\/v2\/users\/1"}],"replies":[{"embeddable":true,"href":"https:\/\/us.edu.pl\/absolwent\/wp-json\/wp\/v2\/comments?post=557"}],"version-history":[{"count":3,"href":"https:\/\/us.edu.pl\/absolwent\/wp-json\/wp\/v2\/pages\/557\/revisions"}],"predecessor-version":[{"id":1174,"href":"https:\/\/us.edu.pl\/absolwent\/wp-json\/wp\/v2\/pages\/557\/revisions\/1174"}],"up":[{"embeddable":true,"href":"https:\/\/us.edu.pl\/absolwent\/wp-json\/wp\/v2\/pages\/331"}],"wp:attachment":[{"href":"https:\/\/us.edu.pl\/absolwent\/wp-json\/wp\/v2\/media?parent=557"}],"curies":[{"name":"wp","href":"https:\/\/api.w.org\/{rel}","templated":true}]}}