{"id":559,"date":"2019-10-15T13:59:36","date_gmt":"2019-10-15T11:59:36","guid":{"rendered":"https:\/\/us.edu.pl\/absolwent\/?page_id=559"},"modified":"2019-12-04T13:35:47","modified_gmt":"2019-12-04T12:35:47","slug":"gabriela-lenartowicz-nasi-absolwenci","status":"publish","type":"page","link":"https:\/\/us.edu.pl\/absolwent\/gabriela-lenartowicz-nasi-absolwenci\/","title":{"rendered":"Gabriela Lenartowicz &#8211; Nasi Absolwenci"},"content":{"rendered":"<p>[vc_row][vc_column]\r\n                <div class=\"text-modules\">\r\n                    <div class=\"container\">\r\n                        <h3 class=\"page-title text__title\">Gabriela Lenartowicz - Nasi Absolwenci<\/h3>\r\n                        <div class=\"text-modules__content\"><\/p>\n<p class=\"rtejustify\" style=\"text-align: left\"><img class=\"size-full wp-image-371 alignleft\" src=\"https:\/\/us.edu.pl\/absolwent\/wp-content\/uploads\/sites\/10\/nasi-absolwenci\/strefa-polityki\/gabriela_lenartowicz_male.jpg\" alt=\"\" width=\"200\" height=\"200\" srcset=\"https:\/\/us.edu.pl\/absolwent\/wp-content\/uploads\/sites\/10\/nasi-absolwenci\/strefa-polityki\/gabriela_lenartowicz_male.jpg 200w, https:\/\/us.edu.pl\/absolwent\/wp-content\/uploads\/sites\/10\/nasi-absolwenci\/strefa-polityki\/gabriela_lenartowicz_male-150x150.jpg 150w\" sizes=\"(max-width: 200px) 100vw, 200px\" \/>Absolwentka prawa na Wydziale Prawa i Administracji. Pose\u0142 na Sejm RP VIII kadencji, by\u0142a cz\u0142onkini\u0105 Komisji Ochrony \u015arodowiska, Zasob\u00f3w Naturalnych i Le\u015bnictwa oraz Komisji Mniejszo\u015bci Narodowych i Etnicznych, pracowa\u0142a te\u017c w Komisji Gospodarki i Rozwoju (2015\u20132017) oraz Komisji Nadzwyczajnej do spraw zmian w kodyfikacjach (2015\u20132016).<\/p>\n<p class=\"rtejustify\" style=\"text-align: left\">W 2015 roku by\u0142a Wicewojewod\u0105 \u015al\u0105skim. W latach 2008-2014 roku zajmowa\u0142a stanowisko Prezesa Zarz\u0105du Wojew\u00f3dzkiego Funduszu Ochrony \u015arodowiska i Gospodarki Wodnej w Katowicach, a w latach 2013-2014 Przewodnicz\u0105c\u0105 Konwentu wojew\u00f3dzkich funduszy ochrony \u015brodowiska i gospodarki wodnej w Polsce. Od 16 listopada 2014 do 1 lipca 2015 roku by\u0142a Cz\u0142onkiem Zarz\u0105du Wojew\u00f3dztwa \u015al\u0105skiego. Radna Sejmiku \u015al\u0105skiego II i III kadencji. Do\u015bwiadczenie samorz\u0105dowe zdobywa\u0142a jako naczelnik wydzia\u0142\u00f3w rozwoju urz\u0119d\u00f3w miast Raciborza i Rybnika oraz jako sekretarz Powiatu Raciborskiego. Specjalizuje si\u0119 w zagadnieniach zwi\u0105zanych z finansowaniem inwestycji w infrastruktur\u0119 i ekologi\u0119 oraz zarz\u0105dzaniem funduszami europejskimi. W wyborach w 2019 roku kandydowa\u0142a z listy KO uzyskuj\u0105c ponownie mandat poselski.<\/p>\n<p class=\"rtejustify\" style=\"text-align: left\">Laureatka wielu presti\u017cowych nagr\u00f3d i tytu\u0142\u00f3w o charakterze tak regionalnym jak i krajowym. Uzyska\u0142a tytu\u0142 Mecenasa Polskiej Ekologii, Lask\u0119 Niezawodnego Przyjaciela &#8211; najwy\u017csze odznaczenie Zwi\u0105zku Harcerstwa Polskiego. Otrzyma\u0142a wiele odznacze\u0144 resortowych w tym Ministra \u015arodowiska i Ministra Spraw Wewn\u0119trznych i Administracji. \u015arodowiska gospodarcze doceni\u0142y j\u0105 Platynowym Laurem Zielona Gospodarka i \u015al\u0105sk\u0105 Indywidualn\u0105 Nagrod\u0105 Jako\u015bci w kategorii Praktyka. W 2014 roku znalaz\u0142a si\u0119 na 5 miejscu w\u015br\u00f3d najbardziej wp\u0142ywowych kobiet wojew\u00f3dztwa \u015bl\u0105skiego, wcze\u015bniej uzyska\u0142a nagrod\u0119 Narcyz &#8211; dla wyr\u00f3\u017cniaj\u0105cych si\u0119 kobiet \u015al\u0105ska. Odznaczona zosta\u0142a z\u0142ot\u0105 odznak\u0105 Za zas\u0142ugi dla Wojew\u00f3dztwa \u015al\u0105skiego.<\/p>\n<p>\n<\/div>\r\n                    <\/div>\r\n                <\/div>[\/vc_column][\/vc_row]<\/p>","protected":false},"excerpt":{"rendered":"<p>[vc_row][vc_column][\/vc_column][\/vc_row] [&#8230;]<\/p>\n<p><a class=\"btn btn-secondary understrap-read-more-link\" href=\"https:\/\/us.edu.pl\/absolwent\/gabriela-lenartowicz-nasi-absolwenci\/\">Read More&#8230;<\/a><\/p>\n","protected":false},"author":1,"featured_media":0,"parent":0,"menu_order":0,"comment_status":"closed","ping_status":"closed","template":"","meta":{"_expiration-date-status":"saved","_expiration-date":0,"_expiration-date-type":"","_expiration-date-categories":[],"_expiration-date-options":[]},"acf":[],"_links":{"self":[{"href":"https:\/\/us.edu.pl\/absolwent\/wp-json\/wp\/v2\/pages\/559"}],"collection":[{"href":"https:\/\/us.edu.pl\/absolwent\/wp-json\/wp\/v2\/pages"}],"about":[{"href":"https:\/\/us.edu.pl\/absolwent\/wp-json\/wp\/v2\/types\/page"}],"author":[{"embeddable":true,"href":"https:\/\/us.edu.pl\/absolwent\/wp-json\/wp\/v2\/users\/1"}],"replies":[{"embeddable":true,"href":"https:\/\/us.edu.pl\/absolwent\/wp-json\/wp\/v2\/comments?post=559"}],"version-history":[{"count":3,"href":"https:\/\/us.edu.pl\/absolwent\/wp-json\/wp\/v2\/pages\/559\/revisions"}],"predecessor-version":[{"id":1175,"href":"https:\/\/us.edu.pl\/absolwent\/wp-json\/wp\/v2\/pages\/559\/revisions\/1175"}],"wp:attachment":[{"href":"https:\/\/us.edu.pl\/absolwent\/wp-json\/wp\/v2\/media?parent=559"}],"curies":[{"name":"wp","href":"https:\/\/api.w.org\/{rel}","templated":true}]}}