{"id":569,"date":"2019-10-15T14:05:58","date_gmt":"2019-10-15T12:05:58","guid":{"rendered":"https:\/\/us.edu.pl\/absolwent\/?page_id=569"},"modified":"2019-12-04T16:16:33","modified_gmt":"2019-12-04T15:16:33","slug":"krzysztof-mikula-nasi-absolwenci","status":"publish","type":"page","link":"https:\/\/us.edu.pl\/absolwent\/krzysztof-mikula-nasi-absolwenci\/","title":{"rendered":"Krzysztof Miku\u0142a &#8211; Nasi Absolwenci"},"content":{"rendered":"<p><\/p>\n<p>[vc_row][vc_column]\r\n                <div class=\"text-modules\">\r\n                    <div class=\"container\">\r\n                        <h3 class=\"page-title text__title\">Krzysztof Miku\u0142a - Nasi Absolwenci<\/h3>\r\n                        <div class=\"text-modules__content\"><\/p>\n<p class=\"rtejustify\" style=\"text-align: left\"><img class=\"size-full wp-image-388 alignleft\" src=\"https:\/\/us.edu.pl\/absolwent\/wp-content\/uploads\/sites\/10\/nasi-absolwenci\/strefa-polityki\/wiceprezydent_krzysztof_mikula_male.jpg\" alt=\"\" width=\"200\" height=\"200\" srcset=\"https:\/\/us.edu.pl\/absolwent\/wp-content\/uploads\/sites\/10\/nasi-absolwenci\/strefa-polityki\/wiceprezydent_krzysztof_mikula_male.jpg 200w, https:\/\/us.edu.pl\/absolwent\/wp-content\/uploads\/sites\/10\/nasi-absolwenci\/strefa-polityki\/wiceprezydent_krzysztof_mikula_male-150x150.jpg 150w\" sizes=\"(max-width: 200px) 100vw, 200px\" \/>Absolwent Wydzia\u0142u Prawa i Administracji Uniwersytetu \u015al\u0105skiego w Katowicach. By\u0142 Wiceprezesem Zarz\u0105du ds. Grupy Kapita\u0142owej w W\u0118GLOKOKSie S.A., cz\u0142onek zarz\u0105du Huty Pok\u00f3j, a w latach 2014-2015 by\u0142 Pierwszym Wiceprezydentem Miasta Katowice.<\/p>\n<p class=\"rtejustify\" style=\"text-align: left\">B\u0119d\u0105c radnym Katowic w latach 1998-2005 mi\u0119dzy innymi zainicjowa\u0142 powstanie pierwszego w Katowicach wielofunkcyjnego obiektu sportowego \u201eS\u0142owian\u201d. W latach 2005-2007 jako pose\u0142 na Sejm RP podj\u0105\u0142 skuteczne dzia\u0142ania na rzecz przekazania w r\u0119ce samorz\u0105du \u015bl\u0105skich przedsi\u0119biorstw u\u017cyteczno\u015bci publicznej. W latach 2010-2014 b\u0119d\u0105c wpierw wiceprezesem, a nast\u0119pnie prezesem zarz\u0105du w sp\u00f3\u0142ce Katowickiego Towarzystwa Budownictwa Spo\u0142ecznego (TBS), pracowa\u0142 nad koncepcjami budowy mieszka\u0144 na wynajem z opcj\u0105 stopniowego dochodzenia do w\u0142asno\u015bci oraz koordynowa\u0142 przygotowanie i realizacj\u0119 jednej z pierwszych w kraju inwestycji budowy mieszka\u0144 spo\u0142ecznych, finansowanej przez emisj\u0119 obligacji.<\/p>\n<p class=\"rtejustify\" style=\"text-align: left\">Od wielu lat zaanga\u017cowany jest w przedsi\u0119wzi\u0119cia spo\u0142eczne i edukacyjne, mi\u0119dzy innymi wsp\u00f3\u0142tworzy\u0142 pierwsz\u0105 na \u015al\u0105sku elitarn\u0105 szko\u0142\u0119 dla m\u0142odych lider\u00f3w spo\u0142eczno-politycznych \u201eKu\u017ania\u201d, Dni M\u0142odych Chrze\u015bcijan i katowicki Orszak Trzech Kr\u00f3li. B\u0119d\u0105c zwolennikiem i propagatorem szk\u00f3\u0142 i przedszkoli rodzinnych, wsp\u00f3\u0142tworzy\u0142 katowickie Przedszkole Niepubliczne \u201eW\u0119gielek\u201d, Szko\u0142\u0119 Podstawow\u0105 dla ch\u0142opc\u00f3w\u201eKu\u017anica\u201d i Szko\u0142\u0119 Podstawow\u0105 dla Dziewcz\u0105t \u201eP\u0142omie\u0144\u201d.<\/p>\n<p>\n<\/div>\r\n                    <\/div>\r\n                <\/div>[\/vc_column][\/vc_row]<\/p>\n<p><\/p>","protected":false},"excerpt":{"rendered":"<p>[vc_row][vc_column][\/vc_column][\/vc_row] [&#8230;]<\/p>\n<p><a class=\"btn btn-secondary understrap-read-more-link\" href=\"https:\/\/us.edu.pl\/absolwent\/krzysztof-mikula-nasi-absolwenci\/\">Read More&#8230;<\/a><\/p>\n","protected":false},"author":1,"featured_media":0,"parent":0,"menu_order":0,"comment_status":"closed","ping_status":"closed","template":"","meta":{"_expiration-date-status":"saved","_expiration-date":0,"_expiration-date-type":"","_expiration-date-categories":[],"_expiration-date-options":[]},"acf":[],"_links":{"self":[{"href":"https:\/\/us.edu.pl\/absolwent\/wp-json\/wp\/v2\/pages\/569"}],"collection":[{"href":"https:\/\/us.edu.pl\/absolwent\/wp-json\/wp\/v2\/pages"}],"about":[{"href":"https:\/\/us.edu.pl\/absolwent\/wp-json\/wp\/v2\/types\/page"}],"author":[{"embeddable":true,"href":"https:\/\/us.edu.pl\/absolwent\/wp-json\/wp\/v2\/users\/1"}],"replies":[{"embeddable":true,"href":"https:\/\/us.edu.pl\/absolwent\/wp-json\/wp\/v2\/comments?post=569"}],"version-history":[{"count":2,"href":"https:\/\/us.edu.pl\/absolwent\/wp-json\/wp\/v2\/pages\/569\/revisions"}],"predecessor-version":[{"id":1186,"href":"https:\/\/us.edu.pl\/absolwent\/wp-json\/wp\/v2\/pages\/569\/revisions\/1186"}],"wp:attachment":[{"href":"https:\/\/us.edu.pl\/absolwent\/wp-json\/wp\/v2\/media?parent=569"}],"curies":[{"name":"wp","href":"https:\/\/api.w.org\/{rel}","templated":true}]}}