{"id":571,"date":"2019-10-15T14:07:14","date_gmt":"2019-10-15T12:07:14","guid":{"rendered":"https:\/\/us.edu.pl\/absolwent\/?page_id=571"},"modified":"2019-12-04T16:20:37","modified_gmt":"2019-12-04T15:20:37","slug":"damian-mrowiec-nasi-absolwenci","status":"publish","type":"page","link":"https:\/\/us.edu.pl\/absolwent\/damian-mrowiec-nasi-absolwenci\/","title":{"rendered":"Damian Mrowiec &#8211; Nasi Absolwenci"},"content":{"rendered":"<p><\/p>\n<p>[vc_row][vc_column]\r\n                <div class=\"text-modules\">\r\n                    <div class=\"container\">\r\n                        <h3 class=\"page-title text__title\">Damian Mrowiec - Nasi Absolwenci<\/h3>\r\n                        <div class=\"text-modules__content\"><\/p>\n<div class=\"content\">\n<p class=\"rtejustify\" style=\"text-align: left\"><img class=\"size-medium wp-image-337 alignleft\" src=\"https:\/\/us.edu.pl\/absolwent\/wp-content\/uploads\/sites\/10\/Nieprzypisane\/damian_mrowiec.1-300x300.jpg\" alt=\"\" width=\"300\" height=\"300\" srcset=\"https:\/\/us.edu.pl\/absolwent\/wp-content\/uploads\/sites\/10\/Nieprzypisane\/damian_mrowiec.1-300x300.jpg 300w, https:\/\/us.edu.pl\/absolwent\/wp-content\/uploads\/sites\/10\/Nieprzypisane\/damian_mrowiec.1-150x150.jpg 150w, https:\/\/us.edu.pl\/absolwent\/wp-content\/uploads\/sites\/10\/Nieprzypisane\/damian_mrowiec.1-768x768.jpg 768w, https:\/\/us.edu.pl\/absolwent\/wp-content\/uploads\/sites\/10\/Nieprzypisane\/damian_mrowiec.1-1024x1024.jpg 1024w, https:\/\/us.edu.pl\/absolwent\/wp-content\/uploads\/sites\/10\/Nieprzypisane\/damian_mrowiec.1.jpg 1200w\" sizes=\"(max-width: 300px) 100vw, 300px\" \/>Urodzi\u0142 si\u0119 w 1961 roku. Uko\u0144czy\u0142 socjologi\u0119 na Wydziale Nauk Spo\u0142ecznych Uniwersytetu \u015al\u0105skiego. Z samorz\u0105dem zwi\u0105zany jest od momentu jego powstania w 1990 roku. Przez dwie kadencje pe\u0142ni\u0142 funkcj\u0119 przewodnicz\u0105cego Rady Gminy w Lyskach. Jest Starost\u0105 Powiatu Rybnickiego od 1998 roku. Ponadto jest Cz\u0142onkiem Komisji Rolnictwa, Ochrony \u015arodowiska i Gospodarki Wodnej. Na stanowisko zosta\u0142 wybrany z listy Komitetu Wyborczego Wyborc\u00f3w Ruch Rozwoju Gmin Regionu Rybnickiego. W 2012 roku zosta\u0142 odznaczony Srebrnym Medalem za Zas\u0142ugi dla Policji.<\/p>\n<p>W wolnych chwilach spaceruje, fotografuje przyrod\u0119, czyta ksi\u0105\u017cki oraz s\u0142ucha muzyki \u2013 g\u0142\u00f3wnie rockowej i metalowej ale tak\u017ce operowej.<br \/>\nKieruj\u0105c pracami Zarz\u0105du przyk\u0142ada wielk\u0105 wag\u0119 do wszechstronnego i zr\u00f3wnowa\u017conego rozwoju Powiatu. Wspiera kultywowanie \u015bl\u0105skich tradycji, jak r\u00f3wnie\u017c ch\u0119tnie i skutecznie nawi\u0105zuje wsp\u00f3\u0142prac\u0119 na zewn\u0105trz. Wspiera m\u0142odych ludzi z terenu powiatu, finansuje imprezy sportowe i muzyczne oraz propaguje postawy proekologiczne. Promuje walory turystyczno \u2013 rekreacyjne powiatu i buduje jego siln\u0105 mark\u0119. Jest tw\u00f3rc\u0105 jednego z najtaniej administrowanych Urz\u0119d\u00f3w w Polsce. W czasie sprawowania przez niego funkcji starosty m.in. wybudowano i odnowiono wiele dr\u00f3g, oraz budynk\u00f3w u\u017cyteczno\u015bci publicznej, podj\u0119to realizacj\u0119 programu termomodernizacji i e-administracji, uruchomiono Warsztaty Terapii Zaj\u0119ciowej dla niepe\u0142nosprawnych oraz przej\u0119to na w\u0142asno\u015b\u0107 powiatu kompleks szpitalny \u201eJuliusz&#8221; w Rybniku. Stale pozyskiwane s\u0105 pieni\u0105dze ze \u017ar\u00f3de\u0142 zewn\u0119trznych, co umo\u017cliwia wykonanie szeregu inwestycji powiatowych.<\/p>\n<\/div>\n<p>\n<\/div>\r\n                    <\/div>\r\n                <\/div>[\/vc_column][\/vc_row]<\/p>\n<p><\/p>","protected":false},"excerpt":{"rendered":"<p>[vc_row][vc_column][\/vc_column][\/vc_row] [&#8230;]<\/p>\n<p><a class=\"btn btn-secondary understrap-read-more-link\" href=\"https:\/\/us.edu.pl\/absolwent\/damian-mrowiec-nasi-absolwenci\/\">Read More&#8230;<\/a><\/p>\n","protected":false},"author":1,"featured_media":0,"parent":0,"menu_order":0,"comment_status":"closed","ping_status":"closed","template":"","meta":{"_expiration-date-status":"saved","_expiration-date":0,"_expiration-date-type":"","_expiration-date-categories":[],"_expiration-date-options":[]},"acf":[],"_links":{"self":[{"href":"https:\/\/us.edu.pl\/absolwent\/wp-json\/wp\/v2\/pages\/571"}],"collection":[{"href":"https:\/\/us.edu.pl\/absolwent\/wp-json\/wp\/v2\/pages"}],"about":[{"href":"https:\/\/us.edu.pl\/absolwent\/wp-json\/wp\/v2\/types\/page"}],"author":[{"embeddable":true,"href":"https:\/\/us.edu.pl\/absolwent\/wp-json\/wp\/v2\/users\/1"}],"replies":[{"embeddable":true,"href":"https:\/\/us.edu.pl\/absolwent\/wp-json\/wp\/v2\/comments?post=571"}],"version-history":[{"count":2,"href":"https:\/\/us.edu.pl\/absolwent\/wp-json\/wp\/v2\/pages\/571\/revisions"}],"predecessor-version":[{"id":1187,"href":"https:\/\/us.edu.pl\/absolwent\/wp-json\/wp\/v2\/pages\/571\/revisions\/1187"}],"wp:attachment":[{"href":"https:\/\/us.edu.pl\/absolwent\/wp-json\/wp\/v2\/media?parent=571"}],"curies":[{"name":"wp","href":"https:\/\/api.w.org\/{rel}","templated":true}]}}