{"id":577,"date":"2019-10-15T14:10:30","date_gmt":"2019-10-15T12:10:30","guid":{"rendered":"https:\/\/us.edu.pl\/absolwent\/?page_id=577"},"modified":"2019-12-04T16:41:50","modified_gmt":"2019-12-04T15:41:50","slug":"danuta-pietraszewska-nasi-absolwenci","status":"publish","type":"page","link":"https:\/\/us.edu.pl\/absolwent\/danuta-pietraszewska-nasi-absolwenci\/","title":{"rendered":"Danuta Pietraszewska &#8211; Nasi Absolwenci"},"content":{"rendered":"<p><\/p>\n<p>[vc_row][vc_column]\r\n                <div class=\"text-modules\">\r\n                    <div class=\"container\">\r\n                        <h3 class=\"page-title text__title\">Danuta Pietraszewska - Nasi Absolwenci<\/h3>\r\n                        <div class=\"text-modules__content\"><\/p>\n<div class=\"content\">\n<p class=\"rtejustify\" style=\"text-align: left\"><img class=\"size-full wp-image-368 alignleft\" src=\"https:\/\/us.edu.pl\/absolwent\/wp-content\/uploads\/sites\/10\/nasi-absolwenci\/strefa-polityki\/dp.jpg\" alt=\"\" width=\"200\" height=\"200\" srcset=\"https:\/\/us.edu.pl\/absolwent\/wp-content\/uploads\/sites\/10\/nasi-absolwenci\/strefa-polityki\/dp.jpg 200w, https:\/\/us.edu.pl\/absolwent\/wp-content\/uploads\/sites\/10\/nasi-absolwenci\/strefa-polityki\/dp-150x150.jpg 150w\" sizes=\"(max-width: 200px) 100vw, 200px\" \/>Polityk, nauczycielka i samorz\u0105dowiec, pos\u0142anka na Sejm V, VI, VII i VIII kadencji. Jest przewodnicz\u0105c\u0105 Komisji Mniejszo\u015bci Narodowych i Etnicznych oraz cz\u0142onkiem Komisji Ustawodawczej.<\/p>\n<p class=\"rtejustify\" style=\"text-align: left\">Absolwentka filologii polskiej na Uniwersytecie \u015al\u0105skim. Jest nauczycielem dyplomowanym z II stopniem specjalizacji. Przez 30 lat pracowa\u0142a jako nauczycielka.<\/p>\n<p class=\"rtejustify\" style=\"text-align: left\">W 2002 roku zosta\u0142a radn\u0105 Rudy \u015al\u0105skiej, po czym obj\u0119\u0142a funkcj\u0119 zast\u0119pcy prezydenta miasta. W 2005 roku z listy Platformy Obywatelskiej zosta\u0142a wybrana do Sejmu V kadencji w okr\u0119gu katowickim. W wyborach parlamentarnych w 2007 roku po raz drugi uzyska\u0142a mandat poselski. Wchodzi\u0142a w sk\u0142ad komisji \u015bledczej ds. zbadania okoliczno\u015bci tragicznej \u015bmierci by\u0142ej pos\u0142anki Barbary Blidy. W wyborach w 2011 roku z powodzeniem ubiega\u0142a si\u0119 o reelekcj\u0119. W wyborach parlamentarnych w 2015 roku po raz czwarty uzyska\u0142a mandat poselski w okr\u0119gu katowickim. W Sejmie VIII kadencji zosta\u0142a przewodnicz\u0105c\u0105 Komisji Mniejszo\u015bci Narodowych i Etnicznych oraz cz\u0142onkiem Komisji Ustawodawczej, pracowa\u0142a te\u017c w Komisji Edukacji, Nauki i M\u0142odzie\u017cy. Nie kandydowa\u0142a w kolejnych wyborach w 2019.<\/p>\n<\/div>\n<p>\n<\/div>\r\n                    <\/div>\r\n                <\/div>[\/vc_column][\/vc_row]<\/p>\n<p><\/p>","protected":false},"excerpt":{"rendered":"<p>[vc_row][vc_column][\/vc_column][\/vc_row] [&#8230;]<\/p>\n<p><a class=\"btn btn-secondary understrap-read-more-link\" href=\"https:\/\/us.edu.pl\/absolwent\/danuta-pietraszewska-nasi-absolwenci\/\">Read More&#8230;<\/a><\/p>\n","protected":false},"author":1,"featured_media":0,"parent":0,"menu_order":0,"comment_status":"closed","ping_status":"closed","template":"","meta":{"_expiration-date-status":"saved","_expiration-date":0,"_expiration-date-type":"","_expiration-date-categories":[],"_expiration-date-options":[]},"acf":[],"_links":{"self":[{"href":"https:\/\/us.edu.pl\/absolwent\/wp-json\/wp\/v2\/pages\/577"}],"collection":[{"href":"https:\/\/us.edu.pl\/absolwent\/wp-json\/wp\/v2\/pages"}],"about":[{"href":"https:\/\/us.edu.pl\/absolwent\/wp-json\/wp\/v2\/types\/page"}],"author":[{"embeddable":true,"href":"https:\/\/us.edu.pl\/absolwent\/wp-json\/wp\/v2\/users\/1"}],"replies":[{"embeddable":true,"href":"https:\/\/us.edu.pl\/absolwent\/wp-json\/wp\/v2\/comments?post=577"}],"version-history":[{"count":2,"href":"https:\/\/us.edu.pl\/absolwent\/wp-json\/wp\/v2\/pages\/577\/revisions"}],"predecessor-version":[{"id":1191,"href":"https:\/\/us.edu.pl\/absolwent\/wp-json\/wp\/v2\/pages\/577\/revisions\/1191"}],"wp:attachment":[{"href":"https:\/\/us.edu.pl\/absolwent\/wp-json\/wp\/v2\/media?parent=577"}],"curies":[{"name":"wp","href":"https:\/\/api.w.org\/{rel}","templated":true}]}}