{"id":581,"date":"2019-10-15T14:12:37","date_gmt":"2019-10-15T12:12:37","guid":{"rendered":"https:\/\/us.edu.pl\/absolwent\/?page_id=581"},"modified":"2019-12-04T16:51:42","modified_gmt":"2019-12-04T15:51:42","slug":"mariusz-skiba-nasi-absolwenci","status":"publish","type":"page","link":"https:\/\/us.edu.pl\/absolwent\/mariusz-skiba-nasi-absolwenci\/","title":{"rendered":"Mariusz Skiba &#8211; Nasi Absolwenci"},"content":{"rendered":"<p>[vc_row][vc_column]\r\n                <div class=\"text-modules\">\r\n                    <div class=\"container\">\r\n                        <h3 class=\"page-title text__title\">Mariusz Skiba - Nasi Absolwenci<\/h3>\r\n                        <div class=\"text-modules__content\"><\/p>\n<div class=\"content\">\n<p class=\"rtejustify\">Absolwent politologii na Wydziale Nauk Spo\u0142ecznych oraz zarz\u0105dzania i in\u017cynierii produkcji Politechniki \u015al\u0105skiej. Dodatkowo uko\u0144czy\u0142 studia podyplomowe z zakresu zarz\u0105dzania projektem europejskim. W latach 2010-2014 pe\u0142ni\u0142 funkcj\u0119 Radnego Miasta Katowice. Pracowa\u0142 w Komisjach Bud\u017cetu oraz Infrastruktury i \u015arodowiska, gdzie od 2013 roku by\u0142 Przewodnicz\u0105cym. Od 2014 roku jest Wiceprezydentem Miasta Katowice, desygnowany na stanowisko przez Prawo i Sprawiedliwo\u015b\u0107. 16 listopada 2018 roku zosta\u0142 odwo\u0142any z funkcji ze wzgl\u0119du na to, \u017ce nie m\u00f3g\u0142 wyst\u0119powa\u0107 w tym samym czasie w rolach wiceprezydenta i radnego. 26 listopada tego samego roku zosta\u0142 powo\u0142any ponownie na stanowisko wiceprezydenta miasta.<\/p>\n<p class=\"rtejustify\">Od 2008 roku pe\u0142ni funkcj\u0119 Skarbnika Komitetu Powiatowego Prawa i Sprawiedliwo\u015bci (PiS). W latach 2007-2011 pe\u0142ni\u0142 funkcj\u0119 Zast\u0119pcy Przewodnicz\u0105cego Zarz\u0105du Rady Jednostki Pomocniczej nr 19 Piotrowice-Ochojec. Nast\u0119pnie koordynowa\u0142 prace zespo\u0142u z\u0142o\u017conego z mieszka\u0144c\u00f3w Piotrowic i Ochojca, kt\u00f3ry doprowadzi\u0142 do odtworzenia Rady Jednostki Pomocniczej nr 19 w roku 2012. Podlegaj\u0105 mu kom\u00f3rki organizacyjne Urz\u0119du Miasta i jednostki organizacyjne miasta takie jak: Wydzia\u0142 Kszta\u0142towania \u015arodowiska (Katowickie Cmentarze Komunalne, Zak\u0142ad Zieleni Miejskiej), Wydzia\u0142 Spraw Obywatelskich (Zak\u0142ad Targowisk Miejskich), Biuro Geologii i G\u00f3rnictwa, Wydzia\u0142 Funduszy Europejskich, a tak\u017ce Wydzia\u0142 Rozwoju Miasta oraz Biuro Zarz\u0105dzania Energi\u0105.<\/p>\n<\/div>\n<p>\n<\/div>\r\n                    <\/div>\r\n                <\/div>[\/vc_column][\/vc_row]<\/p>","protected":false},"excerpt":{"rendered":"<p>[vc_row][vc_column][\/vc_column][\/vc_row] [&#8230;]<\/p>\n<p><a class=\"btn btn-secondary understrap-read-more-link\" href=\"https:\/\/us.edu.pl\/absolwent\/mariusz-skiba-nasi-absolwenci\/\">Read More&#8230;<\/a><\/p>\n","protected":false},"author":1,"featured_media":0,"parent":0,"menu_order":0,"comment_status":"closed","ping_status":"closed","template":"","meta":{"_expiration-date-status":"saved","_expiration-date":0,"_expiration-date-type":"","_expiration-date-categories":[],"_expiration-date-options":[]},"acf":[],"_links":{"self":[{"href":"https:\/\/us.edu.pl\/absolwent\/wp-json\/wp\/v2\/pages\/581"}],"collection":[{"href":"https:\/\/us.edu.pl\/absolwent\/wp-json\/wp\/v2\/pages"}],"about":[{"href":"https:\/\/us.edu.pl\/absolwent\/wp-json\/wp\/v2\/types\/page"}],"author":[{"embeddable":true,"href":"https:\/\/us.edu.pl\/absolwent\/wp-json\/wp\/v2\/users\/1"}],"replies":[{"embeddable":true,"href":"https:\/\/us.edu.pl\/absolwent\/wp-json\/wp\/v2\/comments?post=581"}],"version-history":[{"count":2,"href":"https:\/\/us.edu.pl\/absolwent\/wp-json\/wp\/v2\/pages\/581\/revisions"}],"predecessor-version":[{"id":1193,"href":"https:\/\/us.edu.pl\/absolwent\/wp-json\/wp\/v2\/pages\/581\/revisions\/1193"}],"wp:attachment":[{"href":"https:\/\/us.edu.pl\/absolwent\/wp-json\/wp\/v2\/media?parent=581"}],"curies":[{"name":"wp","href":"https:\/\/api.w.org\/{rel}","templated":true}]}}