{"id":589,"date":"2019-10-15T14:17:44","date_gmt":"2019-10-15T12:17:44","guid":{"rendered":"https:\/\/us.edu.pl\/absolwent\/?page_id=589"},"modified":"2019-12-04T17:11:22","modified_gmt":"2019-12-04T16:11:22","slug":"tomasz-szczerba-nasi-absolwenci","status":"publish","type":"page","link":"https:\/\/us.edu.pl\/absolwent\/tomasz-szczerba-nasi-absolwenci\/","title":{"rendered":"Tomasz Szczerba &#8211; Nasi Absolwenci"},"content":{"rendered":"<p><\/p>\n<p>[vc_row][vc_column]\r\n                <div class=\"text-modules\">\r\n                    <div class=\"container\">\r\n                        <h3 class=\"page-title text__title\">Tomasz Szczerba - Nasi Absolwenci<\/h3>\r\n                        <div class=\"text-modules__content\"><\/p>\n<div class=\"content\">\n<p class=\"rtejustify\" style=\"text-align: left\"><img class=\"size-medium wp-image-358 alignleft\" src=\"https:\/\/us.edu.pl\/absolwent\/wp-content\/uploads\/sites\/10\/Nieprzypisane\/tsz-obraz-286x300.jpg\" alt=\"\" width=\"286\" height=\"300\" srcset=\"https:\/\/us.edu.pl\/absolwent\/wp-content\/uploads\/sites\/10\/Nieprzypisane\/tsz-obraz-286x300.jpg 286w, https:\/\/us.edu.pl\/absolwent\/wp-content\/uploads\/sites\/10\/Nieprzypisane\/tsz-obraz.jpg 335w\" sizes=\"(max-width: 286px) 100vw, 286px\" \/>Urodzi\u0142 si\u0119 15 sierpnia w Czeladzi. Jego rodzinnym miastem s\u0105 Wojkowice, w kt\u00f3rych ucz\u0119szcza\u0142 do szko\u0142y podstawowej oraz gimnazjum. 28 kwietnia 2006 roku uko\u0144czy\u0142 z wyr\u00f3\u017cnieniem II Liceum Og\u00f3lnokszta\u0142c\u0105ce im. Stanis\u0142awa Wyspia\u0144skiego w B\u0119dzinie. Studia prawnicze na Wydziale Prawa i Administracji Uniwersytetu \u015al\u0105skiego uko\u0144czy\u0142 w przyspieszonym trybie w 4 lata \u2013 29 czerwca 2010 roku z wynikiem bardzo dobrym. Studia prawnicze uko\u0144czy\u0142 ze \u015bredni\u0105 4,89. Swoj\u0105 wiedz\u0119 stale immanentnie wzbogaca o liczne kursy oraz szkolenia zwi\u0105zane g\u0142\u00f3wnie z szeroko poj\u0119tym prawem. W 2009 roku by\u0142 uczestnikiem 10-dniowego mi\u0119dzynarodowego kursu po\u015bwi\u0119conego ochronie praw cz\u0142owieka i mniejszo\u015bci narodowych, kt\u00f3ry corocznie organizuje Pozna\u0144skie Centrum Praw Cz\u0142owieka IPN PAN. W czerwcu 2012 roku na Wydziale Prawa, Administracji i Ekonomii Uniwersytetu Wroc\u0142awskiego uko\u0144czy\u0142 studia podyplomowe z zakresu Prawa Zam\u00f3wie\u0144 Publicznych. W 2016 r. zda\u0142 z wyr\u00f3\u017cnieniem adwokacki egzamin zawodowy i zosta\u0142 adwokatem.<\/p>\n<p class=\"rtejustify\" style=\"text-align: left\">W wyborach samorz\u0105dowych, kt\u00f3re odby\u0142y si\u0119 21 listopada 2010 roku zosta\u0142 wybrany radnym do Rady Miasta Wojkowice. W latach 2010-2014\u00a0 pe\u0142ni\u0142 funkcj\u0119 Przewodnicz\u0105cego Komisji Bud\u017cetu, by\u0142 cz\u0142onkiem Komisji Rewizyjnej oraz Komisji Bezpiecze\u0144stwa. W wyborach samorz\u0105dowych w 2014 roku zosta\u0142 wybrany jako jeden z najm\u0142odszych burmistrz\u00f3w w Polsce.<\/p>\n<p class=\"rtejustify\" style=\"text-align: left\">Na gruncie zawodowym realizowa\u0142\u00a0 si\u0119 na stanowisku asystenta prawnego w Kancelarii Adwokat\u00f3w i Radc\u00f3w Prawnych. Do\u015bwiadczenie zawodowe zdobywa\u0142 m.in. poprzez obs\u0142ug\u0119 prawn\u0105 najwi\u0119kszego operatora sieci telefonii kom\u00f3rkowej w Europie. W latach 2013 do 2015 by\u0142 nauczycielem akademickim z zakresu prawa w Wy\u017cszej Szkole Biznesu w D\u0105browie G\u00f3rniczej. W latach 2012-2018 zasiada\u0142 r\u00f3wnie\u017c w Radzie Nadzorczej Sp\u00f3\u0142dzielni Mieszkaniowej \u201cG\u00f3rnik\u201d, w kt\u00f3rej pe\u0142ni\u0142 funkcj\u0119 Przewodnicz\u0105cego Rady Nadzorczej, uprzednio Komisji Rewizyjnej. Obecnie jest cz\u0142onkiem Rady Nadzorczej Agencji Rozwoju Regionalnego S.A. w Cz\u0119stochowie, przewodnicz\u0105cym Komisji Rewizyjnej KZK GOP w Katowicach oraz przewodnicz\u0105cym Komisji Rewizyjnej G\u00f3rno\u015bl\u0105sko-Zag\u0142\u0119biowskiej Metropolii.<\/p>\n<p class=\"rtejustify\" style=\"text-align: left\">Jego domen\u0105 od zawsze by\u0142a dzia\u0142alno\u015b\u0107 spo\u0142eczna. W latach 2004-2006 obs\u0142ugiwa\u0142 Og\u00f3lnopolski Festiwal Kol\u0119d i Pastora\u0142ek w B\u0119dzinie. W okresie studi\u00f3w by\u0142 cz\u0142onkiem Studenckiej Poradni Prawnej, w kt\u00f3rej udziela\u0142 osobom niezamo\u017cnym bezp\u0142atnych porad prawnych z zakresu prawa pracy i ubezpiecze\u0144 spo\u0142ecznych. Na spotkaniach ko\u0142a naukowego Spiritus Constitutionis poszerza\u0142 znajomo\u015b\u0107 prawa konstytucyjnego, organizuj\u0105c przy tym liczne konferencje oraz debaty. Od 2010 roku by\u0142 wolontariuszem Senatora Zbigniewa Szale\u0144ca, w ramach dzia\u0142alno\u015bci pro bono udziela\u0142 bezp\u0142atnych porad prawnych. W latach 2011-2014 wsp\u00f3\u0142pracowa\u0142 z <a href=\"http:\/\/www.sportowaszansa.pl\/o-fundacji.html\">Fundacj\u0105 \u201eSportowa Szansa\u201d im. Grzegorza Dolniaka<\/a>, w zakresie tej wsp\u00f3\u0142pracy pro bono publico, wspiera\u0142 spo\u0142eczno\u015b\u0107 Powiatu B\u0119dzi\u0144skiego w rozwi\u0105zywaniu trudnych, szeroko rozumianych problem\u00f3w prawnych.<\/p>\n<p class=\"rtejustify\" style=\"text-align: left\">W wolnych chwilach koncentruje si\u0119 na wydarzeniach kulturalnych zwi\u0105zanych z teatrem oraz kinem. Jego pasj\u0105 jest taniec towarzyski. Lubi sport, w szczeg\u00f3lno\u015bci pi\u0142k\u0119 no\u017cn\u0105 oraz siatk\u00f3wk\u0119.<\/p>\n<\/div>\n<p>\n<\/div>\r\n                    <\/div>\r\n                <\/div>[\/vc_column][\/vc_row]<\/p>\n<p><\/p>","protected":false},"excerpt":{"rendered":"<p>[vc_row][vc_column][\/vc_column][\/vc_row] [&#8230;]<\/p>\n<p><a class=\"btn btn-secondary understrap-read-more-link\" href=\"https:\/\/us.edu.pl\/absolwent\/tomasz-szczerba-nasi-absolwenci\/\">Read More&#8230;<\/a><\/p>\n","protected":false},"author":1,"featured_media":0,"parent":0,"menu_order":0,"comment_status":"closed","ping_status":"closed","template":"","meta":{"_expiration-date-status":"saved","_expiration-date":0,"_expiration-date-type":"","_expiration-date-categories":[],"_expiration-date-options":[]},"acf":[],"_links":{"self":[{"href":"https:\/\/us.edu.pl\/absolwent\/wp-json\/wp\/v2\/pages\/589"}],"collection":[{"href":"https:\/\/us.edu.pl\/absolwent\/wp-json\/wp\/v2\/pages"}],"about":[{"href":"https:\/\/us.edu.pl\/absolwent\/wp-json\/wp\/v2\/types\/page"}],"author":[{"embeddable":true,"href":"https:\/\/us.edu.pl\/absolwent\/wp-json\/wp\/v2\/users\/1"}],"replies":[{"embeddable":true,"href":"https:\/\/us.edu.pl\/absolwent\/wp-json\/wp\/v2\/comments?post=589"}],"version-history":[{"count":2,"href":"https:\/\/us.edu.pl\/absolwent\/wp-json\/wp\/v2\/pages\/589\/revisions"}],"predecessor-version":[{"id":1196,"href":"https:\/\/us.edu.pl\/absolwent\/wp-json\/wp\/v2\/pages\/589\/revisions\/1196"}],"wp:attachment":[{"href":"https:\/\/us.edu.pl\/absolwent\/wp-json\/wp\/v2\/media?parent=589"}],"curies":[{"name":"wp","href":"https:\/\/api.w.org\/{rel}","templated":true}]}}