{"id":593,"date":"2019-10-15T14:20:04","date_gmt":"2019-10-15T12:20:04","guid":{"rendered":"https:\/\/us.edu.pl\/absolwent\/?page_id=593"},"modified":"2019-12-04T17:17:11","modified_gmt":"2019-12-04T16:17:11","slug":"krystyna-szumilas-nasi-absolwenci","status":"publish","type":"page","link":"https:\/\/us.edu.pl\/absolwent\/krystyna-szumilas-nasi-absolwenci\/","title":{"rendered":"Krystyna Szumilas &#8211; Nasi Absolwenci"},"content":{"rendered":"<p>[vc_row][vc_column]\r\n                <div class=\"text-modules\">\r\n                    <div class=\"container\">\r\n                        <h3 class=\"page-title text__title\">Krystyna Szumilas - Nasi Absolwenci<\/h3>\r\n                        <div class=\"text-modules__content\"><\/p>\n<div class=\"content\">\n<p class=\"rtejustify\" style=\"text-align: left\"><img class=\"size-full wp-image-375 alignleft\" src=\"https:\/\/us.edu.pl\/absolwent\/wp-content\/uploads\/sites\/10\/nasi-absolwenci\/strefa-polityki\/ksz1.jpg\" alt=\"\" width=\"235\" height=\"235\" srcset=\"https:\/\/us.edu.pl\/absolwent\/wp-content\/uploads\/sites\/10\/nasi-absolwenci\/strefa-polityki\/ksz1.jpg 235w, https:\/\/us.edu.pl\/absolwent\/wp-content\/uploads\/sites\/10\/nasi-absolwenci\/strefa-polityki\/ksz1-150x150.jpg 150w\" sizes=\"(max-width: 235px) 100vw, 235px\" \/>Polityk i samorz\u0105dowiec, pos\u0142anka na Sejm IV, V, VI, VII, VIII i IX kadencji. Od 2007 do 2011 roku piastowa\u0142a stanowisko sekretarza stanu w Ministerstwa Edukacji Narodowej, a w latach 2011-2013 ministra edukacji narodowej.<\/p>\n<p class=\"rtejustify\" style=\"text-align: left\">W 1983 roku uko\u0144czy\u0142a matematyk\u0119 nauczycielsk\u0105 (studia magisterskie) na Wydziale Matematyki, Fizyki i Chemii Uniwersytetu \u015al\u0105skiego, a w 1988 roku studia podyplomowe w zakresie informatyki. Na tej samej uczelni w 1999 roku uko\u0144czy\u0142a tak\u017ce studia podyplomowe w zakresie samorz\u0105du terytorialnego oraz studia podyplomowe z zakresu zarz\u0105dzania zasobami ludzkimi.<\/p>\n<p class=\"rtejustify\" style=\"text-align: left\">W latach 1975\u20131991 pracowa\u0142a jako nauczycielka matematyki w Szkole Podstawowej nr 6 w Knurowie. W latach 1991\u20131995 by\u0142a pe\u0142nomocnikiem zarz\u0105du miasta Knurowa ds. o\u015bwiaty. Uczestniczy\u0142a w procesie przejmowania szk\u00f3\u0142 przez samorz\u0105d oraz zarz\u0105dza\u0142a prac\u0105 szk\u00f3\u0142, przedszkoli i innych plac\u00f3wek o\u015bwiatowych. Od 1995 do 1998 roku kierowa\u0142a Miejskim Zespo\u0142em Jednostek O\u015bwiatowych Urz\u0119du Miejskiego w Knurowie. W latach 1999\u20132001 zasiada\u0142a w zarz\u0105dzie powiatu gliwickiego. Od 1990 do 2001 roku pe\u0142ni\u0142a funkcj\u0119 radnej Knurowa i nast\u0119pnie radnej powiatu gliwickiego.<\/p>\n<p class=\"rtejustify\" style=\"text-align: left\">By\u0142a cz\u0142onkini\u0105 Unii Wolno\u015bci, a od 2001 roku nale\u017cy do Platformy Obywatelskiej.<br \/>\nW styczniu 2006 roku obj\u0119\u0142a funkcj\u0119 rzecznika w tzw. gabinecie cieni PO odpowiedzialnego za edukacj\u0119 i nauk\u0119. Od 2001 do 2007 roku z ramienia PO sprawowa\u0142a mandat poselski w Sejmie IV i V kadencji. W V kadencji przewodniczy\u0142a Komisji Edukacji, Nauki i M\u0142odzie\u017cy. W wyborach parlamentarnych w 2007 po raz trzeci zosta\u0142a pos\u0142em (VI kadencji). 20 listopada 2007 obj\u0119\u0142a stanowisko sekretarza stanu w Ministerstwie Edukacji Narodowej. W wyborach w 2011 roku ponownie zdoby\u0142a mandat poselski z tego samego okr\u0119gu. 17 listopada 2011 roku zosta\u0142a odwo\u0142ana z urz\u0119du sekretarza stanu, a 18 listopada 2011 roku prezydent Bronis\u0142aw Komorowski powo\u0142a\u0142 j\u0105 na urz\u0105d ministra edukacji narodowej w drugim rz\u0105dzie Donalda Tuska. 27 listopada 2013 roku zosta\u0142a odwo\u0142ana z tego stanowiska. W wyborach w 2015 roku z powodzeniem ubiega\u0142a si\u0119 o poselsk\u0105 reelekcj\u0119. W 1998 roku zosta\u0142a odznaczona Srebrnym Krzy\u017cem Zas\u0142ugi.<\/p>\n<\/div>\n<p>\n<\/div>\r\n                    <\/div>\r\n                <\/div>[\/vc_column][\/vc_row]<\/p>","protected":false},"excerpt":{"rendered":"<p>[vc_row][vc_column][\/vc_column][\/vc_row] [&#8230;]<\/p>\n<p><a class=\"btn btn-secondary understrap-read-more-link\" href=\"https:\/\/us.edu.pl\/absolwent\/krystyna-szumilas-nasi-absolwenci\/\">Read More&#8230;<\/a><\/p>\n","protected":false},"author":1,"featured_media":0,"parent":0,"menu_order":0,"comment_status":"closed","ping_status":"closed","template":"","meta":{"_expiration-date-status":"saved","_expiration-date":0,"_expiration-date-type":"","_expiration-date-categories":[],"_expiration-date-options":[]},"acf":[],"_links":{"self":[{"href":"https:\/\/us.edu.pl\/absolwent\/wp-json\/wp\/v2\/pages\/593"}],"collection":[{"href":"https:\/\/us.edu.pl\/absolwent\/wp-json\/wp\/v2\/pages"}],"about":[{"href":"https:\/\/us.edu.pl\/absolwent\/wp-json\/wp\/v2\/types\/page"}],"author":[{"embeddable":true,"href":"https:\/\/us.edu.pl\/absolwent\/wp-json\/wp\/v2\/users\/1"}],"replies":[{"embeddable":true,"href":"https:\/\/us.edu.pl\/absolwent\/wp-json\/wp\/v2\/comments?post=593"}],"version-history":[{"count":3,"href":"https:\/\/us.edu.pl\/absolwent\/wp-json\/wp\/v2\/pages\/593\/revisions"}],"predecessor-version":[{"id":1199,"href":"https:\/\/us.edu.pl\/absolwent\/wp-json\/wp\/v2\/pages\/593\/revisions\/1199"}],"wp:attachment":[{"href":"https:\/\/us.edu.pl\/absolwent\/wp-json\/wp\/v2\/media?parent=593"}],"curies":[{"name":"wp","href":"https:\/\/api.w.org\/{rel}","templated":true}]}}