{"id":595,"date":"2019-10-15T14:21:10","date_gmt":"2019-10-15T12:21:10","guid":{"rendered":"https:\/\/us.edu.pl\/absolwent\/?page_id=595"},"modified":"2019-12-04T17:20:07","modified_gmt":"2019-12-04T16:20:07","slug":"robert-warwas-nasi-absolwenci","status":"publish","type":"page","link":"https:\/\/us.edu.pl\/absolwent\/robert-warwas-nasi-absolwenci\/","title":{"rendered":"Robert Warwas \u2013 Nasi Absolwenci"},"content":{"rendered":"<p>[vc_row][vc_column]\r\n                <div class=\"text-modules\">\r\n                    <div class=\"container\">\r\n                        <h3 class=\"page-title text__title\">Robert Warwas \u2013 Nasi Absolwenci<\/h3>\r\n                        <div class=\"text-modules__content\"><\/p>\n<div class=\"content\">\n<p><img class=\"size-medium wp-image-919 alignleft\" src=\"https:\/\/us.edu.pl\/absolwent\/wp-content\/uploads\/sites\/10\/Nieprzypisane\/Robert-Warwas-233x300.png\" alt=\"\" width=\"233\" height=\"300\" srcset=\"https:\/\/us.edu.pl\/absolwent\/wp-content\/uploads\/sites\/10\/Nieprzypisane\/Robert-Warwas-233x300.png 233w, https:\/\/us.edu.pl\/absolwent\/wp-content\/uploads\/sites\/10\/Nieprzypisane\/Robert-Warwas.png 622w\" sizes=\"(max-width: 233px) 100vw, 233px\" \/>Polityk, samorz\u0105dowiec i dzia\u0142acz zwi\u0105zkowy, pose\u0142 na Sejm RP VIII i IX kadencji.<\/p>\n<p>Absolwent politologii na Wydziale Nauk Spo\u0142ecznych oraz studi\u00f3w podyplomowych z prawa gospodarczego i handlowego na Wydziale Prawa i Administracji Uniwersytetu \u015al\u0105skiego. Pracownik i dzia\u0142acz zwi\u0105zkowy w koncernie energetycznym Tauron Polska Energia. W 2007 roku zosta\u0142 wiceprzewodnicz\u0105cym zak\u0142adowej organizacji zwi\u0105zkowej NSZZ \u201eSolidarno\u015b\u0107\u201d. Wsp\u00f3\u0142tworzy\u0142 \u015al\u0105ski Instytut Rozwoju Regionalnego, zaanga\u017cowa\u0142 si\u0119 w dzia\u0142alno\u015b\u0107 lokalnych organizacji chrze\u015bcija\u0144skich oraz Prawa i Sprawiedliwo\u015bci.<\/p>\n<p>W 2014 roku zosta\u0142 wybrany do Rady Miejskiej w D\u0105browie G\u00f3rniczej. W wyborach parlamentarnych w 2015 roku kandydowa\u0142 do Sejmu z czwartego miejsca na li\u015bcie PiS w okr\u0119gu sosnowieckim. Zosta\u0142 wybrany na Pos\u0142a VIII kadencji. Cz\u0142onek Komisji do Spraw Petycji, Komisji Edukacji, Nauki i M\u0142odzie\u017cy oraz Komisji Polityki Spo\u0142ecznej i Rodziny. Pe\u0142ni funkcj\u0119 Sekretarza Sejmu RP. Wiceprzewodnicz\u0105cy Parlamentarnego Zespo\u0142u Do Spraw Energetyki oraz Parlamentarnego Zespo\u0142u na rzecz Rozwoju K\u00f3\u0142 Gospody\u0144 Wiejskich i Miejskich. W wyborach parlamentarnych w 2019 roku ubiega\u0142 si\u0119 o reelekcj\u0119 startuj\u0105c z trzeciego miejsca na li\u015bcie PiS w okr\u0119gu sosnowieckim. Zosta\u0142 wybrany na Pos\u0142a IX kadencji.<\/p>\n<\/div>\n<p>\n<\/div>\r\n                    <\/div>\r\n                <\/div>[\/vc_column][\/vc_row]<\/p>","protected":false},"excerpt":{"rendered":"<p>[vc_row][vc_column][\/vc_column][\/vc_row] [&#8230;]<\/p>\n<p><a class=\"btn btn-secondary understrap-read-more-link\" href=\"https:\/\/us.edu.pl\/absolwent\/robert-warwas-nasi-absolwenci\/\">Read More&#8230;<\/a><\/p>\n","protected":false},"author":1,"featured_media":0,"parent":0,"menu_order":0,"comment_status":"closed","ping_status":"closed","template":"","meta":{"_expiration-date-status":"saved","_expiration-date":0,"_expiration-date-type":"","_expiration-date-categories":[],"_expiration-date-options":[]},"acf":[],"_links":{"self":[{"href":"https:\/\/us.edu.pl\/absolwent\/wp-json\/wp\/v2\/pages\/595"}],"collection":[{"href":"https:\/\/us.edu.pl\/absolwent\/wp-json\/wp\/v2\/pages"}],"about":[{"href":"https:\/\/us.edu.pl\/absolwent\/wp-json\/wp\/v2\/types\/page"}],"author":[{"embeddable":true,"href":"https:\/\/us.edu.pl\/absolwent\/wp-json\/wp\/v2\/users\/1"}],"replies":[{"embeddable":true,"href":"https:\/\/us.edu.pl\/absolwent\/wp-json\/wp\/v2\/comments?post=595"}],"version-history":[{"count":3,"href":"https:\/\/us.edu.pl\/absolwent\/wp-json\/wp\/v2\/pages\/595\/revisions"}],"predecessor-version":[{"id":1200,"href":"https:\/\/us.edu.pl\/absolwent\/wp-json\/wp\/v2\/pages\/595\/revisions\/1200"}],"wp:attachment":[{"href":"https:\/\/us.edu.pl\/absolwent\/wp-json\/wp\/v2\/media?parent=595"}],"curies":[{"name":"wp","href":"https:\/\/api.w.org\/{rel}","templated":true}]}}