{"id":606,"date":"2019-10-15T14:38:38","date_gmt":"2019-10-15T12:38:38","guid":{"rendered":"https:\/\/us.edu.pl\/absolwent\/?page_id=606"},"modified":"2019-12-04T17:34:35","modified_gmt":"2019-12-04T16:34:35","slug":"grzegorz-wolnik-nasi-absolwenci","status":"publish","type":"page","link":"https:\/\/us.edu.pl\/absolwent\/grzegorz-wolnik-nasi-absolwenci\/","title":{"rendered":"Grzegorz Wolnik &#8211; Nasi Absolwenci"},"content":{"rendered":"<p><\/p>\n<p>[vc_row][vc_column]\r\n                <div class=\"text-modules\">\r\n                    <div class=\"container\">\r\n                        <h3 class=\"page-title text__title\">Grzegorz Wolnik - Nasi Absolwenci<\/h3>\r\n                        <div class=\"text-modules__content\"><\/p>\n<p class=\"rtejustify\" style=\"text-align: left\"><img class=\"size-full wp-image-372 alignleft\" src=\"https:\/\/us.edu.pl\/absolwent\/wp-content\/uploads\/sites\/10\/nasi-absolwenci\/strefa-polityki\/grzegorz_wolnik.jpg\" alt=\"\" width=\"200\" height=\"200\" srcset=\"https:\/\/us.edu.pl\/absolwent\/wp-content\/uploads\/sites\/10\/nasi-absolwenci\/strefa-polityki\/grzegorz_wolnik.jpg 200w, https:\/\/us.edu.pl\/absolwent\/wp-content\/uploads\/sites\/10\/nasi-absolwenci\/strefa-polityki\/grzegorz_wolnik-150x150.jpg 150w\" sizes=\"(max-width: 200px) 100vw, 200px\" \/>Urodzi\u0142 si\u0119 20 pa\u017adziernika 1964 roku. Jest absolwentem Wydzia\u0142u Filologicznego Uniwersytetu \u015al\u0105skiego w Katowicach i Wy\u017cszej Szko\u0142y Bankowej w Poznaniu. Pomys\u0142odawca, tw\u00f3rca i pierwszy naczelnik Wydzia\u0142u Rozwoju Urz\u0119du Miasta w Rybniku, kt\u00f3ry to wydzia\u0142 do dzi\u015b z du\u017cym sukcesami pozyskuje \u015brodki europejskie. Pe\u0142ni\u0142 r\u00f3wnie\u017c funkcj\u0119 dyrektora w Funduszu G\u00f3rno\u015bl\u0105skim w Katowicach i wiceprezesa G\u00f3rno\u015bl\u0105skiej Agencji Rozwoju Regionalnego w Katowicach oraz zast\u0119pcy burmistrza Czerwionki-Leszczyn. Zesp\u00f3\u0142 pod jego kierownictwem pozyska\u0142 fundusze i zrealizowa\u0142 w Czerwionce-Leszczynach mi\u0119dzy innymi Centrum Kulturalno \u2013 Edukacyjne, hal\u0119 wielofunkcyjn\u0105, rewitalizacj\u0119 osiedla \u201eFamiloki\u201d. Jako Pe\u0142nomocnik ds. Planowania, Rozwoju i Gospodarki, odpowiedzialny za pozyskiwanie inwestor\u00f3w, skutecznie przeprowadzi\u0142 negocjacje i doprowadzi\u0142 do budowy zak\u0142adu koncernu Tenneco Automative.<\/p>\n<p>Od 2010 roku Grzegorz Wolnik pe\u0142ni funkcj\u0119 radnego Sejmiku Wojew\u00f3dztwa \u015al\u0105skiego. By\u0142 przewodnicz\u0105cym Komisji Bud\u017cetu, Skarbu i Finans\u00f3w i wiceprzewodnicz\u0105cym Komisji Rozwoju i Zagospodarowania Przestrzennego. W latach 2014-2017 by\u0142 Przewodnicz\u0105cym Sejmiku Wojew\u00f3dztwa \u015al\u0105skiego. Jest cz\u0142onkiem Komisji Bud\u017cetu, Skarbu i Finans\u00f3w, Komisji Rozwoju i Zagospodarowania Przestrzennego, Komisji Wsp\u00f3\u0142pracy Zagranicznej i Integracji Europejskiej oraz dora\u017anej Komisji &#8211; \u201eKapitu\u0142a Odznaki Honorowej za Zas\u0142ugi dla Wojew\u00f3dztwa \u015al\u0105skiego\u201d.<\/p>\n<\/div>\r\n                    <\/div>\r\n                <\/div>[\/vc_column][\/vc_row]<\/p>\n<p><\/p>","protected":false},"excerpt":{"rendered":"<p>[vc_row][vc_column][\/vc_column][\/vc_row] [&#8230;]<\/p>\n<p><a class=\"btn btn-secondary understrap-read-more-link\" href=\"https:\/\/us.edu.pl\/absolwent\/grzegorz-wolnik-nasi-absolwenci\/\">Read More&#8230;<\/a><\/p>\n","protected":false},"author":1,"featured_media":0,"parent":0,"menu_order":0,"comment_status":"closed","ping_status":"closed","template":"","meta":{"_expiration-date-status":"saved","_expiration-date":0,"_expiration-date-type":"","_expiration-date-categories":[],"_expiration-date-options":[]},"acf":[],"_links":{"self":[{"href":"https:\/\/us.edu.pl\/absolwent\/wp-json\/wp\/v2\/pages\/606"}],"collection":[{"href":"https:\/\/us.edu.pl\/absolwent\/wp-json\/wp\/v2\/pages"}],"about":[{"href":"https:\/\/us.edu.pl\/absolwent\/wp-json\/wp\/v2\/types\/page"}],"author":[{"embeddable":true,"href":"https:\/\/us.edu.pl\/absolwent\/wp-json\/wp\/v2\/users\/1"}],"replies":[{"embeddable":true,"href":"https:\/\/us.edu.pl\/absolwent\/wp-json\/wp\/v2\/comments?post=606"}],"version-history":[{"count":2,"href":"https:\/\/us.edu.pl\/absolwent\/wp-json\/wp\/v2\/pages\/606\/revisions"}],"predecessor-version":[{"id":1205,"href":"https:\/\/us.edu.pl\/absolwent\/wp-json\/wp\/v2\/pages\/606\/revisions\/1205"}],"wp:attachment":[{"href":"https:\/\/us.edu.pl\/absolwent\/wp-json\/wp\/v2\/media?parent=606"}],"curies":[{"name":"wp","href":"https:\/\/api.w.org\/{rel}","templated":true}]}}