{"id":608,"date":"2019-10-15T14:40:09","date_gmt":"2019-10-15T12:40:09","guid":{"rendered":"https:\/\/us.edu.pl\/absolwent\/?page_id=608"},"modified":"2019-12-04T17:45:56","modified_gmt":"2019-12-04T16:45:56","slug":"zbyszek-zaborowski-nasi-absolwenci","status":"publish","type":"page","link":"https:\/\/us.edu.pl\/absolwent\/zbyszek-zaborowski-nasi-absolwenci\/","title":{"rendered":"Zbyszek Zaborowski &#8211; Nasi Absolwenci"},"content":{"rendered":"<p><\/p>\n<p>[vc_row][vc_column]\r\n                <div class=\"text-modules\">\r\n                    <div class=\"container\">\r\n                        <h3 class=\"page-title text__title\">Zbyszek Zaborowski - Nasi Absolwenci<\/h3>\r\n                        <div class=\"text-modules__content\"><\/p>\n<p class=\"rtejustify\" style=\"text-align: left\"><img class=\"size-full wp-image-389 alignleft\" src=\"https:\/\/us.edu.pl\/absolwent\/wp-content\/uploads\/sites\/10\/nasi-absolwenci\/strefa-polityki\/wybrane21.jpg\" alt=\"\" width=\"200\" height=\"200\" srcset=\"https:\/\/us.edu.pl\/absolwent\/wp-content\/uploads\/sites\/10\/nasi-absolwenci\/strefa-polityki\/wybrane21.jpg 200w, https:\/\/us.edu.pl\/absolwent\/wp-content\/uploads\/sites\/10\/nasi-absolwenci\/strefa-polityki\/wybrane21-150x150.jpg 150w\" sizes=\"(max-width: 200px) 100vw, 200px\" \/>Uko\u0144czy\u0142 Wydzia\u0142 Nauk Spo\u0142ecznych Uniwersytetu \u015al\u0105skiego w Katowicach. \u00a0W 1977 roku by\u0142 jednocze\u015bnie cz\u0142onkiem Socjalistycznego Zwi\u0105zku Student\u00f3w Polskich i Polskiej Zjednoczonej Partii Robotniczej. W czasie studi\u00f3w pe\u0142ni\u0142 mi\u0119dzy innymi funkcje przewodnicz\u0105cego Rady Wydzia\u0142owej Wydzia\u0142u Nauk Spo\u0142ecznych i przewodnicz\u0105cego Rady Uczelnianej SZSP (Socjalistycznego Zwi\u0105zku Student\u00f3w Polskich) Uniwersytetu \u015al\u0105skiego (lata 1980-1982), by\u0142 tak\u017ce cz\u0142onkiem Rady Naczelnej Zwi\u0105zku. Przewodnicz\u0105cy Ko\u0142a \u015arodowiskowego Studenckiego Stowarzyszenia Przyjaci\u00f3\u0142 ONZ. Dzia\u0142a\u0142 w strukturach partyjnych w PZPR, a w 1989 roku przyst\u0105pi\u0142 do Ruchu 8 Lipca, wsp\u00f3\u0142tworz\u0105c nast\u0119pnie Socjaldemokracj\u0119 Rzeczypospolitej Polskiej \u2013 w latach 1990-1994 pe\u0142ni\u0142 funkcj\u0119 sekretarza Wojew\u00f3dzkiego Komitetu Wykonawczego Socjaldemokracji Rzeczypospolitej Polskiej (SdRP), a nast\u0119pnie przewodnicz\u0105cego Rady Wojew\u00f3dzkiej tej partii w Katowicach (lata 1994-1999).<\/p>\n<p class=\"rtejustify\" style=\"text-align: left\">W latach 1982-1991 roku pracowa\u0142 na Uniwersytecie \u015al\u0105skim w Zak\u0142adzie Stosunk\u00f3w Mi\u0119dzynarodowych XX wieku. Od 2003 do 2012 roku przewodniczy\u0142 \u015al\u0105skiej Radzie Wojew\u00f3dzkiej Sojuszu Lewicy Demokratycznej. Od 1993 roku zasiada\u0142 r\u00f3wnie\u017c w Prezydium Rady Naczelnej SdRP, od grudnia 2011 do kwietnia 2012 roku by\u0142 wiceprzewodnicz\u0105cym Sojuszu Lewicy Demokratycznej a obecnie jest cz\u0142onkiem Zarz\u0105du Krajowego SLD i wiceprzewodnicz\u0105cym Klubu Poselskiego SLD. W latach 1993-2007 by\u0142 wybierany pos\u0142em na Sejm RP II, III, IV i V kadencji. 9 pa\u017adziernika 2011 roku zosta\u0142 ponownie wybrany Pos\u0142em na Sejm RP VII kadencji. W chwili obecnej jest cz\u0142onkiem Komisji Obrony Narodowej, Komisji Samorz\u0105du Terytorialnego i Polityki Regionalnej oraz podkomisji sta\u0142ej do spraw Wsp\u00f3\u0142pracy z Zagranic\u0105 i NATO, 12 wrze\u015bnia 2012 zosta\u0142 wiceprzewodnicz\u0105cym Podkomisji sta\u0142ej do spraw polskiego przemys\u0142u obronnego oraz modernizacji technicznej Si\u0142 Zbrojnych. Jednocze\u015bnie jest cz\u0142onkiem Delegacji Sejmu i Senatu RP do Zgromadzenia Parlamentarnego NATO. Od 15 marca 2012 roku pe\u0142ni funkcj\u0119 Przewodnicz\u0105cego Polsko-Libijskiej Grupy Parlamentarnej, a 27 czerwca 2012 roku zosta\u0142 Wiceprzewodnicz\u0105cym Polsko-S\u0142owe\u0144skiej Grupy Parlamentarnej. 13 wrze\u015bnia 2012 roku zosta\u0142 cz\u0142onkiem Parlamentarnego Zespo\u0142u do spraw <em>Piast\u00f3wanio \u015al\u00f3nskij Godki<\/em>, gdzie pe\u0142ni funkcj\u0119 Wiceprzewodnicz\u0105cego oraz cz\u0142onkiem prezydium Parlamentarnego Zespo\u0142u \u201ePakiet \u2013 Stop\u201d. Zajmowa\u0142 si\u0119 bezpiecze\u0144stwem mi\u0119dzynarodowym, zasiadaj\u0105c w Komisjach Obrony Narodowej i Spraw Zagranicznych, a tak\u017ce dzia\u0142aj\u0105c w Zgromadzeniu Parlamentarnym NATO, Unii Zachodnioeuropejskiej, a tak\u017ce w parlamentarnej Komisji Rzeczypospolitej Polskiej i Unii Europejskiej w okresie przedakcesyjnym.<\/p>\n<p class=\"rtejustify\" style=\"text-align: left\">W latach 1999-2001 by\u0142 radnym Sejmiku Wojew\u00f3dztwa \u015al\u0105skiego I kadencji, a od stycznia 2008 do grudnia 2010 pe\u0142ni\u0142 funkcj\u0119 wicemarsza\u0142ka Wojew\u00f3dztwa \u015al\u0105skiego. Zajmowa\u0142 si\u0119 kultur\u0105, gospodark\u0105, promocj\u0105 i wsp\u00f3\u0142prac\u0105 mi\u0119dzynarodow\u0105. Jako wicemarsza\u0142ek Wojew\u00f3dztwa piastowa\u0142 te\u017c funkcj\u0119 prezesa \u015al\u0105skiej Organizacji Turystycznej. W latach 2010-2014 by\u0142 radnym Sejmiku Wojew\u00f3dztwa \u015al\u0105skiego. W wyborach w 2011 roku z powodzeniem ubiega\u0142 si\u0119 o powr\u00f3t do Sejmu i zosta\u0142 wybrany pos\u0142em na Sejm RP VII Kadencji.\u00a023 stycznia 2016 zosta\u0142 wiceprzewodnicz\u0105cym SLD.<\/p>\n<p>\n<\/div>\r\n                    <\/div>\r\n                <\/div>[\/vc_column][\/vc_row]<\/p>\n<p><\/p>","protected":false},"excerpt":{"rendered":"<p>[vc_row][vc_column][\/vc_column][\/vc_row] [&#8230;]<\/p>\n<p><a class=\"btn btn-secondary understrap-read-more-link\" href=\"https:\/\/us.edu.pl\/absolwent\/zbyszek-zaborowski-nasi-absolwenci\/\">Read More&#8230;<\/a><\/p>\n","protected":false},"author":1,"featured_media":0,"parent":0,"menu_order":0,"comment_status":"closed","ping_status":"closed","template":"","meta":{"_expiration-date-status":"saved","_expiration-date":0,"_expiration-date-type":"","_expiration-date-categories":[],"_expiration-date-options":[]},"acf":[],"_links":{"self":[{"href":"https:\/\/us.edu.pl\/absolwent\/wp-json\/wp\/v2\/pages\/608"}],"collection":[{"href":"https:\/\/us.edu.pl\/absolwent\/wp-json\/wp\/v2\/pages"}],"about":[{"href":"https:\/\/us.edu.pl\/absolwent\/wp-json\/wp\/v2\/types\/page"}],"author":[{"embeddable":true,"href":"https:\/\/us.edu.pl\/absolwent\/wp-json\/wp\/v2\/users\/1"}],"replies":[{"embeddable":true,"href":"https:\/\/us.edu.pl\/absolwent\/wp-json\/wp\/v2\/comments?post=608"}],"version-history":[{"count":3,"href":"https:\/\/us.edu.pl\/absolwent\/wp-json\/wp\/v2\/pages\/608\/revisions"}],"predecessor-version":[{"id":1207,"href":"https:\/\/us.edu.pl\/absolwent\/wp-json\/wp\/v2\/pages\/608\/revisions\/1207"}],"wp:attachment":[{"href":"https:\/\/us.edu.pl\/absolwent\/wp-json\/wp\/v2\/media?parent=608"}],"curies":[{"name":"wp","href":"https:\/\/api.w.org\/{rel}","templated":true}]}}