{"id":611,"date":"2019-10-15T14:42:22","date_gmt":"2019-10-15T12:42:22","guid":{"rendered":"https:\/\/us.edu.pl\/absolwent\/?page_id=611"},"modified":"2019-10-15T14:42:22","modified_gmt":"2019-10-15T12:42:22","slug":"bernard-blaszczyk-nasi-absolwenci","status":"publish","type":"page","link":"https:\/\/us.edu.pl\/absolwent\/absolwencius\/nasi-absolwenci\/bernard-blaszczyk-nasi-absolwenci\/","title":{"rendered":"Bernard B\u0142aszczyk &#8211; Nasi Absolwenci"},"content":{"rendered":"<p>[vc_row][vc_column]\r\n                <div class=\"text-modules\">\r\n                    <div class=\"container\">\r\n                        <h3 class=\"page-title text__title\">Bernard B\u0142aszczyk - Nasi Absolwenci<\/h3>\r\n                        <div class=\"text-modules__content\"><\/p>\n<div class=\"content\">\n<p><img class=\"imagefield imagefield-field_image alignleft\" src=\"http:\/\/absolwent.us.edu.pl\/sites\/absolwent.us.edu.pl\/files\/blaszczyk_foto_3.jpg?1424854226\" alt=\"\" width=\"200\" height=\"200\" \/><\/p>\n<p class=\"rtejustify\" style=\"text-align: left;\">Adwokat, absolwent Wydzia\u0142u Prawa i Administracji. Od 1 lutego 2012 roku do 2018 roku pe\u0142ni\u0142 funkcj\u0119 regionalnego dyrektora Ochrony \u015arodowiska w Katowicach. W latach 1972-1980 pracowa\u0142 w urz\u0119dach miejskich \u015awi\u0119toch\u0142owic i Katowic, nast\u0119pnie przez dziesi\u0119\u0107 lat, do 1990 roku, w Urz\u0119dzie Wojew\u00f3dzkim w Katowicach. Od 1991 do 1995 roku podsekretarz, sekretarz stanu i Kierownik Resortu w\u00a0<a title=\"Ministerstwo \u015arodowiska\" href=\"http:\/\/pl.wikipedia.org\/wiki\/Ministerstwo_%C5%9Arodowiska\">Ministerstwie Ochrony \u015arodowiska, Zasob\u00f3w Naturalnych i Le\u015bnictwa<\/a>. W latach 1996-1997 konsul generalny RP w Ostrawie. W rz\u0105dzie Jerzego Buzka, od 1998 roku, pe\u0142ni\u0142 funkcj\u0119 podsekretarza, a nast\u0119pnie sekretarza stanu w Ministerstwie Gospodarki.<\/p>\n<p class=\"rtejustify\" style=\"text-align: left;\">W latach 2001-2006 radca minister pe\u0142nomocny w Ambasadzie RP w Pradze, po powrocie do Polski powo\u0142any na stanowisko Dyrektora Generalnego w Ministerstwie Nauki i Szkolnictwa Wy\u017cszego. W latach 2008-2011 podsekretarz stanu w Ministerstwie \u015arodowiska, odpowiedzialny mi\u0119dzy innymi za horyzontalne sprawy dotycz\u0105ce energii odnawialnej, zmian klimatu oraz gospodarki odpadami. Autor wielu publikacji z dziedziny ochrony \u015brodowiska.\u00a0W 2001 r. zosta\u0142 odznaczony Krzy\u017cem Komandorskim Orderu Wielkiego Ksi\u0119cia Giedymina Republiki Litewskiej.<\/p>\n<\/div>\n<p>\n<\/div>\r\n                    <\/div>\r\n                <\/div>[\/vc_column][\/vc_row]<\/p>","protected":false},"excerpt":{"rendered":"<p>[vc_row][vc_column][\/vc_column][\/vc_row] [&#8230;]<\/p>\n<p><a class=\"btn btn-secondary understrap-read-more-link\" href=\"https:\/\/us.edu.pl\/absolwent\/absolwencius\/nasi-absolwenci\/bernard-blaszczyk-nasi-absolwenci\/\">Read More&#8230;<\/a><\/p>\n","protected":false},"author":1,"featured_media":0,"parent":331,"menu_order":0,"comment_status":"closed","ping_status":"closed","template":"","meta":{"_expiration-date-status":"","_expiration-date":0,"_expiration-date-type":"","_expiration-date-categories":[],"_expiration-date-options":[]},"acf":[],"_links":{"self":[{"href":"https:\/\/us.edu.pl\/absolwent\/wp-json\/wp\/v2\/pages\/611"}],"collection":[{"href":"https:\/\/us.edu.pl\/absolwent\/wp-json\/wp\/v2\/pages"}],"about":[{"href":"https:\/\/us.edu.pl\/absolwent\/wp-json\/wp\/v2\/types\/page"}],"author":[{"embeddable":true,"href":"https:\/\/us.edu.pl\/absolwent\/wp-json\/wp\/v2\/users\/1"}],"replies":[{"embeddable":true,"href":"https:\/\/us.edu.pl\/absolwent\/wp-json\/wp\/v2\/comments?post=611"}],"version-history":[{"count":2,"href":"https:\/\/us.edu.pl\/absolwent\/wp-json\/wp\/v2\/pages\/611\/revisions"}],"predecessor-version":[{"id":1213,"href":"https:\/\/us.edu.pl\/absolwent\/wp-json\/wp\/v2\/pages\/611\/revisions\/1213"}],"up":[{"embeddable":true,"href":"https:\/\/us.edu.pl\/absolwent\/wp-json\/wp\/v2\/pages\/331"}],"wp:attachment":[{"href":"https:\/\/us.edu.pl\/absolwent\/wp-json\/wp\/v2\/media?parent=611"}],"curies":[{"name":"wp","href":"https:\/\/api.w.org\/{rel}","templated":true}]}}