{"id":615,"date":"2019-10-15T15:10:05","date_gmt":"2019-10-15T13:10:05","guid":{"rendered":"https:\/\/us.edu.pl\/absolwent\/?page_id=615"},"modified":"2019-10-15T15:10:05","modified_gmt":"2019-10-15T13:10:05","slug":"mariusz-konopka-nasi-absolwenci","status":"publish","type":"page","link":"https:\/\/us.edu.pl\/absolwent\/absolwencius\/nasi-absolwenci\/mariusz-konopka-nasi-absolwenci\/","title":{"rendered":"Mariusz Konopka &#8211; Nasi Absolwenci"},"content":{"rendered":"<p>[vc_row][vc_column]\r\n                <div class=\"text-modules\">\r\n                    <div class=\"container\">\r\n                        <h3 class=\"page-title text__title\">Mariusz Konopka - Nasi Absolwenci<\/h3>\r\n                        <div class=\"text-modules__content\"><\/p>\n<p class=\"rtejustify\">Z wykszta\u0142cenia jest prawnikiem i ekonomist\u0105.\u00a0Absolwent prawa na Wydziale Prawa i Administracji, uko\u0144czy\u0142 tak\u017ce studia podyplomowe z rachunkowo\u015bci bud\u017cetowej oraz Akademi\u0119 Lider\u00f3w Samorz\u0105dowych w Wy\u017cszej Szkole Bankowej w Poznaniu.<\/p>\n<p class=\"rtejustify\">Od 30 stycznia 2019 roku jest skarbnikiem w Tarnowskich G\u00f3rach. Przez lata by\u0142 skarbnikiem w Bytomiu, a od 2017 roku do dzi\u015b w G\u00f3rno\u015bl\u0105sko \u2013 Zag\u0142\u0119biowskiej Metropolii. W Urz\u0119dzie Miejskim w Bytomiu pracuje od 1993 roku. Od 1997 roku pracuje w pionie finansowym. Przez wiele lat by\u0142 kierownikiem Referatu Egzekucji Podatk\u00f3w, a od 2006 r. do lutego 2017 r. pe\u0142ni\u0142 funkcj\u0119 Zast\u0119pcy Skarbnika Miasta.<\/p>\n<p>\n<\/div>\r\n                    <\/div>\r\n                <\/div>[\/vc_column][\/vc_row]<\/p>","protected":false},"excerpt":{"rendered":"<p>[vc_row][vc_column][\/vc_column][\/vc_row] [&#8230;]<\/p>\n<p><a class=\"btn btn-secondary understrap-read-more-link\" href=\"https:\/\/us.edu.pl\/absolwent\/absolwencius\/nasi-absolwenci\/mariusz-konopka-nasi-absolwenci\/\">Read More&#8230;<\/a><\/p>\n","protected":false},"author":1,"featured_media":0,"parent":331,"menu_order":0,"comment_status":"closed","ping_status":"closed","template":"","meta":{"_expiration-date-status":"","_expiration-date":0,"_expiration-date-type":"","_expiration-date-categories":[],"_expiration-date-options":[]},"acf":[],"_links":{"self":[{"href":"https:\/\/us.edu.pl\/absolwent\/wp-json\/wp\/v2\/pages\/615"}],"collection":[{"href":"https:\/\/us.edu.pl\/absolwent\/wp-json\/wp\/v2\/pages"}],"about":[{"href":"https:\/\/us.edu.pl\/absolwent\/wp-json\/wp\/v2\/types\/page"}],"author":[{"embeddable":true,"href":"https:\/\/us.edu.pl\/absolwent\/wp-json\/wp\/v2\/users\/1"}],"replies":[{"embeddable":true,"href":"https:\/\/us.edu.pl\/absolwent\/wp-json\/wp\/v2\/comments?post=615"}],"version-history":[{"count":1,"href":"https:\/\/us.edu.pl\/absolwent\/wp-json\/wp\/v2\/pages\/615\/revisions"}],"predecessor-version":[{"id":616,"href":"https:\/\/us.edu.pl\/absolwent\/wp-json\/wp\/v2\/pages\/615\/revisions\/616"}],"up":[{"embeddable":true,"href":"https:\/\/us.edu.pl\/absolwent\/wp-json\/wp\/v2\/pages\/331"}],"wp:attachment":[{"href":"https:\/\/us.edu.pl\/absolwent\/wp-json\/wp\/v2\/media?parent=615"}],"curies":[{"name":"wp","href":"https:\/\/api.w.org\/{rel}","templated":true}]}}