{"id":617,"date":"2019-10-15T15:11:02","date_gmt":"2019-10-15T13:11:02","guid":{"rendered":"https:\/\/us.edu.pl\/absolwent\/?page_id=617"},"modified":"2019-12-10T17:58:05","modified_gmt":"2019-12-10T16:58:05","slug":"irena-lipowicz-nasi-absolwenci","status":"publish","type":"page","link":"https:\/\/us.edu.pl\/absolwent\/irena-lipowicz-nasi-absolwenci\/","title":{"rendered":"Irena Lipowicz &#8211; Nasi Absolwenci"},"content":{"rendered":"<p>[vc_row][vc_column]\r\n                <div class=\"text-modules\">\r\n                    <div class=\"container\">\r\n                        <h3 class=\"page-title text__title\">Irena Lipowicz - Nasi Absolwenci<\/h3>\r\n                        <div class=\"text-modules__content\"><\/p>\n<div class=\"content\">\n<p><img class=\"imagefield imagefield-field_image alignleft\" src=\"http:\/\/absolwent.us.edu.pl\/sites\/absolwent.us.edu.pl\/files\/fota.jpg?1426681750\" alt=\"\" width=\"180\" height=\"180\" \/><\/p>\n<div class=\"rtejustify\" style=\"text-align: left\">Absolwentka prawa na Wydziale Prawa i Administracji Uniwersytetu \u015al\u0105skiego.<\/div>\n<div class=\"rtejustify\" style=\"text-align: left\">By\u0142a asystentem, a nast\u0119pnie adiunktem na Wydziale Prawa i Administracji U\u015a. W 1981 roku uzyska\u0142a tytu\u0142 doktora prawa. Od 1980 roku by\u0142a cz\u0142onkiem \u201eSolidarno\u015bci\u201d oraz cz\u0142onkiem-za\u0142o\u017cycielem \u201eZwi\u0105zku G\u00f3rno\u015bl\u0105skiego\u201d. W 1992 roku uzyska\u0142a tytu\u0142 doktora habilitowanego. Od 1998 roku jest profesorem Uniwersytetu Kardyna\u0142a Stefana Wyszy\u0144skiego w Warszawie, obecnie kieruje Katedr\u0105 Prawa Administracyjnego i Samorz\u0105du Terytorialnego. Od 2005 roku do 2010 roku by\u0142a cz\u0142onkiem Kolegium NIK. W latach 2006-2010 profesorem Wy\u017cszej Szko\u0142y Psychologii Spo\u0142ecznej w Warszawie. Od 2008 do 2010 roku by\u0142a cz\u0142onkiem Komitetu Nauk Prawnych Polskiej Akademii Nauk.<\/div>\n<div class=\"rtejustify\" style=\"text-align: left\"><\/div>\n<div class=\"rtejustify\" style=\"text-align: left\">W latach 1991-2000 by\u0142a pos\u0142em na Sejm i cz\u0142onkiem Komisji Konstytucyjnej Zgromadzenia Narodowego opracowuj\u0105cej Konstytucj\u0119 z 1997 roku. Od 1997 by\u0142a zaanga\u017cowana w reform\u0119 samorz\u0105dow\u0105, pe\u0142ni\u0142a funkcj\u0119 przewodnicz\u0105cej Komisji Samorz\u0105du Terytorialnego; by\u0142a te\u017c zast\u0119pc\u0105 przewodnicz\u0105cego Klubu Parlamentarnego Unii Wolno\u015bci oraz wiceprzewodnicz\u0105c\u0105 Zgromadzenia Parlamentarnego OBWE, a tak\u017ce cz\u0142onkiem sejmowej Komisji Spraw Zagranicznych. Otrzyma\u0142a nagrod\u0119 prawnicz\u0105 im. Edwarda Wendego i nagrod\u0119 im. Grzegorza Palki za zas\u0142ugi dla samorz\u0105du terytorialnego.<\/div>\n<div class=\"rtejustify\" style=\"text-align: left\"><\/div>\n<div class=\"rtejustify\" style=\"text-align: left\">Od 1991 dzia\u0142a\u0142a intensywnie na rzecz pojednania polsko-niemieckiego. W latach 2000-2004 by\u0142a ambasadorem nadzwyczajnym i pe\u0142nomocnym Rzeczypospolitej Polskiej w Republice Austrii. W latach 2004-2006 Ambasadorem \u2013 Pe\u0142nomocnikiem Ministra Spraw Zagranicznych do spraw Wsp\u00f3\u0142pracy Polsko-Niemieckiej. W latach 2008-2010 dyrektorem zarz\u0105dzaj\u0105cym Fundacji Wsp\u00f3\u0142pracy Polsko-Niemieckiej.<\/div>\n<div class=\"rtejustify\" style=\"text-align: left\"><\/div>\n<div class=\"rtejustify\" style=\"text-align: left\">W latach 2010-2015 piastowa\u0142a stanowisko Rzecznika Praw Obywatelskich. W 2015 roku zosta\u0142a przewodnicz\u0105c\u0105 zarz\u0105du Mi\u0119dzynarodowego Instytutu Ombudsmana dla regionu europejskiego.\u00a0Rok P\u00f3\u017aniej wesz\u0142a w sk\u0142ad rady United Nations University, rady Fundacji Europejskiego Uniwersytetu Viadrina we Frankfurcie nad Odr\u0105, rady Fundacji S\u0142u\u017cby Rzeczypospolitej oraz Komisji Ekspert\u00f3w do spraw reformy prawa ochrony danych osobowych w Unii Europejskiej przy GIODO.<\/div>\n<div class=\"rtejustify\" style=\"text-align: left\"><\/div>\n<div class=\"rtejustify\" style=\"text-align: left\">Odznaczona Krzy\u017cem Kawalerskim Orderu Odrodzenia Polski. W 2009 roku otrzyma\u0142a tytu\u0142 doktora honoris causa Uniwersytetu Osnabr\u00fcck. Zosta\u0142a odznaczona Wielkim Z\u0142otym Orderem za Zas\u0142ugi dla Republiki Austrii, Wielkim Krzy\u017cem Zas\u0142ugi Orderu Zas\u0142ugi dla Republiki Federalnej Niemiec oraz odznaczeniami kraj\u00f3w zwi\u0105zkowych Styrii i G\u00f3rnej Austrii. W 2014 roku laureatk\u0105 Nagrody\u00a0Uniwersytetu\u00a0Viadrina\u00a0we Frankfurcie nad Odr\u0105\u00a0za szczeg\u00f3lne zas\u0142ugi na rzecz polsko-niemieckiego porozumienia, w 2015 r. zosta\u0142a nagrodzona\u00a0Nagrod\u0105 Ksi\u0119\u017cnej Jadwigi \u015al\u0105skiej, a w 2019 r. tak\u017ce Nagrod\u0105 im. Micha\u0142a Serzyckiego.<\/div>\n<\/div>\n<p>\n<\/div>\r\n                    <\/div>\r\n                <\/div>[\/vc_column][\/vc_row]<\/p>","protected":false},"excerpt":{"rendered":"<p>[vc_row][vc_column][\/vc_column][\/vc_row] [&#8230;]<\/p>\n<p><a class=\"btn btn-secondary understrap-read-more-link\" href=\"https:\/\/us.edu.pl\/absolwent\/irena-lipowicz-nasi-absolwenci\/\">Read More&#8230;<\/a><\/p>\n","protected":false},"author":1,"featured_media":0,"parent":0,"menu_order":0,"comment_status":"closed","ping_status":"closed","template":"","meta":{"_expiration-date-status":"saved","_expiration-date":0,"_expiration-date-type":"","_expiration-date-categories":[],"_expiration-date-options":[]},"acf":[],"_links":{"self":[{"href":"https:\/\/us.edu.pl\/absolwent\/wp-json\/wp\/v2\/pages\/617"}],"collection":[{"href":"https:\/\/us.edu.pl\/absolwent\/wp-json\/wp\/v2\/pages"}],"about":[{"href":"https:\/\/us.edu.pl\/absolwent\/wp-json\/wp\/v2\/types\/page"}],"author":[{"embeddable":true,"href":"https:\/\/us.edu.pl\/absolwent\/wp-json\/wp\/v2\/users\/1"}],"replies":[{"embeddable":true,"href":"https:\/\/us.edu.pl\/absolwent\/wp-json\/wp\/v2\/comments?post=617"}],"version-history":[{"count":3,"href":"https:\/\/us.edu.pl\/absolwent\/wp-json\/wp\/v2\/pages\/617\/revisions"}],"predecessor-version":[{"id":1215,"href":"https:\/\/us.edu.pl\/absolwent\/wp-json\/wp\/v2\/pages\/617\/revisions\/1215"}],"wp:attachment":[{"href":"https:\/\/us.edu.pl\/absolwent\/wp-json\/wp\/v2\/media?parent=617"}],"curies":[{"name":"wp","href":"https:\/\/api.w.org\/{rel}","templated":true}]}}