{"id":619,"date":"2019-10-15T15:12:15","date_gmt":"2019-10-15T13:12:15","guid":{"rendered":"https:\/\/us.edu.pl\/absolwent\/?page_id=619"},"modified":"2019-12-10T18:01:48","modified_gmt":"2019-12-10T17:01:48","slug":"andrzej-pilot-nasi-absolwenci","status":"publish","type":"page","link":"https:\/\/us.edu.pl\/absolwent\/andrzej-pilot-nasi-absolwenci\/","title":{"rendered":"Andrzej Pilot &#8211; Nasi Absolwenci"},"content":{"rendered":"<p>[vc_row][vc_column]\r\n                <div class=\"text-modules\">\r\n                    <div class=\"container\">\r\n                        <h3 class=\"page-title text__title\">Andrzej Pilot - Nasi Absolwenci<\/h3>\r\n                        <div class=\"text-modules__content\"><\/p>\n<div class=\"content\">\n<p class=\"rtejustify\">Urodzi\u0142 si\u0119 16.10.1960 roku w Tarnowskich G\u00f3rach. Uko\u0144czy\u0142 Polityk\u0119 spo\u0142eczn\u0105 na Wydziale Nauk Spo\u0142ecznych Uniwersytetu \u015al\u0105skiego oraz Studia podyplomowe w zakresie inwestycji kapita\u0142owych w Wy\u017cszej Szkole Bankowej w Poznaniu. W latach 2008-2010 by\u0142 zast\u0119pc\u0105 Prezesa Zarz\u0105du Wojew\u00f3dzkiego Funduszu Ochrony \u015arodowiska i Gospodarki Wodnej w Katowicach, gdzie odpowiada\u0142 za ochron\u0119 atmosfery, odnawialne \u017ar\u00f3d\u0142a energii, gospodark\u0119 odpadami, ochron\u0119 ziemi, gospodark\u0119 wodn\u0105 i ochron\u0119 w\u00f3d. W 2010 roku by\u0142 koordynatorem likwidacji szk\u00f3d w \u015brodowisku, wyrz\u0105dzonych przez pow\u00f3d\u017a w Wojew\u00f3dztwie \u015al\u0105skim. W latach 2007-2008 by\u0142 cz\u0142onkiem Rady Nadzorczej G\u00f3rno\u015bl\u0105skiej Agencji Rozwoju Regionalnego, w latach 2008-2010 cz\u0142onkiem Rady Nadzorczej Beskid Ekosystem oraz PEC Ciep\u0142ogaz, a od grudnia 2010 do lutego 2013 by\u0142 wicestarost\u0105 powiatu tarnog\u00f3rskiego, odpowiedzialnym mi\u0119dzy innymi za gospodark\u0119 nieruchomo\u015bciami Skarbu Pa\u0144stwa, rolnictwo i ochron\u0119 \u015brodowiska.<\/p>\n<p class=\"rtejustify\">Od marca 2013 do listopada 2014 roku pe\u0142ni\u0142 funkcj\u0119 pierwszego Wicewojewody \u015al\u0105skiego, gdzie odpowiada\u0142 za prac\u0119 wydzia\u0142\u00f3w: Finans\u00f3w i Bud\u017cetu, Nadzoru W\u0142a\u015bcicielskiego, Polityki Spo\u0142ecznej oraz Certyfikacji i Rozwoju. Sprawowa\u0142 r\u00f3wnie\u017c nadz\u00f3r nad Wojew\u00f3dzkim Inspektorem Ochrony \u015arodowiska w Katowicach. 18 grudnia 2014 ponownie zosta\u0142 wybrany do zarz\u0105du Wojew\u00f3dzkiego Funduszu Ochrony \u015arodowiska i Gospodarki Wodnej w Katowicach na stanowisko Prezesa Zarz\u0105du,\u00a0w zwi\u0105zku z czym z\u0142o\u017cy\u0142 mandat radnego sejmiku. Funkcj\u0119 prezesa WFO\u015aiGW piastowa\u0142 do 28 marca 2018 roku. Od wrze\u015bnia do listopada 2018 zajmowa\u0142 stanowisko dyrektora G\u00f3rno\u015bl\u0105skiego Centrum Rehabilitacji \u201eRepty\u201d w Tarnowskich G\u00f3rach.<\/p>\n<p class=\"rtejustify\">Andrzej Pilot jest cz\u0142onkiem Rady Programowej Wydzia\u0142u Elektrycznego Politechniki \u015al\u0105skiej w Gliwicach, cz\u0142onkiem Prezydium Zarz\u0105du Wojew\u00f3dzkiego Zwi\u0105zku Ochotniczych Stra\u017cy Po\u017carnych RP w Katowicach oraz cz\u0142onkiem Zarz\u0105du \u015al\u0105skiej Rady Przyjaci\u00f3\u0142 Harcerstwa.<\/p>\n<p>Andrzej Pilot wraz z \u017con\u0105 i synem mieszka w Tarnowskich G\u00f3rach. Interesuje si\u0119 etnografi\u0105, my\u015blistwem oraz sportem. W wolnych chwilach je\u017adzi na nartach, gra w tenisa i podr\u00f3\u017cuje.<\/p>\n<\/div>\n<p>\n<\/div>\r\n                    <\/div>\r\n                <\/div>[\/vc_column][\/vc_row]<\/p>","protected":false},"excerpt":{"rendered":"<p>[vc_row][vc_column][\/vc_column][\/vc_row] [&#8230;]<\/p>\n<p><a class=\"btn btn-secondary understrap-read-more-link\" href=\"https:\/\/us.edu.pl\/absolwent\/andrzej-pilot-nasi-absolwenci\/\">Read More&#8230;<\/a><\/p>\n","protected":false},"author":1,"featured_media":0,"parent":0,"menu_order":0,"comment_status":"closed","ping_status":"closed","template":"","meta":{"_expiration-date-status":"saved","_expiration-date":0,"_expiration-date-type":"","_expiration-date-categories":[],"_expiration-date-options":[]},"acf":[],"_links":{"self":[{"href":"https:\/\/us.edu.pl\/absolwent\/wp-json\/wp\/v2\/pages\/619"}],"collection":[{"href":"https:\/\/us.edu.pl\/absolwent\/wp-json\/wp\/v2\/pages"}],"about":[{"href":"https:\/\/us.edu.pl\/absolwent\/wp-json\/wp\/v2\/types\/page"}],"author":[{"embeddable":true,"href":"https:\/\/us.edu.pl\/absolwent\/wp-json\/wp\/v2\/users\/1"}],"replies":[{"embeddable":true,"href":"https:\/\/us.edu.pl\/absolwent\/wp-json\/wp\/v2\/comments?post=619"}],"version-history":[{"count":3,"href":"https:\/\/us.edu.pl\/absolwent\/wp-json\/wp\/v2\/pages\/619\/revisions"}],"predecessor-version":[{"id":1217,"href":"https:\/\/us.edu.pl\/absolwent\/wp-json\/wp\/v2\/pages\/619\/revisions\/1217"}],"wp:attachment":[{"href":"https:\/\/us.edu.pl\/absolwent\/wp-json\/wp\/v2\/media?parent=619"}],"curies":[{"name":"wp","href":"https:\/\/api.w.org\/{rel}","templated":true}]}}