{"id":623,"date":"2019-10-15T15:14:22","date_gmt":"2019-10-15T13:14:22","guid":{"rendered":"https:\/\/us.edu.pl\/absolwent\/?page_id=623"},"modified":"2019-12-10T18:10:05","modified_gmt":"2019-12-10T17:10:05","slug":"anna-wandzel-nasi-absolwenci","status":"publish","type":"page","link":"https:\/\/us.edu.pl\/absolwent\/anna-wandzel-nasi-absolwenci\/","title":{"rendered":"Anna Wandzel &#8211; Nasi Absolwenci"},"content":{"rendered":"<p>[vc_row][vc_column]\r\n                <div class=\"text-modules\">\r\n                    <div class=\"container\">\r\n                        <h3 class=\"page-title text__title\">Anna Wandzel - Nasi Absolwenci<\/h3>\r\n                        <div class=\"text-modules__content\"><\/p>\n<div class=\"content\">\n<p class=\"rtejustify rteindent1\"><img class=\"alignleft\" src=\"http:\/\/absolwent.us.edu.pl\/sites\/absolwent.us.edu.pl\/files\/imce\/_dsc9282xx.1.jpg\" alt=\"\" width=\"543\" height=\"363\" \/><\/p>\n<p class=\"rtejustify\">Psycholog i trenerka. By\u0142a Dyrektor Oddzia\u0142u <a href=\"http:\/\/www.pfron.org.pl\/\">Pa\u0144stwowego Funduszu Rehabilitacji Os\u00f3b Niepe\u0142nosprawnych<\/a> w Katowicach. Absolwentka Psychologii Uniwersytetu \u015al\u0105skiego w Katowicach oraz Podyplomowego Studium Zarz\u0105dzania Zasobami Ludzkimi Szko\u0142y G\u0142\u00f3wnej Handlowej w Warszawie.<\/p>\n<p class=\"rtejustify\">Prowadzi\u0142a zaj\u0119cia na studiach podyplomowych w Uniwersytecie \u015al\u0105skim, w Wy\u017cszej Szkole Zarz\u0105dzania Ochron\u0105 Pracy, Wy\u017cszej Szkole Biznesu w D\u0105browie G\u00f3rniczej. Wsp\u00f3\u0142pracowa\u0142a z Uniwersytetem Jagiello\u0144skim, w ramach mi\u0119dzynarodowych projekt\u00f3w unijnych HEAT, SUN, IDOL, DARE, Konstelacja Lwa. Uczestniczy\u0142a w walidacji projekt\u00f3w w ramach programu Equal jako ekspert zewn\u0119trzny. W latach 2001-2008 konsultantka ds. student\u00f3w niepe\u0142nosprawnych na Uniwersytecie \u015al\u0105skim. Konsultantka Senatu RP podczas prac nad zmianami w ustawie o rehabilitacji zawodowej i spo\u0142ecznej os\u00f3b niepe\u0142nosprawnych. Cz\u0142onkini Zespo\u0142u zadaniowego pracuj\u0105cego nad Strategi\u0105 Polityki Spo\u0142ecznej Wojew\u00f3dztwa \u015al\u0105skiego na lata 2006-2020. Prowadzi\u0142a szkolenia z zakresu psychologii pracy, asertywno\u015bci , zarz\u0105dzania sob\u0105 w czasie, efektywnych metod rekrutacji oraz szeroko poj\u0119tej niepe\u0142nosprawno\u015bci (efektywny kontakt z osob\u0105 niepe\u0142nosprawn\u0105, uwarunkowania prawne zatrudniania os\u00f3b niepe\u0142nosprawnych, przystosowanie stanowisk pracy, dofinansowania do zatrudnienia os\u00f3b niepe\u0142nosprawnych).<\/p>\n<p>Obecnie jest Dyrektorem Mazowieckiego Oddzia\u0142u Pa\u0144stwowego Funduszu Rehabilitacji Os\u00f3b Niepe\u0142nosprawnych.<\/p>\n<\/div>\n<p>\n<\/div>\r\n                    <\/div>\r\n                <\/div>[\/vc_column][\/vc_row]<\/p>","protected":false},"excerpt":{"rendered":"<p>[vc_row][vc_column][\/vc_column][\/vc_row] [&#8230;]<\/p>\n<p><a class=\"btn btn-secondary understrap-read-more-link\" href=\"https:\/\/us.edu.pl\/absolwent\/anna-wandzel-nasi-absolwenci\/\">Read More&#8230;<\/a><\/p>\n","protected":false},"author":1,"featured_media":0,"parent":0,"menu_order":0,"comment_status":"closed","ping_status":"closed","template":"","meta":{"_expiration-date-status":"saved","_expiration-date":0,"_expiration-date-type":"","_expiration-date-categories":[],"_expiration-date-options":[]},"acf":[],"_links":{"self":[{"href":"https:\/\/us.edu.pl\/absolwent\/wp-json\/wp\/v2\/pages\/623"}],"collection":[{"href":"https:\/\/us.edu.pl\/absolwent\/wp-json\/wp\/v2\/pages"}],"about":[{"href":"https:\/\/us.edu.pl\/absolwent\/wp-json\/wp\/v2\/types\/page"}],"author":[{"embeddable":true,"href":"https:\/\/us.edu.pl\/absolwent\/wp-json\/wp\/v2\/users\/1"}],"replies":[{"embeddable":true,"href":"https:\/\/us.edu.pl\/absolwent\/wp-json\/wp\/v2\/comments?post=623"}],"version-history":[{"count":3,"href":"https:\/\/us.edu.pl\/absolwent\/wp-json\/wp\/v2\/pages\/623\/revisions"}],"predecessor-version":[{"id":1219,"href":"https:\/\/us.edu.pl\/absolwent\/wp-json\/wp\/v2\/pages\/623\/revisions\/1219"}],"wp:attachment":[{"href":"https:\/\/us.edu.pl\/absolwent\/wp-json\/wp\/v2\/media?parent=623"}],"curies":[{"name":"wp","href":"https:\/\/api.w.org\/{rel}","templated":true}]}}