{"id":629,"date":"2019-10-15T15:16:37","date_gmt":"2019-10-15T13:16:37","guid":{"rendered":"https:\/\/us.edu.pl\/absolwent\/?page_id=629"},"modified":"2019-10-15T15:16:37","modified_gmt":"2019-10-15T13:16:37","slug":"miroslaw-bienioszek-nasi-absolwenci","status":"publish","type":"page","link":"https:\/\/us.edu.pl\/absolwent\/absolwencius\/nasi-absolwenci\/miroslaw-bienioszek-nasi-absolwenci\/","title":{"rendered":"Miros\u0142aw Bienioszek &#8211; Nasi Absolwenci"},"content":{"rendered":"<p>[vc_row][vc_column]\r\n                <div class=\"text-modules\">\r\n                    <div class=\"container\">\r\n                        <h3 class=\"page-title text__title\"> Miros\u0142aw Bienioszek - Nasi Absolwenci<\/h3>\r\n                        <div class=\"text-modules__content\"><\/p>\n<div class=\"content\">\n<p><img class=\"imagefield imagefield-field_image alignleft\" src=\"http:\/\/absolwent.us.edu.pl\/sites\/absolwent.us.edu.pl\/files\/m._bienioszek.1.jpg?1424433737\" alt=\"\" width=\"200\" height=\"201\" \/><\/p>\n<p class=\"rtejustify\" style=\"text-align: left;\">Absolwent Wydzia\u0142u Prawa i Administracji. Od 2011 roku jest Prezesem Zarz\u0105du firm Quality Austria-Polska Sp. z o. o. i CIS &#8211; Certification &amp; Information Security Services Sp. z o. o. Od 14 lat jest Audytorem System\u00f3w Zarz\u0105dzania.<\/p>\n<p class=\"rtejustify\" style=\"text-align: left;\">Od 13 lat pracuje na stanowiskach kierowniczych w r\u00f3\u017cnych jednostkach certyfikuj\u0105cych. Specjalizuje si\u0119 w przeprowadzaniu certyfikacji system\u00f3w zarz\u0105dzania oraz szkole\u0144 dla mened\u017cer\u00f3w, audytor\u00f3w, pe\u0142nomocnik\u00f3w i pracownik\u00f3w firm. Posiada r\u00f3wnie\u017c wykszta\u0142cenie techniczne. Uko\u0144czy\u0142 liczne kursy i szkolenia w Polsce i za granic\u0105, g\u0142\u00f3wnie w Niemczech i w Austrii. Przeprowadzi\u0142 kilkaset audyt\u00f3w, zna bardzo dobrze specyfik\u0119 funkcjonowania polskich i zagranicznych przedsi\u0119biorc\u00f3w. Przez kilka lat pracowa\u0142 w firmie Robert Bosch GmbH w Niemczech. W Polsce do\u015bwiadczenie zawodowe zdobywa\u0142 w takich firmach jak: Koncern REWE, Leiber, TNP. W\u00a0dniu 29 marca 2016 roku zosta\u0142 mianowany przez Prezydenta Austrii dr Heinza Fischera na\u00a0Konsula Honorowego Republiki Austrii.<\/p>\n<\/div>\n<p>\n<\/div>\r\n                    <\/div>\r\n                <\/div>[\/vc_column][\/vc_row]<\/p>","protected":false},"excerpt":{"rendered":"<p>[vc_row][vc_column][\/vc_column][\/vc_row] [&#8230;]<\/p>\n<p><a class=\"btn btn-secondary understrap-read-more-link\" href=\"https:\/\/us.edu.pl\/absolwent\/absolwencius\/nasi-absolwenci\/miroslaw-bienioszek-nasi-absolwenci\/\">Read More&#8230;<\/a><\/p>\n","protected":false},"author":1,"featured_media":0,"parent":331,"menu_order":0,"comment_status":"closed","ping_status":"closed","template":"","meta":{"_expiration-date-status":"","_expiration-date":0,"_expiration-date-type":"","_expiration-date-categories":[],"_expiration-date-options":[]},"acf":[],"_links":{"self":[{"href":"https:\/\/us.edu.pl\/absolwent\/wp-json\/wp\/v2\/pages\/629"}],"collection":[{"href":"https:\/\/us.edu.pl\/absolwent\/wp-json\/wp\/v2\/pages"}],"about":[{"href":"https:\/\/us.edu.pl\/absolwent\/wp-json\/wp\/v2\/types\/page"}],"author":[{"embeddable":true,"href":"https:\/\/us.edu.pl\/absolwent\/wp-json\/wp\/v2\/users\/1"}],"replies":[{"embeddable":true,"href":"https:\/\/us.edu.pl\/absolwent\/wp-json\/wp\/v2\/comments?post=629"}],"version-history":[{"count":1,"href":"https:\/\/us.edu.pl\/absolwent\/wp-json\/wp\/v2\/pages\/629\/revisions"}],"predecessor-version":[{"id":630,"href":"https:\/\/us.edu.pl\/absolwent\/wp-json\/wp\/v2\/pages\/629\/revisions\/630"}],"up":[{"embeddable":true,"href":"https:\/\/us.edu.pl\/absolwent\/wp-json\/wp\/v2\/pages\/331"}],"wp:attachment":[{"href":"https:\/\/us.edu.pl\/absolwent\/wp-json\/wp\/v2\/media?parent=629"}],"curies":[{"name":"wp","href":"https:\/\/api.w.org\/{rel}","templated":true}]}}