{"id":631,"date":"2019-10-15T15:18:07","date_gmt":"2019-10-15T13:18:07","guid":{"rendered":"https:\/\/us.edu.pl\/absolwent\/?page_id=631"},"modified":"2019-12-18T13:50:53","modified_gmt":"2019-12-18T12:50:53","slug":"tadeusz-donocik-nasi-absolwenci","status":"publish","type":"page","link":"https:\/\/us.edu.pl\/absolwent\/tadeusz-donocik-nasi-absolwenci\/","title":{"rendered":"Tadeusz Donocik &#8211; Nasi Absolwenci"},"content":{"rendered":"<p>[vc_row][vc_column]\r\n                <div class=\"text-modules\">\r\n                    <div class=\"container\">\r\n                        <h3 class=\"page-title text__title\">Tadeusz Donocik - Nasi Absolwenci<\/h3>\r\n                        <div class=\"text-modules__content\"><\/p>\n<div class=\"content\">\n<p><img class=\"imagefield imagefield-field_image alignleft\" src=\"http:\/\/absolwent.us.edu.pl\/sites\/absolwent.us.edu.pl\/files\/t_donocik.jpg?1425280039\" alt=\"\" width=\"200\" height=\"200\" \/><\/p>\n<p>Prywatny przedsi\u0119biorca od 1982 roku, absolwent Wydzia\u0142u Prawa i Administracji Uniwersytetu \u015al\u0105skiego, prawnik, doradca biznesowy, specjalista restrukturyzacji firm, szkoleniowiec.<br \/>\nInicjator i wsp\u00f3\u0142inicjator szeregu dzia\u0142a\u0144 promuj\u0105cych rozw\u00f3j Katowic i regionu, m.in. Agencji Rozwoju Regionalnego, Agencji Przekszta\u0142ce\u0144 Przedsi\u0119biorstw i 12 Agencji Rozwoju Lokalnego. Aktywny uczestnik procesu przebudowy gospodarczo &#8211; spo\u0142ecznej \u015al\u0105ska, wsp\u00f3\u0142tw\u00f3rca i wsp\u00f3\u0142inicjator prac nad Kontraktem Regionalnym dla wojew\u00f3dztwa katowickiego w latach 1992 \u2013 1997. W swej dzia\u0142alno\u015bci bardzo mocno wyr\u00f3\u017cnia element promocji wojew\u00f3dztwa \u015bl\u0105skiego i promocji przedsi\u0119biorczo\u015bci tego regionu zar\u00f3wno w kraju jak i za granic\u0105.<\/p>\n<p>Od 1990 roku Prezes, wsp\u00f3\u0142za\u0142o\u017cyciel Regionalnej Izby Gospodarczej w Katowicach, ukierunkowanej na sta\u0142e doskonalenie i samouczenie si\u0119. Izba jest obecnie jedn\u0105 z najwi\u0119kszych i najpr\u0119\u017cniej dzia\u0142aj\u0105cych organizacji samorz\u0105du gospodarczego w wojew\u00f3dztwie \u015bl\u0105skim, a dynamizm i ci\u0105g\u0142y rozw\u00f3j to cechy najlepiej j\u0105 charakteryzuj\u0105ce. Realizuj\u0105c swoje zadania statutowe Izba wspiera podmioty gospodarcze w ich d\u0105\u017ceniach do budowy innowacyjnej gospodarki w naszym regionie i kraju oraz wzrostu ich konkurencyjno\u015bci na Rynku Europejskim. Izba jako pierwsza w Polsce uzyska\u0142a w 2010 roku tytu\u0142 Laureata XVI edycji Konkursu Polska Nagroda Jako\u015bci w kategorii organizacje samorz\u0105du gospodarczego.<\/p>\n<p>Tadeusz Donocik od 1993 r. jest wiceprezesem Krajowej Izby Gospodarczej, z kt\u00f3rej to ramienia w latach 2004-2006 podejmowa\u0142 dzia\u0142ania jako cz\u0142onek Europejskiego Komitetu Ekonomiczno-Spo\u0142ecznego w Brukseli (EKES). W latach 2006-2010, z ramienia KIG, uczestniczy tak\u017ce w pracach Komisji Konsultacyjnej ds. Przemian w Przemy\u015ble (CCMI) Europejskiego Komitetu Ekonomiczno-Spo\u0142ecznego, jako przedstawiciel grupy pracodawc\u00f3w.<\/p>\n<p>W latach 1997-1998 by\u0142 Szefem Gabinetu Politycznego Ministra Gospodarki, natomiast w latach 1998-2001 by\u0142 Podsekretarzem Stanu w Ministerstwie Gospodarki, odpowiedzialnym m.in. za: polityk\u0119 regionaln\u0105, rozw\u00f3j M\u015aP, promocj\u0119 eksportu, handel zagraniczny, technik\u0119 i technologi\u0119, turystyk\u0119, Specjalne Strefy Ekonomiczne.<\/p>\n<p>Od 2002 r. Cz\u0142onek Komitetu Steruj\u0105cego Regionalnej Strategii Innowacyjnej RIS-Silesia. W latach 2003-2010 &#8211; Cz\u0142onek Komitetu Monitoruj\u0105cego Zintegrowany Program Operacyjny Rozwoju Regionalnego 2004-2006, Cz\u0142onek Regionalnego Komitetu Steruj\u0105cego ds. Rozwoju Regionu. Od 2006r. Cz\u0142onek Rady Nadzorczej Polskiej Agencji Rozwoju Przedsi\u0119biorczo\u015bci S.A. a od 2011 roku Cz\u0142onek Rady Nadzorczej G\u00f3rno\u015bl\u0105skiego Towarzystwa Lotniczego w Katowicach.<\/p>\n<p>Od 2018 roku Prezes Honorowy RIG w Katowicach.<\/p>\n<p>Obecnie jest cz\u0142onkiem m.in. Zespo\u0142u ds. monitorowania sytuacji spo\u0142eczno-gospodarczej w wojew\u00f3dztwie \u015bl\u0105skim przy Wojewodzie \u015al\u0105skim, ekspertem Panelu Horyzontalnego w ramach projektu FORGOM \u2013 Foresight technologiczny rozwoju sektora us\u0142ug publicznych w G\u00f3rno\u015bl\u0105skim Obszarze Metropolitalnym, realizowanego przez G\u0142\u00f3wny Instytut G\u00f3rnictwa w Katowicach czy cz\u0142onkiem Komitetu ds. Ochrony Bezstronno\u015bci dzia\u0142aj\u0105cego przy TUV NORD Polska.<\/p>\n<p>Pomys\u0142odawca i organizator trzech edycji Mi\u0119dzynarodowych Studenckich festiwali i folklorystycznych w Katowicach i Sosnowcu (1979-1981). Od 2010 roku Prezes Stowarzyszenia Absolwent\u00f3w Uniwersytetu \u015al\u0105skiego.<\/p>\n<p>Autor ok. 500 referat\u00f3w, wyst\u0105pie\u0144 i publikacji dot. systemu gospodarki rynkowej, marketingu, p\u0142ynno\u015bci finansowej w firmach, problematyki ma\u0142ych i \u015brednich przedsi\u0119biorstw, handlu zagranicznego i promocji eksportu, polityki regionalnej oraz turystyki.<\/p>\n<p>W 2001 odznaczony Krzy\u017cem Oficerskim Orderu Odrodzenia Polski, a w 2015 otrzyma\u0142 Per\u0142\u0119 Honorow\u0105 Polskiej Gospodarki.<\/p>\n<\/div>\n<p>\n<\/div>\r\n                    <\/div>\r\n                <\/div>[\/vc_column][\/vc_row]<\/p>","protected":false},"excerpt":{"rendered":"<p>[vc_row][vc_column][\/vc_column][\/vc_row] [&#8230;]<\/p>\n<p><a class=\"btn btn-secondary understrap-read-more-link\" href=\"https:\/\/us.edu.pl\/absolwent\/tadeusz-donocik-nasi-absolwenci\/\">Read More&#8230;<\/a><\/p>\n","protected":false},"author":1,"featured_media":0,"parent":0,"menu_order":0,"comment_status":"closed","ping_status":"closed","template":"","meta":{"_expiration-date-status":"saved","_expiration-date":0,"_expiration-date-type":"","_expiration-date-categories":[],"_expiration-date-options":[]},"acf":[],"_links":{"self":[{"href":"https:\/\/us.edu.pl\/absolwent\/wp-json\/wp\/v2\/pages\/631"}],"collection":[{"href":"https:\/\/us.edu.pl\/absolwent\/wp-json\/wp\/v2\/pages"}],"about":[{"href":"https:\/\/us.edu.pl\/absolwent\/wp-json\/wp\/v2\/types\/page"}],"author":[{"embeddable":true,"href":"https:\/\/us.edu.pl\/absolwent\/wp-json\/wp\/v2\/users\/1"}],"replies":[{"embeddable":true,"href":"https:\/\/us.edu.pl\/absolwent\/wp-json\/wp\/v2\/comments?post=631"}],"version-history":[{"count":3,"href":"https:\/\/us.edu.pl\/absolwent\/wp-json\/wp\/v2\/pages\/631\/revisions"}],"predecessor-version":[{"id":1281,"href":"https:\/\/us.edu.pl\/absolwent\/wp-json\/wp\/v2\/pages\/631\/revisions\/1281"}],"wp:attachment":[{"href":"https:\/\/us.edu.pl\/absolwent\/wp-json\/wp\/v2\/media?parent=631"}],"curies":[{"name":"wp","href":"https:\/\/api.w.org\/{rel}","templated":true}]}}