{"id":635,"date":"2019-10-15T15:20:06","date_gmt":"2019-10-15T13:20:06","guid":{"rendered":"https:\/\/us.edu.pl\/absolwent\/?page_id=635"},"modified":"2019-12-10T18:17:52","modified_gmt":"2019-12-10T17:17:52","slug":"zygmunt-lukaszczyk-nasi-absolwenci","status":"publish","type":"page","link":"https:\/\/us.edu.pl\/absolwent\/zygmunt-lukaszczyk-nasi-absolwenci\/","title":{"rendered":"Zygmunt \u0141ukaszczyk &#8211; Nasi Absolwenci"},"content":{"rendered":"<p>[vc_row][vc_column]\r\n                <div class=\"text-modules\">\r\n                    <div class=\"container\">\r\n                        <h3 class=\"page-title text__title\">Zygmunt \u0141ukaszczyk - Nasi Absolwenci<\/h3>\r\n                        <div class=\"text-modules__content\"><\/p>\n<div class=\"content\">\n<p class=\"rtejustify\">Absolwent fizyki na Wydziale Matematyki, Fizyki i Chemii. Nast\u0119pnie uko\u0144czy\u0142 podyplomowe studia ekonomiczne i menad\u017cerskie \u201eGospodarka samorz\u0105dowa&#8221; w Akademii Ekonomicznej w Krakowie, Prawno-Samorz\u0105dowe PAN, \u201eWycena nieruchomo\u015bci&#8221; w Wy\u017cszej Szkole Handlu i Finans\u00f3w Mi\u0119dzynarodowych w Warszawie, menad\u017cerskie na Uniwersytecie Warszawskim. W 2012 roku uzyska\u0142 tytu\u0142 doktora nauk technicznych na Politechnice \u015al\u0105skiej. Obecnie (od pa\u017adziernika 2016) jest Dyrektorem Centrum Kszta\u0142cenia In\u017cynier\u00f3w Politechniki \u015al\u0105skiej w Rybniku.<\/p>\n<p class=\"rtejustify\">W 1990 roku obj\u0105\u0142 funkcj\u0119 wiceprezydenta \u017bor, a nast\u0119pnie w 1992 roku zosta\u0142 prezydentem tego miasta. Funkcj\u0119 prezydenta pe\u0142ni\u0142 do listopada 1998 roku. W 1998 roku zda\u0142 egzamin na cz\u0142onk\u00f3w rad nadzorczych w sp\u00f3\u0142kach Skarbu Pa\u0144stwa. W 1999 roku obj\u0105\u0142 stanowisko dyrektora zespo\u0142u przekszta\u0142ce\u0144 strukturalnych, a po dw\u00f3ch latach wiceprezesa Jastrz\u0119bskiej Sp\u00f3\u0142ki W\u0119glowej SA. By\u0142 tak\u017ce dyrektorem Biura Restrukturyzacji, Nadzoru W\u0142a\u015bcicielskiego i Strategii Kapita\u0142owej w JSW SA. W 2006 roku zosta\u0142 prezesem Centralnego Laboratorium Pomiarowo-Badawczego, sp\u00f3\u0142ki powi\u0105zanej z JSW SA. W latach 2007-2014 piastowa\u0142 stanowisko wojewody \u015bl\u0105skiego. Od kwietnia 2014 do wrze\u015bnia 2014 by\u0142 wiceprezesem ds. rozwoju sp\u00f3\u0142ki JSW KOKS SA (sp\u00f3\u0142ki zale\u017cnej od Jastrz\u0119bskiej Sp\u00f3\u0142ki W\u0119glowej). W latach 2004-2006 pe\u0142ni\u0142 funkcj\u0119 prezesa Katowickiego Holdingu W\u0119glowego. W 2015 roku zosta\u0142 wybrany nowym prezesem European Association for Coal and Lignite (EURACOAL) z siedzib\u0105 w Brukseli, kt\u00f3ra zrzesza 35 cz\u0142onk\u00f3w z 20 kraj\u00f3w: Belgii, Bo\u015bni i Hercegowiny, Bu\u0142garii, Francji, Finlandii, Niemiec, Grecji, W\u0119gier, W\u0142och, Polski, Rumunii, Serbii, S\u0142owacji, S\u0142owenii, Hiszpanii, Szwecji, Turcji, Ukrainy, Czech oraz Wielkiej Brytanii. Zainteresowania \u2013 \u017ceglarstwo. Posiada patent sternika jachtowego. Od czerwca 2016 nie jest ju\u017c prezesem Katowickiego Holdingu W\u0119glowego.<\/p>\n<p>Podj\u0105\u0142 tak\u017ce prac\u0119 jako nauczyciel akademicki na Politechnice \u015al\u0105skiej. Od pa\u017adziernika 2016 r. pe\u0142ni r\u00f3wnie\u017c funkcj\u0119 dyrektora Centrum Kszta\u0142cenia Ustawicznego &#8211; filii Politechniki \u015al\u0105skiej w Rybniku (dawniej Centrum Kszta\u0142cenia In\u017cynier\u00f3w).<br \/>\nJest wiceprzewodnicz\u0105cym Rady Uczelni Politechniki \u015al\u0105skiej w kadencji od dnia 1 marca 2019 roku do dnia 31 grudnia 2020 roku.<\/p>\n<\/div>\n<p>\n<\/div>\r\n                    <\/div>\r\n                <\/div>[\/vc_column][\/vc_row]<\/p>","protected":false},"excerpt":{"rendered":"<p>[vc_row][vc_column][\/vc_column][\/vc_row] [&#8230;]<\/p>\n<p><a class=\"btn btn-secondary understrap-read-more-link\" href=\"https:\/\/us.edu.pl\/absolwent\/zygmunt-lukaszczyk-nasi-absolwenci\/\">Read More&#8230;<\/a><\/p>\n","protected":false},"author":1,"featured_media":0,"parent":0,"menu_order":0,"comment_status":"closed","ping_status":"closed","template":"","meta":{"_expiration-date-status":"saved","_expiration-date":0,"_expiration-date-type":"","_expiration-date-categories":[],"_expiration-date-options":[]},"acf":[],"_links":{"self":[{"href":"https:\/\/us.edu.pl\/absolwent\/wp-json\/wp\/v2\/pages\/635"}],"collection":[{"href":"https:\/\/us.edu.pl\/absolwent\/wp-json\/wp\/v2\/pages"}],"about":[{"href":"https:\/\/us.edu.pl\/absolwent\/wp-json\/wp\/v2\/types\/page"}],"author":[{"embeddable":true,"href":"https:\/\/us.edu.pl\/absolwent\/wp-json\/wp\/v2\/users\/1"}],"replies":[{"embeddable":true,"href":"https:\/\/us.edu.pl\/absolwent\/wp-json\/wp\/v2\/comments?post=635"}],"version-history":[{"count":3,"href":"https:\/\/us.edu.pl\/absolwent\/wp-json\/wp\/v2\/pages\/635\/revisions"}],"predecessor-version":[{"id":1222,"href":"https:\/\/us.edu.pl\/absolwent\/wp-json\/wp\/v2\/pages\/635\/revisions\/1222"}],"wp:attachment":[{"href":"https:\/\/us.edu.pl\/absolwent\/wp-json\/wp\/v2\/media?parent=635"}],"curies":[{"name":"wp","href":"https:\/\/api.w.org\/{rel}","templated":true}]}}