{"id":637,"date":"2019-10-15T15:20:56","date_gmt":"2019-10-15T13:20:56","guid":{"rendered":"https:\/\/us.edu.pl\/absolwent\/?page_id=637"},"modified":"2019-12-10T18:20:01","modified_gmt":"2019-12-10T17:20:01","slug":"joanna-sochacka-nasi-absolwenci","status":"publish","type":"page","link":"https:\/\/us.edu.pl\/absolwent\/joanna-sochacka-nasi-absolwenci\/","title":{"rendered":"Joanna Sochacka &#8211; Nasi Absolwenci"},"content":{"rendered":"<p>[vc_row][vc_column]\r\n                <div class=\"text-modules\">\r\n                    <div class=\"container\">\r\n                        <h3 class=\"page-title text__title\">Joanna Sochacka - Nasi Absolwenci<\/h3>\r\n                        <div class=\"text-modules__content\"><\/p>\n<div class=\"content\">\n<p><img class=\"imagefield imagefield-field_image alignleft\" src=\"http:\/\/absolwent.us.edu.pl\/sites\/absolwent.us.edu.pl\/files\/sochacka_male.jpg?1425565226\" alt=\"\" width=\"200\" height=\"200\" \/><\/p>\n<p class=\"rtejustify\" style=\"text-align: left\">Absolwentka Uniwersytetu \u015al\u0105skiego oraz Wy\u017cszej Szko\u0142y Bankowej w Poznaniu. Prezes <a href=\"http:\/\/www.inkubatorrudzki.pl\/\">Rudzkiego Inkubatora Przedsi\u0119biorczo\u015bci Sp. z o.o.<\/a> w Rudzie \u015al\u0105skiej. Pe\u0142ni\u0142a szereg funkcji kierowniczych. W Urz\u0119dzie Miasta Ruda \u015al\u0105ska by\u0142a naczelnikiem Wydzia\u0142u Innowacji i Pozyskiwania Funduszy, pozyskuj\u0105c dotacje UE na inwestycje infrastrukturalne w Rudzie \u015al\u0105skiej w latach 2004-2010. Od 2006 roku Pe\u0142nomocnik Prezydenta Miasta ds. Rewitalizacji w mie\u015bcie Ruda \u015al\u0105ska. W 2010 roku by\u0142a Przewodnicz\u0105c\u0105 Komisji ds. Unii Europejskiej \u015al\u0105skiego Zwi\u0105zku Gmin i Powiat\u00f3w. Autorka lokalnych projekt\u00f3w, program\u00f3w i strategii rozwoju gospodarczego. Inicjatorka powo\u0142ania i Przewodnicz\u0105ca Rady \u015al\u0105skiego Klastra Multimedialnego HubClub. Posiada liczne certyfikaty eksperta w dziedzinie pozyskiwania funduszy strukturalnych.<\/p>\n<p class=\"rtejustify\" style=\"text-align: left\">W 2013 roku odebra\u0142a wyr\u00f3\u017cnienie Z\u0142oty Laur Umiej\u0119tno\u015bci i Kompetencji za wspieranie rozwoju gospodarki rynkowej oraz wyr\u00f3\u017cnienie w kategorii \u201eNajlepsza kreatywna kampania promocyjna\u201d.\u00a0W roku 2016 Joanna Sochacka zosta\u0142a odznaczona Srebrn\u0105 Odznak\u0105 Honorow\u0105 za zas\u0142ugi dla Wojew\u00f3dztwa \u015al\u0105skiego\u00a0 oraz Z\u0142ot\u0105 Odznak\u0105 Za Zas\u0142ugi Dla Uniwersytetu \u015al\u0105skiego.<\/p>\n<\/div>\n<p>\n<\/div>\r\n                    <\/div>\r\n                <\/div>[\/vc_column][\/vc_row]<\/p>","protected":false},"excerpt":{"rendered":"<p>[vc_row][vc_column][\/vc_column][\/vc_row] [&#8230;]<\/p>\n<p><a class=\"btn btn-secondary understrap-read-more-link\" href=\"https:\/\/us.edu.pl\/absolwent\/joanna-sochacka-nasi-absolwenci\/\">Read More&#8230;<\/a><\/p>\n","protected":false},"author":1,"featured_media":0,"parent":0,"menu_order":0,"comment_status":"closed","ping_status":"closed","template":"","meta":{"_expiration-date-status":"saved","_expiration-date":0,"_expiration-date-type":"","_expiration-date-categories":[],"_expiration-date-options":[]},"acf":[],"_links":{"self":[{"href":"https:\/\/us.edu.pl\/absolwent\/wp-json\/wp\/v2\/pages\/637"}],"collection":[{"href":"https:\/\/us.edu.pl\/absolwent\/wp-json\/wp\/v2\/pages"}],"about":[{"href":"https:\/\/us.edu.pl\/absolwent\/wp-json\/wp\/v2\/types\/page"}],"author":[{"embeddable":true,"href":"https:\/\/us.edu.pl\/absolwent\/wp-json\/wp\/v2\/users\/1"}],"replies":[{"embeddable":true,"href":"https:\/\/us.edu.pl\/absolwent\/wp-json\/wp\/v2\/comments?post=637"}],"version-history":[{"count":3,"href":"https:\/\/us.edu.pl\/absolwent\/wp-json\/wp\/v2\/pages\/637\/revisions"}],"predecessor-version":[{"id":1224,"href":"https:\/\/us.edu.pl\/absolwent\/wp-json\/wp\/v2\/pages\/637\/revisions\/1224"}],"wp:attachment":[{"href":"https:\/\/us.edu.pl\/absolwent\/wp-json\/wp\/v2\/media?parent=637"}],"curies":[{"name":"wp","href":"https:\/\/api.w.org\/{rel}","templated":true}]}}