{"id":639,"date":"2019-10-15T15:21:50","date_gmt":"2019-10-15T13:21:50","guid":{"rendered":"https:\/\/us.edu.pl\/absolwent\/?page_id=639"},"modified":"2019-12-10T18:20:51","modified_gmt":"2019-12-10T17:20:51","slug":"roman-trzaskalik-nasi-absolwenci","status":"publish","type":"page","link":"https:\/\/us.edu.pl\/absolwent\/roman-trzaskalik-nasi-absolwenci\/","title":{"rendered":"Roman Trzaskalik &#8211; Nasi Absolwenci"},"content":{"rendered":"<p>[vc_row][vc_column]\r\n                <div class=\"text-modules\">\r\n                    <div class=\"container\">\r\n                        <h3 class=\"page-title text__title\">Roman Trzaskalik - Nasi Absolwenci<\/h3>\r\n                        <div class=\"text-modules__content\"><\/p>\n<div class=\"content\">\n<p><img class=\"imagefield imagefield-field_image alignleft\" src=\"http:\/\/absolwent.us.edu.pl\/sites\/absolwent.us.edu.pl\/files\/roman_trzaskalik_male.jpg?1425304479\" alt=\"\" width=\"200\" height=\"200\" \/><\/p>\n<p class=\"rtejustify\" style=\"text-align: left\">Wiceprezes Euro-Centrum S.A. oraz Parku Naukowo-Technologicznego Euro-Centrum Sp. z o.o. Z wykszta\u0142cenia radca prawny, absolwent Wydzia\u0142u Prawa i Administracji Uniwersytetu \u015al\u0105skiego w Katowicach, Studium Bankowo\u015bci i Finans\u00f3w Akademii Ekonomicznej w Katowicach (obecnie Uniwersytetu Ekonomicznego) oraz Polskiego Towarzystwa Ekonomicznego w Katowicach.<\/p>\n<p class=\"rtejustify\" style=\"text-align: left\">Od 2004 roku wiceprezes Euro-Centrum SA i od 2007 prezes Parku Naukowo-Technologicznego Euro-Centrum Sp. z o.o. Zarz\u0105dzane przez niego firmy realizuj\u0105 szereg projekt\u00f3w inwestycyjnych (m.in. rewitalizacja teren\u00f3w poprzemys\u0142owych, budowa biurowca energooszcz\u0119dnego i pasywnego, hali monta\u017cowo-magazynowej), technologicznych, badawczo-rozwojowych oraz szkoleniowych. Wcze\u015bniej uczestniczy\u0142 w projektach zwi\u0105zanych z transferem i komercjalizacj\u0105 technologii, budowaniem klastr\u00f3w i sektorowych sieci wsp\u00f3\u0142pracy. Przedsi\u0119wzi\u0119cia te uzyska\u0142y dofinansowanie z funduszy unijnych oraz bud\u017cetu pa\u0144stwa. Od 2007 roku kieruje tak\u017ce pracami <a href=\"http:\/\/www.forumparkow.pl\/\">Stowarzyszenia Krajowego Forum Park\u00f3w Przemys\u0142owych i Park\u00f3w Technologicznych<\/a>, kt\u00f3re skupia obecnie 31 park\u00f3w z ca\u0142ej Polski. Stowarzyszenie inicjuje dzia\u0142ania propaguj\u0105ce ide\u0119 park\u00f3w w Polsce, koordynuje wsp\u00f3lne projekty, wspiera wymian\u0119 informacji i\u00a0do\u015bwiadcze\u0144 cz\u0142onk\u00f3w Stowarzyszenia. W 2013 roku wsp\u00f3\u0142za\u0142o\u017cy\u0142 i nadal prowadzi <a href=\"http:\/\/nostrares.pl\">Stowarzyszenie Chrze\u015bcija\u0144skich Przedsi\u0119biorc\u00f3w i Menad\u017cer\u00f3w Nostra RES<\/a>.<\/p>\n<\/div>\n<p>\n<\/div>\r\n                    <\/div>\r\n                <\/div>[\/vc_column][\/vc_row]<\/p>","protected":false},"excerpt":{"rendered":"<p>[vc_row][vc_column][\/vc_column][\/vc_row] [&#8230;]<\/p>\n<p><a class=\"btn btn-secondary understrap-read-more-link\" href=\"https:\/\/us.edu.pl\/absolwent\/roman-trzaskalik-nasi-absolwenci\/\">Read More&#8230;<\/a><\/p>\n","protected":false},"author":1,"featured_media":0,"parent":0,"menu_order":0,"comment_status":"closed","ping_status":"closed","template":"","meta":{"_expiration-date-status":"saved","_expiration-date":0,"_expiration-date-type":"","_expiration-date-categories":[],"_expiration-date-options":[]},"acf":[],"_links":{"self":[{"href":"https:\/\/us.edu.pl\/absolwent\/wp-json\/wp\/v2\/pages\/639"}],"collection":[{"href":"https:\/\/us.edu.pl\/absolwent\/wp-json\/wp\/v2\/pages"}],"about":[{"href":"https:\/\/us.edu.pl\/absolwent\/wp-json\/wp\/v2\/types\/page"}],"author":[{"embeddable":true,"href":"https:\/\/us.edu.pl\/absolwent\/wp-json\/wp\/v2\/users\/1"}],"replies":[{"embeddable":true,"href":"https:\/\/us.edu.pl\/absolwent\/wp-json\/wp\/v2\/comments?post=639"}],"version-history":[{"count":2,"href":"https:\/\/us.edu.pl\/absolwent\/wp-json\/wp\/v2\/pages\/639\/revisions"}],"predecessor-version":[{"id":1225,"href":"https:\/\/us.edu.pl\/absolwent\/wp-json\/wp\/v2\/pages\/639\/revisions\/1225"}],"wp:attachment":[{"href":"https:\/\/us.edu.pl\/absolwent\/wp-json\/wp\/v2\/media?parent=639"}],"curies":[{"name":"wp","href":"https:\/\/api.w.org\/{rel}","templated":true}]}}