{"id":642,"date":"2019-10-15T15:23:17","date_gmt":"2019-10-15T13:23:17","guid":{"rendered":"https:\/\/us.edu.pl\/absolwent\/?page_id=642"},"modified":"2019-12-16T09:40:16","modified_gmt":"2019-12-16T08:40:16","slug":"agnieszka-babczynska-nasi-absolwenci","status":"publish","type":"page","link":"https:\/\/us.edu.pl\/absolwent\/agnieszka-babczynska-nasi-absolwenci\/","title":{"rendered":"Agnieszka Babczy\u0144ska &#8211; Nasi Absolwenci"},"content":{"rendered":"<p>[vc_row][vc_column]\r\n                <div class=\"text-modules\">\r\n                    <div class=\"container\">\r\n                        <h3 class=\"page-title text__title\">Agnieszka Babczy\u0144ska - Nasi Absolwenci<\/h3>\r\n                        <div class=\"text-modules__content\"><\/p>\n<div class=\"content\">\n<p class=\"rtejustify rteindent1\"><img class=\"alignleft\" src=\"http:\/\/absolwent.us.edu.pl\/sites\/absolwent.us.edu.pl\/files\/imce\/_dsc9853.1.jpg\" alt=\"\" width=\"727\" height=\"485\" \/>Agnieszka Babczy\u0144ska urodzi\u0142a si\u0119 w Katowicach. W tym mie\u015bcie sko\u0144czy\u0142a r\u00f3wnie\u017c szko\u0142\u0119 podstawow\u0105. Natomiast jako szko\u0142\u0119 \u015bredni\u0105 wybra\u0142a I LO w Chorzowie. Po maturze podj\u0119\u0142a studia na Wydziale Biologii i Ochrony \u015arodowiska Uniwersytetu \u015al\u0105skiego w Katowicach i pozosta\u0142a tu do tej pory. Obecnie pracuje w\u00a0<a href=\"http:\/\/www.wbios.us.edu.pl\/katedra-fizjologii-zwierzat-i-ekotoksykologii.html\">Katedrze Fizjologii Zwierz\u0105t i Ekotoksykologii<\/a>\u00a0Wydzia\u0142u Nauk Przyrodniczych U\u015a.<\/p>\n<p class=\"rtejustify\">W ramach pracy naukowej podejmuje nast\u0119puj\u0105c\u0105 tematyk\u0119 badawcz\u0105: rodzaje zanieczyszcze\u0144 \u015brodowiska, skutki nara\u017cenia zwierz\u0105t kr\u0119gowych i bezkr\u0119gowych na toksyny \u015brodowiskowe r\u00f3\u017cnego pochodzenia. Ulubionym obiektem badawczym Agnieszki Babczy\u0144skiej s\u0105 paj\u0105ki. Interesuj\u0105 j\u0105: ekofozjologia paj\u0105k\u00f3w, ich potencja\u0142 rozrodczy i rozwojowy, elementy rozwoju zarodkowego, ewentualne zaburzenia proces\u00f3w rozwojowych na skutek dzia\u0142ania czynnik\u00f3w fizycznych i chemicznych.<\/p>\n<p class=\"rtejustify\">Agnieszka Babczy\u0144ska jest tak\u017ce dyrektorem\u00a0<a href=\"http:\/\/www.cscs.us.edu.pl\/\">Centrum Studi\u00f3w nad Cz\u0142owiekiem i \u015arodowiskiem<\/a>, gdzie zajmuje si\u0119 popularyzowaniem nauki. Realizuje to poprzez wsp\u00f3\u0142organizowanie wyk\u0142ad\u00f3w popularnonaukowych, konferencji, publikacji popularnonaukowych, kt\u00f3re wydaje Centrum oraz\u00a0<a href=\"http:\/\/naukawobiektywie.us.edu.pl\/\">Biennale Fotograficznego Uniwersytetu \u015al\u0105skiego \u201eNauka w obiektywie<\/a>\u201d. Wsp\u00f3\u0142uczestniczy w realizacji tak\u017ce innych przedsi\u0119wzi\u0119\u0107 \u015brodowiskowych, jak \u015bcie\u017cki dydaktycznej Aleja Drzew Polskich.<\/p>\n<p class=\"rtejustify\"><strong>Dlaczego zdecydowa\u0142a si\u0119 Pani na podj\u0119cie studi\u00f3w na Uniwersytecie \u015al\u0105skim?<\/strong><\/p>\n<p class=\"rtejustify\">Od II klasy (czteroletniego) liceum by\u0142am przekonana, \u017ce zostan\u0119 biologiem i jako naturalny krok w d\u0105\u017ceniu do realizacji tego planu by\u0142o podj\u0119cie studi\u00f3w wy\u017cszych w tej dziedzinie. B\u0119d\u0105c mieszkank\u0105 Katowic nie mia\u0142am dylematu co do wyboru uczelni.<\/p>\n<p class=\"rtejustify\"><strong>Jak wspomina Pani studia na Uniwersytecie \u015al\u0105skim?<\/strong><\/p>\n<p class=\"rtejustify\">Mam raczej pozytywne wspomnienia ze studi\u00f3w. Szybko sprecyzowa\u0142y si\u0119 moje zainteresowania co do wyboru specjalizacji, przez co z wi\u0119kszym zapa\u0142em podchodzi\u0142am do wybranych dziedzin biologii, ni\u017c do innych. Rozszerzy\u0142 mi si\u0119 kr\u0105g znajomych, otworzy\u0142a mo\u017cliwo\u015b\u0107 odwiedzenia wielu ciekawych miejsc podczas praktyk. Zorientowa\u0142am si\u0119 co jest wa\u017cne nie tylko w biologii, ale i w \u017cyciu, i w relacjach mi\u0119dzyludzkich.<\/p>\n<p class=\"rtejustify\"><strong>Dlaczego wybra\u0142a Pani dany kierunek studi\u00f3w?<\/strong><\/p>\n<p class=\"rtejustify\">Nie mog\u0119 wskaza\u0107 innego powodu, jak to, \u017ce w\u015br\u00f3d wielu r\u00f3\u017cnych zainteresowa\u0144 dominowa\u0142 \u015bwiat przyrody o\u017cywionej. Wyb\u00f3r, bez \u017cadnych praktycznych podtekst\u00f3w wynika\u0142 wy\u0142\u0105cznie z zainteresowa\u0144.<\/p>\n<p class=\"rtejustify\"><strong>Jakie s\u0105 Pani g\u0142\u00f3wne zadania i obszary dzia\u0142alno\u015bci zawodowej?<\/strong><\/p>\n<p class=\"rtejustify\">Jako pracownik naukowo-dydaktyczny zajmuj\u0119 si\u0119 g\u0142\u00f3wnie planowaniem i realizacj\u0105 bada\u0144 naukowych oraz publikowaniem ich wynik\u00f3w. Ponadto znaczna cz\u0119\u015b\u0107 mojego czasu przeznaczona jest na prowadzenie zaj\u0119\u0107 dydaktycznych zar\u00f3wno kursowych, jak i indywidualnych z dyplomantami. Jednocze\u015bnie, b\u0119d\u0105c dyrektorem Centrum Studi\u00f3w nad Cz\u0142owiekiem i \u015arodowiskiem zajmuj\u0119 si\u0119 popularyzowaniem nauki, udost\u0119pnianiem najnowszej wiedzy naukowej wszystkim, kt\u00f3rzy nie s\u0105 bezpo\u015brednio zwi\u0105zani z nauk\u0105. Realizuj\u0119 to poprzez wsp\u00f3\u0142organizowanie wyk\u0142ad\u00f3w popularnonaukowych, konferencji, publikacji popularnonaukowych, kt\u00f3re wydaje Centrum oraz wystawy fotografii naukowej. Wsp\u00f3\u0142uczestnicz\u0119, w ramach dzia\u0142alno\u015bci Centrum, w realizacji tak\u017ce innych przedsi\u0119wzi\u0119\u0107 \u015brodowiskowych, jak np. powsta\u0142ej ostatnio na terenie Uczelni \u015bcie\u017cki dydaktycznej Aleja Drzew Polskich.<\/p>\n<p class=\"rtejustify\"><strong>Co sprawia Pani najwi\u0119ksz\u0105 satysfakcj\u0119 w pracy?<\/strong><\/p>\n<p class=\"rtejustify\">Pojawianie si\u0119 wci\u0105\u017c nowych pomys\u0142\u00f3w na badania naukowe i wydarzenia popularnonaukowe i to, \u017ce czasami udaje si\u0119 zrealizowa\u0107 niekt\u00f3re z nich.<\/p>\n<p class=\"rtejustify\"><strong>Co stanowi dla Pani najwi\u0119ksze wyzwanie zawodowe?<\/strong><\/p>\n<p class=\"rtejustify\">Du\u017cym wyzwaniem jest utrzymywanie si\u0119 na bie\u017c\u0105co z najnowszymi wynikami bada\u0144 naukowych i skuteczno\u015b\u0107 w staraniu si\u0119 o mo\u017cliwo\u015bci realizacji w\u0142asnych projekt\u00f3w badawczych.<\/p>\n<p class=\"rtejustify\"><strong>Jakie umiej\u0119tno\u015bci i do\u015bwiadczenia zdobyte na Uczelni pomog\u0142y Pani w zdobyciu zatrudnienia?<\/strong><\/p>\n<p class=\"rtejustify\">Prawdopodobnie dociekliwo\u015b\u0107 i umiej\u0119tno\u015b\u0107 poszukiwania odpowiedzi na pojawiaj\u0105ce si\u0119 pytania, pewne umiej\u0119tno\u015bci organizacyjne oraz, by\u0107 mo\u017ce, wzgl\u0119dna \u0142atwo\u015b\u0107 w nawi\u0105zywaniu kontakt\u00f3w z innymi.<\/p>\n<p class=\"rtejustify\"><strong>Jak edukacja na Uniwersytecie \u015al\u0105skim wp\u0142yn\u0119\u0142a na wyb\u00f3r Pani drogi zawodowej? Kt\u00f3re do\u015bwiadczenia z czasu studi\u00f3w okaza\u0142y si\u0119 kluczowe w poszukiwaniu pracy?<\/strong><\/p>\n<p class=\"rtejustify\">Jestem chyba szcz\u0119\u015bciarzem, poniewa\u017c moje wizje z wczesnej m\u0142odo\u015bci na temat bycia biologiem spe\u0142ni\u0142y si\u0119 w ten spos\u00f3b, \u017ce uda\u0142o mi si\u0119 kontynuowa\u0107 nauk\u0119 na studiach doktoranckich, a potem pozosta\u0107 w macierzystej Katedrze Fizjologii Zwierz\u0105t i Ekotoksykologii \u2013 wyb\u00f3r by\u0142 do\u015b\u0107 oczywisty. Nie mia\u0142am konieczno\u015bci szukania pracy w sensie rozumianym dzisiaj.<\/p>\n<p class=\"rtejustify\"><strong>Co radzi Pani kandydatom na studia i studentom U\u015a, kt\u00f3rzy wkr\u00f3tce wejd\u0105 na rynek pracy?<\/strong><\/p>\n<p class=\"rtejustify\">Radz\u0119 wszystkim, \u017ceby starali si\u0119 dostrzega\u0107 dobre strony ka\u017cdej decyzji, nie tylko tej, kt\u00f3ra jest wynikiem wyboru \u201ewi\u0119kszego dobra\u201d ale tak\u017ce tych, kt\u00f3re s\u0105 wynikiem wyboru \u201emniejszego z\u0142a\u201d. I trzeba zawsze pami\u0119ta\u0107, \u017ce nie trzeba ba\u0107 si\u0119 zmian i nowych sytuacji.<\/p>\n<\/div>\n<p>\n<\/div>\r\n                    <\/div>\r\n                <\/div>[\/vc_column][\/vc_row]<\/p>","protected":false},"excerpt":{"rendered":"<p>[vc_row][vc_column][\/vc_column][\/vc_row] [&#8230;]<\/p>\n<p><a class=\"btn btn-secondary understrap-read-more-link\" href=\"https:\/\/us.edu.pl\/absolwent\/agnieszka-babczynska-nasi-absolwenci\/\">Read More&#8230;<\/a><\/p>\n","protected":false},"author":1,"featured_media":0,"parent":0,"menu_order":0,"comment_status":"closed","ping_status":"closed","template":"","meta":{"_expiration-date-status":"saved","_expiration-date":0,"_expiration-date-type":"","_expiration-date-categories":[],"_expiration-date-options":[]},"acf":[],"_links":{"self":[{"href":"https:\/\/us.edu.pl\/absolwent\/wp-json\/wp\/v2\/pages\/642"}],"collection":[{"href":"https:\/\/us.edu.pl\/absolwent\/wp-json\/wp\/v2\/pages"}],"about":[{"href":"https:\/\/us.edu.pl\/absolwent\/wp-json\/wp\/v2\/types\/page"}],"author":[{"embeddable":true,"href":"https:\/\/us.edu.pl\/absolwent\/wp-json\/wp\/v2\/users\/1"}],"replies":[{"embeddable":true,"href":"https:\/\/us.edu.pl\/absolwent\/wp-json\/wp\/v2\/comments?post=642"}],"version-history":[{"count":4,"href":"https:\/\/us.edu.pl\/absolwent\/wp-json\/wp\/v2\/pages\/642\/revisions"}],"predecessor-version":[{"id":1233,"href":"https:\/\/us.edu.pl\/absolwent\/wp-json\/wp\/v2\/pages\/642\/revisions\/1233"}],"wp:attachment":[{"href":"https:\/\/us.edu.pl\/absolwent\/wp-json\/wp\/v2\/media?parent=642"}],"curies":[{"name":"wp","href":"https:\/\/api.w.org\/{rel}","templated":true}]}}