{"id":644,"date":"2019-10-15T15:24:28","date_gmt":"2019-10-15T13:24:28","guid":{"rendered":"https:\/\/us.edu.pl\/absolwent\/?page_id=644"},"modified":"2019-12-16T09:52:41","modified_gmt":"2019-12-16T08:52:41","slug":"armand-cholewka-nasi-absolwenci","status":"publish","type":"page","link":"https:\/\/us.edu.pl\/absolwent\/armand-cholewka-nasi-absolwenci\/","title":{"rendered":"Armand Cholewka &#8211; Nasi Absolwenci"},"content":{"rendered":"<p>[vc_row][vc_column]\r\n                <div class=\"text-modules\">\r\n                    <div class=\"container\">\r\n                        <h3 class=\"page-title text__title\">Armand Cholewka - Nasi Absolwenci<\/h3>\r\n                        <div class=\"text-modules__content\"><\/p>\n<div class=\"content\">\n<p><img class=\"alignleft wp-image-408 size-full\" src=\"https:\/\/us.edu.pl\/absolwent\/wp-content\/uploads\/sites\/10\/nasi-absolwenci\/pozosta\u0142e-strefy\/cholewka_armand.jpg\" alt=\"\" width=\"250\" height=\"250\" srcset=\"https:\/\/us.edu.pl\/absolwent\/wp-content\/uploads\/sites\/10\/nasi-absolwenci\/pozosta\u0142e-strefy\/cholewka_armand.jpg 250w, https:\/\/us.edu.pl\/absolwent\/wp-content\/uploads\/sites\/10\/nasi-absolwenci\/pozosta\u0142e-strefy\/cholewka_armand-150x150.jpg 150w\" sizes=\"(max-width: 250px) 100vw, 250px\" \/>Uko\u0144czy\u0142 Fizyk\u0119 Medyczn\u0105 na Uniwersytecie \u015al\u0105skim. Dr n. fiz. hab. n. med. Armand Cholewka, prof. U\u015a, przez kilkana\u015bcie lat pracy zawodowej zajmuje si\u0119 szeroko rozumianym wykorzystaniem metod fizycznych w diagnostyce medycznej oraz terapii. Jego g\u0142\u00f3wne zainteresowania naukowe to diagnostyka termowizyjna w medycynie. Jest autorem ponad 80 prac naukowych jak i dydaktycznych. Prowadzi wyk\u0142ady, \u0107wiczenia oraz laboratoria z zakresu biomedycznych aplikacji praw fizyki oraz fizyki medycznej.<br \/>\nOd prawie 10 lat jest cz\u0142onkiem Rady Programowej kierunku Fizyka Medyczna. Jest z-c\u0105 Dyrektora Instytutu In\u017cynierii Biomedycznej. Ponadto pe\u0142ni funkcje Prezesa Oddzia\u0142u \u015al\u0105skiego Polskiego Towarzystwa Fizyki Medycznej, Prezesa Polskiego Towarzystwa Diagnostyki Termowizyjnej w Medycynie oraz Koordynatora Uniwersytetu \u015al\u0105skiego M\u0142odzie\u017cy. Prywatnie interesuje si\u0119 sportem, szczeg\u00f3lnie koszyk\u00f3wk\u0105 a w wolnych chwilach z rodzin\u0105 spaceruje po Beskidach.<\/p>\n<\/div>\n<p>\n<\/div>\r\n                    <\/div>\r\n                <\/div>[\/vc_column][\/vc_row]<\/p>","protected":false},"excerpt":{"rendered":"<p>[vc_row][vc_column][\/vc_column][\/vc_row] [&#8230;]<\/p>\n<p><a class=\"btn btn-secondary understrap-read-more-link\" href=\"https:\/\/us.edu.pl\/absolwent\/armand-cholewka-nasi-absolwenci\/\">Read More&#8230;<\/a><\/p>\n","protected":false},"author":1,"featured_media":0,"parent":0,"menu_order":0,"comment_status":"closed","ping_status":"closed","template":"","meta":{"_expiration-date-status":"saved","_expiration-date":0,"_expiration-date-type":"","_expiration-date-categories":[],"_expiration-date-options":[]},"acf":[],"_links":{"self":[{"href":"https:\/\/us.edu.pl\/absolwent\/wp-json\/wp\/v2\/pages\/644"}],"collection":[{"href":"https:\/\/us.edu.pl\/absolwent\/wp-json\/wp\/v2\/pages"}],"about":[{"href":"https:\/\/us.edu.pl\/absolwent\/wp-json\/wp\/v2\/types\/page"}],"author":[{"embeddable":true,"href":"https:\/\/us.edu.pl\/absolwent\/wp-json\/wp\/v2\/users\/1"}],"replies":[{"embeddable":true,"href":"https:\/\/us.edu.pl\/absolwent\/wp-json\/wp\/v2\/comments?post=644"}],"version-history":[{"count":10,"href":"https:\/\/us.edu.pl\/absolwent\/wp-json\/wp\/v2\/pages\/644\/revisions"}],"predecessor-version":[{"id":1235,"href":"https:\/\/us.edu.pl\/absolwent\/wp-json\/wp\/v2\/pages\/644\/revisions\/1235"}],"wp:attachment":[{"href":"https:\/\/us.edu.pl\/absolwent\/wp-json\/wp\/v2\/media?parent=644"}],"curies":[{"name":"wp","href":"https:\/\/api.w.org\/{rel}","templated":true}]}}