{"id":649,"date":"2019-10-15T15:27:22","date_gmt":"2019-10-15T13:27:22","guid":{"rendered":"https:\/\/us.edu.pl\/absolwent\/?page_id=649"},"modified":"2019-12-16T13:13:58","modified_gmt":"2019-12-16T12:13:58","slug":"giga-gogosashvili-nasi-absolwenci","status":"publish","type":"page","link":"https:\/\/us.edu.pl\/absolwent\/giga-gogosashvili-nasi-absolwenci\/","title":{"rendered":"Giga Gogosashvili &#8211; Nasi Absolwenci"},"content":{"rendered":"<p>[vc_row][vc_column]\r\n                <div class=\"text-modules\">\r\n                    <div class=\"container\">\r\n                        <h3 class=\"page-title text__title\">Giga Gogosashvili - Nasi Absolwenci<\/h3>\r\n                        <div class=\"text-modules__content\"><\/p>\n<div class=\"content\">\n<p><img class=\"imagefield imagefield-field_image alignleft\" src=\"http:\/\/absolwent.us.edu.pl\/sites\/absolwent.us.edu.pl\/files\/gogosashvili_giga.jpg?1418633340\" alt=\"\" width=\"250\" height=\"250\" \/><\/p>\n<p class=\"rtejustify\" style=\"text-align: left\">W 2011 roku uko\u0144czy\u0142 zarz\u0105dzanie na Uniwersytecie Ilii w Tbilisi, nast\u0119pnie jako stypendysta Rz\u0105du RP uko\u0144czy\u0142 studia II stopnia na Uniwersytecie \u015al\u0105skim w Katowicach. Prac\u0119 magistersk\u0105 po\u015bwi\u0119ci\u0142 zagadnieniom j\u0119zyka biznesu. Te zagadnienia zg\u0142\u0119bia\u0142 na Podyplomowych Studiach Zarz\u0105dzania Zasobami Ludzkimi w Szkole Zarz\u0105dzania U\u015a, jako sta\u017cysta Rz\u0105du RP. W\u00f3wczas na podstawie umowy mi\u0119dzynarodowej mi\u0119dzy Rz\u0105dami Polski i Gruzji rozpocz\u0105\u0142 studia III stopnia na Uniwersytecie Jagiello\u0144skim, na Wydziale Zarz\u0105dzania i Komunikacji Wsp\u00f3\u0142czesnej. W 2018 uko\u0144czy\u0142 Europejsk\u0105 Akademi\u0119 Dyplomacji w Warszawie, a w tym samym roku rozpocz\u0105\u0142 studia International Executive MBA.<\/p>\n<p class=\"rtejustify\" style=\"text-align: left\">W 2014 roku podj\u0105\u0142 prac\u0119 w Biurze Rekrutacji Student\u00f3w Mi\u0119dzynarodowych na U\u015a. Od pa\u017adziernika 2019 jest pracownikiem nowej jednostki Uczelni &#8211; Biura ds. Rozwoju Mi\u0119dzynarodowego U\u015a. Jednocze\u015bnie pe\u0142ni funkcj\u0119 koordynatora projekt\u00f3w, maj\u0105cych na celu umi\u0119dzynarodowienie Uniwersytetu. Dodatkowo jest cz\u0142onkiem uczelnianego zespo\u0142u ds. r\u00f3wnego traktowania oraz zespo\u0142u umi\u0119dzynarodowienia \u015al\u0105skiego Festiwalu Nauki KATOWICE.<\/p>\n<p class=\"rtejustify\" style=\"text-align: left\">Wcze\u015bniej w Gruzji pracowa\u0142 w Banku Gruzji oraz Societe Generale Group. W trakcie studi\u00f3w odby\u0142 liczne kursy, szkolenia, sta\u017ce, m.in. na University North Wirginia w Pradze w ramach programu Erasmus czy podczas kilku edycji Europejskiego Kongresu Gospodarczego. Uko\u0144czy\u0142 tak\u017ce sta\u017c w Parlamencie Gruzji.<\/p>\n<p class=\"rtejustify\" style=\"text-align: left\">Promuje kultur\u0119 i tradycj\u0119 swojego kraju podczas wielu festiwali oraz wydarze\u0144 organizowanych na terenie Polski. Prowadzi go\u015bcinne wyk\u0142ady m.in. na zlecenie Narodowej Agencji Wymiany Akademickiej oraz podczas \u015al\u0105skiego Festiwalu Nauki KATOWICE. Jest wyk\u0142adowc\u0105 Akademii Dyplomacji U\u015a od jej pierwszej edycji. Okazjonalnie prowadzi zaj\u0119cia oraz warsztaty z zakresu stereotyp\u00f3w dla student\u00f3w U\u015a. W 2017 pe\u0142ni\u0142 funkcj\u0119 asystenta gruzi\u0144skiego re\u017cysera w Teatrze Nowym w Zabrzu.<\/p>\n<p class=\"rtejustify\" style=\"text-align: left\"><strong>Dlaczego zdecydowa\u0142 si\u0119 Pan na podj\u0119cie studi\u00f3w na Uniwersytecie \u015al\u0105skim?<\/strong><\/p>\n<p class=\"rtejustify\" style=\"text-align: left\">Odby\u0142em tutaj wcze\u015bniej semestralny sta\u017c j\u0119zykowy jako Stypendysta Rz\u0105du RP i atmosfera wydawa\u0142a mi si\u0119 bardzo rodzinna i przyjazna. Cho\u0107 wcze\u015bniej bra\u0142em pod uwag\u0119 inne miasto w Polsce, pomy\u015bla\u0142em \u2013 dlaczego nie? Du\u017cy wp\u0142yw na to, \u017ce zdecydowa\u0142em si\u0119 tutaj studiowa\u0107, mia\u0142a Szko\u0142a J\u0119zyka i Kultury Polskiej U\u015a, gdzie nauczy\u0142em si\u0119 j\u0119zyka polskiego i po raz pierwszy poczu\u0142em go\u015bcinno\u015b\u0107 Polski i Polak\u00f3w.<\/p>\n<p class=\"rtejustify\" style=\"text-align: left\"><strong>Jak wspomina Pan studia na Uniwersytecie \u015al\u0105skim?<\/strong><\/p>\n<p class=\"rtejustify\" style=\"text-align: left\">To by\u0142 niesamowity czas. Od zdobywania cennego do\u015bwiadczenia naukowego oraz \u017cyciowego do niesamowitego uczucia, \u017ce jeste\u015b prawdziwym studentem \u2013 \u017cyjesz w akademiku ze swoimi przyjaci\u00f3\u0142mi, jeste\u015b samodzielny, ale masz te\u017c pe\u0142ne wsparcie w\u0142asnej uczelni. Tutaj znalaz\u0142em klimat studencki, kt\u00f3rego bardzo brakowa\u0142o na studiach w Gruzji.<\/p>\n<p class=\"rtejustify\" style=\"text-align: left\"><strong>Dlaczego wybra\u0142 Pan dany kierunek studi\u00f3w?<\/strong><\/p>\n<p class=\"rtejustify\" style=\"text-align: left\">Uko\u0144czy\u0142em w Gruzji Zarz\u0105dzanie i chcia\u0142em rozwija\u0107 si\u0119 w tym kierunku, postanowi\u0142em jednak podszlifowa\u0107 sw\u00f3j j\u0119zyk polski i tak si\u0119 z\u0142o\u017cy\u0142o, \u017ce rozpocz\u0105\u0142em studia na filologii polskiej ze specjalno\u015bci\u0105: dyskurs publiczny. Dyskurs to umiej\u0119tno\u015b\u0107, kt\u00f3r\u0105 powinna mie\u0107 ka\u017cda osoba w ka\u017cdej dziedzinie. A poza tym dzi\u0119ki tej specjalno\u015bci znacznie poprawi\u0142em sw\u00f3j j\u0119zyk polski.<\/p>\n<p class=\"rtejustify\" style=\"text-align: left\"><strong>Jakie s\u0105 Pana g\u0142\u00f3wne zadania i obszary dzia\u0142alno\u015bci zawodowej?<\/strong><\/p>\n<p class=\"rtejustify\" style=\"text-align: left\">Pracowa\u0142em w Biurze Rekrutacji Student\u00f3w Mi\u0119dzynarodowych, moim g\u0142\u00f3wnym obowi\u0105zkiem by\u0142a zagraniczna promocja U\u015a oraz obs\u0142uga medi\u00f3w spo\u0142eczno\u015bciowych. Po reorganizacji Uczelni jestem pracownikiem Biura ds. Rozwoju Mi\u0119dzynarodowego U\u015a. Ciesz\u0119 si\u0119, \u017ce mog\u0142em uczestniczy\u0107 w tworzeniu nowej jednostki, kt\u00f3ra ma na celu zwi\u0119kszenie poziomu umi\u0119dzynarodowienia Uniwersytetu \u015al\u0105skiego w Katowicach. Do moich obowi\u0105zk\u00f3w nale\u017cy mi\u0119dzy innymi budowanie mi\u0119dzynarodowej strategii marketingowej U\u015a, aplikowanie o \u015brodki na realizacj\u0119 projekt\u00f3w rozwojowych, wzmacnianie dotychczasowych partnerstw mi\u0119dzynarodowych, budowanie nowych relacji.<\/p>\n<p class=\"rtejustify\" style=\"text-align: left\"><strong>Co sprawia Panu najwi\u0119ksz\u0105 satysfakcj\u0119 w pracy?<\/strong><\/p>\n<p class=\"rtejustify\" style=\"text-align: left\">Obecnie, powiedzia\u0142bym, \u017ce jest to \u015bwiadomo\u015b\u0107 tworzenia nowej historii Uniwersytetu \u015al\u0105skiego oraz budowanie jego wizerunku na arenie mi\u0119dzynarodowej. Tyle samo satysfakcji przynosi mi uczestnictwo w procesach maj\u0105cych doprowadzi\u0107 Uniwersytet do czo\u0142\u00f3wki polskich uczelni badawczych.<\/p>\n<p class=\"rtejustify\" style=\"text-align: left\"><strong>Co stanowi dla Pana najwi\u0119ksze wyzwanie zawodowe?<\/strong><\/p>\n<p class=\"rtejustify\" style=\"text-align: left\">Najwi\u0119kszym wyzwaniem jest mo\u017cliwo\u015b\u0107 budowania marki Uniwersytetu \u015al\u0105skiego za granic\u0105, jako jednego z najlepszych uniwersytet\u00f3w w \u015bwiecie. Nie ukrywam, \u017ce r\u00f3wnie\u017c jednym z wyzwa\u0144 jest poruszanie si\u0119 nie tylko w\u015br\u00f3d wielu j\u0119zyk\u00f3w, ale i reali\u00f3w.<\/p>\n<p class=\"rtejustify\" style=\"text-align: left\"><strong>Jakie umiej\u0119tno\u015bci i do\u015bwiadczenia zdobyte na Uczelni pomog\u0142y Panu w zdobyciu zatrudnienia?<\/strong><\/p>\n<p class=\"rtejustify\" style=\"text-align: left\">My\u015bl\u0119, \u017ce o to najlepiej zapyta\u0107 mojego pracodawc\u0119, od siebie mog\u0119 tylko doda\u0107, \u017ce na U\u015a na pewno liczy si\u0119 profesjonalizm i zaanga\u017cowanie.<\/p>\n<p class=\"rtejustify\" style=\"text-align: left\"><strong>Jak edukacja na Uniwersytecie \u015al\u0105skim wp\u0142yn\u0119\u0142a na wyb\u00f3r Pana drogi zawodowej? Kt\u00f3re do\u015bwiadczenia z czasu studi\u00f3w okaza\u0142y si\u0119 kluczowe w poszukiwaniu pracy?<\/strong><\/p>\n<p class=\"rtejustify\" style=\"text-align: left\">Dyskurs publiczny oraz liczne szkolenia z zarz\u0105dzania i promocji wp\u0142yn\u0119\u0142y na to, \u017ce, mo\u017cna powiedzie\u0107, \u017ce ta praca sama mnie znalaz\u0142a. Jako absolwent U\u015a mia\u0142em wi\u0119ksz\u0105 szans\u0119, aby zatrudni\u0107 si\u0119 na tym stanowisku.<\/p>\n<p class=\"rtejustify\" style=\"text-align: left\"><strong>Co radzi Pan kandydatom na studia i studentom U\u015a, kt\u00f3rzy wkr\u00f3tce wejd\u0105 na rynek pracy?<\/strong><\/p>\n<p class=\"rtejustify\" style=\"text-align: left\">B\u0105d\u017acie aktywni, otwarci i nie b\u00f3jcie si\u0119 r\u00f3\u017cnych wyzwa\u0144 oraz wykorzystajcie ka\u017cd\u0105 chwil\u0119 i okazj\u0119. Wyjd\u017acie poza sztywne ramy i my\u015blcie globalnie. Sukces te\u017c przyjdzie.<\/p>\n<\/div>\n<p>\n<\/div>\r\n                    <\/div>\r\n                <\/div>[\/vc_column][\/vc_row]<\/p>","protected":false},"excerpt":{"rendered":"<p>[vc_row][vc_column][\/vc_column][\/vc_row] [&#8230;]<\/p>\n<p><a class=\"btn btn-secondary understrap-read-more-link\" href=\"https:\/\/us.edu.pl\/absolwent\/giga-gogosashvili-nasi-absolwenci\/\">Read More&#8230;<\/a><\/p>\n","protected":false},"author":1,"featured_media":0,"parent":0,"menu_order":0,"comment_status":"closed","ping_status":"closed","template":"","meta":{"_expiration-date-status":"saved","_expiration-date":0,"_expiration-date-type":"","_expiration-date-categories":[],"_expiration-date-options":[]},"acf":[],"_links":{"self":[{"href":"https:\/\/us.edu.pl\/absolwent\/wp-json\/wp\/v2\/pages\/649"}],"collection":[{"href":"https:\/\/us.edu.pl\/absolwent\/wp-json\/wp\/v2\/pages"}],"about":[{"href":"https:\/\/us.edu.pl\/absolwent\/wp-json\/wp\/v2\/types\/page"}],"author":[{"embeddable":true,"href":"https:\/\/us.edu.pl\/absolwent\/wp-json\/wp\/v2\/users\/1"}],"replies":[{"embeddable":true,"href":"https:\/\/us.edu.pl\/absolwent\/wp-json\/wp\/v2\/comments?post=649"}],"version-history":[{"count":3,"href":"https:\/\/us.edu.pl\/absolwent\/wp-json\/wp\/v2\/pages\/649\/revisions"}],"predecessor-version":[{"id":1239,"href":"https:\/\/us.edu.pl\/absolwent\/wp-json\/wp\/v2\/pages\/649\/revisions\/1239"}],"wp:attachment":[{"href":"https:\/\/us.edu.pl\/absolwent\/wp-json\/wp\/v2\/media?parent=649"}],"curies":[{"name":"wp","href":"https:\/\/api.w.org\/{rel}","templated":true}]}}