{"id":651,"date":"2019-10-15T15:28:46","date_gmt":"2019-10-15T13:28:46","guid":{"rendered":"https:\/\/us.edu.pl\/absolwent\/?page_id=651"},"modified":"2019-10-15T15:28:46","modified_gmt":"2019-10-15T13:28:46","slug":"monika-gwozdz-nasi-absolwenci","status":"publish","type":"page","link":"https:\/\/us.edu.pl\/absolwent\/absolwencius\/nasi-absolwenci\/monika-gwozdz-nasi-absolwenci\/","title":{"rendered":"Monika Gw\u00f3\u017ad\u017a &#8211; Nasi Absolwenci"},"content":{"rendered":"<p>[vc_row][vc_column]\r\n                <div class=\"text-modules\">\r\n                    <div class=\"container\">\r\n                        <h3 class=\"page-title text__title\">Monika Gw\u00f3\u017ad\u017a - Nasi Absolwenci<\/h3>\r\n                        <div class=\"text-modules__content\"><\/p>\n<div class=\"content\">\n<p class=\"rtejustify\">Absolwentka teologii na Wydziale Teologicznym Uniwersytetu \u015al\u0105skiego w Katowicach (2003-2008), Podyplomowych Studi\u00f3w Rodziny i Mediacji S\u0105dowej (2008-2010), studi\u00f3w doktoranckich z teologii na tym samym Wydziale (2009-2014) oraz studi\u00f3w licencjacko-doktoranckich z prawa kanonicznego na Uniwersytecie Papieskim Jana Paw\u0142a II w Krakowie (2010-2014). W 2016 roku uzyska\u0142a stopie\u0144 doktora teologii z zakresu prawa kanonicznego w Wydziale Teologicznym Uniwersytetu \u015al\u0105skiego w Katowicach.<\/p>\n<p class=\"rtejustify\">Od 2010 roku cz\u0142onek Instytutu Naturalnego Planowania Rodziny wed\u0142ug metody prof. dr med. J. R\u00f6tzera.\u00a0Od 2011 roku zatrudniona jako nauczyciel akademicki na Wydziale Teologicznym U\u015a. Autorka kilku artyku\u0142\u00f3w naukowych, w tym zagranicznych na tematy zwi\u0105zane z prawem kanonicznym lub naturalnymi metodami planowania rodziny, wsp\u00f3\u0142redaktor dw\u00f3ch publikacji pokonferencyjnych, prelegent na kilkunastu konferencjach naukowych. Od 2011 roku redaktor naczelny czasopisma doktorant\u00f3w <em>Teologia M\u0142odych, <\/em>od 2012 cz\u0142onek Komisji Wyborczej Wydzia\u0142u Teologicznego Uniwersytetu \u015al\u0105skiego w Katowicach oraz cz\u0142onek Wydzia\u0142owego Zespo\u0142u ds. Jako\u015bci Kszta\u0142cenia. Od 2014 roku adwokat wsp\u00f3\u0142pracuj\u0105cy z S\u0105dem Metropolitalnym w Katowicach oraz S\u0105dem Biskupim w Bielsku-Bia\u0142ej. Od 2016 roku sekretarz Komisji ds. Promocji w Wydziale Teologicznym.<\/p>\n<p class=\"rtejustify\">21 maja 2012 r. otrzyma\u0142a Wyr\u00f3\u017cnienie Jego Magnificencji Rektora U\u015a za osi\u0105gni\u0119cia naukowe oraz dzia\u0142alno\u015b\u0107 na rzecz spo\u0142eczno\u015bci Wydzia\u0142u.<\/p>\n<p class=\"rtejustify rteindent1\"><img class=\"\" src=\"http:\/\/absolwent.us.edu.pl\/sites\/absolwent.us.edu.pl\/files\/imce\/_dsc9745.jpg\" alt=\"\" width=\"851\" height=\"568\" \/><\/p>\n<p><strong>Dlaczego zdecydowa\u0142a si\u0119 Pani na podj\u0119cie studi\u00f3w na Uniwersytecie \u015al\u0105skim?<\/strong><\/p>\n<p class=\"rtejustify\">Ciesz\u0105cy si\u0119 uznaniem oraz dobr\u0105 opini\u0105 w kwestii poziomu nauczania Uniwersytet \u015al\u0105ski posiada\u0142 szerok\u0105 ofert\u0119, w kt\u00f3rej od niedawna mie\u015bci\u0142 si\u0119 kierunek darzony przeze mnie szczeg\u00f3ln\u0105 sympati\u0105. Podstawowym kryterium wyboru sta\u0142a si\u0119 dyscyplina, przyznaj\u0119 jednak, \u017ce docenia\u0142am przygotowanie kadry, a jednocze\u015bnie zwraca\u0142am uwag\u0119 na odleg\u0142o\u015b\u0107 wydzia\u0142u od miejsca zamieszkania.<\/p>\n<p class=\"rtejustify\"><strong>Jak wspomina Pani studia na Uniwersytecie \u015al\u0105skim?<\/strong><\/p>\n<p class=\"rtejustify\">Podejrzewam, \u017ce podobnie jak dla wi\u0119kszo\u015bci student\u00f3w tego kierunku, studia by\u0142y dla mnie do\u015bwiadczeniem ubogacaj\u0105cym ka\u017cd\u0105 p\u0142aszczyzn\u0119 \u017cycia. Teologia jest o tyle nietypowym kierunkiem, \u017ce dotyka zagadnie\u0144 egzystencjalnych, pomaga zg\u0142\u0119bi\u0107 i na miar\u0119 ludzkich mo\u017cliwo\u015bci zrozumie\u0107 tajemnice naszej to\u017csamo\u015bci, sensu i celu naszego \u017cycia, kt\u00f3re rozci\u0105ga si\u0119 w niesko\u0144czono\u015b\u0107. Poza mo\u017cliwo\u015bci\u0105 pog\u0142\u0119bienia wiedzy i nabycia wybranych umiej\u0119tno\u015bci, mia\u0142am mo\u017cliwo\u015b\u0107 poznania wielu os\u00f3b posiadaj\u0105cych tak\u0105 sam\u0105 hierarchi\u0119 warto\u015bci. To wszystko sprawi\u0142o, \u017ce mog\u0119 coraz lepiej, bardziej \u015bwiadomie, zupe\u0142nie spokojnie, a jednocze\u015bnie rado\u015bnie prze\u017cywa\u0107 swoj\u0105 drog\u0119, swoj\u0105 \u201eniepowtarzaln\u0105 codzienno\u015b\u0107\u201d (ona nie jest beztroska, ale pozwalaj\u0105ca si\u0119 zrozumie\u0107). Ten dosy\u0107 mocno kszta\u0142tuj\u0105cy czas studi\u00f3w wspominam wi\u0119c bardzo dobrze, zar\u00f3wno ze wzgl\u0119du na mo\u017cliwo\u015b\u0107 pog\u0142\u0119bienia wiedzy jak i nawi\u0105zania wielu przyjacielskich relacji.<\/p>\n<p class=\"rtejustify\"><strong>Dlaczego wybra\u0142a Pani dany kierunek studi\u00f3w?<\/strong><\/p>\n<p class=\"rtejustify\">Pytanie o powody wyboru tak nietypowego kierunku zawsze sprawia\u0142o mi ogromny k\u0142opot i przyznaj\u0119, \u017ce do teraz nie jestem w stanie na nie odpowiedzie\u0107. Odk\u0105d pami\u0119tam teologia (kt\u00f3r\u0105 swego czasu rozumia\u0142am tylko jako nauk\u0119 o Bogu, dzisiaj mog\u0119 powiedzie\u0107, \u017ce w mojej wyobra\u017ani teologia zamyka\u0142a si\u0119 w traktacie o Tr\u00f3jcy \u015awi\u0119tej) by\u0142a mi po prostu bliska. Wyb\u00f3r by\u0142 bezpo\u015brednim efektem zainteresowa\u0144, chocia\u017c w klasie maturalnej zacz\u0119\u0142am interesowa\u0107 si\u0119 medycyn\u0105 (ginekologi\u0105 i chirurgi\u0105). Kolejne wydarzenia jednak sprawia\u0142y, i\u017c oddala\u0142am si\u0119 od wizji bycia lekarzem, p\u00f3\u017aniej farmaceut\u0105, a wtedy spokojnie wraca\u0142a idea studiowania teologii. Dzisiaj mog\u0119 stwierdzi\u0107, \u017ce kolejne studia, kt\u00f3re podejmowa\u0142am na Uniwersytecie \u015al\u0105skim pozwalaj\u0105 mi nie tylko realizowa\u0107 si\u0119 w roli teologa, ale te\u017c nauczyciela naturalnych metod planowania rodziny, co jest \u015bci\u015ble powi\u0105zane z moj\u0105 oko\u0142omaturaln\u0105 wizj\u0105 dzia\u0142ania na rzecz ochrony i podnoszenia jako\u015bci \u017cycia.<\/p>\n<p class=\"rtejustify\"><strong>Jakie s\u0105 Pani g\u0142\u00f3wne zadania i obszary dzia\u0142alno\u015bci zawodowej?<\/strong><\/p>\n<p class=\"rtejustify\">Obecnie pracuj\u0119 na Wydziale Teologicznym U\u015a, gdzie prowadz\u0119 zaj\u0119cia g\u0142\u00f3wnie z prawa kanonicznego oraz naturalnych metod planowania rodziny. Dodatkowo prowadz\u0119 wyk\u0142ady i \u0107wiczenia na studiach podyplomowych i innych, gdzie zg\u0142aszaj\u0105 si\u0119 osoby zainteresowane tymi samymi co ja dziedzinami. Jako absolwentka prawa kanonicznego wsp\u00f3\u0142pracuj\u0119 te\u017c z S\u0105dem Metropolitalnym w Katowicach w charakterze adwokata. Zar\u00f3wno jedno jak i drugie zadanie \u015bci\u015ble pokrywa si\u0119 z moimi zainteresowaniami i pasj\u0105, kt\u00f3r\u0105 stanowi prawo kanoniczne ma\u0142\u017ce\u0144skie.<\/p>\n<p class=\"rtejustify\"><strong>Co sprawia Pani najwi\u0119ksz\u0105 satysfakcj\u0119 w pracy?<\/strong><\/p>\n<p class=\"rtejustify\">Satysfakcj\u0119 sprawia mi kilka do\u015bwiadcze\u0144 w\u015br\u00f3d kt\u00f3rych znajduje si\u0119 zadowolenie student\u00f3w oraz innych os\u00f3b, z kt\u00f3rymi mam mo\u017cliwo\u015b\u0107 spotykania si\u0119 i rozmawiania na tematy zwi\u0105zane z moim wykszta\u0142ceniem. Jestem szcz\u0119\u015bliwa, kiedy dzi\u0119ki naszym spotkaniom konkretna osoba czuje si\u0119 ubogacona \u2013 poprzez pog\u0142\u0119bienie wiedzy z danej dziedziny, a czasem nawet zrozumienie, \u017ce \u017cycie cz\u0142owieka nie ko\u0144czy si\u0119 tutaj na ziemi i dlatego wa\u017cniejsze od przyjemno\u015bci jest d\u0105\u017cenie do prawdy (dos\u0142ownie: Prawdy). Celem teologa jak i kanonisty jest niesienie pomocy konkretnemu cz\u0142owiekowi, tak, \u017ceby w g\u0105szczu przer\u00f3\u017cnych propozycji, nie zszed\u0142 na drog\u0119, kt\u00f3ra mo\u017ce by\u0107 zgubna dla jego cz\u0142owiecze\u0144stwa. Ka\u017cdy, cho\u0107by malutki sukces w tej dziedzinie, cho\u0107by drobny zwrot w stron\u0119 tego, co obiektywnie jest dobre, przynosi mi satysfakcj\u0119.<\/p>\n<p class=\"rtejustify\"><strong>Co stanowi dla Pani najwi\u0119ksze wyzwanie zawodowe?<\/strong><\/p>\n<p class=\"rtejustify\">Sztuka ukazania Prawdy w jak najlepszy spos\u00f3b.<\/p>\n<p class=\"rtejustify\"><strong>Jakie umiej\u0119tno\u015bci i do\u015bwiadczenia zdobyte na Uczelni pomog\u0142y Pani w zdobyciu zatrudnienia?<\/strong><\/p>\n<p class=\"rtejustify\">Wydaje mi si\u0119, \u017ce podstaw\u0105 zatrudnienia sta\u0142a si\u0119 wiedza, dopiero p\u00f3\u017aniej umiej\u0119tno\u015bci jej przekazywania, kt\u00f3re nabywa\u0142am w czasie dzia\u0142alno\u015bci w WRSS, gdzie konieczna by\u0142a wsp\u00f3\u0142praca oraz w czasie publicznych wyst\u0105pie\u0144 w ramach zaj\u0119\u0107, na konferencjach naukowych, dniach otwartych wydzia\u0142u i innych wydarzeniach b\u0119d\u0105cych efektem dzia\u0142alno\u015bci poszczeg\u00f3lnych grup student\u00f3w, tj. k\u00f3\u0142 naukowych i samorz\u0105du.<\/p>\n<p class=\"rtejustify\"><strong>Jak edukacja na Uniwersytecie \u015al\u0105skim wp\u0142yn\u0119\u0142a na wyb\u00f3r Pani drogi zawodowej? Kt\u00f3re do\u015bwiadczenia z czasu studi\u00f3w okaza\u0142y si\u0119 kluczowe w poszukiwaniu pracy?<\/strong><\/p>\n<p class=\"rtejustify\">Na V roku studi\u00f3w teologicznych pierwszy raz w szerszym zakresie zetkn\u0119\u0142am si\u0119 z prawem kanonicznym ma\u0142\u017ce\u0144skim. Ju\u017c na studiach podyplomowych, gdzie ponownie mia\u0142am kontakt z t\u0105 dziedzin\u0105 chcia\u0142am pisa\u0107 z niej prac\u0119 dyplomow\u0105, ostatecznie podj\u0119\u0142am niezale\u017cne studia z prawa ko\u015bcielnego. Nawet je\u015bli brzmi to niewiarygodnie, to faktycznie prawem kanonicznym, kt\u00f3re obecnie pozwala mi realizowa\u0107 si\u0119 zawodowo, zainteresowa\u0142am si\u0119 pod wp\u0142ywem wyk\u0142ad\u00f3w i \u0107wicze\u0144 z tej dziedziny.<\/p>\n<p class=\"rtejustify\"><strong>Co radzi Pani kandydatom na studia i studentom U\u015a, kt\u00f3rzy wkr\u00f3tce wejd\u0105 na rynek pracy?<\/strong><\/p>\n<p class=\"rtejustify\">Kandydatom na studia radz\u0119 uwzgl\u0119dnia\u0107 nie tylko potrzeby na rynku pracy (kt\u00f3re s\u0105 zmienne), ale r\u00f3wnie\u017c swoje zainteresowania, poniewa\u017c tylko to co rzeczywi\u015bcie kochamy pozwala nam odpowiednio si\u0119 zaanga\u017cowa\u0107, a to sprawia, i\u017c p\u00f3\u017aniejsz\u0105 prac\u0119 mo\u017cemy wykonywa\u0107 dobrze i z przyjemno\u015bci\u0105. Absolwentom mog\u0119 tylko \u017cyczy\u0107 spe\u0142nienia zawodowych marze\u0144, cho\u0107 przyznaj\u0119, \u017ce czasem przed osi\u0105gni\u0119ciem tego celu b\u0119dzie im potrzebna odpowiednia dawka cierpliwo\u015bci.<\/p>\n<\/div>\n<p>\n<\/div>\r\n                    <\/div>\r\n                <\/div>[\/vc_column][\/vc_row]<\/p>","protected":false},"excerpt":{"rendered":"<p>[vc_row][vc_column][\/vc_column][\/vc_row] [&#8230;]<\/p>\n<p><a class=\"btn btn-secondary understrap-read-more-link\" href=\"https:\/\/us.edu.pl\/absolwent\/absolwencius\/nasi-absolwenci\/monika-gwozdz-nasi-absolwenci\/\">Read More&#8230;<\/a><\/p>\n","protected":false},"author":1,"featured_media":0,"parent":331,"menu_order":0,"comment_status":"closed","ping_status":"closed","template":"","meta":{"_expiration-date-status":"","_expiration-date":0,"_expiration-date-type":"","_expiration-date-categories":[],"_expiration-date-options":[]},"acf":[],"_links":{"self":[{"href":"https:\/\/us.edu.pl\/absolwent\/wp-json\/wp\/v2\/pages\/651"}],"collection":[{"href":"https:\/\/us.edu.pl\/absolwent\/wp-json\/wp\/v2\/pages"}],"about":[{"href":"https:\/\/us.edu.pl\/absolwent\/wp-json\/wp\/v2\/types\/page"}],"author":[{"embeddable":true,"href":"https:\/\/us.edu.pl\/absolwent\/wp-json\/wp\/v2\/users\/1"}],"replies":[{"embeddable":true,"href":"https:\/\/us.edu.pl\/absolwent\/wp-json\/wp\/v2\/comments?post=651"}],"version-history":[{"count":1,"href":"https:\/\/us.edu.pl\/absolwent\/wp-json\/wp\/v2\/pages\/651\/revisions"}],"predecessor-version":[{"id":652,"href":"https:\/\/us.edu.pl\/absolwent\/wp-json\/wp\/v2\/pages\/651\/revisions\/652"}],"up":[{"embeddable":true,"href":"https:\/\/us.edu.pl\/absolwent\/wp-json\/wp\/v2\/pages\/331"}],"wp:attachment":[{"href":"https:\/\/us.edu.pl\/absolwent\/wp-json\/wp\/v2\/media?parent=651"}],"curies":[{"name":"wp","href":"https:\/\/api.w.org\/{rel}","templated":true}]}}