{"id":655,"date":"2019-10-15T15:31:16","date_gmt":"2019-10-15T13:31:16","guid":{"rendered":"https:\/\/us.edu.pl\/absolwent\/?page_id=655"},"modified":"2019-10-15T15:31:16","modified_gmt":"2019-10-15T13:31:16","slug":"marek-kaczmarzyk-nasi-absolwenci","status":"publish","type":"page","link":"https:\/\/us.edu.pl\/absolwent\/absolwencius\/nasi-absolwenci\/marek-kaczmarzyk-nasi-absolwenci\/","title":{"rendered":"Marek Kaczmarzyk &#8211; Nasi Absolwenci"},"content":{"rendered":"<p>[vc_row][vc_column]\r\n                <div class=\"text-modules\">\r\n                    <div class=\"container\">\r\n                        <h3 class=\"page-title text__title\">Marek Kaczmarzyk - Nasi Absolwenci<\/h3>\r\n                        <div class=\"text-modules__content\"><\/p>\n<div class=\"content\">\n<p><img class=\"imagefield imagefield-field_image alignleft\" src=\"http:\/\/absolwent.us.edu.pl\/sites\/absolwent.us.edu.pl\/files\/kaczmarzyk_marek_0.jpg?1418289298\" alt=\"\" width=\"200\" height=\"200\" \/><\/p>\n<p class=\"rtejustify\" style=\"text-align: left;\">Uko\u0144czy\u0142 Chronobiologi\u0119 na Uniwersytecie \u015al\u0105skim. Biolog, wyk\u0142adowca i nauczyciel, autor podr\u0119cznik\u00f3w oraz program\u00f3w szkolnych. Neurodydaktyk, memetyk, autor kilkudziesi\u0119ciu artyku\u0142\u00f3w i ksi\u0105\u017cek z zakresu biologicznych oraz memetycznych kontekst\u00f3w kszta\u0142cenia, wychowania i edukacji ekologicznej.<\/p>\n<p class=\"rtejustify\" style=\"text-align: left;\">Od 2000 roku kierownik Pracowni Dydaktyki Biologii oraz od 2012 roku prowadzi <a href=\"http:\/\/utn.us.edu.pl\/\">Uniwersyteckie Towarzystwo Naukowe<\/a>. Inicjator i g\u0142\u00f3wny organizator Mi\u0119dzynarodowego Sympozjum Naukowego Neurodydaktyki odbywaj\u0105cego si\u0119 corocznie od 2015 roku na Uniwersytecie \u015al\u0105skim w Katowicach. W\u0142a\u015bciciel firmy szkoleniowej &#8222;Neurodydaktyka doktora Kaczmarzyka&#8221;. Obecnie jest r\u00f3wnie\u017c kierownikiem studi\u00f3w podyplomowych na U\u015a.<\/p>\n<\/div>\n<p>\n<\/div>\r\n                    <\/div>\r\n                <\/div>[\/vc_column][\/vc_row]<\/p>","protected":false},"excerpt":{"rendered":"<p>[vc_row][vc_column][\/vc_column][\/vc_row] [&#8230;]<\/p>\n<p><a class=\"btn btn-secondary understrap-read-more-link\" href=\"https:\/\/us.edu.pl\/absolwent\/absolwencius\/nasi-absolwenci\/marek-kaczmarzyk-nasi-absolwenci\/\">Read More&#8230;<\/a><\/p>\n","protected":false},"author":1,"featured_media":0,"parent":331,"menu_order":0,"comment_status":"closed","ping_status":"closed","template":"","meta":{"_expiration-date-status":"","_expiration-date":0,"_expiration-date-type":"","_expiration-date-categories":[],"_expiration-date-options":[]},"acf":[],"_links":{"self":[{"href":"https:\/\/us.edu.pl\/absolwent\/wp-json\/wp\/v2\/pages\/655"}],"collection":[{"href":"https:\/\/us.edu.pl\/absolwent\/wp-json\/wp\/v2\/pages"}],"about":[{"href":"https:\/\/us.edu.pl\/absolwent\/wp-json\/wp\/v2\/types\/page"}],"author":[{"embeddable":true,"href":"https:\/\/us.edu.pl\/absolwent\/wp-json\/wp\/v2\/users\/1"}],"replies":[{"embeddable":true,"href":"https:\/\/us.edu.pl\/absolwent\/wp-json\/wp\/v2\/comments?post=655"}],"version-history":[{"count":1,"href":"https:\/\/us.edu.pl\/absolwent\/wp-json\/wp\/v2\/pages\/655\/revisions"}],"predecessor-version":[{"id":656,"href":"https:\/\/us.edu.pl\/absolwent\/wp-json\/wp\/v2\/pages\/655\/revisions\/656"}],"up":[{"embeddable":true,"href":"https:\/\/us.edu.pl\/absolwent\/wp-json\/wp\/v2\/pages\/331"}],"wp:attachment":[{"href":"https:\/\/us.edu.pl\/absolwent\/wp-json\/wp\/v2\/media?parent=655"}],"curies":[{"name":"wp","href":"https:\/\/api.w.org\/{rel}","templated":true}]}}