{"id":657,"date":"2019-10-15T15:33:12","date_gmt":"2019-10-15T13:33:12","guid":{"rendered":"https:\/\/us.edu.pl\/absolwent\/?page_id=657"},"modified":"2019-12-18T12:26:34","modified_gmt":"2019-12-18T11:26:34","slug":"prof-dr-hab-inz-jerzy-klamka-nasi-absolwenci","status":"publish","type":"page","link":"https:\/\/us.edu.pl\/absolwent\/prof-dr-hab-inz-jerzy-klamka-nasi-absolwenci\/","title":{"rendered":"Jerzy Klamka &#8211; Nasi Absolwenci"},"content":{"rendered":"<p>[vc_row][vc_column]\r\n                <div class=\"text-modules\">\r\n                    <div class=\"container\">\r\n                        <h3 class=\"page-title text__title\">Jerzy Klamka - Nasi Absolwenci<\/h3>\r\n                        <div class=\"text-modules__content\"><\/p>\n<div class=\"content\">\n<div class=\"rtejustify\">W latach 1962-1968 studiowa\u0142 na Wydziale Automatyki Politechniki \u015al\u0105skiej w Gliwicach, gdzie uzyska\u0142 z wyr\u00f3\u017cnieniem dyplom magistra in\u017cyniera automatyka na podstawie pracy dyplomowej <em>Identyfikacja parametr\u00f3w obiekt\u00f3w liniowych<\/em>.<br \/>\nW latach 1966-1971 studiowa\u0142 na Wydziale Matematyki, Fizyki i Chemii Uniwersytetu \u015al\u0105skiego w Katowicach, gdzie uzyska\u0142 z wyr\u00f3\u017cnieniem dyplom magistra matematyki na podstawie pracy dyplomowej <em>Sterowalno\u015b\u0107 uk\u0142ad\u00f3w dynamicznych<\/em>. W 1974 roku otrzyma\u0142 stopie\u0144 naukowy doktora nauk technicznych na Wydziale Automatyki Politechniki \u015al\u0105skiej na podstawie rozprawy doktorskiej <em>Zastosowanie kanonicznej formy Jordana do badania sterowalno\u015bci<\/em>. Praca doktorska zosta\u0142a wyr\u00f3\u017cniona przez Rad\u0119 Wydzia\u0142u i nagrodzona Nagrod\u0105 Rektora Politechniki \u015al\u0105skiej.<br \/>\nW 1978 roku otrzyma\u0142 stopie\u0144 naukowy doktora matematyki na Wydziale Matematyki, Fizyki i Chemii Uniwersytetu \u015al\u0105skiego na podstawie rozprawy doktorskiej <em>Sterowalno\u015b\u0107 i sterowanie z minimaln\u0105 energi\u0105 uk\u0142adami z op\u00f3\u017anieniami w sterowaniu<\/em>. Praca doktorska zosta\u0142a wyr\u00f3\u017cniona przez Rad\u0119 Wydzia\u0142u i nagrodzona Nagrod\u0105 indywidualn\u0105 III stopnia Ministra Szkolnictwa Wy\u017cszego i Techniki.<br \/>\nW 1981 roku uzyska\u0142 stopie\u0144 naukowy doktora habilitowanego nauk technicznych na Wydziale Automatyki i Informatyki Politechniki \u015al\u0105skiej na podstawie rozprawy habilitacyjnej <em>Sterowalno\u015b\u0107 uk\u0142ad\u00f3w dynamicznych z op\u00f3\u017anieniami<\/em>. Rozprawa habilitacyjna zosta\u0142a nagrodzona Nagrod\u0105 indywidualn\u0105 II stopnia Ministra Szkolnictwa Wy\u017cszego.<br \/>\nW 1990 roku uzyska\u0142 tytu\u0142 naukowy profesora nauk technicznych na Wydziale Automatyki, Elektroniki i Informatyki Politechniki \u015al\u0105skiej. Monografia profesorska <em>Controllability of Dynamical Systems<\/em>, wydana przez Wydawnictwo Kluwer Academic Publishers zosta\u0142a nagrodzona Nagrod\u0105 indywidualn\u0105 I stopnia Ministra Szkolnictwa Wy\u017cszego.<br \/>\n20.02.2014 profesorowi Klamce zosta\u0142 nadany tytu\u0142 doctora honoris causa Politechniki Bia\u0142ostockiej.<\/div>\n<div class=\"rtejustify\">Od 1968 roku pracuje nieprzerwanie na Wydziale Automatyki, a nast\u0119pnie Automatyki, Elektroniki i Informatyki Politechniki \u015al\u0105skiej kolejno na stanowiskach: asystenta, starszego asystenta, adiunkta, docenta, profesora nadzwyczajnego oraz profesora zwyczajnego.<br \/>\nOd 1999 roku pracuje w Instytucie Informatyki Teoretycznej i Stosowanej Polskiej Akademii Nauk w Gliwicach kolejno na stanowiskach profesora nadzwyczajnego, a nast\u0119pnie profesora zwyczajnego.<\/div>\n<div><\/div>\n<div class=\"rtejustify\"><strong>Nagrody i wyr\u00f3\u017cnienia<\/strong><\/div>\n<ol>\n<li>Nagroda Ministra Szkolnictwa Wy\u017cszego, Nauki i Techniki III stopnia indywidualna za prace doktorsk\u0105 <em>Sterowalno\u015b\u0107 i sterowanie z minimaln\u0105 energi\u0105 uk\u0142adami dynamicznymi z op\u00f3\u017anieniami w sterowaniu <\/em>(1978).<\/li>\n<li>Nagroda indywidualna Wydzia\u0142u IV Nauk Technicznych Polskiej Akademii Nauk za monografi\u0119 <em>Sterowalno\u015b\u0107 uk\u0142ad\u00f3w dynamicznych z op\u00f3\u017cnieniami<\/em> (1981).<\/li>\n<li>Nagroda Ministra Szkolnictwa Wy\u017cszego, Nauki i Techniki II stopnia indywidualna za prac\u0119 habilitacyjn\u0105 <em>Sterowalno\u015b\u0107 uk\u0142ad\u00f3w dynamicznych z op\u00f3\u017anieniam<\/em>i (1982).<\/li>\n<li>Nagroda indywidualna Wydzia\u0142u IV Nauk Technicznych Polskiej Akademii Nauk za monografi\u0119 <em>Sterowalno\u015b\u0107 uk\u0142ad\u00f3w dynamicznych<\/em>, PWN Warszawa (1991).<\/li>\n<li>Nagroda Ministra Edukacji Narodowej I stopnia indywidualna za monografi\u0119 <em>Controllability of Dynamical Systems<\/em>, Kluwer Academic Publishers, Dordrecht, Holandia (1992).<\/li>\n<li>Nagroda indywidualna im. Steinhausa Polskiego Towarzystwa Matematycznego za prace naukowe w dziedzinie zastosowa\u0144 matematyki (1994).<\/li>\n<li>Nagroda zespo\u0142owa Ministra Nauki i Szkolnictwa Wy\u017cszego za osi\u0105gni\u0119cia naukowe w dziedzinie automatyki (2003).<\/li>\n<li>30 Nagr\u00f3d Rektora Politechniki \u015al\u0105skiej w latach 1974-2014 za dzia\u0142alno\u015b\u0107 naukow\u0105 i dydaktyczn\u0105.<\/li>\n<li>Doktorat honoris causa nadany przez Politechnik\u0119 Bia\u0142ostock\u0105 20.02.2014.<\/li>\n<\/ol>\n<div><\/div>\n<div class=\"rtejustify\"><strong>Odznaczenia i Ordery<\/strong><\/div>\n<div class=\"rtejustify\">Z\u0142oty Krzy\u017c Zas\u0142ugi, nr 81-89-42, 30.08.1989 (01.10.1989).<br \/>\nZas\u0142u\u017cony dla Politechniki \u015al\u0105skiej, nr 1212, 24.05.1996 (31.08.1996).<br \/>\nKrzy\u017c Kawalerski Orderu Odrodzenia Polski, nr 139-97-56, 19.09.1997 (08.10.1997).<br \/>\nMedal Komisji Edukacji Narodowej, nr 73391, 08.06.2000 (09.10.2000).<\/div>\n<div><\/div>\n<div><\/div>\n<div class=\"rtejustify\"><strong>Cz\u0142onkostwo w organizacjach<\/strong><\/div>\n<div class=\"rtejustify\">Cz\u0142onek korespondent Polskiej Akademii Nauk, Wydzia\u0142 IV Nauk Technicznych,<br \/>\nod 31.05.2002.<br \/>\nCz\u0142onek rzeczywisty Polskiej Akademii Nauk, Wydzia\u0142 IV Nauk Technicznych,<br \/>\nod 10.05.2010.<br \/>\nPrezes Oddzia\u0142u Polskiej Akademii Nauk w Katowicach w latach 2010-2014.<br \/>\nCz\u0142onek Prezydium Polskiej Akademii Nauk w latach 2010-2014.<br \/>\nCz\u0142onek Sekcji Nauk Technicznych Centralnej Komisji ds. stopni naukowych i tytu\u0142u naukowego, w latach 1997-2016 (6 kadencji z rz\u0119du).<br \/>\nCz\u0142onek Komitetu Automatyki i Robotyki Polskiej Akademii Nauk, od 1990 roku.<\/div>\n<div class=\"rtejustify\">Cz\u0142onek Komitetu Informatyki Polskiej Akademii Nauk, od 2002 roku.<br \/>\nCz\u0142onek towarzystw i stowarzysze\u0144 naukowych:<\/div>\n<ol>\n<li>American Mathematical Society (AMS), od 1976 roku.<\/li>\n<li>Polskiego Towarzystwa Matematycznego (PTM), od 1982 roku (cz\u0142onek Zarz\u0105du Oddzia\u0142u G\u00f3rno\u015bl\u0105skiego PTM w latach 2008-2014),<\/li>\n<li>Polskiego Stowarzyszenia Pomiar\u00f3w, Automatyki i Robotyki (POLSPAR) od 1992 roku.<\/li>\n<\/ol>\n<div class=\"rtejustify\">Recenzent czasopisma \u201eMathematical Reviews&#8221;, od 1976 roku (ponad 300 recenzji).<br \/>\nRecenzent czasopisma \u201eZentralblatt f\u00fcr Mathematik&#8221;, od 1982 roku (ponad 200 recenzji).<br \/>\nRedaktor naczelny kwartalnika PAN: \u201eArchives of Theoretical and Applied Informatics\u201d (od 2010 roku).<br \/>\nCz\u0142onek Komitetu Redakcyjnego kwartalnika: \u201eBulletin of the Polish Academy of Sciences. Technical Sciences\u201d (od 2002 roku).<br \/>\nCz\u0142onek Komitetu Redakcyjnego czasopisma: \u201eInternational Journal of Applied Mathematics and Computer Science\u201d (od 1991 roku).<br \/>\nCz\u0142onek Komitetu Redakcyjnego czasopisma: \u201ePomiary Automatyka Kontrola PAK\u201d (od 2007 roku).<br \/>\nCz\u0142onek Komitetu Redakcyjnego czasopisma: \u201eActa Mechanica et Automatica\u201d (od 2009 roku).<br \/>\nCz\u0142onek Rady Naukowej Instytutu Bada\u0144 Systemowych Polskiej Akademii Nauk w Warszawie (od 2002 roku).<br \/>\nCz\u0142onek 44 Komitet\u00f3w Naukowych konferencji krajowych i mi\u0119dzynarodowych.<br \/>\nW latach 1991-1992 oraz 2000-2002 cz\u0142onek sekcji T11A \u201eAutomatyka i Robotyka&#8221; Komitetu Bada\u0144 Naukowych.<br \/>\nCz\u0142onek sekcji ST6 w Narodowym Centrum Nauki.<br \/>\nCz\u0142onek panelu w Narodowym Centrum Bada\u0144 i Rozwoju.<br \/>\nW latach 1982-2006 kolejno przez 8 kadencji Zast\u0119pca ds. dydaktyki Dyrektora Instytutu Automatyki Politechniki \u015al\u0105skiej w Gliwicach.<br \/>\nOd roku 2006 Zast\u0119pca ds. Naukowych Dyrektora Instytutu Informatyki Teoretycznej i Stosowanej Polskiej Akademii Nauk w Gliwicach.<br \/>\nW 2007 obj\u0105\u0142 funkcj\u0119 zast\u0119pcy dyrektora ds. naukowych w Instytucie Informatyki Teoretycznej i Stosowanej PAN w Gliwicach.<\/div>\n<div class=\"rtejustify\"><\/div>\n<div><\/div>\n<div class=\"rtejustify\"><strong>Promotorstwa prac doktorskich<\/strong><\/div>\n<ol>\n<li>Le Si Dong, <em>Stochastic controllability and stochastic stability of dynamical systems<\/em>, 10.01.1989.<\/li>\n<li>Barbara Bi\u0142y, <em>Sterowanie optymalne wielowymiarowymi uk\u0142adami dyskretnymi<\/em>, 22.03.1990.<\/li>\n<li>Ryszard Leniowski, <em>Model matematyczny i metoda kompensacji wibracji robota z elastycznym ramieniem<\/em>, 19.05.1992, wyr\u00f3\u017cnienie.<\/li>\n<li>Abdel Magid Mohamed, <em>Observers for linear descriptor system<\/em>s, 29.03.1994.<\/li>\n<li>Janusz Wyrwa\u0142, <em>Controllability and observability of infinite dimensional systems<\/em>, 12.06.2001, wyr\u00f3\u017cnienie.<\/li>\n<li>Beata Sikora,<em> Sterowalno\u015b\u0107 uk\u0142ad\u00f3w dynamicznych z op\u00f3\u017anieniami<\/em>, 9.04.2002.<\/li>\n<li>Piotr Marecki, Bramki kwantowe i uk\u0142ady informatyki kwantowej, 20.06.2002.<\/li>\n<li>Jerzy Respondek, <em>Analiza numeryczna spektralnej teorii operator\u00f3w r\u00f3\u017cniczkowych<\/em>, 16.12.2003.<\/li>\n<li>Artur Babiarz, <em>Planowanie trajektorii manipulator\u00f3w z zastosowaniem krzywych B-sklejanych<\/em>, 28.02.2006.<\/li>\n<li>Przemys\u0142aw G\u0142omb, <em>Metody indeksacji ruchomych obraz\u00f3w wideo<\/em>, 21.09.2006.<\/li>\n<li>Marcin Sobota, <em>Kryptografia kwantowa jako rozwini\u0119cie metod kryptografii klasycznej<\/em>, 19.12.2006.<\/li>\n<li>Jaros\u0142aw Miszczak, <em>Probabilistic aspects of quantum programming<\/em>, 4.07.2008.<\/li>\n<li>Piotr Gawron, <em>High-level programming in quantum computer science<\/em>, 23.12.2008.<\/li>\n<li>Micha\u0142 Cholewa, <em>Czo\u0142owe funkcje kuliste jako baza do aproksymacji sygna\u0142\u00f3w o ograniczonym pa\u015bmie<\/em>, 6.06.2013.<\/li>\n<li>Jolanta Ta\u0144cula, <em>Stabilno\u015b\u0107 sieci komputerowych<\/em>, 10.06.2014.<\/li>\n<\/ol>\n<div><\/div>\n<div class=\"rtejustify\"><strong>Wykaz projekt\u00f3w badawczych<\/strong><\/div>\n<ol>\n<li>Sterowanie optymalne wielowymiarowymi uk\u0142adami dyskretnymi \u2013 kierownik oraz g\u0142\u00f3wny wykonawca, 01.01.1992-31.12.1994, nr 7 1082 91 01.<\/li>\n<li>Sterowalno\u015b\u0107 uk\u0142ad\u00f3w dynamicznych \u2013 kierownik oraz gl\u00f3wny wykonawca, 01.01.1995-31.12.1996, nr 8T11A 037 08, PBU-35\/RAu-1\/1995.<\/li>\n<li>Aktywna kompensacja wibracji w lekkich robotach \u2013 g\u0142\u00f3wny wykonawca, , 01.03.1995 &#8211; 31.08.1996. nr. 8T11A 029 08.<\/li>\n<li>Sterowalno\u015b\u0107 uk\u0142ad\u00f3w dynamicznych \u2013 kierownik oraz g\u0142\u00f3wny wykonawca, 01.07.1998-30.06.2000, nr 8T11A 024 15, PBU-81\/RAu-1\/1998.<\/li>\n<li>Sterowalno\u015b\u0107 uk\u0142ad\u00f3w dynamicznych \u2013 kierownik oraz g\u0142\u00f3wny wykonawca, 01.07.2000-30.06.2003, nr 8T11A 018 19.<\/li>\n<li>Nano i kwantowe systemy informatyki \u2013 g\u0142\u00f3wny wykonawca, 01.07.2001- 30.06.2004, nr 7T11C 017 21.<\/li>\n<li>Sterowalno\u015b\u0107 uk\u0142ad\u00f3w dynamicznych \u2013 kierownik oraz g\u0142\u00f3wny wykonawca, 09.06.2008-08.06.2011, nr N N514 415834.<\/li>\n<li>\u015arodowisko programowania, symulacji i analizy algorytm\u00f3w kwantowych \u2013 g\u0142\u00f3wny wykonawca, 01.12.2006-30.11.2009, nr N N519 012 031.<\/li>\n<li>Sterowalno\u015b\u0107 uk\u0142ad\u00f3w kwantowych \u2013 g\u0142\u00f3wny wykonawca 09.06.2008- 08.06.2011, nr N N514 513 340.<\/li>\n<li>Rozproszone \u015brodowisko analizy numerycznej dla kwantowej teorii informacji \u2013 g\u0142\u00f3wny wykonawca, 01.10.2010- 30.08.2012, nr N N519 442 339.<\/li>\n<li>Projekt i implementacja innowacyjnych bezza\u0142ogowych platform mobilnych na potrzeby monitorowania granic Pa\u0144stwa \u2013 wykonawca, 09.12.2010-08.06.2012, nr OR00 0132 12.<\/li>\n<li>Projekt zaawansowanego demonstratora technologii bezpiecznego systemu dost\u0119pu radiowego odpornego na zak\u0142\u00f3cenia i pr\u00f3by pods\u0142uchu przeznaczonego dla system\u00f3w administracji publicznej pracuj\u0105cego w oparciu o standard IEEE 802 16 \u2013 wykonawca, 09.09.2010-08.06.2012.<\/li>\n<li>Wykorzystanie teorii gier kwantowych w problemach modelowania kwantowego przesy\u0142ania informacji \u2013 g\u0142\u00f3wny wykonawca, 20.04.2011-19.04.2013, nr N N516 477 440.<\/li>\n<li>Metody modelowania system\u00f3w informatycznych za pomoc\u0105 kwantowej teorii kolejek \u2013 20.04.2011-19.04.2014, nr N N516 481 840.<\/li>\n<li>Wykorzystanie teorii gier kwantowych w problemach modelowania kwantowego przesy\u0142ania informacji \u2013 g\u0142\u00f3wny wykonawca, 20.04.2011-19.04.2013, nr N N516 477 440.<\/li>\n<li>Dynamika i sterowanie w uk\u0142adach z prze\u0142\u0105czeniami \u2013 g\u0142\u00f3wny wykonawca, 2013-2016, nr 2012\/05\/B\/ST7\/00065.<\/li>\n<li>Metody punkt\u00f3w sta\u0142ych w sterowalno\u015bci uk\u0142ad\u00f3w nieliniowych \u2013 kierownik, 2013-2016, nr 2012\/07\/B\/ST7\/01404.<\/li>\n<li>Analiza w\u0142asno\u015bci uk\u0142ad\u00f3w hybrydowych w zastosowaniu do modelowania i sterowania z\u0142o\u017conych system\u00f3w dynamicznych \u2013 kierownik, 2015-2018, nr 2014\/13\/B\/ST7\/00755.<\/li>\n<\/ol>\n<div class=\"rtejustify\"><strong>Recenzje<\/strong><\/div>\n<div class=\"rtejustify\">Recenzje doktorat\u00f3w honoris causa<\/div>\n<div class=\"rtejustify\">Prof. dr hab. in\u017c. Tadeusz Kaczorek, Uniwersytet Zielonog\u00f3rski, 2002.<br \/>\nProf. dr hab. in\u017c. Tadeusz Kaczorek, Akademia G\u00f3rniczo-Hutnicza, 2014.<\/div>\n<div><\/div>\n<div><\/div>\n<div class=\"rtejustify\"><strong>Recenzje uprawnie\u0144 habilitacyjnych<\/strong><\/div>\n<ol>\n<li>Rada Wydzia\u0142u Elektroniki, Politechnika Wroc\u0142awska, dyscyplina: automatyka i robotyka (1998).<\/li>\n<li>Rada Wydzia\u0142u Cybernetyki, Wojskowa Akademia Techniczna, dyscyplina: informatyka (2003).<\/li>\n<li>Rada Wydzia\u0142u Elektroniki Telekomunikacji i Informatyki, Politechnika Gda\u0144ska, dyscyplina: automatyka i robotyka (2007).<\/li>\n<li>Rada Wydzia\u0142u Elektrotechniki Automatyki i Informatyki, Politechnika Opolska, dyscyplina: automatyka i robotyka (2009).<\/li>\n<li>Rada Wydzia\u0142u Elektrycznego, Zachodniopomorski Uniwersytet Technologiczny, dyscyplina: automatyka i robotyka (2009).<\/li>\n<li>Rada Wydzia\u0142u Elektrycznego, Politechnika Warszawska, dyscyplina: automatyka i robotyka (2014).<\/li>\n<\/ol>\n<div class=\"rtejustify\">Recenzje rozpraw doktorskich: 71<br \/>\nRecenzje rozpraw habilitacyjnych: 88<br \/>\nPrzewodnictwo komisji habilitacyjnych: 20<br \/>\nRecenzje wniosk\u00f3w profesorskich: 66<br \/>\nRecenzje wniosk\u00f3w na stanowiska profesorskie: 12<br \/>\nRecenzje monografii: 20<\/div>\n<div class=\"rtejustify\"><strong>\u00a0<\/strong><\/div>\n<div class=\"rtejustify\"><strong>Wykaz monografii<\/strong><\/div>\n<ol>\n<li>Controllability of Dynamical Systems, Kluwer Academic Publishers, Dordrecht, Holandia, 1991. Seria: &#8222;Mathematics and Its Applications&#8221;, vol. 48.<\/li>\n<li>Sterowalno\u015b\u0107 uk\u0142ad\u00f3w dynamicznych, Pa\u0144stwowe Wydawnictwa Naukowe, Warszawa, 1990.<\/li>\n<li>Kwantowe Systemy Informatyki, Instytut Informatyki Teoretycznej i Stosowanej PAN, Gliwice, 2000 (wsp\u00f3\u0142autorstwo ze Stefanem W\u0119grzynem).<\/li>\n<li>Numerical methods, Wydawnictwo Politechniki \u015al\u0105skiej, Gliwice, 2001, Wsp\u00f3\u0142autorzy (wsp\u00f3\u0142autorstwo z Markiem Pawe\u0142yczkiem i Januszem Wyrwa\u0142em).<\/li>\n<li>Kwantowe systemy informatyki, Wydawnictwo Pracowni Komputerowej, Gliwice, 2003 (wsp\u00f3\u0142autorstwo ze Stefanem W\u0119grzynem i Jaros\u0142awem Miszczakiem).<\/li>\n<li>New Trends in Nanotechnology and Fractional Calculus, editors: D. Baleanu, Z.B. Guvenc and J.A Tenreiro Machado, Springer-Verlag, New York, 2010 (wsp\u00f3\u0142autorstwo).<\/li>\n<\/ol>\n<div class=\"rtejustify\"><\/div>\n<\/div>\n<p>\n<\/div>\r\n                    <\/div>\r\n                <\/div>[\/vc_column][\/vc_row]<\/p>","protected":false},"excerpt":{"rendered":"<p>[vc_row][vc_column][\/vc_column][\/vc_row] [&#8230;]<\/p>\n<p><a class=\"btn btn-secondary understrap-read-more-link\" href=\"https:\/\/us.edu.pl\/absolwent\/prof-dr-hab-inz-jerzy-klamka-nasi-absolwenci\/\">Read More&#8230;<\/a><\/p>\n","protected":false},"author":1,"featured_media":0,"parent":0,"menu_order":0,"comment_status":"closed","ping_status":"closed","template":"","meta":{"_expiration-date-status":"saved","_expiration-date":0,"_expiration-date-type":"","_expiration-date-categories":[],"_expiration-date-options":[]},"acf":[],"_links":{"self":[{"href":"https:\/\/us.edu.pl\/absolwent\/wp-json\/wp\/v2\/pages\/657"}],"collection":[{"href":"https:\/\/us.edu.pl\/absolwent\/wp-json\/wp\/v2\/pages"}],"about":[{"href":"https:\/\/us.edu.pl\/absolwent\/wp-json\/wp\/v2\/types\/page"}],"author":[{"embeddable":true,"href":"https:\/\/us.edu.pl\/absolwent\/wp-json\/wp\/v2\/users\/1"}],"replies":[{"embeddable":true,"href":"https:\/\/us.edu.pl\/absolwent\/wp-json\/wp\/v2\/comments?post=657"}],"version-history":[{"count":6,"href":"https:\/\/us.edu.pl\/absolwent\/wp-json\/wp\/v2\/pages\/657\/revisions"}],"predecessor-version":[{"id":1270,"href":"https:\/\/us.edu.pl\/absolwent\/wp-json\/wp\/v2\/pages\/657\/revisions\/1270"}],"wp:attachment":[{"href":"https:\/\/us.edu.pl\/absolwent\/wp-json\/wp\/v2\/media?parent=657"}],"curies":[{"name":"wp","href":"https:\/\/api.w.org\/{rel}","templated":true}]}}