{"id":665,"date":"2019-10-15T15:38:26","date_gmt":"2019-10-15T13:38:26","guid":{"rendered":"https:\/\/us.edu.pl\/absolwent\/?page_id=665"},"modified":"2019-12-17T08:40:51","modified_gmt":"2019-12-17T07:40:51","slug":"mikolaj-marcela-nasi-absolwenci","status":"publish","type":"page","link":"https:\/\/us.edu.pl\/absolwent\/mikolaj-marcela-nasi-absolwenci\/","title":{"rendered":"Miko\u0142aj Marcela &#8211; Nasi Absolwenci"},"content":{"rendered":"<p>[vc_row][vc_column]\r\n                <div class=\"text-modules\">\r\n                    <div class=\"container\">\r\n                        <h3 class=\"page-title text__title\">Miko\u0142aj Marcela - Nasi Absolwenci<\/h3>\r\n                        <div class=\"text-modules__content\"><\/p>\n<div class=\"eight columns\">\n<div id=\"top-center\" class=\"twelve columns\">\n<div id=\"node-3742\" class=\"node clear-block\">\n<div class=\"content\">\n<p><img class=\"imagefield imagefield-field_image alignleft\" src=\"http:\/\/absolwent.us.edu.pl\/sites\/absolwent.us.edu.pl\/files\/marcela_mikolaj.jpg?1418288388\" alt=\"\" width=\"250\" height=\"250\" \/><\/p>\n<p class=\"rtejustify\" style=\"text-align: left\">Nauczyciel akademicki, pisarz, autor tekst\u00f3w piosenek. Doktor nauk humanistycznych, magister filologii polskiej i filozofii, absolwent Mi\u0119dzywydzia\u0142owych Indywidualnych Studi\u00f3w Humanistycznych Uniwersytetu \u015al\u0105skiego. Wicedyrektor kierunk\u00f3w filologia klasyczna, mediteranistyka i sztuka pisania. Autor czterech powie\u015bci, w tym vege krymina\u0142\u00f3w dla dzieci &#8222;Best Seler i zagadka znikaj\u0105cych warzyw&#8221; oraz &#8222;Best Seler i tajemnica rodu Kokos\u00f3w&#8221;, kt\u00f3re ukaza\u0142y si\u0119 nak\u0142adem Wydawnictwa Literackiego. Autor monografii naukowej &#8222;Monstruarium nowoczesne&#8221;. Publikowa\u0142 w najwa\u017cniejszych czasopismach literaturoznawczych i kulturoznawczych w Polsce, w tym w &#8222;Tekstach Drugich&#8221;. &#8222;Czasie Kultury&#8221;, &#8222;Zagadnieniach Rodzaj\u00f3w Literackich&#8221; czy &#8222;Kulturze Popularnej&#8221;. W pracy naukowej zajmuje si\u0119 utopijn\u0105 edukacj\u0105 oraz literatur\u0105 i kultur\u0105 popularn\u0105. Wieloletni tutor student\u00f3w Kolegium Indywidualnych Studi\u00f3w Mi\u0119dzyobszarowych oraz uczestnik\u00f3w programu Uniwersytet Najlepszych. Autor kilkudziesi\u0119ciu tekst\u00f3w piosenek dla polskich wykonawc\u00f3w, laureat wyr\u00f3\u017cnie\u0144 w presti\u017cowych ameryka\u0144skich konkursach dla autor\u00f3w tekst\u00f3w i muzyki: International Songwriting Competition oraz Unsigned Only Music Competition. Certyfikowany moderator procesu design thinking.<\/p>\n<\/div>\n<div class=\"node-teaser-links\"><\/div>\n<\/div>\n<\/div>\n<\/div>\n<p>\n<\/div>\r\n                    <\/div>\r\n                <\/div>[\/vc_column][\/vc_row]<\/p>","protected":false},"excerpt":{"rendered":"<p>[vc_row][vc_column][\/vc_column][\/vc_row] [&#8230;]<\/p>\n<p><a class=\"btn btn-secondary understrap-read-more-link\" href=\"https:\/\/us.edu.pl\/absolwent\/mikolaj-marcela-nasi-absolwenci\/\">Read More&#8230;<\/a><\/p>\n","protected":false},"author":1,"featured_media":0,"parent":0,"menu_order":0,"comment_status":"closed","ping_status":"closed","template":"","meta":{"_expiration-date-status":"saved","_expiration-date":0,"_expiration-date-type":"","_expiration-date-categories":[],"_expiration-date-options":[]},"acf":[],"_links":{"self":[{"href":"https:\/\/us.edu.pl\/absolwent\/wp-json\/wp\/v2\/pages\/665"}],"collection":[{"href":"https:\/\/us.edu.pl\/absolwent\/wp-json\/wp\/v2\/pages"}],"about":[{"href":"https:\/\/us.edu.pl\/absolwent\/wp-json\/wp\/v2\/types\/page"}],"author":[{"embeddable":true,"href":"https:\/\/us.edu.pl\/absolwent\/wp-json\/wp\/v2\/users\/1"}],"replies":[{"embeddable":true,"href":"https:\/\/us.edu.pl\/absolwent\/wp-json\/wp\/v2\/comments?post=665"}],"version-history":[{"count":3,"href":"https:\/\/us.edu.pl\/absolwent\/wp-json\/wp\/v2\/pages\/665\/revisions"}],"predecessor-version":[{"id":1245,"href":"https:\/\/us.edu.pl\/absolwent\/wp-json\/wp\/v2\/pages\/665\/revisions\/1245"}],"wp:attachment":[{"href":"https:\/\/us.edu.pl\/absolwent\/wp-json\/wp\/v2\/media?parent=665"}],"curies":[{"name":"wp","href":"https:\/\/api.w.org\/{rel}","templated":true}]}}