{"id":667,"date":"2019-10-15T15:43:00","date_gmt":"2019-10-15T13:43:00","guid":{"rendered":"https:\/\/us.edu.pl\/absolwent\/?page_id=667"},"modified":"2019-12-17T08:49:18","modified_gmt":"2019-12-17T07:49:18","slug":"pawel-wasowicz-nasi-absolwenci","status":"publish","type":"page","link":"https:\/\/us.edu.pl\/absolwent\/pawel-wasowicz-nasi-absolwenci\/","title":{"rendered":"Pawe\u0142 W\u0105sowicz &#8211; Nasi Absolwenci"},"content":{"rendered":"<p>[vc_row][vc_column]\r\n                <div class=\"text-modules\">\r\n                    <div class=\"container\">\r\n                        <h3 class=\"page-title text__title\">Pawe\u0142 W\u0105sowicz - Nasi Absolwenci<\/h3>\r\n                        <div class=\"text-modules__content\"><\/p>\n<div class=\"content\">\n<p><img class=\"imagefield imagefield-field_image alignleft\" src=\"http:\/\/absolwent.us.edu.pl\/sites\/absolwent.us.edu.pl\/files\/14689898204_a9cf623b65_o.jpg?1426680629\" alt=\"\" width=\"200\" height=\"200\" \/><\/p>\n<p class=\"rtejustify\" style=\"text-align: left\">Urodzony w Czeladzi. Absolwent IV Liceum Og\u00f3lnokszta\u0142c\u0105cego im. Stanis\u0142awa Staszica w Sosnowcu. W 2006 obroni\u0142 prac\u0119 magistersk\u0105, a w 2010 roku prac\u0119 doktorsk\u0105 w Zak\u0142adzie Botaniki Systematycznej na Wydziale Biologii i Ochrony \u015arodowiska Uniwersytetu \u015al\u0105skiego. Botanik w Islandzkim Instytucie Historii Naturalnej. Autor ksi\u0105\u017cek oraz artyku\u0142\u00f3w naukowych z zakresu taksonomii ro\u015blin, florystyki, biogeografii oraz filogeografii i genetyki populacyjnej. Mieszka i pracuje w Akureyri (p\u00f3\u0142nocna Islandia). Ma \u017con\u0119 Ew\u0119 oraz dwie c\u00f3rki: Mari\u0119 i Helen\u0119.<\/p>\n<p>&nbsp;<\/p>\n<p><strong>Wyprawa naukowa na wysp\u0119 Surtsey<\/strong><\/p>\n<p><strong><a href=\"http:\/\/absolwent.us.edu.pl\/sites\/absolwent.us.edu.pl\/files\/imce\/14689931154_92b3882891_o.jpg\"><img class=\"\" src=\"http:\/\/absolwent.us.edu.pl\/sites\/absolwent.us.edu.pl\/files\/imce\/14689931154_92b3882891_o.jpg\" alt=\"\" width=\"601\" height=\"400\" \/><\/a><a href=\"http:\/\/absolwent.us.edu.pl\/sites\/absolwent.us.edu.pl\/files\/imce\/14669298856_444fd59256_o.jpg\">\u00a0 <img class=\"\" src=\"http:\/\/absolwent.us.edu.pl\/sites\/absolwent.us.edu.pl\/files\/imce\/14669298856_444fd59256_o.jpg\" alt=\"\" width=\"599\" height=\"399\" \/><\/a><\/strong><\/p>\n<p><strong><a href=\"http:\/\/absolwent.us.edu.pl\/sites\/absolwent.us.edu.pl\/files\/imce\/14689147231_1249275efc_o.jpg\"><img class=\"\" src=\"http:\/\/absolwent.us.edu.pl\/sites\/absolwent.us.edu.pl\/files\/imce\/14689147231_1249275efc_o.jpg\" alt=\"\" width=\"601\" height=\"400\" \/><\/a><a href=\"http:\/\/absolwent.us.edu.pl\/sites\/absolwent.us.edu.pl\/files\/imce\/14505648138_eff4250fb3_o.jpg\">\u00a0 <img class=\"\" src=\"http:\/\/absolwent.us.edu.pl\/sites\/absolwent.us.edu.pl\/files\/imce\/14505648138_eff4250fb3_o.jpg\" alt=\"\" width=\"601\" height=\"400\" \/><\/a><\/strong><\/p>\n<p class=\"rtejustify\"><strong>Dlaczego zdecydowa\u0142 si\u0119 Pan na podj\u0119cie studi\u00f3w na Uniwersytecie \u015al\u0105skim?<\/strong><\/p>\n<p class=\"rtejustify\">Studia na Uniwersytecie \u015al\u0105skim by\u0142y dla mnie naturalnym wyborem, mieszka\u0142em przecie\u017c w Czeladzi. Zastanawia\u0142em si\u0119 tak\u017ce nad Uniwersytetem Jagiello\u0144skim, gdzie z\u0142o\u017cy\u0142em nawet dokumenty, ale ostatecznie wybra\u0142em U\u015a. Nie \u017ca\u0142uj\u0119 tego wyboru.<\/p>\n<p class=\"rtejustify\"><strong>Jak wspomina Pan studia na Uniwersytecie \u015al\u0105skim?<\/strong><\/p>\n<p class=\"rtejustify\">Na Wydziale Biologii i Ochrony \u015arodowiska studiowa\u0142em niemal 10 lat. To szmat czasu, ale i pi\u0119kny okres mojego \u017cycia. Ju\u017c po pierwszym roku by\u0142em niemal pewny, \u017ce botanika to co\u015b, co poci\u0105ga mnie najbardziej. Niema\u0142\u0105 rol\u0119 w tym zauroczeniu botanik\u0105 odegra\u0142 nie\u017cyj\u0105cy ju\u017c prof. Krzysztof Rosta\u0144ski, \u015bwiatowej s\u0142awy botanik i doskona\u0142y wyk\u0142adowca.<\/p>\n<p class=\"rtejustify\"><strong>Dlaczego wybra\u0142 Pan dany kierunek studi\u00f3w?<\/strong><\/p>\n<p class=\"rtejustify\">Od czas\u00f3w szko\u0142y podstawowej by\u0142em zainteresowany biologi\u0105. W trzeciej lub czwartej klasie rodzice kupili mi ma\u0142y mikroskop, za pomoc\u0105 kt\u00f3rego mog\u0142em ogl\u0105da\u0107 pierwotniaki \u017cyj\u0105ce w pobliskim jeziorku. Pami\u0119tam te\u017c pierwszy podr\u0119cznik do botaniki podarowany mi w tym czasie przez dziadka. By\u0142o to pi\u0119kne wydanie <em>Botaniki szkolnej na klasy wy\u017csze<\/em> J\u00f3zefa Rostafi\u0144skiego z 1901 roku. Mia\u0142em tak\u017ce szcz\u0119\u015bcie uko\u0144czy\u0107 doskona\u0142e IV Liceum Og\u00f3lnokszta\u0142c\u0105ce im. Staszica w Sosnowcu. Panuj\u0105ca tam wspania\u0142a atmosfera sprzyjaj\u0105ca rozwojowi intelektualnemu wp\u0142yn\u0119\u0142a znacz\u0105co na ca\u0142e moje p\u00f3\u017aniejsze \u017cycie. Z up\u0142ywem czasu coraz bardziej doceniam znaczenie tego okresu.<\/p>\n<p class=\"rtejustify\">Jednak biologia nie by\u0142a moim pierwszym wyborem. Zaraz po maturze zacz\u0105\u0142em bowiem studiowa\u0107 medycyn\u0119, podobnie jak wielu tzw. \u201edobrych\u201d uczni\u00f3w z profilu biologiczno-chemicznego. Na szcz\u0119\u015bcie szybko przekona\u0142em si\u0119, \u017ce ta droga \u017cyciowa nie jest dla mnie i r\u00f3wnie szybko podj\u0105\u0142em decyzj\u0119 o zmianie kierunku studi\u00f3w.<\/p>\n<p class=\"rtejustify\"><strong>Jakie s\u0105 Pana g\u0142\u00f3wne zadania i obszary dzia\u0142alno\u015bci zawodowej?<\/strong><\/p>\n<p class=\"rtejustify\">Jestem naukowcem w instytucie badawczym, moim podstawowym zadaniem jest prowadzenie bada\u0144 naukowych. Na moim stanowisku mam niemal zupe\u0142n\u0105 swobod\u0119 w kszta\u0142towaniu kierunk\u00f3w moich poszukiwa\u0144. Oczywi\u015bcie Islandia oraz obszar szeroko poj\u0119tej Arktyki jest priorytetem. Poza prac\u0105 \u015bci\u015ble naukow\u0105 mam te\u017c inne obowi\u0105zki m.in. administracyjne. Jestem kuratorem dw\u00f3ch zielnik\u00f3w naukowych na Islandii oraz przedstawicielem tego kraju w kilku mi\u0119dzynarodowych gremiach zajmuj\u0105cych si\u0119 np. problematyk\u0105 gatunk\u00f3w obcych w Europie. Instytut, w kt\u00f3rym pracuj\u0119, \u015bwiadczy r\u00f3wnie\u017c us\u0142ugi doradcze oraz przygotowuje analizy oddzia\u0142ywania r\u00f3\u017cnych inwestycji na \u015brodowisko. W wi\u0119kszym lub mniejszym stopniu uczestnicz\u0119 tak\u017ce w takich projektach. Jestem r\u00f3wnie\u017c odpowiedzialny za funkcjonowanie olbrzymiego repozytorium danych o bior\u00f3\u017cnorodno\u015bci i rozmieszczeniu ro\u015blin na Islandii. Musz\u0119 z tego powodu by\u0107 na bie\u017c\u0105co z nowo\u015bciami w zakresie program\u00f3w do obs\u0142ugi baz danych.<\/p>\n<p class=\"rtejustify\"><strong>Co sprawia Panu najwi\u0119ksz\u0105 satysfakcj\u0119 w pracy?<\/strong><\/p>\n<p class=\"rtejustify\">Trudno powiedzie\u0107 i jako\u015b to bli\u017cej okre\u015bli\u0107. Po prostu lubi\u0119 to, co robi\u0119. Moja praca i \u017cycie osobiste maj\u0105 bardzo wyra\u017ane granice. Nigdy nie pracuj\u0119 w domu, nikt mnie do tego nie nak\u0142ania i nie zmusza. To tak\u017ce bardzo satysfakcjonuj\u0105cy element mojego \u017cycia zawodowego.<\/p>\n<p class=\"rtejustify\"><strong>Co stanowi dla Pana najwi\u0119ksze wyzwanie zawodowe?<\/strong><\/p>\n<p class=\"rtejustify\">Ka\u017cdy nowy projekt w pracy naukowca jest w mniejszym lub wi\u0119kszym stopniu wyzwaniem i to na wielu p\u0142aszczyznach od organizacyjnej po intelektualn\u0105 i na tym polega pi\u0119kno tej pracy.<\/p>\n<p class=\"rtejustify\"><strong>Jakie umiej\u0119tno\u015bci i do\u015bwiadczenia wyniesione z Uczelni pomog\u0142y Panu w zdobyciu zatrudnienia?<\/strong><\/p>\n<p class=\"rtejustify\">Z ca\u0142\u0105 pewno\u015bci\u0105 by\u0142a to niemodna obecnie dyscyplina, jak\u0105 jest botanika. Nie mam co do tego w\u0105tpliwo\u015bci. Moj\u0105 obecn\u0105 prac\u0119 zdoby\u0142em w wyniku otwartego, mi\u0119dzynarodowego konkursu, a wymagania stawiane kandydatowi by\u0142y jakby streszczeniem mojego CV, kt\u00f3re zawsze wydawa\u0142o mi si\u0119 niedzisiejsze i niepasuj\u0105ce do obowi\u0105zuj\u0105cych \u201etrend\u00f3w\u201d.<\/p>\n<p class=\"rtejustify\"><strong>Jak edukacja na Uniwersytecie \u015al\u0105skim wp\u0142yn\u0119\u0142a na wyb\u00f3r Pana drogi zawodowej? Kt\u00f3re do\u015bwiadczenia z czasu studi\u00f3w okaza\u0142y si\u0119 kluczowe w poszukiwaniu pracy?<\/strong><\/p>\n<p class=\"rtejustify\">Podczas studi\u00f3w na U\u015a trafi\u0142em na nauczycieli, kt\u00f3rzy pozwolili mi na rozw\u00f3j i nie pr\u00f3bowali wt\u0142acza\u0107 mnie w zaplanowane przez nich schematy. To wielkie szcz\u0119\u015bcie, poniewa\u017c ten model edukacji wy\u017cszej wcale nie jest taki rozpowszechniony. Wielu moich koleg\u00f3w i znajomych ju\u017c podczas studi\u00f3w funkcjonowa\u0142o w uk\u0142adach przypominaj\u0105cych wielkie korporacje, gdzie cz\u0142owiek schodzi na drugi plan. Na U\u015a mo\u017cna by\u0142o, przynajmniej w czasach kiedy studiowa\u0142em, znale\u017a\u0107 miejsca gdzie klasyczny model studi\u00f3w jako przygody intelektualnej by\u0142 ci\u0105gle aktualny. Mam nadziej\u0119, \u017ce tak jest do tej pory.<\/p>\n<p class=\"rtejustify\">Uwa\u017cam, \u017ce trudno m\u00f3wi\u0107 o \u201ekluczowych do\u015bwiadczeniach\u201d, nie popadaj\u0105c w bana\u0142. Warto jednak pami\u0119ta\u0107, \u017ce kto\u015b, kto potrafi radzi\u0107 sobie z nietypowymi sytuacjami b\u0119dzie zawsze w lepszej sytuacji ni\u017c ten, kto nie potrafi odnale\u017a\u0107 si\u0119 w nietypowych okoliczno\u015bciach. Tego nie wyk\u0142ada si\u0119 na \u017cadnym ze znanych mi kurs\u00f3w. Umiej\u0119tno\u015b\u0107 taka jest jednak warto\u015bci\u0105 dodan\u0105 ka\u017cdego absolwenta studi\u00f3w wy\u017cszych, o ile traktuje studia jako okres intelektualnego rozwoju, a nie tylko jako przepustk\u0119 do kariery zawodowej. Za ma\u0142o si\u0119 obecnie o tym m\u00f3wi.<\/p>\n<p class=\"rtejustify\"><strong>Co radzi Pan kandydatom na studia i studentom U\u015a, kt\u00f3rzy wkr\u00f3tce wejd\u0105 na rynek pracy?<\/strong><\/p>\n<p class=\"rtejustify\">Nie nale\u017cy ba\u0107 si\u0119 zmian. Nie planowa\u0107 za wiele i nie trzyma\u0107 si\u0119 kurczowo z g\u00f3ry zaplanowanej drogi. \u017bycie dostarcza wiele nieoczekiwanych zdarze\u0144, kt\u00f3re nale\u017cy wykorzysta\u0107 nawet wtedy, kiedy nie mieszcz\u0105 si\u0119 w naszych planach na przysz\u0142o\u015b\u0107.<\/p>\n<\/div>\n<p>\n<\/div>\r\n                    <\/div>\r\n                <\/div>[\/vc_column][\/vc_row]<\/p>","protected":false},"excerpt":{"rendered":"<p>[vc_row][vc_column][\/vc_column][\/vc_row] [&#8230;]<\/p>\n<p><a class=\"btn btn-secondary understrap-read-more-link\" href=\"https:\/\/us.edu.pl\/absolwent\/pawel-wasowicz-nasi-absolwenci\/\">Read More&#8230;<\/a><\/p>\n","protected":false},"author":1,"featured_media":0,"parent":0,"menu_order":0,"comment_status":"closed","ping_status":"closed","template":"","meta":{"_expiration-date-status":"saved","_expiration-date":0,"_expiration-date-type":"","_expiration-date-categories":[],"_expiration-date-options":[]},"acf":[],"_links":{"self":[{"href":"https:\/\/us.edu.pl\/absolwent\/wp-json\/wp\/v2\/pages\/667"}],"collection":[{"href":"https:\/\/us.edu.pl\/absolwent\/wp-json\/wp\/v2\/pages"}],"about":[{"href":"https:\/\/us.edu.pl\/absolwent\/wp-json\/wp\/v2\/types\/page"}],"author":[{"embeddable":true,"href":"https:\/\/us.edu.pl\/absolwent\/wp-json\/wp\/v2\/users\/1"}],"replies":[{"embeddable":true,"href":"https:\/\/us.edu.pl\/absolwent\/wp-json\/wp\/v2\/comments?post=667"}],"version-history":[{"count":4,"href":"https:\/\/us.edu.pl\/absolwent\/wp-json\/wp\/v2\/pages\/667\/revisions"}],"predecessor-version":[{"id":1247,"href":"https:\/\/us.edu.pl\/absolwent\/wp-json\/wp\/v2\/pages\/667\/revisions\/1247"}],"wp:attachment":[{"href":"https:\/\/us.edu.pl\/absolwent\/wp-json\/wp\/v2\/media?parent=667"}],"curies":[{"name":"wp","href":"https:\/\/api.w.org\/{rel}","templated":true}]}}