{"id":671,"date":"2019-10-15T15:45:24","date_gmt":"2019-10-15T13:45:24","guid":{"rendered":"https:\/\/us.edu.pl\/absolwent\/?page_id=671"},"modified":"2019-12-17T08:56:05","modified_gmt":"2019-12-17T07:56:05","slug":"marcin-babko-nasi-absolwenci","status":"publish","type":"page","link":"https:\/\/us.edu.pl\/absolwent\/marcin-babko-nasi-absolwenci\/","title":{"rendered":"Marcin Babko &#8211; Nasi Absolwenci"},"content":{"rendered":"<p>[vc_row][vc_column]\r\n                <div class=\"text-modules\">\r\n                    <div class=\"container\">\r\n                        <h3 class=\"page-title text__title\">Marcin Babko - Nasi Absolwenci<\/h3>\r\n                        <div class=\"text-modules__content\"><\/p>\n<div class=\"content\">\n<p class=\"rtejustify rteindent4\"><img class=\"alignleft\" src=\"http:\/\/absolwent.us.edu.pl\/sites\/absolwent.us.edu.pl\/files\/imce\/marcin.jpg\" alt=\"\" width=\"429\" height=\"430\" \/><\/p>\n<p class=\"rtejustify\">Urodzony w 1975 roku w Sosnowcu, absolwent bohemistyki na Wydziale Filologicznym Uniwersytetu \u015al\u0105skiego w Katowiach i Podyplomowego Studium Dziennikarstwa U\u015a, student Podyplomowego Studium Literacko-Artystycznego na Uniwersytecie Jagiello\u0144skim. T\u0142umacz m\u0142odej literatury czeskiej i s\u0142owackiej (ksi\u0105\u017ckowo ukaza\u0142y si\u0119: powie\u015b\u0107 J\u00e1chyma Topola\u00a0<em>Anio\u0142<\/em>\u00a0(2002), zbi\u00f3r opowiada\u0144 Michala Hvoreckiego\u00a0<em>W misji idealnej czysto\u015bci\u00a0<\/em>(2002), tomik poezji Petra \u0160uleja\u00a0<em>Wiersze<\/em>\u00a0(2003); a tak\u017ce wiele tekst\u00f3w w pismach literackich). Autor ksi\u0105\u017cek biograficznych: o grupie Coldplay \u2013\u00a0<em>Otw\u00f3rz oczy<\/em>\u00a0(2006) i o Irku Dudku &#8211;\u00a0<em>Ziuta Blues\u00a0<\/em>(2008). W przygotowaniu\u00a0<em>A\u017c sk\u0142ad si\u0119 wreszcie namy\u015bli. Prawdziwa historia \u015bl\u0105skiego rapu<\/em>\u00a0(premiera w 2015 roku). Autor tekst\u00f3w w ksi\u0105\u017ckach towarzysz\u0105cych p\u0142ytom Shakin&#8217; Dudi, DiM i Ireneusza Dudka (2006-2011).<\/p>\n<p class=\"rtejustify\">Od 2000 do 2014 r. dziennikarz muzyczny katowickiej \u201eGazety Wyborczej&#8221;. Pisa\u0142 te\u017c teksty o muzyce m.in. dla \u201eJazz Forum&#8221;, \u201ePrime&#8221; i portali internetowych (Witryna Czasopism, Infomuzyka, T-Mobile Music, G\u00f3rno\u015bl\u0105ski Informator Muzyczny). Ma za sob\u0105 cykle audycji muzycznych w radiu i telewizji (m.in. reporta\u017ce o Off Festivalu 2009 i 2010 dla TVP; autorska audycja \u201ePog\u0142osy&#8221; w Rock Radiu w 2003; autorska audycja \u201eRegulator&#8221; w Radiu Katowice w latach 2013-2014). Prowadzi\u0142 warsztaty dziennikarskie dla m\u0142odzie\u017cy. Pisze opowiadania i teksty piosenek. Debiutowa\u0142 w 2000 r. w \u201eFA-art&#8221; opowiadaniem <em>Eneler<\/em>.<br \/>\nArtysta audiosfery, autor tekst\u00f3w, wokalista i generator szum\u00f3w w zespo\u0142ach: hipiersoniK (debiutancki album <em>czarna skrzynka<\/em> 2013), Muariolanza (w latach 2006-2010 nagra\u0142 z nim cztery wysoko ocenione p\u0142yty), Babie Lato (EP <em>Zachodnia Kraina &#8211;<\/em> 2014), Frank Babko i Kamienie. Zagra\u0142 na harmonijce ustnej na p\u0142ycie Pogodno <em>Hajle Silesia<\/em>. Wyst\u0105pi\u0142 go\u015bcinnie na koncertach legendarnej brytyjskiej grupy Hawkwind (2008 i 2012). Napisa\u0142 teksty do wi\u0119kszo\u015bci utwor\u00f3w na trzeciej p\u0142ycie hardrockowej grupy Kruk <em>Be3<\/em> (2012).<\/p>\n<p class=\"rtejustify\">Dyrektor artystyczny World Fusion Music Festival w Sosnowcu (2011), organizator Targ\u00f3w Sztuki Silos Falami Fest w Katowicach i Zabrzu (2010 i 2012), Sealesia Festival w Sosnowcu (2012), festiwalu Falami May Day w Sosnowcu (2013) i targ\u00f3w designu dla dzieci Ma\u0142y Silos w Katowicach (2013). Pomys\u0142odawca i wsp\u00f3\u0142organizator (od 2009 r.) cyklu koncertowego Inne Granie w Chorzowskim Centrum Kultury w Chorzowie. Od 2003 r. cz\u0142onek Rady Artystycznej Rawa Blues Festival.<\/p>\n<p class=\"rtejustify\">Za\u0142o\u017cyciel wydawnictwa Falami (<a href=\"http:\/\/www.falami.pl\/\">www.falami.pl<\/a>), w kt\u00f3rym przez cztery lata wyda\u0142 18 p\u0142yt \u2013 g\u0142\u00f3wnie m\u0142odych artyst\u00f3w z wojew\u00f3dztwa \u015bl\u0105skiego. Wszystkie zyska\u0142y znakomite oceny i recenzje \u2013 nie tylko w bran\u017cy muzycznej (Falami jest trzykrotnym finalist\u0105 \u201e\u015al\u0105skiej Rzeczy\u201d &#8211; presti\u017cowego konkursu w dziedzinie projektowania i dizajnu). Pomys\u0142odawca, organizator i wydawca cyklu \u201eSealesia&#8221;, w ramach kt\u00f3rego ukaza\u0142y si\u0119 trzy p\u0142yty kompilacyjne z najciekawszymi piosenkami m\u0142odych zespo\u0142\u00f3w z wojew\u00f3dztwa \u015bl\u0105skiego.<\/p>\n<p class=\"rtejustify\">Laureat Nagrody Artystycznej Miasta Sosnowca za Upowszechnianie Kultury (2013) i trzeciego miejsca w konkursie dla dziennikarzy Silesiapress 2005.<\/p>\n<p>W dniu 27 listopada 2016 roku Marcin Babko poni\u00f3s\u0142 tragiczn\u0105 \u015bmier\u0107, wpadaj\u0105c pod poci\u0105g.<\/p>\n<\/div>\n<p>\n<\/div>\r\n                    <\/div>\r\n                <\/div>[\/vc_column][\/vc_row]<\/p>","protected":false},"excerpt":{"rendered":"<p>[vc_row][vc_column][\/vc_column][\/vc_row] [&#8230;]<\/p>\n<p><a class=\"btn btn-secondary understrap-read-more-link\" href=\"https:\/\/us.edu.pl\/absolwent\/marcin-babko-nasi-absolwenci\/\">Read More&#8230;<\/a><\/p>\n","protected":false},"author":1,"featured_media":0,"parent":0,"menu_order":0,"comment_status":"closed","ping_status":"closed","template":"","meta":{"_expiration-date-status":"saved","_expiration-date":0,"_expiration-date-type":"","_expiration-date-categories":[],"_expiration-date-options":[]},"acf":[],"_links":{"self":[{"href":"https:\/\/us.edu.pl\/absolwent\/wp-json\/wp\/v2\/pages\/671"}],"collection":[{"href":"https:\/\/us.edu.pl\/absolwent\/wp-json\/wp\/v2\/pages"}],"about":[{"href":"https:\/\/us.edu.pl\/absolwent\/wp-json\/wp\/v2\/types\/page"}],"author":[{"embeddable":true,"href":"https:\/\/us.edu.pl\/absolwent\/wp-json\/wp\/v2\/users\/1"}],"replies":[{"embeddable":true,"href":"https:\/\/us.edu.pl\/absolwent\/wp-json\/wp\/v2\/comments?post=671"}],"version-history":[{"count":3,"href":"https:\/\/us.edu.pl\/absolwent\/wp-json\/wp\/v2\/pages\/671\/revisions"}],"predecessor-version":[{"id":1249,"href":"https:\/\/us.edu.pl\/absolwent\/wp-json\/wp\/v2\/pages\/671\/revisions\/1249"}],"wp:attachment":[{"href":"https:\/\/us.edu.pl\/absolwent\/wp-json\/wp\/v2\/media?parent=671"}],"curies":[{"name":"wp","href":"https:\/\/api.w.org\/{rel}","templated":true}]}}