{"id":673,"date":"2019-10-15T15:46:57","date_gmt":"2019-10-15T13:46:57","guid":{"rendered":"https:\/\/us.edu.pl\/absolwent\/?page_id=673"},"modified":"2019-10-15T15:46:57","modified_gmt":"2019-10-15T13:46:57","slug":"piotr-blawicki-nasi-absolwenci","status":"publish","type":"page","link":"https:\/\/us.edu.pl\/absolwent\/absolwencius\/nasi-absolwenci\/piotr-blawicki-nasi-absolwenci\/","title":{"rendered":"Piotr B\u0142awicki &#8211; Nasi Absolwenci"},"content":{"rendered":"<p>[vc_row][vc_column]\r\n                <div class=\"text-modules\">\r\n                    <div class=\"container\">\r\n                        <h3 class=\"page-title text__title\">Piotr B\u0142awicki - Nasi Absolwenci<\/h3>\r\n                        <div class=\"text-modules__content\"><p><img class=\"imagefield imagefield-field_image alignleft\" src=\"http:\/\/absolwent.us.edu.pl\/sites\/absolwent.us.edu.pl\/files\/blawicki_piotr.jpg?1418289139\" alt=\"\" width=\"250\" height=\"250\" \/><\/p>\n<p class=\"rtejustify\" style=\"text-align: left;\">Fotoreporter to zaw\u00f3d Piotra B\u0142awickiego od czasu studi\u00f3w dziennikarskich na Uniwersytecie \u015al\u0105skim. Do\u015bwiadczenie zdobywa\u0142 w Gazecie Wyborczej, tygodniku Panorama, Dzienniku \u015al\u0105skim i Expressie Wieczornym. Spory rozdzia\u0142 jego \u017cycia to praca w Super Expressie. Sp\u0119dzi\u0142 tam 12 lat na etacie. Zaczyna\u0142 jako fotoreporter, a nast\u0119pnie by\u0142 kierownikiem Dzia\u0142u Foto i szefowa\u0142 te\u017c Agencji Fotograficznej. Specjalizuje si\u0119 w sporcie i polityce. Fotografowa\u0142 na najwi\u0119kszych imprezach sportowych takich jak: letnie Igrzyska Olimpijskie w Atenach (2004), zimowa Olimpiada w Turynie (2006), Mistrzostwa \u015awiata w pi\u0142ce no\u017cnej \u201eGermany 2006\u2033, Mistrzostwa Europy w pi\u0142ce no\u017cnej Austria-Szwajcaria (2008)., Mistrzostwa \u015awiata w lekkiej atletyce w Helsinkach (2005), Mistrzostwa Europy w siatk\u00f3wce m\u0119\u017cczyzn w Moskwie (2007), czy Mistrzostwa Europy w pi\u0142ce no\u017cnej Polska-Ukraina (2012).<\/p>\n<p class=\"rtejustify\" style=\"text-align: left;\">Od kilku lat pracuje na w\u0142asny rachunek. Prowadzi blog o fotografii prasowej dla zainteresowanych nauk\u0105 fotografii: <strong><a href=\"http:\/\/piotrblawicki.com\/\">piotrblawicki.com<\/a><\/strong><\/p>\n<p class=\"rtejustify\"><u>Zdoby\u0142 liczne nagrody, m.in.: <\/u><\/p>\n<ul>\n<li class=\"rtejustify\">GRAND PRESS PHOTO 2016 \u2013 zdj\u0119cie fina\u0142owe w kategorii SPORT \u2013 zdj\u0119cia pojedyncze<\/li>\n<li class=\"rtejustify\">Nagroda Specjalna\u00a0Banku Zachodniego w konkursie BZ WBK PRESS FOTO 2015 za zdj\u0119cie z historycznego meczu Polska-Niemcy<\/li>\n<li class=\"rtejustify\">I miejsce w\u00a0konkursie <a href=\"http:\/\/www.grandpressphoto.pl\/\">GRAND PRESS PHOTO 2014<\/a> w kategorii Ludzie za fotoreporta\u017c z pogrzebu komandosa,<\/li>\n<li class=\"rtejustify\">I miejsce w konkursie Polskiej Fotografii Prasowej 2001 r. w kategorii Zdj\u0119cia Sportowe Pojedyncze,<\/li>\n<li class=\"rtejustify\">I miejsce za fotoreporta\u017c w konkursie <a href=\"http:\/\/newsreportaz.newsweek.pl\/\">\u201eNEWSREPORTA\u017b<\/a>\u201d 2002 r. tygodnika \u201eNewsweek Polska\u201d w kategorii Wydarzenia,<\/li>\n<li class=\"rtejustify\">III miejsce za fotoreporta\u017c w konkursie \u201eNEWSREPORTA\u017b\u201d 2002 r. tygodnika \u201eNewsweek Polska\u201d w kategorii Wydarzenia,<\/li>\n<li class=\"rtejustify\">finalista 5 najlepszych zdj\u0119\u0107 w Europie ze skok\u00f3w narciarskich sezonu 2002\/2003 r.,<\/li>\n<li class=\"rtejustify\">III miejsce w konkursie <a href=\"http:\/\/www.bzwbkpressfoto.pl\/\">Polskiej Fotografii Prasowej Banku Zachodniego WBK<\/a> 2005 r. w kategorii Zdj\u0119cia Sportowe Pojedyncze,<\/li>\n<li class=\"rtejustify\">finalista konkursu Grand Press Photo w 2007 i 2008 roku.<\/li>\n<\/ul>\n<p class=\"rtejustify\"><strong>Dlaczego zdecydowa\u0142 si\u0119 Pan na podj\u0119cie studi\u00f3w na Uniwersytecie \u015al\u0105skim?<\/strong><\/p>\n<p class=\"rtejustify\">Id\u0105c na studia szuka\u0142em uczelni fotograficznej, ale w 1990 roku nie by\u0142o ani jednej szko\u0142y wy\u017cszej z fotografi\u0105 jako kierunkiem. Jedynie na ASP w \u0141odzi istnia\u0142a \u201efotografika\u201d jako pododdzia\u0142 Wydzia\u0142u Grafiki. Poniewa\u017c takie spostrzeganie fotografii by\u0142o bardzo staro\u015bwieckie i zacofane, nie mog\u0142em tam studiowa\u0107. Doszed\u0142em do wniosku, \u017ce nie ma innego wyj\u015bcia jak studiowanie dziennikarstwa i rozwijanie si\u0119 jako fotoreporter samemu.<\/p>\n<p class=\"rtejustify\"><strong>Jak wspomina Pan studia na Uniwersytecie \u015al\u0105skim?<\/strong><\/p>\n<p class=\"rtejustify\">Przed studiami nie mia\u0142em \u017cadnego kontaktu z dziennikarstwem. R\u00f3wnie\u017c nikt w mojej rodzinie nie zajmowa\u0142 si\u0119 t\u0105 profesj\u0105. Wszystko czego si\u0119 nauczy\u0142em by\u0142o zas\u0142ug\u0105 Uniwersytetu \u015al\u0105skiego i w\u0142asnej pracy. Uczelnia daje spore mo\u017cliwo\u015bci, np. jako student Uniwersytetu \u015al\u0105skiego mog\u0142em dowolnie wybiera\u0107 sobie redakcj\u0119 w jakiej chc\u0119 mie\u0107 praktyk\u0119 i z kt\u00f3r\u0105 chc\u0119 wsp\u00f3\u0142pracowa\u0107.<\/p>\n<p class=\"rtejustify\"><strong>Dlaczego wybra\u0142 Pan dany kierunek studi\u00f3w?<\/strong><\/p>\n<p class=\"rtejustify\">Od szko\u0142y podstawowej interesowa\u0142em si\u0119 fotografi\u0105 i zaw\u00f3d fotoreportera by\u0142 moim celem od szko\u0142y \u015bredniej. Jak wspomnia\u0142em powy\u017cej, politologia ze specjalno\u015bci\u0105 dziennikarsk\u0105 by\u0142a rodzajem wypo\u015brodkowania z powodu braku w tamtym czasie uczelni fotograficznych.<\/p>\n<p class=\"rtejustify\"><strong>Jakie s\u0105 Pana g\u0142\u00f3wne zadania i obszary dzia\u0142alno\u015bci zawodowej?<\/strong><\/p>\n<p class=\"rtejustify\">Zajmuj\u0119 si\u0119 szeroko poj\u0119t\u0105 fotografi\u0105 prasow\u0105 tj. od relacji z wydarze\u0144, przez polityk\u0119 (tak\u0105 jak posiedzenia Sejmu czy prace rz\u0105du) po fotografi\u0119 sportow\u0105 i fotoreporta\u017ce.<\/p>\n<p class=\"rtejustify\"><strong>Co sprawia Panu najwi\u0119ksz\u0105 satysfakcj\u0119 w pracy?<\/strong><\/p>\n<p class=\"rtejustify\">Mo\u017cliwo\u015b\u0107 realizowania si\u0119.<\/p>\n<p class=\"rtejustify\"><strong>Co stanowi dla Pana najwi\u0119ksze wyzwanie zawodowe?<\/strong><\/p>\n<p class=\"rtejustify\">Fotografia prasowa to nie tylko umiej\u0119tno\u015bci i mo\u017cliwo\u015b\u0107 bywania w ciekawych miejscach, ale tak\u017ce ci\u0119\u017cka praca fizyczna. Ma\u0142o os\u00f3b zdaje sobie z tego spraw\u0119. Codziennie m\u00f3j kr\u0119gos\u0142up jest obci\u0105\u017cony ci\u0119\u017carem przekraczaj\u0105cym dziesi\u0119\u0107 kilogram\u00f3w.<\/p>\n<p class=\"rtejustify\"><strong>Jakie umiej\u0119tno\u015bci i do\u015bwiadczenia zdobyte na Uczelni pomog\u0142y Panu w zdobyciu zatrudnienia?<\/strong><\/p>\n<p class=\"rtejustify\">Umiej\u0119tno\u015b\u0107 pisania tekst\u00f3w dziennikarskich, pozyskiwania informacji i zasad, wed\u0142ug kt\u00f3rych nale\u017cy funkcjonowa\u0107, jest kluczowa zar\u00f3wno dla dziennikarza pisz\u0105cego jak i fotografuj\u0105cego. Do dzisiaj obserwuj\u0119 jak wiele fotoreporter\u00f3w bez wykszta\u0142cenia dziennikarskiego pope\u0142nia mn\u00f3stwo elementarnych b\u0142\u0119d\u00f3w. Fakt, \u017ce fotograf jest te\u017c dobrym dziennikarzem pisz\u0105cym, okaza\u0142 si\u0119 dla mnie kluczowym. Wida\u0107 to na dzisiejszym rynku prasowym, w erze prowadzenia blog\u00f3w i profili na portalach spo\u0142eczno\u015bciowych.<\/p>\n<p class=\"rtejustify\"><strong>Jak edukacja na Uniwersytecie \u015al\u0105skim wp\u0142yn\u0119\u0142a na wyb\u00f3r Pana drogi zawodowej? Kt\u00f3re do\u015bwiadczenia z czasu studi\u00f3w okaza\u0142y si\u0119 kluczowe w poszukiwaniu pracy?<\/strong><\/p>\n<p class=\"rtejustify\">Kluczowe jest podj\u0119cie praktycznej nauki ju\u017c od pierwszego roku. W\u00f3wczas ma si\u0119 czas na spokojne, powolne wdro\u017cenie si\u0119 do zawodu. Trzeba te\u017c pami\u0119ta\u0107, \u017ce opr\u00f3cz umiej\u0119tno\u015bci, bardzo wa\u017cne s\u0105 kontakty personalne. Kiedy sko\u0144czy\u0142em studia to w\u0142a\u015bnie osoby poznane podczas praktyk zaoferowa\u0142y mi prac\u0119.<\/p>\n<p class=\"rtejustify\"><strong>Co radzi Pan kandydatom na studia i studentom U\u015a, kt\u00f3rzy wkr\u00f3tce wejd\u0105 na rynek pracy?<\/strong><\/p>\n<p class=\"rtejustify\">Przedmioty zaliczane na uczelni pozwol\u0105 Wam naby\u0107 podstawowe umiej\u0119tno\u015bci. Uczelnia wytycza prawid\u0142ow\u0105 drog\u0119 na pocz\u0105tku kariery, ale rozw\u00f3j jest tylko w Waszych r\u0119kach. Nie czekajcie a\u017c uko\u0144czycie studia, by dopiero w\u00f3wczas szuka\u0107 pracy. Ju\u017c w 1995 roku, kiedy ko\u0144czy\u0142em swoj\u0105 edukacj\u0119 na Uniwersytecie \u015al\u0105skim, absolwent, kt\u00f3ry dopiero po studiach zacz\u0105\u0142 mie\u0107 kontakt z profesjonaln\u0105 pras\u0105, by\u0142 na gorszej pozycji od os\u00f3b, kt\u00f3re ju\u017c na studiach publikowa\u0142y. Nie marnujcie 5 lat tylko na to, co wymaga szko\u0142a. Znajd\u017acie w sobie Wasze najsilniejsze strony i rozwijajcie je.<\/p>\n<p class=\"rtejustify\">Trzeba sobie u\u015bwiadomi\u0107, \u017ce dzisiejszy rynek wymaga sta\u0142ego rozwoju. Przyk\u0142adowo czy ja, ko\u0144cz\u0105c dziennikarstwo, my\u015bla\u0142em, \u017ce opr\u00f3cz robienia zdj\u0119\u0107 i pisania tekst\u00f3w, b\u0119d\u0119 kiedy\u015b kr\u0119ci\u0142 filmy i je montowa\u0142? Nie, nie chcia\u0142em si\u0119 tym zajmowa\u0107. Dzisiaj, aby by\u0107 elastycznym na rynku, nie powinno si\u0119 ogranicza\u0107. Obserwuj\u0119 jak wiele os\u00f3b przywi\u0105zanych tylko np. do pracy jako felietonista musi odej\u015b\u0107 z zawodu. Czy w 1995 roku kto\u015b z moich koleg\u00f3w na roku my\u015bla\u0142, \u017ce b\u0119d\u0105 takie miejsca pracy, jak wydawca portalu internetowego? Rynek medi\u00f3w elektronicznych b\u0119dzie si\u0119 rozwija\u0142 i b\u0119d\u0105 powstawa\u0142y kolejne, nieznane dzisiaj, miejsca pracy dla dziennikarzy.<\/p>\n<p>\n<\/div>\r\n                    <\/div>\r\n                <\/div>[\/vc_column][\/vc_row]<\/p>","protected":false},"excerpt":{"rendered":"<p>[vc_row][vc_column][\/vc_column][\/vc_row] [&#8230;]<\/p>\n<p><a class=\"btn btn-secondary understrap-read-more-link\" href=\"https:\/\/us.edu.pl\/absolwent\/absolwencius\/nasi-absolwenci\/piotr-blawicki-nasi-absolwenci\/\">Read More&#8230;<\/a><\/p>\n","protected":false},"author":1,"featured_media":0,"parent":331,"menu_order":0,"comment_status":"closed","ping_status":"closed","template":"","meta":{"_expiration-date-status":"","_expiration-date":0,"_expiration-date-type":"","_expiration-date-categories":[],"_expiration-date-options":[]},"acf":[],"_links":{"self":[{"href":"https:\/\/us.edu.pl\/absolwent\/wp-json\/wp\/v2\/pages\/673"}],"collection":[{"href":"https:\/\/us.edu.pl\/absolwent\/wp-json\/wp\/v2\/pages"}],"about":[{"href":"https:\/\/us.edu.pl\/absolwent\/wp-json\/wp\/v2\/types\/page"}],"author":[{"embeddable":true,"href":"https:\/\/us.edu.pl\/absolwent\/wp-json\/wp\/v2\/users\/1"}],"replies":[{"embeddable":true,"href":"https:\/\/us.edu.pl\/absolwent\/wp-json\/wp\/v2\/comments?post=673"}],"version-history":[{"count":2,"href":"https:\/\/us.edu.pl\/absolwent\/wp-json\/wp\/v2\/pages\/673\/revisions"}],"predecessor-version":[{"id":1250,"href":"https:\/\/us.edu.pl\/absolwent\/wp-json\/wp\/v2\/pages\/673\/revisions\/1250"}],"up":[{"embeddable":true,"href":"https:\/\/us.edu.pl\/absolwent\/wp-json\/wp\/v2\/pages\/331"}],"wp:attachment":[{"href":"https:\/\/us.edu.pl\/absolwent\/wp-json\/wp\/v2\/media?parent=673"}],"curies":[{"name":"wp","href":"https:\/\/api.w.org\/{rel}","templated":true}]}}