{"id":677,"date":"2019-10-15T15:48:31","date_gmt":"2019-10-15T13:48:31","guid":{"rendered":"https:\/\/us.edu.pl\/absolwent\/?page_id=677"},"modified":"2019-12-17T09:17:06","modified_gmt":"2019-12-17T08:17:06","slug":"miroslaw-cichy-nasi-absolwenci","status":"publish","type":"page","link":"https:\/\/us.edu.pl\/absolwent\/miroslaw-cichy-nasi-absolwenci\/","title":{"rendered":"Miros\u0142aw Cichy &#8211; Nasi Absolwenci"},"content":{"rendered":"<p>[vc_row][vc_column]\r\n                <div class=\"text-modules\">\r\n                    <div class=\"container\">\r\n                        <h3 class=\"page-title text__title\">Miros\u0142aw Cichy - Nasi Absolwenci<\/h3>\r\n                        <div class=\"text-modules__content\"><\/p>\n<figure style=\"width: 446px\" class=\"wp-caption alignleft\"><img class=\"\" src=\"http:\/\/absolwent.us.edu.pl\/sites\/absolwent.us.edu.pl\/files\/imce\/cichy_mir.jpg\" alt=\"\" width=\"446\" height=\"670\" \/><figcaption class=\"wp-caption-text\">fot. tvp.pl<\/figcaption><\/figure>\n<p class=\"rtejustify rteindent4\">Absolwent politologii ze specjalno\u015bci\u0105 dziennikarstwo na Wydziale Nauk Spo\u0142ecznych Uniwersytetu \u015al\u0105skiego w Katowicach. Dziennikarz telewizyjny, sprawozdawca parlamentarny i publicysta.<\/p>\n<p class=\"rtejustify\">Prac\u0119 w mediach rozpocz\u0105\u0142 w 1990 roku w redakcji Polskiego Radia Katowice. Nast\u0119pnie pracowa\u0142 w RMF FM i Radiu Plus. Od 2000 do 2002 roku kierowa\u0142 katowickim oddzia\u0142em dziennika \u201ePuls Biznesu\u201d. Od 2003 do 2016 roku by\u0142 zwi\u0105zany z Telewizj\u0105 Polsk\u0105, najpierw z katowickim oddzia\u0142em TVP, a od 2007 z TVP INFO, gdzie prowadzi\u0142 poranne rozmowy z politykami. Od 2009 roku pracowa\u0142 w redakcji \u201ePanoramy\u201d, a od 2013 prowadz\u0142 program informacyjny Polonia 24 w TVP Polonia. Specjalizuje si\u0119 w publicystyce politycznej. Jest laureatem \u201eZ\u0142otego Pi\u00f3ra\u201d, przyznawanego przez Regionalne Centrum Biznesu w Katowicach, oraz \u201eOstrego Pi\u00f3ra\u201d, przyznawanego przez BBC.<\/p>\n<p class=\"rtejustify\">Jest laureatem nagr\u00f3d: &#8222;Z\u0142ote Pi\u00f3ro&#8221; w 2002, przyznawanej przez Regionalne Centrum Biznesu w Katowicach oraz &#8222;Ostre Pi\u00f3ro&#8221; w 2005, przyznawanej przez BCC. Wywalczy\u0142 tak\u017ce tytu\u0142 II Wicemistrza Polski w Rajdach Samochodowych Dziennikarzy w 1996 w klasie Cinquecento.<\/p>\n<p>\n<\/div>\r\n                    <\/div>\r\n                <\/div>[\/vc_column][\/vc_row]<\/p>","protected":false},"excerpt":{"rendered":"<p>[vc_row][vc_column][\/vc_column][\/vc_row] [&#8230;]<\/p>\n<p><a class=\"btn btn-secondary understrap-read-more-link\" href=\"https:\/\/us.edu.pl\/absolwent\/miroslaw-cichy-nasi-absolwenci\/\">Read More&#8230;<\/a><\/p>\n","protected":false},"author":1,"featured_media":0,"parent":0,"menu_order":0,"comment_status":"closed","ping_status":"closed","template":"","meta":{"_expiration-date-status":"saved","_expiration-date":0,"_expiration-date-type":"","_expiration-date-categories":[],"_expiration-date-options":[]},"acf":[],"_links":{"self":[{"href":"https:\/\/us.edu.pl\/absolwent\/wp-json\/wp\/v2\/pages\/677"}],"collection":[{"href":"https:\/\/us.edu.pl\/absolwent\/wp-json\/wp\/v2\/pages"}],"about":[{"href":"https:\/\/us.edu.pl\/absolwent\/wp-json\/wp\/v2\/types\/page"}],"author":[{"embeddable":true,"href":"https:\/\/us.edu.pl\/absolwent\/wp-json\/wp\/v2\/users\/1"}],"replies":[{"embeddable":true,"href":"https:\/\/us.edu.pl\/absolwent\/wp-json\/wp\/v2\/comments?post=677"}],"version-history":[{"count":3,"href":"https:\/\/us.edu.pl\/absolwent\/wp-json\/wp\/v2\/pages\/677\/revisions"}],"predecessor-version":[{"id":1252,"href":"https:\/\/us.edu.pl\/absolwent\/wp-json\/wp\/v2\/pages\/677\/revisions\/1252"}],"wp:attachment":[{"href":"https:\/\/us.edu.pl\/absolwent\/wp-json\/wp\/v2\/media?parent=677"}],"curies":[{"name":"wp","href":"https:\/\/api.w.org\/{rel}","templated":true}]}}